{"id":1975,"date":"2021-08-11T11:31:27","date_gmt":"2021-08-11T11:31:27","guid":{"rendered":"https:\/\/glycemic-index.net\/?page_id=1975"},"modified":"2024-01-10T20:18:18","modified_gmt":"2024-01-10T20:18:18","slug":"glykaemischer-index-von-fastfood","status":"publish","type":"page","link":"https:\/\/glycemic-index.net\/de\/glykaemischer-index-von-fastfood\/","title":{"rendered":"Glyk\u00e4mischer Index von Fastfood"},"content":{"rendered":"\n<div style=\"height:30px\" aria-hidden=\"true\" class=\"wp-block-spacer\"><\/div>\n\n\n<form  class=\"is-search-form is-form-style is-form-style-3 is-form-id-39 \" action=\"https:\/\/glycemic-index.net\/de\/\" method=\"get\" role=\"search\" ><label for=\"is-search-input-39\"><span class=\"is-screen-reader-text\">Search for:<\/span><input  type=\"search\" id=\"is-search-input-39\" name=\"s\" value=\"\" class=\"is-search-input\" placeholder=\"Suche hier...\" autocomplete=off \/><\/label><button type=\"submit\" class=\"is-search-submit\"><span class=\"is-screen-reader-text\">Search Button<\/span><span class=\"is-search-icon\"><svg focusable=\"false\" aria-label=\"Search\" xmlns=\"http:\/\/www.w3.org\/2000\/svg\" viewBox=\"0 0 24 24\" width=\"24px\"><path d=\"M15.5 14h-.79l-.28-.27C15.41 12.59 16 11.11 16 9.5 16 5.91 13.09 3 9.5 3S3 5.91 3 9.5 5.91 16 9.5 16c1.61 0 3.09-.59 4.23-1.57l.27.28v.79l5 4.99L20.49 19l-4.99-5zm-6 0C7.01 14 5 11.99 5 9.5S7.01 5 9.5 5 14 7.01 14 9.5 11.99 14 9.5 14z\"><\/path><\/svg><\/span><\/button><input type=\"hidden\" name=\"id\" value=\"39\" \/><input type=\"hidden\" name=\"post_type\" value=\"post\" \/><\/form>\n\n\n\n<div style=\"height:30px\" aria-hidden=\"true\" class=\"wp-block-spacer\"><\/div>\n\n\n\n<p>Der glyk\u00e4mische Index ist ein wichtiger Faktor, den es bei Fast Food zu ber\u00fccksichtigen gilt. Es misst, wie schnell eine bestimmte Art von Nahrung Ihren Blutzuckerspiegel nach dem Essen erh\u00f6ht.<\/p>\n\n\n\n<p>Lebensmittel mit einem hohen glyk\u00e4mischen Index k\u00f6nnen zu Blutzucker- und Insulinspitzen f\u00fchren, die mit der Zeit zu Gewichtszunahme, Diabetes und anderen Gesundheitsproblemen f\u00fchren k\u00f6nnen.<\/p>\n\n\n\n<p>Bei der Auswahl von Fast Food mit einem niedrigeren glyk\u00e4mischen Indexwert sollten Sie einige Schl\u00fcsselfaktoren beachten: Vermeiden Sie verarbeitete Lebensmittel wie Wei\u00dfbrot oder Pommes Frites; Entscheiden Sie sich stattdessen f\u00fcr Vollkornprodukte. Suchen Sie eher nach mageren Proteinen wie gegrilltem H\u00e4hnchen oder Fisch als nach frittierten Speisen wie Chicken Nuggets oder Burgern.<\/p>\n\n\n\n<p>W\u00e4hlen Sie nach M\u00f6glichkeit Obst und Gem\u00fcse \u2013 sie haben in der Regel viel niedrigere GI-Werte als die meisten anderen Lebensmittel, die in Restaurants oder Convenience-Stores erh\u00e4ltlich sind.<\/p>\n\n\n\n<p>Wenn Sie nach Snacks mit niedrigen GI-Werten suchen, probieren Sie N\u00fcsse und Samen, die Ballaststoffe zusammen mit gesunden Fetten liefern, die die Verdauung verlangsamen, damit die Glukose aus Kohlenhydraten nicht zu schnell in Ihren Blutkreislauf aufgenommen wird.<\/p>\n\n\n\n<p>Popcorn hat auch einen niedrigen glyk\u00e4mischen Index, da seine H\u00fclle die Verdauung verlangsamt \u2013 achten Sie nur darauf, nicht zu viel Salz oder Butter hinzuzuf\u00fcgen! Andere gute Optionen sind luftgeknallte Kartoffelchips (ohne Zusatz von \u00d6l), dunkle Schokoriegel mit 70 Prozent Kakaoanteil und Smoothies aus frischem Obst, die ohne zuckerhaltige Zus\u00e4tze wie Honigsirup oder M\u00fcsli-Cluster usw. gemischt werden.<\/p>\n\n\n\n<p>Denken Sie schlie\u00dflich daran: M\u00e4\u00dfigung ist der Schl\u00fcssel bei der Auswahl, welche Art von Fastfood Sie essen! Auch wenn es manchmal unm\u00f6glich erscheint, alle ungesunden Optionen zu vermeiden, kann die einfache Herstellung intelligenter Substitutionen den Unterschied ausmachen, um Ihren K\u00f6rper gesund zu halten und gleichzeitig genug Energie f\u00fcr anstrengende Tage zu bekommen.<\/p>\n\n\n\n<p>Unten finden Sie eine vollst\u00e4ndige Liste f\u00fcr Fastfood mit seinem glyk\u00e4mischen Index und den R\u00e4ngen der glyk\u00e4mischen Last.<\/p>\n\n\n\n<p>Hinweis: GI = Glyk\u00e4mischer Index, GL = Glyk\u00e4mische Last<\/p>\n\n\n\n<table class=\"tftable\" border=\"1\">\n<tr><th>Foto<\/th><th width=\"55%\">Name<\/th><th>GI<\/th><th>GL<\/th><\/tr>\n<tr><td><a href=\"https:\/\/glycemic-index.net\/de\/hamburger\/\"><img decoding=\"async\" src=\"https:\/\/glycemic-index.net\/images\/5u9ctaSrmh_small.webp\" alt=\"Hamburger\" width=\"40\" height=\"40\">\n<\/a><\/td><td><a href=\"https:\/\/glycemic-index.net\/de\/hamburger\/\">Hamburger<\/a><\/td><td><a href=\"https:\/\/glycemic-index.net\/de\/hamburger\/\">66<\/a><\/td><td><a href=\"https:\/\/glycemic-index.net\/de\/hamburger\/\">1.3<\/a><\/td><\/tr>\n<tr><td><a href=\"https:\/\/glycemic-index.net\/de\/instantkartoffeln\/\"><img decoding=\"async\" src=\"https:\/\/glycemic-index.net\/images\/BfRX6pbHvo_small.webp\" alt=\"Instant-Kartoffeln\" width=\"40\" height=\"40\">\n<\/a><\/td><td><a href=\"https:\/\/glycemic-index.net\/de\/instantkartoffeln\/\">Instant-Kartoffeln<\/a><\/td><td><a href=\"https:\/\/glycemic-index.net\/de\/instantkartoffeln\/\">87<\/a><\/td><td><a href=\"https:\/\/glycemic-index.net\/de\/instantkartoffeln\/\">66.1<\/a><\/td><\/tr>\n<tr><td><a href=\"https:\/\/glycemic-index.net\/de\/instantnudeln\/\"><img decoding=\"async\" src=\"https:\/\/glycemic-index.net\/images\/4o2BtUXloN_small.webp\" alt=\"Instant-Nudeln\" width=\"40\" height=\"40\">\n<\/a><\/td><td><a href=\"https:\/\/glycemic-index.net\/de\/instantnudeln\/\">Instant-Nudeln<\/a><\/td><td><a href=\"https:\/\/glycemic-index.net\/de\/instantnudeln\/\">52<\/a><\/td><td><a href=\"https:\/\/glycemic-index.net\/de\/instantnudeln\/\">29.5<\/a><\/td><\/tr>\n<tr><td><a href=\"https:\/\/glycemic-index.net\/de\/kartoffelchips\/\"><img loading=\"lazy\" decoding=\"async\" src=\"https:\/\/glycemic-index.net\/images\/BfbbSH9czf_small.webp\" alt=\"Kartoffelchips\" width=\"40\" height=\"40\">\n<\/a><\/td><td><a href=\"https:\/\/glycemic-index.net\/de\/kartoffelchips\/\">Kartoffelchips<\/a><\/td><td><a href=\"https:\/\/glycemic-index.net\/de\/kartoffelchips\/\">70<\/a><\/td><td><a href=\"https:\/\/glycemic-index.net\/de\/kartoffelchips\/\">37.0<\/a><\/td><\/tr>\n<tr><td><a href=\"https:\/\/glycemic-index.net\/de\/maischips\/\"><img loading=\"lazy\" decoding=\"async\" src=\"https:\/\/glycemic-index.net\/images\/Z3bm3z9k2B_small.webp\" alt=\"Maischips\" width=\"40\" height=\"40\">\n<\/a><\/td><td><a href=\"https:\/\/glycemic-index.net\/de\/maischips\/\">Maischips<\/a><\/td><td><a href=\"https:\/\/glycemic-index.net\/de\/maischips\/\">63<\/a><\/td><td><a href=\"https:\/\/glycemic-index.net\/de\/maischips\/\">28.8<\/a><\/td><\/tr>\n<tr><td><a href=\"https:\/\/glycemic-index.net\/de\/pommes-frittes\/\"><img loading=\"lazy\" decoding=\"async\" src=\"https:\/\/glycemic-index.net\/images\/Mlh5GfqgHd_small.webp\" alt=\"Pommes frittes\" width=\"40\" height=\"40\">\n<\/a><\/td><td><a href=\"https:\/\/glycemic-index.net\/de\/pommes-frittes\/\">Pommes frittes<\/a><\/td><td><a href=\"https:\/\/glycemic-index.net\/de\/pommes-frittes\/\">75<\/a><\/td><td><a href=\"https:\/\/glycemic-index.net\/de\/pommes-frittes\/\">22.6<\/a><\/td><\/tr>\n<tr><td><a href=\"https:\/\/glycemic-index.net\/de\/pommes-mais-gesalzen\/\"><img loading=\"lazy\" decoding=\"async\" src=\"https:\/\/glycemic-index.net\/images\/LTFRYZCnFS_small.webp\" alt=\"Pommes, Mais, gesalzen\" width=\"40\" height=\"40\">\n<\/a><\/td><td><a href=\"https:\/\/glycemic-index.net\/de\/pommes-mais-gesalzen\/\">Pommes, Mais, gesalzen<\/a><\/td><td><a href=\"https:\/\/glycemic-index.net\/de\/pommes-mais-gesalzen\/\">42<\/a><\/td><td><a href=\"https:\/\/glycemic-index.net\/de\/pommes-mais-gesalzen\/\">25.6<\/a><\/td><\/tr>\n<tr><td><a href=\"https:\/\/glycemic-index.net\/de\/popcorn\/\"><img loading=\"lazy\" decoding=\"async\" src=\"https:\/\/glycemic-index.net\/images\/t9LKSY5zLU_small.webp\" alt=\"Popcorn\" width=\"40\" height=\"40\">\n<\/a><\/td><td><a href=\"https:\/\/glycemic-index.net\/de\/popcorn\/\">Popcorn<\/a><\/td><td><a href=\"https:\/\/glycemic-index.net\/de\/popcorn\/\">55<\/a><\/td><td><a href=\"https:\/\/glycemic-index.net\/de\/popcorn\/\">40.7<\/a><\/td><\/tr>\n<tr><td><a href=\"https:\/\/glycemic-index.net\/de\/chinesische-nudeln\/\"><img loading=\"lazy\" decoding=\"async\" src=\"https:\/\/glycemic-index.net\/images\/ZrKrG8Noiu_small.webp\" alt=\"chinesische Nudeln\" width=\"40\" height=\"40\">\n<\/a><\/td><td><a href=\"https:\/\/glycemic-index.net\/de\/chinesische-nudeln\/\">chinesische Nudeln<\/a><\/td><td><a href=\"https:\/\/glycemic-index.net\/de\/chinesische-nudeln\/\">35<\/a><\/td><td><a href=\"https:\/\/glycemic-index.net\/de\/chinesische-nudeln\/\">23.4<\/a><\/td><\/tr>\n<\/table>\n","protected":false},"excerpt":{"rendered":"<p>Der glyk\u00e4mische Index ist ein wichtiger Faktor, den es bei Fast Food zu ber\u00fccksichtigen gilt. Es misst, wie schnell eine bestimmte Art von Nahrung Ihren Blutzuckerspiegel nach dem Essen erh\u00f6ht. Lebensmittel mit einem hohen glyk\u00e4mischen Index k\u00f6nnen zu Blutzucker- und Insulinspitzen f\u00fchren, die mit der Zeit zu Gewichtszunahme, Diabetes und anderen Gesundheitsproblemen f\u00fchren k\u00f6nnen. Bei &hellip;<\/p>\n<p class=\"read-more\"> <a class=\"\" href=\"https:\/\/glycemic-index.net\/de\/glykaemischer-index-von-fastfood\/\"> <span class=\"screen-reader-text\">Glyk\u00e4mischer Index von Fastfood<\/span> Weiterlesen &raquo;<\/a><\/p>\n","protected":false},"author":1,"featured_media":0,"parent":0,"menu_order":0,"comment_status":"closed","ping_status":"closed","template":"","meta":{"site-sidebar-layout":"default","site-content-layout":"default","ast-global-header-display":"","ast-main-header-display":"","ast-hfb-above-header-display":"","ast-hfb-below-header-display":"","ast-hfb-mobile-header-display":"","site-post-title":"","ast-breadcrumbs-content":"","ast-featured-img":"","footer-sml-layout":"","theme-transparent-header-meta":"default","adv-header-id-meta":"","stick-header-meta":"","header-above-stick-meta":"","header-main-stick-meta":"","header-below-stick-meta":"","footnotes":""},"class_list":["post-1975","page","type-page","status-publish","hentry"],"yoast_head":"<!-- This site is optimized with the Yoast SEO plugin v21.7 - https:\/\/yoast.com\/wordpress\/plugins\/seo\/ -->\n<title>Glyk\u00e4mischer Index von Fastfood - GI-Handbuch Nr. 1<\/title>\n<meta name=\"description\" content=\"Bei der Auswahl von Fastfood mit einem niedrigeren glyk\u00e4mischen Indexwert gibt es einige Schl\u00fcsselfaktoren, die Sie beachten sollten...\" \/>\n<meta name=\"robots\" content=\"index, follow, max-snippet:-1, max-image-preview:large, max-video-preview:-1\" \/>\n<link rel=\"canonical\" href=\"https:\/\/glycemic-index.net\/de\/glykaemischer-index-von-fastfood\/\" \/>\n<meta property=\"og:locale\" content=\"de_DE\" \/>\n<meta property=\"og:type\" content=\"article\" \/>\n<meta property=\"og:title\" content=\"Glyk\u00e4mischer Index von Fastfood - GI-Handbuch Nr. 1\" \/>\n<meta property=\"og:description\" content=\"Bei der Auswahl von Fastfood mit einem niedrigeren glyk\u00e4mischen Indexwert gibt es einige Schl\u00fcsselfaktoren, die Sie beachten sollten...\" \/>\n<meta property=\"og:url\" content=\"https:\/\/glycemic-index.net\/de\/glykaemischer-index-von-fastfood\/\" \/>\n<meta property=\"og:site_name\" content=\"GI-Handbuch Nr. 1\" \/>\n<meta property=\"article:modified_time\" content=\"2024-01-10T20:18:18+00:00\" \/>\n<meta property=\"og:image\" content=\"https:\/\/glycemic-index.net\/images\/5u9ctaSrmh_small.webp\" \/>\n<meta name=\"twitter:card\" content=\"summary_large_image\" \/>\n<meta name=\"twitter:label1\" content=\"Gesch\u00e4tzte Lesezeit\" \/>\n\t<meta name=\"twitter:data1\" content=\"4\u00a0Minuten\" \/>\n<script type=\"application\/ld+json\" class=\"yoast-schema-graph\">{\"@context\":\"https:\/\/schema.org\",\"@graph\":[{\"@type\":\"WebPage\",\"@id\":\"https:\/\/glycemic-index.net\/de\/glykaemischer-index-von-fastfood\/\",\"url\":\"https:\/\/glycemic-index.net\/de\/glykaemischer-index-von-fastfood\/\",\"name\":\"Glyk\u00e4mischer Index von Fastfood - GI-Handbuch Nr. 1\",\"isPartOf\":{\"@id\":\"https:\/\/glycemic-index.net\/de\/#website\"},\"datePublished\":\"2021-08-11T11:31:27+00:00\",\"dateModified\":\"2024-01-10T20:18:18+00:00\",\"description\":\"Bei der Auswahl von Fastfood mit einem niedrigeren glyk\u00e4mischen Indexwert gibt es einige Schl\u00fcsselfaktoren, die Sie beachten sollten...\",\"breadcrumb\":{\"@id\":\"https:\/\/glycemic-index.net\/de\/glykaemischer-index-von-fastfood\/#breadcrumb\"},\"inLanguage\":\"de\",\"potentialAction\":[{\"@type\":\"ReadAction\",\"target\":[\"https:\/\/glycemic-index.net\/de\/glykaemischer-index-von-fastfood\/\"]}]},{\"@type\":\"BreadcrumbList\",\"@id\":\"https:\/\/glycemic-index.net\/de\/glykaemischer-index-von-fastfood\/#breadcrumb\",\"itemListElement\":[{\"@type\":\"ListItem\",\"position\":1,\"name\":\"Home\",\"item\":\"https:\/\/glycemic-index.net\/de\/\"},{\"@type\":\"ListItem\",\"position\":2,\"name\":\"Glyk\u00e4mischer Index von Fastfood\"}]},{\"@type\":\"WebSite\",\"@id\":\"https:\/\/glycemic-index.net\/de\/#website\",\"url\":\"https:\/\/glycemic-index.net\/de\/\",\"name\":\"GI-Handbuch Nr. 1\",\"description\":\"Hier finden Sie alles rund um den glyk\u00e4mischen Index und die glyk\u00e4mische Last.\",\"publisher\":{\"@id\":\"https:\/\/glycemic-index.net\/de\/#organization\"},\"potentialAction\":[{\"@type\":\"SearchAction\",\"target\":{\"@type\":\"EntryPoint\",\"urlTemplate\":\"https:\/\/glycemic-index.net\/de\/?s={search_term_string}\"},\"query-input\":\"required name=search_term_string\"}],\"inLanguage\":\"de\"},{\"@type\":\"Organization\",\"@id\":\"https:\/\/glycemic-index.net\/de\/#organization\",\"name\":\"GI-Handbuch Nr. 1\",\"url\":\"https:\/\/glycemic-index.net\/de\/\",\"logo\":{\"@type\":\"ImageObject\",\"inLanguage\":\"de\",\"@id\":\"https:\/\/glycemic-index.net\/de\/#\/schema\/logo\/image\/\",\"url\":\"https:\/\/glycemic-index.net\/de\/wp-content\/uploads\/2023\/01\/logo_512-1.png\",\"contentUrl\":\"https:\/\/glycemic-index.net\/de\/wp-content\/uploads\/2023\/01\/logo_512-1.png\",\"width\":512,\"height\":512,\"caption\":\"GI-Handbuch Nr. 1\"},\"image\":{\"@id\":\"https:\/\/glycemic-index.net\/de\/#\/schema\/logo\/image\/\"}}]}<\/script>\n<!-- \/ Yoast SEO plugin. -->","yoast_head_json":{"title":"Glyk\u00e4mischer Index von Fastfood - GI-Handbuch Nr. 1","description":"Bei der Auswahl von Fastfood mit einem niedrigeren glyk\u00e4mischen Indexwert gibt es einige Schl\u00fcsselfaktoren, die Sie beachten sollten...","robots":{"index":"index","follow":"follow","max-snippet":"max-snippet:-1","max-image-preview":"max-image-preview:large","max-video-preview":"max-video-preview:-1"},"canonical":"https:\/\/glycemic-index.net\/de\/glykaemischer-index-von-fastfood\/","og_locale":"de_DE","og_type":"article","og_title":"Glyk\u00e4mischer Index von Fastfood - GI-Handbuch Nr. 1","og_description":"Bei der Auswahl von Fastfood mit einem niedrigeren glyk\u00e4mischen Indexwert gibt es einige Schl\u00fcsselfaktoren, die Sie beachten sollten...","og_url":"https:\/\/glycemic-index.net\/de\/glykaemischer-index-von-fastfood\/","og_site_name":"GI-Handbuch Nr. 1","article_modified_time":"2024-01-10T20:18:18+00:00","og_image":[{"url":"https:\/\/glycemic-index.net\/images\/5u9ctaSrmh_small.webp"}],"twitter_card":"summary_large_image","twitter_misc":{"Gesch\u00e4tzte Lesezeit":"4\u00a0Minuten"},"schema":{"@context":"https:\/\/schema.org","@graph":[{"@type":"WebPage","@id":"https:\/\/glycemic-index.net\/de\/glykaemischer-index-von-fastfood\/","url":"https:\/\/glycemic-index.net\/de\/glykaemischer-index-von-fastfood\/","name":"Glyk\u00e4mischer Index von Fastfood - GI-Handbuch Nr. 1","isPartOf":{"@id":"https:\/\/glycemic-index.net\/de\/#website"},"datePublished":"2021-08-11T11:31:27+00:00","dateModified":"2024-01-10T20:18:18+00:00","description":"Bei der Auswahl von Fastfood mit einem niedrigeren glyk\u00e4mischen Indexwert gibt es einige Schl\u00fcsselfaktoren, die Sie beachten sollten...","breadcrumb":{"@id":"https:\/\/glycemic-index.net\/de\/glykaemischer-index-von-fastfood\/#breadcrumb"},"inLanguage":"de","potentialAction":[{"@type":"ReadAction","target":["https:\/\/glycemic-index.net\/de\/glykaemischer-index-von-fastfood\/"]}]},{"@type":"BreadcrumbList","@id":"https:\/\/glycemic-index.net\/de\/glykaemischer-index-von-fastfood\/#breadcrumb","itemListElement":[{"@type":"ListItem","position":1,"name":"Home","item":"https:\/\/glycemic-index.net\/de\/"},{"@type":"ListItem","position":2,"name":"Glyk\u00e4mischer Index von Fastfood"}]},{"@type":"WebSite","@id":"https:\/\/glycemic-index.net\/de\/#website","url":"https:\/\/glycemic-index.net\/de\/","name":"GI-Handbuch Nr. 1","description":"Hier finden Sie alles rund um den glyk\u00e4mischen Index und die glyk\u00e4mische Last.","publisher":{"@id":"https:\/\/glycemic-index.net\/de\/#organization"},"potentialAction":[{"@type":"SearchAction","target":{"@type":"EntryPoint","urlTemplate":"https:\/\/glycemic-index.net\/de\/?s={search_term_string}"},"query-input":"required name=search_term_string"}],"inLanguage":"de"},{"@type":"Organization","@id":"https:\/\/glycemic-index.net\/de\/#organization","name":"GI-Handbuch Nr. 1","url":"https:\/\/glycemic-index.net\/de\/","logo":{"@type":"ImageObject","inLanguage":"de","@id":"https:\/\/glycemic-index.net\/de\/#\/schema\/logo\/image\/","url":"https:\/\/glycemic-index.net\/de\/wp-content\/uploads\/2023\/01\/logo_512-1.png","contentUrl":"https:\/\/glycemic-index.net\/de\/wp-content\/uploads\/2023\/01\/logo_512-1.png","width":512,"height":512,"caption":"GI-Handbuch Nr. 1"},"image":{"@id":"https:\/\/glycemic-index.net\/de\/#\/schema\/logo\/image\/"}}]}},"_links":{"self":[{"href":"https:\/\/glycemic-index.net\/de\/wp-json\/wp\/v2\/pages\/1975","targetHints":{"allow":["GET"]}}],"collection":[{"href":"https:\/\/glycemic-index.net\/de\/wp-json\/wp\/v2\/pages"}],"about":[{"href":"https:\/\/glycemic-index.net\/de\/wp-json\/wp\/v2\/types\/page"}],"author":[{"embeddable":true,"href":"https:\/\/glycemic-index.net\/de\/wp-json\/wp\/v2\/users\/1"}],"replies":[{"embeddable":true,"href":"https:\/\/glycemic-index.net\/de\/wp-json\/wp\/v2\/comments?post=1975"}],"version-history":[{"count":5,"href":"https:\/\/glycemic-index.net\/de\/wp-json\/wp\/v2\/pages\/1975\/revisions"}],"predecessor-version":[{"id":3671,"href":"https:\/\/glycemic-index.net\/de\/wp-json\/wp\/v2\/pages\/1975\/revisions\/3671"}],"wp:attachment":[{"href":"https:\/\/glycemic-index.net\/de\/wp-json\/wp\/v2\/media?parent=1975"}],"curies":[{"name":"wp","href":"https:\/\/api.w.org\/{rel}","templated":true}]}}