{"id":1989,"date":"2021-08-11T11:37:52","date_gmt":"2021-08-11T11:37:52","guid":{"rendered":"https:\/\/glycemic-index.net\/?page_id=1989"},"modified":"2023-04-07T16:21:12","modified_gmt":"2023-04-07T16:21:12","slug":"glykaemischer-index-von-oelen-und-saucen","status":"publish","type":"page","link":"https:\/\/glycemic-index.net\/de\/glykaemischer-index-von-oelen-und-saucen\/","title":{"rendered":"Glyk\u00e4mischer Index von \u00d6len und Saucen"},"content":{"rendered":"\n<div style=\"height:30px\" aria-hidden=\"true\" class=\"wp-block-spacer\"><\/div>\n\n\n<form  class=\"is-search-form is-form-style is-form-style-3 is-form-id-39 \" action=\"https:\/\/glycemic-index.net\/de\/\" method=\"get\" role=\"search\" ><label for=\"is-search-input-39\"><span class=\"is-screen-reader-text\">Search for:<\/span><input  type=\"search\" id=\"is-search-input-39\" name=\"s\" value=\"\" class=\"is-search-input\" placeholder=\"Suche hier...\" autocomplete=off \/><\/label><button type=\"submit\" class=\"is-search-submit\"><span class=\"is-screen-reader-text\">Search Button<\/span><span class=\"is-search-icon\"><svg focusable=\"false\" aria-label=\"Search\" xmlns=\"http:\/\/www.w3.org\/2000\/svg\" viewBox=\"0 0 24 24\" width=\"24px\"><path d=\"M15.5 14h-.79l-.28-.27C15.41 12.59 16 11.11 16 9.5 16 5.91 13.09 3 9.5 3S3 5.91 3 9.5 5.91 16 9.5 16c1.61 0 3.09-.59 4.23-1.57l.27.28v.79l5 4.99L20.49 19l-4.99-5zm-6 0C7.01 14 5 11.99 5 9.5S7.01 5 9.5 5 14 7.01 14 9.5 11.99 14 9.5 14z\"><\/path><\/svg><\/span><\/button><input type=\"hidden\" name=\"id\" value=\"39\" \/><input type=\"hidden\" name=\"post_type\" value=\"post\" \/><\/form>\n\n\n\n<div style=\"height:30px\" aria-hidden=\"true\" class=\"wp-block-spacer\"><\/div>\n\n\n\n<p>Der glyk\u00e4mische Index ist ein Ma\u00df daf\u00fcr, wie schnell Kohlenhydrate abgebaut und in den Blutkreislauf aufgenommen werden. Je h\u00f6her der GI, desto schneller baut Ihr K\u00f6rper diese Kohlenhydrate ab und erh\u00f6ht Ihren Blutzuckerspiegel.<\/p>\n\n\n\n<p>Auch \u00d6le und So\u00dfen k\u00f6nnen unseren Blutzucker beeinflussen. Es ist wichtig zu wissen, welche \u00d6le und Saucen einen niedrigen glyk\u00e4mischen Index (GI) haben, damit Sie beim Kochen oder Essen ges\u00fcndere Entscheidungen treffen k\u00f6nnen.<\/p>\n\n\n\n<p>Oliven\u00f6l ist eines der ges\u00fcndesten \u00d6le, das es gibt, mit einem GI-Wert von null, weil es keine Kohlenhydrate enth\u00e4lt. Natives Oliven\u00f6l extra hat noch mehr Antioxidantien als normales Oliven\u00f6l, wodurch es noch besser f\u00fcr Ihre allgemeine Gesundheit ist!<\/p>\n\n\n\n<p>Kokos\u00f6l enth\u00e4lt auch keine Kohlenhydrate, punktet aber aufgrund seines hohen Gehalts an ges\u00e4ttigten Fetts\u00e4uren mit 2 Punkten auf dem glyk\u00e4mischen Index etwas besser \u2013 obwohl neuere Forschungsergebnisse darauf hindeuten, dass Kokos\u00f6l f\u00fcr die Behandlung von Diabetes von Vorteil sein kann, wenn es sparsam als Teil eines gesunden Ern\u00e4hrungsplans verwendet wird gesamt.<\/p>\n\n\n\n<p>Soja\u00f6l ist eine weitere beliebte Wahl unter K\u00f6chen, die Transfette vermeiden und ihren Gerichten dennoch etwas Geschmack verleihen m\u00f6chten.<\/p>\n\n\n\n<p>Raps\u00f6l enth\u00e4lt weniger Kalorien als andere Speise\u00f6le und bietet dennoch einen gro\u00dfartigen Geschmack, aber wie alle Pflanzen\u00f6le sollten sie sparsam konsumiert werden, da sie ungesunde Omega-6-Fetts\u00e4uren enthalten, es sei denn, sie sind als \u201ekaltgepresst\u201c oder \u00e4hnlich gekennzeichnet und weisen darauf hin, dass w\u00e4hrend der Produktion nur minimal verarbeitet wurde Prozess.<\/p>\n\n\n\n<p>Beliebte Saucen wie Ketchup werden oft mit zugesetztem Zucker geliefert, der ihren glyk\u00e4mischen Index erheblich erh\u00f6ht \u2013 normalerweise zwischen 15 und 20, je nach Marke \u2013 also lesen Sie die Etiketten sorgf\u00e4ltig, bevor Sie sie zu Lebensmitteln hinzuf\u00fcgen oder Sch\u00fcsseln voll zu den Mahlzeiten servieren!<\/p>\n\n\n\n<p>Barbecue-Saucen rangieren mit etwa 40 GIs leider auch recht hoch, w\u00e4hrend scharfe Saucen aufgrund der fehlenden Pr\u00e4senz bei den meisten Marken in Bezug auf zugesetzten Zucker \/ Kohlenhydrate usw. eher zum unteren Ende tendieren und in der Regel zwischen 0 und 10 liegen und manchmal niedriger sind, je nach gefundenen Zutaten darin!<\/p>\n\n\n\n<p>Zusammenfassend l\u00e4sst sich sagen, dass das Verst\u00e4ndnis, welche Auswirkungen bestimmte Lebensmittel auf unseren K\u00f6rper haben, uns dabei hilft, fundierte Entscheidungen dar\u00fcber zu treffen, was wir konsumieren \u2013 insbesondere wenn wir potenzielle Auswirkungen ber\u00fccksichtigen, die direkt mit dem Glukosespiegel \u00fcber die Messungen und damit verbundenen Rankings des Glycemix-Index zusammenh\u00e4ngen.<\/p>\n\n\n\n<p>Wenn Sie also das n\u00e4chste Mal nach einem \u00f6ligen Gew\u00fcrz greifen, denken Sie zweimal dar\u00fcber nach, ob Sie sich einen Gefallen tun, indem Sie das eine oder das andere ausw\u00e4hlen, das streng auf numerischen Werten basiert, die jeder hier heute vorgestellten Sorte zugeordnet sind.<\/p>\n\n\n\n<p>Nachfolgend finden Sie eine vollst\u00e4ndige Liste f\u00fcr \u00d6le und Saucen mit ihrem glyk\u00e4mischen Index und ihren glyk\u00e4mischen Belastungsr\u00e4ngen.<\/p>\n\n\n\n<p>Hinweis: GI = Glyk\u00e4mischer Index, GL = Glyk\u00e4mische Last<\/p>\n\n\n\n<table class=\"tftable\" border=\"1\">\n<tr><th>Foto<\/th><th width=\"55%\">Name<\/th><th>GI<\/th><th>GL<\/th><\/tr>\n<tr><td><a href=\"https:\/\/glycemic-index.net\/de\/butter\/\"><img decoding=\"async\" src=\"https:\/\/glycemic-index.net\/images\/H7tLEOzAG6_small.webp\" alt=\"Butter\" width=\"40\" height=\"40\">\n<\/a><\/td><td><a href=\"https:\/\/glycemic-index.net\/de\/butter\/\">Butter<\/a><\/td><td><a href=\"https:\/\/glycemic-index.net\/de\/butter\/\">0<\/a><\/td><td><a href=\"https:\/\/glycemic-index.net\/de\/butter\/\">0.0<\/a><\/td><\/tr>\n<tr><td><a href=\"https:\/\/glycemic-index.net\/de\/butter-fettreich\/\"><img decoding=\"async\" src=\"https:\/\/glycemic-index.net\/images\/EPkvSYaRdq_small.webp\" alt=\"Butter (fettreich)\" width=\"40\" height=\"40\">\n<\/a><\/td><td><a href=\"https:\/\/glycemic-index.net\/de\/butter-fettreich\/\">Butter (fettreich)<\/a><\/td><td><a href=\"https:\/\/glycemic-index.net\/de\/butter-fettreich\/\">14<\/a><\/td><td><a href=\"https:\/\/glycemic-index.net\/de\/butter-fettreich\/\">0.1<\/a><\/td><\/tr>\n<tr><td><a href=\"https:\/\/glycemic-index.net\/de\/erdnussol-zuckerfrei\/\"><img decoding=\"async\" src=\"https:\/\/glycemic-index.net\/images\/VropOmUwsq_small.webp\" alt=\"Erdnuss\u00f6l (zuckerfrei)\" width=\"40\" height=\"40\">\n<\/a><\/td><td><a href=\"https:\/\/glycemic-index.net\/de\/erdnussol-zuckerfrei\/\">Erdnuss\u00f6l (zuckerfrei)<\/a><\/td><td><a href=\"https:\/\/glycemic-index.net\/de\/erdnussol-zuckerfrei\/\">40<\/a><\/td><td><a href=\"https:\/\/glycemic-index.net\/de\/erdnussol-zuckerfrei\/\">8.6<\/a><\/td><\/tr>\n<tr><td><a href=\"https:\/\/glycemic-index.net\/de\/fett-tierisch-pflanzlich\/\"><img loading=\"lazy\" decoding=\"async\" src=\"https:\/\/glycemic-index.net\/images\/aDGqhQgmvn_small.webp\" alt=\"Fett (tierisch \/ pflanzlich)\" width=\"40\" height=\"40\">\n<\/a><\/td><td><a href=\"https:\/\/glycemic-index.net\/de\/fett-tierisch-pflanzlich\/\">Fett (tierisch \/ pflanzlich)<\/a><\/td><td><a href=\"https:\/\/glycemic-index.net\/de\/fett-tierisch-pflanzlich\/\">0<\/a><\/td><td><a href=\"https:\/\/glycemic-index.net\/de\/fett-tierisch-pflanzlich\/\">0.0<\/a><\/td><\/tr>\n<tr><td><a href=\"https:\/\/glycemic-index.net\/de\/ganseschmalz\/\"><img loading=\"lazy\" decoding=\"async\" src=\"https:\/\/glycemic-index.net\/images\/YAqLKf66dx_small.webp\" alt=\"G\u00e4nseschmalz\" width=\"40\" height=\"40\">\n<\/a><\/td><td><a href=\"https:\/\/glycemic-index.net\/de\/ganseschmalz\/\">G\u00e4nseschmalz<\/a><\/td><td><a href=\"https:\/\/glycemic-index.net\/de\/ganseschmalz\/\">0<\/a><\/td><td><a href=\"https:\/\/glycemic-index.net\/de\/ganseschmalz\/\">0.0<\/a><\/td><\/tr>\n<tr><td><a href=\"https:\/\/glycemic-index.net\/de\/kokosmilch-roh\/\"><img loading=\"lazy\" decoding=\"async\" src=\"https:\/\/glycemic-index.net\/images\/ex1paVt9fa_small.webp\" alt=\"Kokosmilch (roh)\" width=\"40\" height=\"40\">\n<\/a><\/td><td><a href=\"https:\/\/glycemic-index.net\/de\/kokosmilch-roh\/\">Kokosmilch (roh)<\/a><\/td><td><a href=\"https:\/\/glycemic-index.net\/de\/kokosmilch-roh\/\">40<\/a><\/td><td><a href=\"https:\/\/glycemic-index.net\/de\/kokosmilch-roh\/\">1.1<\/a><\/td><\/tr>\n<tr><td><a href=\"https:\/\/glycemic-index.net\/de\/mandelol\/\"><img loading=\"lazy\" decoding=\"async\" src=\"https:\/\/glycemic-index.net\/images\/AOA1AylMq8_small.webp\" alt=\"Mandel\u00f6l\" width=\"40\" height=\"40\">\n<\/a><\/td><td><a href=\"https:\/\/glycemic-index.net\/de\/mandelol\/\">Mandel\u00f6l<\/a><\/td><td><a href=\"https:\/\/glycemic-index.net\/de\/mandelol\/\">25<\/a><\/td><td><a href=\"https:\/\/glycemic-index.net\/de\/mandelol\/\">0.0<\/a><\/td><\/tr>\n<tr><td><a href=\"https:\/\/glycemic-index.net\/de\/margarine\/\"><img loading=\"lazy\" decoding=\"async\" src=\"https:\/\/glycemic-index.net\/images\/aKxzP1f1l4_small.webp\" alt=\"Margarine\" width=\"40\" height=\"40\">\n<\/a><\/td><td><a href=\"https:\/\/glycemic-index.net\/de\/margarine\/\">Margarine<\/a><\/td><td><a href=\"https:\/\/glycemic-index.net\/de\/margarine\/\">0<\/a><\/td><td><a href=\"https:\/\/glycemic-index.net\/de\/margarine\/\">0.0<\/a><\/td><\/tr>\n<tr><td><a href=\"https:\/\/glycemic-index.net\/de\/mayonnaise-gesust\/\"><img loading=\"lazy\" decoding=\"async\" src=\"https:\/\/glycemic-index.net\/images\/6DxXC4mWiA_small.webp\" alt=\"Mayonnaise (ges\u00fc\u00dft)\" width=\"40\" height=\"40\">\n<\/a><\/td><td><a href=\"https:\/\/glycemic-index.net\/de\/mayonnaise-gesust\/\">Mayonnaise (ges\u00fc\u00dft)<\/a><\/td><td><a href=\"https:\/\/glycemic-index.net\/de\/mayonnaise-gesust\/\">60<\/a><\/td><td><a href=\"https:\/\/glycemic-index.net\/de\/mayonnaise-gesust\/\">0.2<\/a><\/td><\/tr>\n<tr><td><a href=\"https:\/\/glycemic-index.net\/de\/mayonnaise-hausgemacht\/\"><img loading=\"lazy\" decoding=\"async\" src=\"https:\/\/glycemic-index.net\/images\/bzEVMPuzl6_small.webp\" alt=\"Mayonnaise (hausgemacht)\" width=\"40\" height=\"40\">\n<\/a><\/td><td><a href=\"https:\/\/glycemic-index.net\/de\/mayonnaise-hausgemacht\/\">Mayonnaise (hausgemacht)<\/a><\/td><td><a href=\"https:\/\/glycemic-index.net\/de\/mayonnaise-hausgemacht\/\">0<\/a><\/td><td><a href=\"https:\/\/glycemic-index.net\/de\/mayonnaise-hausgemacht\/\">0.0<\/a><\/td><\/tr>\n<tr><td><a href=\"https:\/\/glycemic-index.net\/de\/olivenol\/\"><img loading=\"lazy\" decoding=\"async\" src=\"https:\/\/glycemic-index.net\/images\/OHjnvj2hLa_small.webp\" alt=\"Oliven\u00f6l\" width=\"40\" height=\"40\">\n<\/a><\/td><td><a href=\"https:\/\/glycemic-index.net\/de\/olivenol\/\">Oliven\u00f6l<\/a><\/td><td><a href=\"https:\/\/glycemic-index.net\/de\/olivenol\/\">0<\/a><\/td><td><a href=\"https:\/\/glycemic-index.net\/de\/olivenol\/\">0.0<\/a><\/td><\/tr>\n<tr><td><a href=\"https:\/\/glycemic-index.net\/de\/pestosauce\/\"><img loading=\"lazy\" decoding=\"async\" src=\"https:\/\/glycemic-index.net\/images\/K14f4FB7GH_small.webp\" alt=\"Pesto-Sauce)\" width=\"40\" height=\"40\">\n<\/a><\/td><td><a href=\"https:\/\/glycemic-index.net\/de\/pestosauce\/\">Pesto-Sauce)<\/a><\/td><td><a href=\"https:\/\/glycemic-index.net\/de\/pestosauce\/\">15<\/a><\/td><td><a href=\"https:\/\/glycemic-index.net\/de\/pestosauce\/\">0.9<\/a><\/td><\/tr>\n<tr><td><a href=\"https:\/\/glycemic-index.net\/de\/pflanzenfett\/\"><img loading=\"lazy\" decoding=\"async\" src=\"https:\/\/glycemic-index.net\/images\/DE4puH02OB_small.webp\" alt=\"Pflanzenfett\" width=\"40\" height=\"40\">\n<\/a><\/td><td><a href=\"https:\/\/glycemic-index.net\/de\/pflanzenfett\/\">Pflanzenfett<\/a><\/td><td><a href=\"https:\/\/glycemic-index.net\/de\/pflanzenfett\/\">0<\/a><\/td><td><a href=\"https:\/\/glycemic-index.net\/de\/pflanzenfett\/\">0.0<\/a><\/td><\/tr>\n<tr><td><a href=\"https:\/\/glycemic-index.net\/de\/sojasauce\/\"><img loading=\"lazy\" decoding=\"async\" src=\"https:\/\/glycemic-index.net\/images\/taGJN8Gdm1_small.webp\" alt=\"Sojasauce\" width=\"40\" height=\"40\">\n<\/a><\/td><td><a href=\"https:\/\/glycemic-index.net\/de\/sojasauce\/\">Sojasauce<\/a><\/td><td><a href=\"https:\/\/glycemic-index.net\/de\/sojasauce\/\">20<\/a><\/td><td><a href=\"https:\/\/glycemic-index.net\/de\/sojasauce\/\">1.0<\/a><\/td><\/tr>\n<tr><td><a href=\"https:\/\/glycemic-index.net\/de\/tomatenpuree\/\"><img loading=\"lazy\" decoding=\"async\" src=\"https:\/\/glycemic-index.net\/images\/7yqx6eo0Mt_small.webp\" alt=\"Tomatenp\u00fcree\" width=\"40\" height=\"40\">\n<\/a><\/td><td><a href=\"https:\/\/glycemic-index.net\/de\/tomatenpuree\/\">Tomatenp\u00fcree<\/a><\/td><td><a href=\"https:\/\/glycemic-index.net\/de\/tomatenpuree\/\">35<\/a><\/td><td><a href=\"https:\/\/glycemic-index.net\/de\/tomatenpuree\/\">3.1<\/a><\/td><\/tr>\n<tr><td><a href=\"https:\/\/glycemic-index.net\/de\/tomatensauce-naturlich-zuckerfrei\/\"><img loading=\"lazy\" decoding=\"async\" src=\"https:\/\/glycemic-index.net\/images\/XGBf8G5Ca5_small.webp\" alt=\"Tomatensauce (nat\u00fcrlich, zuckerfrei)\" width=\"40\" height=\"40\">\n<\/a><\/td><td><a href=\"https:\/\/glycemic-index.net\/de\/tomatensauce-naturlich-zuckerfrei\/\">Tomatensauce (nat\u00fcrlich, zuckerfrei)<\/a><\/td><td><a href=\"https:\/\/glycemic-index.net\/de\/tomatensauce-naturlich-zuckerfrei\/\">35<\/a><\/td><td><a href=\"https:\/\/glycemic-index.net\/de\/tomatensauce-naturlich-zuckerfrei\/\">1.3<\/a><\/td><\/tr>\n<tr><td><a href=\"https:\/\/glycemic-index.net\/de\/weizensirup-reissirup\/\"><img loading=\"lazy\" decoding=\"async\" src=\"https:\/\/glycemic-index.net\/images\/AYB2keTe4N_small.webp\" alt=\"Weizensirup, Reissirup\" width=\"40\" height=\"40\">\n<\/a><\/td><td><a href=\"https:\/\/glycemic-index.net\/de\/weizensirup-reissirup\/\">Weizensirup, Reissirup<\/a><\/td><td><a href=\"https:\/\/glycemic-index.net\/de\/weizensirup-reissirup\/\">100<\/a><\/td><td><a href=\"https:\/\/glycemic-index.net\/de\/weizensirup-reissirup\/\">77.0<\/a><\/td><\/tr>\n<\/table>\n","protected":false},"excerpt":{"rendered":"<p>Der glyk\u00e4mische Index ist ein Ma\u00df daf\u00fcr, wie schnell Kohlenhydrate abgebaut und in den Blutkreislauf aufgenommen werden. Je h\u00f6her der GI, desto schneller baut Ihr K\u00f6rper diese Kohlenhydrate ab und erh\u00f6ht Ihren Blutzuckerspiegel. Auch \u00d6le und So\u00dfen k\u00f6nnen unseren Blutzucker beeinflussen. Es ist wichtig zu wissen, welche \u00d6le und Saucen einen niedrigen glyk\u00e4mischen Index (GI) &hellip;<\/p>\n<p class=\"read-more\"> <a class=\"\" href=\"https:\/\/glycemic-index.net\/de\/glykaemischer-index-von-oelen-und-saucen\/\"> <span class=\"screen-reader-text\">Glyk\u00e4mischer Index von \u00d6len und Saucen<\/span> Weiterlesen &raquo;<\/a><\/p>\n","protected":false},"author":1,"featured_media":0,"parent":0,"menu_order":0,"comment_status":"closed","ping_status":"closed","template":"","meta":{"site-sidebar-layout":"default","site-content-layout":"default","ast-global-header-display":"","ast-main-header-display":"","ast-hfb-above-header-display":"","ast-hfb-below-header-display":"","ast-hfb-mobile-header-display":"","site-post-title":"","ast-breadcrumbs-content":"","ast-featured-img":"","footer-sml-layout":"","theme-transparent-header-meta":"default","adv-header-id-meta":"","stick-header-meta":"","header-above-stick-meta":"","header-main-stick-meta":"","header-below-stick-meta":"","footnotes":""},"class_list":["post-1989","page","type-page","status-publish","hentry"],"yoast_head":"<!-- This site is optimized with the Yoast SEO plugin v21.7 - https:\/\/yoast.com\/wordpress\/plugins\/seo\/ -->\n<title>Glyk\u00e4mischer Index von \u00d6len und Saucen - GI-Handbuch Nr. 1<\/title>\n<meta name=\"description\" content=\"Auch \u00d6le und So\u00dfen k\u00f6nnen unseren Blutzucker beeinflussen. Es ist wichtig zu verstehen, welche \u00d6le und Saucen einen niedrigen glyk\u00e4mischen Index haben ...\" \/>\n<meta name=\"robots\" content=\"index, follow, max-snippet:-1, max-image-preview:large, max-video-preview:-1\" \/>\n<link rel=\"canonical\" href=\"https:\/\/glycemic-index.net\/de\/glykaemischer-index-von-oelen-und-saucen\/\" \/>\n<meta property=\"og:locale\" content=\"de_DE\" \/>\n<meta property=\"og:type\" content=\"article\" \/>\n<meta property=\"og:title\" content=\"Glyk\u00e4mischer Index von \u00d6len und Saucen - GI-Handbuch Nr. 1\" \/>\n<meta property=\"og:description\" content=\"Auch \u00d6le und So\u00dfen k\u00f6nnen unseren Blutzucker beeinflussen. Es ist wichtig zu verstehen, welche \u00d6le und Saucen einen niedrigen glyk\u00e4mischen Index haben ...\" \/>\n<meta property=\"og:url\" content=\"https:\/\/glycemic-index.net\/de\/glykaemischer-index-von-oelen-und-saucen\/\" \/>\n<meta property=\"og:site_name\" content=\"GI-Handbuch Nr. 1\" \/>\n<meta property=\"article:modified_time\" content=\"2023-04-07T16:21:12+00:00\" \/>\n<meta property=\"og:image\" content=\"https:\/\/glycemic-index.net\/images\/H7tLEOzAG6_small.webp\" \/>\n<meta name=\"twitter:card\" content=\"summary_large_image\" \/>\n<meta name=\"twitter:label1\" content=\"Gesch\u00e4tzte Lesezeit\" \/>\n\t<meta name=\"twitter:data1\" content=\"6\u00a0Minuten\" \/>\n<script type=\"application\/ld+json\" class=\"yoast-schema-graph\">{\"@context\":\"https:\/\/schema.org\",\"@graph\":[{\"@type\":\"WebPage\",\"@id\":\"https:\/\/glycemic-index.net\/de\/glykaemischer-index-von-oelen-und-saucen\/\",\"url\":\"https:\/\/glycemic-index.net\/de\/glykaemischer-index-von-oelen-und-saucen\/\",\"name\":\"Glyk\u00e4mischer Index von \u00d6len und Saucen - GI-Handbuch Nr. 1\",\"isPartOf\":{\"@id\":\"https:\/\/glycemic-index.net\/de\/#website\"},\"datePublished\":\"2021-08-11T11:37:52+00:00\",\"dateModified\":\"2023-04-07T16:21:12+00:00\",\"description\":\"Auch \u00d6le und So\u00dfen k\u00f6nnen unseren Blutzucker beeinflussen. Es ist wichtig zu verstehen, welche \u00d6le und Saucen einen niedrigen glyk\u00e4mischen Index haben ...\",\"breadcrumb\":{\"@id\":\"https:\/\/glycemic-index.net\/de\/glykaemischer-index-von-oelen-und-saucen\/#breadcrumb\"},\"inLanguage\":\"de\",\"potentialAction\":[{\"@type\":\"ReadAction\",\"target\":[\"https:\/\/glycemic-index.net\/de\/glykaemischer-index-von-oelen-und-saucen\/\"]}]},{\"@type\":\"BreadcrumbList\",\"@id\":\"https:\/\/glycemic-index.net\/de\/glykaemischer-index-von-oelen-und-saucen\/#breadcrumb\",\"itemListElement\":[{\"@type\":\"ListItem\",\"position\":1,\"name\":\"Home\",\"item\":\"https:\/\/glycemic-index.net\/de\/\"},{\"@type\":\"ListItem\",\"position\":2,\"name\":\"Glyk\u00e4mischer Index von \u00d6len und Saucen\"}]},{\"@type\":\"WebSite\",\"@id\":\"https:\/\/glycemic-index.net\/de\/#website\",\"url\":\"https:\/\/glycemic-index.net\/de\/\",\"name\":\"GI-Handbuch Nr. 1\",\"description\":\"Hier finden Sie alles rund um den glyk\u00e4mischen Index und die glyk\u00e4mische Last.\",\"publisher\":{\"@id\":\"https:\/\/glycemic-index.net\/de\/#organization\"},\"potentialAction\":[{\"@type\":\"SearchAction\",\"target\":{\"@type\":\"EntryPoint\",\"urlTemplate\":\"https:\/\/glycemic-index.net\/de\/?s={search_term_string}\"},\"query-input\":\"required name=search_term_string\"}],\"inLanguage\":\"de\"},{\"@type\":\"Organization\",\"@id\":\"https:\/\/glycemic-index.net\/de\/#organization\",\"name\":\"GI-Handbuch Nr. 1\",\"url\":\"https:\/\/glycemic-index.net\/de\/\",\"logo\":{\"@type\":\"ImageObject\",\"inLanguage\":\"de\",\"@id\":\"https:\/\/glycemic-index.net\/de\/#\/schema\/logo\/image\/\",\"url\":\"https:\/\/glycemic-index.net\/de\/wp-content\/uploads\/2023\/01\/logo_512-1.png\",\"contentUrl\":\"https:\/\/glycemic-index.net\/de\/wp-content\/uploads\/2023\/01\/logo_512-1.png\",\"width\":512,\"height\":512,\"caption\":\"GI-Handbuch Nr. 1\"},\"image\":{\"@id\":\"https:\/\/glycemic-index.net\/de\/#\/schema\/logo\/image\/\"}}]}<\/script>\n<!-- \/ Yoast SEO plugin. -->","yoast_head_json":{"title":"Glyk\u00e4mischer Index von \u00d6len und Saucen - GI-Handbuch Nr. 1","description":"Auch \u00d6le und So\u00dfen k\u00f6nnen unseren Blutzucker beeinflussen. Es ist wichtig zu verstehen, welche \u00d6le und Saucen einen niedrigen glyk\u00e4mischen Index haben ...","robots":{"index":"index","follow":"follow","max-snippet":"max-snippet:-1","max-image-preview":"max-image-preview:large","max-video-preview":"max-video-preview:-1"},"canonical":"https:\/\/glycemic-index.net\/de\/glykaemischer-index-von-oelen-und-saucen\/","og_locale":"de_DE","og_type":"article","og_title":"Glyk\u00e4mischer Index von \u00d6len und Saucen - GI-Handbuch Nr. 1","og_description":"Auch \u00d6le und So\u00dfen k\u00f6nnen unseren Blutzucker beeinflussen. Es ist wichtig zu verstehen, welche \u00d6le und Saucen einen niedrigen glyk\u00e4mischen Index haben ...","og_url":"https:\/\/glycemic-index.net\/de\/glykaemischer-index-von-oelen-und-saucen\/","og_site_name":"GI-Handbuch Nr. 1","article_modified_time":"2023-04-07T16:21:12+00:00","og_image":[{"url":"https:\/\/glycemic-index.net\/images\/H7tLEOzAG6_small.webp"}],"twitter_card":"summary_large_image","twitter_misc":{"Gesch\u00e4tzte Lesezeit":"6\u00a0Minuten"},"schema":{"@context":"https:\/\/schema.org","@graph":[{"@type":"WebPage","@id":"https:\/\/glycemic-index.net\/de\/glykaemischer-index-von-oelen-und-saucen\/","url":"https:\/\/glycemic-index.net\/de\/glykaemischer-index-von-oelen-und-saucen\/","name":"Glyk\u00e4mischer Index von \u00d6len und Saucen - GI-Handbuch Nr. 1","isPartOf":{"@id":"https:\/\/glycemic-index.net\/de\/#website"},"datePublished":"2021-08-11T11:37:52+00:00","dateModified":"2023-04-07T16:21:12+00:00","description":"Auch \u00d6le und So\u00dfen k\u00f6nnen unseren Blutzucker beeinflussen. Es ist wichtig zu verstehen, welche \u00d6le und Saucen einen niedrigen glyk\u00e4mischen Index haben ...","breadcrumb":{"@id":"https:\/\/glycemic-index.net\/de\/glykaemischer-index-von-oelen-und-saucen\/#breadcrumb"},"inLanguage":"de","potentialAction":[{"@type":"ReadAction","target":["https:\/\/glycemic-index.net\/de\/glykaemischer-index-von-oelen-und-saucen\/"]}]},{"@type":"BreadcrumbList","@id":"https:\/\/glycemic-index.net\/de\/glykaemischer-index-von-oelen-und-saucen\/#breadcrumb","itemListElement":[{"@type":"ListItem","position":1,"name":"Home","item":"https:\/\/glycemic-index.net\/de\/"},{"@type":"ListItem","position":2,"name":"Glyk\u00e4mischer Index von \u00d6len und Saucen"}]},{"@type":"WebSite","@id":"https:\/\/glycemic-index.net\/de\/#website","url":"https:\/\/glycemic-index.net\/de\/","name":"GI-Handbuch Nr. 1","description":"Hier finden Sie alles rund um den glyk\u00e4mischen Index und die glyk\u00e4mische Last.","publisher":{"@id":"https:\/\/glycemic-index.net\/de\/#organization"},"potentialAction":[{"@type":"SearchAction","target":{"@type":"EntryPoint","urlTemplate":"https:\/\/glycemic-index.net\/de\/?s={search_term_string}"},"query-input":"required name=search_term_string"}],"inLanguage":"de"},{"@type":"Organization","@id":"https:\/\/glycemic-index.net\/de\/#organization","name":"GI-Handbuch Nr. 1","url":"https:\/\/glycemic-index.net\/de\/","logo":{"@type":"ImageObject","inLanguage":"de","@id":"https:\/\/glycemic-index.net\/de\/#\/schema\/logo\/image\/","url":"https:\/\/glycemic-index.net\/de\/wp-content\/uploads\/2023\/01\/logo_512-1.png","contentUrl":"https:\/\/glycemic-index.net\/de\/wp-content\/uploads\/2023\/01\/logo_512-1.png","width":512,"height":512,"caption":"GI-Handbuch Nr. 1"},"image":{"@id":"https:\/\/glycemic-index.net\/de\/#\/schema\/logo\/image\/"}}]}},"_links":{"self":[{"href":"https:\/\/glycemic-index.net\/de\/wp-json\/wp\/v2\/pages\/1989","targetHints":{"allow":["GET"]}}],"collection":[{"href":"https:\/\/glycemic-index.net\/de\/wp-json\/wp\/v2\/pages"}],"about":[{"href":"https:\/\/glycemic-index.net\/de\/wp-json\/wp\/v2\/types\/page"}],"author":[{"embeddable":true,"href":"https:\/\/glycemic-index.net\/de\/wp-json\/wp\/v2\/users\/1"}],"replies":[{"embeddable":true,"href":"https:\/\/glycemic-index.net\/de\/wp-json\/wp\/v2\/comments?post=1989"}],"version-history":[{"count":3,"href":"https:\/\/glycemic-index.net\/de\/wp-json\/wp\/v2\/pages\/1989\/revisions"}],"predecessor-version":[{"id":3628,"href":"https:\/\/glycemic-index.net\/de\/wp-json\/wp\/v2\/pages\/1989\/revisions\/3628"}],"wp:attachment":[{"href":"https:\/\/glycemic-index.net\/de\/wp-json\/wp\/v2\/media?parent=1989"}],"curies":[{"name":"wp","href":"https:\/\/api.w.org\/{rel}","templated":true}]}}