{"id":1991,"date":"2021-08-11T11:38:36","date_gmt":"2021-08-11T11:38:36","guid":{"rendered":"https:\/\/glycemic-index.net\/?page_id=1991"},"modified":"2023-04-07T16:21:39","modified_gmt":"2023-04-07T16:21:39","slug":"glykaemischer-index-von-meeresfruechten","status":"publish","type":"page","link":"https:\/\/glycemic-index.net\/de\/glykaemischer-index-von-meeresfruechten\/","title":{"rendered":"Glyk\u00e4mischer Index von Meeresfr\u00fcchten"},"content":{"rendered":"<form  class=\"is-search-form is-form-style is-form-style-3 is-form-id-39 \" action=\"https:\/\/glycemic-index.net\/de\/\" method=\"get\" role=\"search\" ><label for=\"is-search-input-39\"><span class=\"is-screen-reader-text\">Search for:<\/span><input  type=\"search\" id=\"is-search-input-39\" name=\"s\" value=\"\" class=\"is-search-input\" placeholder=\"Suche hier...\" autocomplete=off \/><\/label><button type=\"submit\" class=\"is-search-submit\"><span class=\"is-screen-reader-text\">Search Button<\/span><span class=\"is-search-icon\"><svg focusable=\"false\" aria-label=\"Search\" xmlns=\"http:\/\/www.w3.org\/2000\/svg\" viewBox=\"0 0 24 24\" width=\"24px\"><path d=\"M15.5 14h-.79l-.28-.27C15.41 12.59 16 11.11 16 9.5 16 5.91 13.09 3 9.5 3S3 5.91 3 9.5 5.91 16 9.5 16c1.61 0 3.09-.59 4.23-1.57l.27.28v.79l5 4.99L20.49 19l-4.99-5zm-6 0C7.01 14 5 11.99 5 9.5S7.01 5 9.5 5 14 7.01 14 9.5 11.99 14 9.5 14z\"><\/path><\/svg><\/span><\/button><input type=\"hidden\" name=\"id\" value=\"39\" \/><input type=\"hidden\" name=\"post_type\" value=\"post\" \/><\/form>\n\n\n\n<p><\/p>\n\n\n\n<p>Meeresfr\u00fcchte sind seit langem f\u00fcr ihre gesundheitlichen Vorteile bekannt, aber wussten Sie, dass sie auch eine Rolle bei der Kontrolle des Blutzuckerspiegels spielen?<\/p>\n\n\n\n<p>Der glyk\u00e4mische Index (GI) ist ein Ma\u00df daf\u00fcr, wie schnell Kohlenhydrate aus der Nahrung Ihren Blutzuckerspiegel erh\u00f6hen. Meeresfr\u00fcchte, insbesondere fetter Fisch wie Lachs und Thunfisch, haben niedrige GI-Werte und k\u00f6nnen helfen, Ihren Blutzuckerspiegel nach dem Essen zu stabilisieren.<\/p>\n\n\n\n<p>Der glyk\u00e4mische Index misst die Geschwindigkeit, mit der verschiedene Lebensmittel w\u00e4hrend der Verdauung in Einfachzucker zerlegt werden \u2013 dies beeinflusst, wie schnell sie in den Blutkreislauf gelangen. Lebensmittel mit hohen GIs f\u00fchren zu schnellen Blutzuckerspitzen, w\u00e4hrend Lebensmittel mit niedrigeren GIs im Laufe der Zeit zu einem allm\u00e4hlicheren Anstieg f\u00fchren.<\/p>\n\n\n\n<p>Im Allgemeinen haben Meeresfr\u00fcchte im Vergleich zu anderen Proteinquellen wie rotem Fleisch oder Bohnen relativ niedrige GI-Werte. Bestimmte Arten von Meeresfr\u00fcchten schneiden in Bezug auf ihren GI-Wert besser ab als andere: Garnelen und Kabeljau haben beide einen sehr niedrigen GI-Wert, w\u00e4hrend Krabben einen etwas h\u00f6heren haben. Lachs ist vielleicht die beste Wahl da drau\u00dfen, da er unglaublich nahrhaft ist und haupts\u00e4chlich aus Omega-3-Fetts\u00e4uren besteht und zu den Proteinen mit dem niedrigsten GI auf dem Markt geh\u00f6rt!<\/p>\n\n\n\n<p>Dar\u00fcber hinaus deuten Forschungsergebnisse darauf hin, dass der Ersatz von Fisch durch Rind oder Schwein zu einer verbesserten Stoffwechselkontrolle trotz \u00e4hnlicher Energiezufuhr bei allen getesteten Di\u00e4ten f\u00fchren kann. Wenn Sie also nach M\u00f6glichkeiten suchen, die Insulinsensitivit\u00e4t zu verbessern, ohne den Geschmack zu beeintr\u00e4chtigen, k\u00f6nnten Sie Ihrer Ern\u00e4hrung mehr Meeresfr\u00fcchte hinzuf\u00fcgen ein idealer Weg nach vorn!<\/p>\n\n\n\n<p>Achten Sie bei der Zubereitung von Gerichten mit Fisch immer darauf, nicht zu viel \u00d6l\/Fett zu verwenden, da dies den bereits moderaten glyk\u00e4mischen Index dramatisch erh\u00f6hen kann, was sie weniger geeignet f\u00fcr Diabetiker macht, die ihren t\u00e4glichen Bedarf an Kohlenhydraten sorgf\u00e4ltig \u00fcberwachen m\u00fcssen.<\/p>\n\n\n\n<p>Insgesamt kann uns die Einbeziehung vieler Portionen magerer und gesunder Fischgerichte in unsere w\u00f6chentlichen Speisepl\u00e4ne erhebliche Ern\u00e4hrungsvorteile bieten, die \u00fcber den reinen guten Geschmack hinausgehen! Ihre Makron\u00e4hrstoffzusammensetzung und der deutlich niedrigere glyk\u00e4mische Index machen sie zu einer gro\u00dfartigen Wahl, die dazu beitr\u00e4gt, auch nach dem Verzehr einen konstanteren Blutzuckerspiegel aufrechtzuerhalten &#8211; etwas, das beachtet werden sollte, unabh\u00e4ngig davon, ob wir an Diabetes Typ 1 \/ 2 leiden oder nicht!<\/p>\n\n\n\n<p>Nachfolgend finden Sie eine vollst\u00e4ndige Liste f\u00fcr Meeresfr\u00fcchte mit ihrem glyk\u00e4mischen Index und ihren glyk\u00e4mischen Belastungsr\u00e4ngen.<\/p>\n\n\n\n<p>Hinweis: GI = Glyk\u00e4mischer Index, GL = Glyk\u00e4mische Last<\/p>\n\n\n\n<table class=\"tftable\" border=\"1\">\n<tr><th>Foto<\/th><th width=\"55%\">Name<\/th><th>GI<\/th><th>GL<\/th><\/tr>\n<tr><td><a href=\"https:\/\/glycemic-index.net\/de\/fisch-lachs-thunfisch-usw\/\"><img decoding=\"async\" src=\"https:\/\/glycemic-index.net\/images\/5Ee9CIXd7j_small.webp\" alt=\"Fisch (Lachs, Thunfisch usw,)\" width=\"40\" height=\"40\">\n<\/a><\/td><td><a href=\"https:\/\/glycemic-index.net\/de\/fisch-lachs-thunfisch-usw\/\">Fisch (Lachs, Thunfisch usw,)<\/a><\/td><td><a href=\"https:\/\/glycemic-index.net\/de\/fisch-lachs-thunfisch-usw\/\">0<\/a><\/td><td><a href=\"https:\/\/glycemic-index.net\/de\/fisch-lachs-thunfisch-usw\/\">0.0<\/a><\/td><\/tr>\n<tr><td><a href=\"https:\/\/glycemic-index.net\/de\/krebstiere-hummer-krabben-langusten\/\"><img decoding=\"async\" src=\"https:\/\/glycemic-index.net\/images\/4cXd3FsCC5_small.webp\" alt=\"Krebstiere (Hummer, Krabben, Langusten)\" width=\"40\" height=\"40\">\n<\/a><\/td><td><a href=\"https:\/\/glycemic-index.net\/de\/krebstiere-hummer-krabben-langusten\/\">Krebstiere (Hummer, Krabben, Langusten)<\/a><\/td><td><a href=\"https:\/\/glycemic-index.net\/de\/krebstiere-hummer-krabben-langusten\/\">5<\/a><\/td><td><a href=\"https:\/\/glycemic-index.net\/de\/krebstiere-hummer-krabben-langusten\/\">0.1<\/a><\/td><\/tr>\n<tr><td><a href=\"https:\/\/glycemic-index.net\/de\/meeresfruchte-austern-garnelen-muscheln-usw\/\"><img decoding=\"async\" src=\"https:\/\/glycemic-index.net\/images\/fNKz0UGo0R_small.webp\" alt=\"Meeresfr\u00fcchte (Austern, Garnelen, Muscheln usw,)\" width=\"40\" height=\"40\">\n<\/a><\/td><td><a href=\"https:\/\/glycemic-index.net\/de\/meeresfruchte-austern-garnelen-muscheln-usw\/\">Meeresfr\u00fcchte (Austern, Garnelen, Muscheln usw,)<\/a><\/td><td><a href=\"https:\/\/glycemic-index.net\/de\/meeresfruchte-austern-garnelen-muscheln-usw\/\">0<\/a><\/td><td><a href=\"https:\/\/glycemic-index.net\/de\/meeresfruchte-austern-garnelen-muscheln-usw\/\">0.0<\/a><\/td><\/tr>\n<tr><td><a href=\"https:\/\/glycemic-index.net\/de\/roter-kaviar\/\"><img loading=\"lazy\" decoding=\"async\" src=\"https:\/\/glycemic-index.net\/images\/8RSFA6HOhB_small.webp\" alt=\"Roter Kaviar\" width=\"40\" height=\"40\">\n<\/a><\/td><td><a href=\"https:\/\/glycemic-index.net\/de\/roter-kaviar\/\">Roter Kaviar<\/a><\/td><td><a href=\"https:\/\/glycemic-index.net\/de\/roter-kaviar\/\">0<\/a><\/td><td><a href=\"https:\/\/glycemic-index.net\/de\/roter-kaviar\/\">0.0<\/a><\/td><\/tr>\n<tr><td><a href=\"https:\/\/glycemic-index.net\/de\/surimi-gehackter-fisch-in-krabbenstangen\/\"><img loading=\"lazy\" decoding=\"async\" src=\"https:\/\/glycemic-index.net\/images\/soFV3TavEz_small.webp\" alt=\"Surimi (gehackter Fisch in Krabbenstangen)\" width=\"40\" height=\"40\">\n<\/a><\/td><td><a href=\"https:\/\/glycemic-index.net\/de\/surimi-gehackter-fisch-in-krabbenstangen\/\">Surimi (gehackter Fisch in Krabbenstangen)<\/a><\/td><td><a href=\"https:\/\/glycemic-index.net\/de\/surimi-gehackter-fisch-in-krabbenstangen\/\">50<\/a><\/td><td><a href=\"https:\/\/glycemic-index.net\/de\/surimi-gehackter-fisch-in-krabbenstangen\/\">3.4<\/a><\/td><\/tr>\n<\/table>\n","protected":false},"excerpt":{"rendered":"<p>Meeresfr\u00fcchte sind seit langem f\u00fcr ihre gesundheitlichen Vorteile bekannt, aber wussten Sie, dass sie auch eine Rolle bei der Kontrolle des Blutzuckerspiegels spielen? Der glyk\u00e4mische Index (GI) ist ein Ma\u00df daf\u00fcr, wie schnell Kohlenhydrate aus der Nahrung Ihren Blutzuckerspiegel erh\u00f6hen. Meeresfr\u00fcchte, insbesondere fetter Fisch wie Lachs und Thunfisch, haben niedrige GI-Werte und k\u00f6nnen helfen, Ihren &hellip;<\/p>\n<p class=\"read-more\"> <a class=\"\" href=\"https:\/\/glycemic-index.net\/de\/glykaemischer-index-von-meeresfruechten\/\"> <span class=\"screen-reader-text\">Glyk\u00e4mischer Index von Meeresfr\u00fcchten<\/span> Weiterlesen &raquo;<\/a><\/p>\n","protected":false},"author":1,"featured_media":0,"parent":0,"menu_order":0,"comment_status":"closed","ping_status":"closed","template":"","meta":{"site-sidebar-layout":"default","site-content-layout":"default","ast-global-header-display":"","ast-main-header-display":"","ast-hfb-above-header-display":"","ast-hfb-below-header-display":"","ast-hfb-mobile-header-display":"","site-post-title":"","ast-breadcrumbs-content":"","ast-featured-img":"","footer-sml-layout":"","theme-transparent-header-meta":"default","adv-header-id-meta":"","stick-header-meta":"","header-above-stick-meta":"","header-main-stick-meta":"","header-below-stick-meta":"","footnotes":""},"class_list":["post-1991","page","type-page","status-publish","hentry"],"yoast_head":"<!-- This site is optimized with the Yoast SEO plugin v21.7 - https:\/\/yoast.com\/wordpress\/plugins\/seo\/ -->\n<title>Glyk\u00e4mischer Index von Meeresfr\u00fcchten - GI-Handbuch Nr. 1<\/title>\n<meta name=\"description\" content=\"Der glyk\u00e4mische Index (GI) ist ein Ma\u00df daf\u00fcr, wie schnell Kohlenhydrate aus der Nahrung Ihren Blutzuckerspiegel erh\u00f6hen. Meeresfr\u00fcchte, insbesondere fetter Fisch wie ...\" \/>\n<meta name=\"robots\" content=\"index, follow, max-snippet:-1, max-image-preview:large, max-video-preview:-1\" \/>\n<link rel=\"canonical\" href=\"https:\/\/glycemic-index.net\/de\/glykaemischer-index-von-meeresfruechten\/\" \/>\n<meta property=\"og:locale\" content=\"de_DE\" \/>\n<meta property=\"og:type\" content=\"article\" \/>\n<meta property=\"og:title\" content=\"Glyk\u00e4mischer Index von Meeresfr\u00fcchten - GI-Handbuch Nr. 1\" \/>\n<meta property=\"og:description\" content=\"Der glyk\u00e4mische Index (GI) ist ein Ma\u00df daf\u00fcr, wie schnell Kohlenhydrate aus der Nahrung Ihren Blutzuckerspiegel erh\u00f6hen. Meeresfr\u00fcchte, insbesondere fetter Fisch wie ...\" \/>\n<meta property=\"og:url\" content=\"https:\/\/glycemic-index.net\/de\/glykaemischer-index-von-meeresfruechten\/\" \/>\n<meta property=\"og:site_name\" content=\"GI-Handbuch Nr. 1\" \/>\n<meta property=\"article:modified_time\" content=\"2023-04-07T16:21:39+00:00\" \/>\n<meta property=\"og:image\" content=\"https:\/\/glycemic-index.net\/images\/5Ee9CIXd7j_small.webp\" \/>\n<meta name=\"twitter:card\" content=\"summary_large_image\" \/>\n<meta name=\"twitter:label1\" content=\"Gesch\u00e4tzte Lesezeit\" \/>\n\t<meta name=\"twitter:data1\" content=\"3\u00a0Minuten\" \/>\n<script type=\"application\/ld+json\" class=\"yoast-schema-graph\">{\"@context\":\"https:\/\/schema.org\",\"@graph\":[{\"@type\":\"WebPage\",\"@id\":\"https:\/\/glycemic-index.net\/de\/glykaemischer-index-von-meeresfruechten\/\",\"url\":\"https:\/\/glycemic-index.net\/de\/glykaemischer-index-von-meeresfruechten\/\",\"name\":\"Glyk\u00e4mischer Index von Meeresfr\u00fcchten - GI-Handbuch Nr. 1\",\"isPartOf\":{\"@id\":\"https:\/\/glycemic-index.net\/de\/#website\"},\"datePublished\":\"2021-08-11T11:38:36+00:00\",\"dateModified\":\"2023-04-07T16:21:39+00:00\",\"description\":\"Der glyk\u00e4mische Index (GI) ist ein Ma\u00df daf\u00fcr, wie schnell Kohlenhydrate aus der Nahrung Ihren Blutzuckerspiegel erh\u00f6hen. Meeresfr\u00fcchte, insbesondere fetter Fisch wie ...\",\"breadcrumb\":{\"@id\":\"https:\/\/glycemic-index.net\/de\/glykaemischer-index-von-meeresfruechten\/#breadcrumb\"},\"inLanguage\":\"de\",\"potentialAction\":[{\"@type\":\"ReadAction\",\"target\":[\"https:\/\/glycemic-index.net\/de\/glykaemischer-index-von-meeresfruechten\/\"]}]},{\"@type\":\"BreadcrumbList\",\"@id\":\"https:\/\/glycemic-index.net\/de\/glykaemischer-index-von-meeresfruechten\/#breadcrumb\",\"itemListElement\":[{\"@type\":\"ListItem\",\"position\":1,\"name\":\"Home\",\"item\":\"https:\/\/glycemic-index.net\/de\/\"},{\"@type\":\"ListItem\",\"position\":2,\"name\":\"Glyk\u00e4mischer Index von Meeresfr\u00fcchten\"}]},{\"@type\":\"WebSite\",\"@id\":\"https:\/\/glycemic-index.net\/de\/#website\",\"url\":\"https:\/\/glycemic-index.net\/de\/\",\"name\":\"GI-Handbuch Nr. 1\",\"description\":\"Hier finden Sie alles rund um den glyk\u00e4mischen Index und die glyk\u00e4mische Last.\",\"publisher\":{\"@id\":\"https:\/\/glycemic-index.net\/de\/#organization\"},\"potentialAction\":[{\"@type\":\"SearchAction\",\"target\":{\"@type\":\"EntryPoint\",\"urlTemplate\":\"https:\/\/glycemic-index.net\/de\/?s={search_term_string}\"},\"query-input\":\"required name=search_term_string\"}],\"inLanguage\":\"de\"},{\"@type\":\"Organization\",\"@id\":\"https:\/\/glycemic-index.net\/de\/#organization\",\"name\":\"GI-Handbuch Nr. 1\",\"url\":\"https:\/\/glycemic-index.net\/de\/\",\"logo\":{\"@type\":\"ImageObject\",\"inLanguage\":\"de\",\"@id\":\"https:\/\/glycemic-index.net\/de\/#\/schema\/logo\/image\/\",\"url\":\"https:\/\/glycemic-index.net\/de\/wp-content\/uploads\/2023\/01\/logo_512-1.png\",\"contentUrl\":\"https:\/\/glycemic-index.net\/de\/wp-content\/uploads\/2023\/01\/logo_512-1.png\",\"width\":512,\"height\":512,\"caption\":\"GI-Handbuch Nr. 1\"},\"image\":{\"@id\":\"https:\/\/glycemic-index.net\/de\/#\/schema\/logo\/image\/\"}}]}<\/script>\n<!-- \/ Yoast SEO plugin. -->","yoast_head_json":{"title":"Glyk\u00e4mischer Index von Meeresfr\u00fcchten - GI-Handbuch Nr. 1","description":"Der glyk\u00e4mische Index (GI) ist ein Ma\u00df daf\u00fcr, wie schnell Kohlenhydrate aus der Nahrung Ihren Blutzuckerspiegel erh\u00f6hen. Meeresfr\u00fcchte, insbesondere fetter Fisch wie ...","robots":{"index":"index","follow":"follow","max-snippet":"max-snippet:-1","max-image-preview":"max-image-preview:large","max-video-preview":"max-video-preview:-1"},"canonical":"https:\/\/glycemic-index.net\/de\/glykaemischer-index-von-meeresfruechten\/","og_locale":"de_DE","og_type":"article","og_title":"Glyk\u00e4mischer Index von Meeresfr\u00fcchten - GI-Handbuch Nr. 1","og_description":"Der glyk\u00e4mische Index (GI) ist ein Ma\u00df daf\u00fcr, wie schnell Kohlenhydrate aus der Nahrung Ihren Blutzuckerspiegel erh\u00f6hen. Meeresfr\u00fcchte, insbesondere fetter Fisch wie ...","og_url":"https:\/\/glycemic-index.net\/de\/glykaemischer-index-von-meeresfruechten\/","og_site_name":"GI-Handbuch Nr. 1","article_modified_time":"2023-04-07T16:21:39+00:00","og_image":[{"url":"https:\/\/glycemic-index.net\/images\/5Ee9CIXd7j_small.webp"}],"twitter_card":"summary_large_image","twitter_misc":{"Gesch\u00e4tzte Lesezeit":"3\u00a0Minuten"},"schema":{"@context":"https:\/\/schema.org","@graph":[{"@type":"WebPage","@id":"https:\/\/glycemic-index.net\/de\/glykaemischer-index-von-meeresfruechten\/","url":"https:\/\/glycemic-index.net\/de\/glykaemischer-index-von-meeresfruechten\/","name":"Glyk\u00e4mischer Index von Meeresfr\u00fcchten - GI-Handbuch Nr. 1","isPartOf":{"@id":"https:\/\/glycemic-index.net\/de\/#website"},"datePublished":"2021-08-11T11:38:36+00:00","dateModified":"2023-04-07T16:21:39+00:00","description":"Der glyk\u00e4mische Index (GI) ist ein Ma\u00df daf\u00fcr, wie schnell Kohlenhydrate aus der Nahrung Ihren Blutzuckerspiegel erh\u00f6hen. Meeresfr\u00fcchte, insbesondere fetter Fisch wie ...","breadcrumb":{"@id":"https:\/\/glycemic-index.net\/de\/glykaemischer-index-von-meeresfruechten\/#breadcrumb"},"inLanguage":"de","potentialAction":[{"@type":"ReadAction","target":["https:\/\/glycemic-index.net\/de\/glykaemischer-index-von-meeresfruechten\/"]}]},{"@type":"BreadcrumbList","@id":"https:\/\/glycemic-index.net\/de\/glykaemischer-index-von-meeresfruechten\/#breadcrumb","itemListElement":[{"@type":"ListItem","position":1,"name":"Home","item":"https:\/\/glycemic-index.net\/de\/"},{"@type":"ListItem","position":2,"name":"Glyk\u00e4mischer Index von Meeresfr\u00fcchten"}]},{"@type":"WebSite","@id":"https:\/\/glycemic-index.net\/de\/#website","url":"https:\/\/glycemic-index.net\/de\/","name":"GI-Handbuch Nr. 1","description":"Hier finden Sie alles rund um den glyk\u00e4mischen Index und die glyk\u00e4mische Last.","publisher":{"@id":"https:\/\/glycemic-index.net\/de\/#organization"},"potentialAction":[{"@type":"SearchAction","target":{"@type":"EntryPoint","urlTemplate":"https:\/\/glycemic-index.net\/de\/?s={search_term_string}"},"query-input":"required name=search_term_string"}],"inLanguage":"de"},{"@type":"Organization","@id":"https:\/\/glycemic-index.net\/de\/#organization","name":"GI-Handbuch Nr. 1","url":"https:\/\/glycemic-index.net\/de\/","logo":{"@type":"ImageObject","inLanguage":"de","@id":"https:\/\/glycemic-index.net\/de\/#\/schema\/logo\/image\/","url":"https:\/\/glycemic-index.net\/de\/wp-content\/uploads\/2023\/01\/logo_512-1.png","contentUrl":"https:\/\/glycemic-index.net\/de\/wp-content\/uploads\/2023\/01\/logo_512-1.png","width":512,"height":512,"caption":"GI-Handbuch Nr. 1"},"image":{"@id":"https:\/\/glycemic-index.net\/de\/#\/schema\/logo\/image\/"}}]}},"_links":{"self":[{"href":"https:\/\/glycemic-index.net\/de\/wp-json\/wp\/v2\/pages\/1991","targetHints":{"allow":["GET"]}}],"collection":[{"href":"https:\/\/glycemic-index.net\/de\/wp-json\/wp\/v2\/pages"}],"about":[{"href":"https:\/\/glycemic-index.net\/de\/wp-json\/wp\/v2\/types\/page"}],"author":[{"embeddable":true,"href":"https:\/\/glycemic-index.net\/de\/wp-json\/wp\/v2\/users\/1"}],"replies":[{"embeddable":true,"href":"https:\/\/glycemic-index.net\/de\/wp-json\/wp\/v2\/comments?post=1991"}],"version-history":[{"count":3,"href":"https:\/\/glycemic-index.net\/de\/wp-json\/wp\/v2\/pages\/1991\/revisions"}],"predecessor-version":[{"id":3629,"href":"https:\/\/glycemic-index.net\/de\/wp-json\/wp\/v2\/pages\/1991\/revisions\/3629"}],"wp:attachment":[{"href":"https:\/\/glycemic-index.net\/de\/wp-json\/wp\/v2\/media?parent=1991"}],"curies":[{"name":"wp","href":"https:\/\/api.w.org\/{rel}","templated":true}]}}