{"id":2127,"date":"2023-01-04T09:28:18","date_gmt":"2023-01-04T09:28:18","guid":{"rendered":"https:\/\/glycemic-index.net\/?page_id=2127"},"modified":"2023-01-31T09:18:36","modified_gmt":"2023-01-31T09:18:36","slug":"was-ist-der-glykaemische-index","status":"publish","type":"page","link":"https:\/\/glycemic-index.net\/de\/was-ist-der-glykaemische-index\/","title":{"rendered":"Was ist der glyk\u00e4mische Index?"},"content":{"rendered":"\n<p>Der glyk\u00e4mische Index (GI) ist ein Rangsystem, das den Einfluss von Kohlenhydraten auf unseren Blutzuckerspiegel misst. Es weist Lebensmitteln einen numerischen Wert zu, basierend darauf, wie schnell die Kohlenhydrate in dieser Nahrung verdaut und aufgenommen werden.<\/p>\n\n\n\n<p>In diesem Artikel werden wir die Vorteile einer auf dem glyk\u00e4mischen Index basierenden Ern\u00e4hrung besprechen und Tipps geben, wie Sie Lebensmittel mit niedrigem GI in Ihren Alltag integrieren k\u00f6nnen.<\/p>\n\n\n\n<div style=\"height:25px\" aria-hidden=\"true\" class=\"wp-block-spacer\"><\/div>\n\n\n\n<h2 class=\"wp-block-heading\">Definition des glyk\u00e4mischen Index<\/h2>\n\n\n\n<p>Der glyk\u00e4mische Index oder glyk\u00e4mische Index (GI) ist ein wichtiges Instrument, um die Wirkung verschiedener Lebensmittel auf den Blutzuckerspiegel (Glukose) zu messen.<\/p>\n\n\n\n<p>Der GI ordnet Kohlenhydrate auf einer Skala von 0 bis 100 nach ihrer Wirkung auf den Blutzuckerspiegel ein.<\/p>\n\n\n\n<p>Lebensmittel mit einem hohen GI (70 oder h\u00f6her) werden schnell abgebaut, wodurch der Blutzucker- und Insulinspiegel schnell ansteigen. Lebensmittel mit einem niedrigen GI (55 oder niedriger) werden langsamer abgebaut, was zu einem allm\u00e4hlichen Anstieg des Blutzucker- und Insulinspiegels f\u00fchrt.<\/p>\n\n\n\n<div style=\"height:25px\" aria-hidden=\"true\" class=\"wp-block-spacer\"><\/div>\n\n\n\n<h2 class=\"wp-block-heading\">Wie funktioniert der glyk\u00e4mische Index?<\/h2>\n\n\n\n<p>Wenn Kohlenhydrate verzehrt werden, werden sie im D\u00fcnndarm in Glukose zerlegt, die dann in den Blutkreislauf aufgenommen wird. Der daraus resultierende Anstieg des Blutzuckerspiegels l\u00f6st die Freisetzung von Insulin aus der Bauchspeicheldr\u00fcse aus.<\/p>\n\n\n\n<p>Insulin hilft, Glukose in den Zellen f\u00fcr Energie zu speichern oder sie zur Speicherung in Fett umzuwandeln. Die Geschwindigkeit, mit der dieser Prozess abl\u00e4uft, h\u00e4ngt stark von der Art der konsumierten Kohlenhydrate ab.<\/p>\n\n\n\n<p>Lebensmittel mit hohem GI verursachen einen schnellen Anstieg und Abfall des Blutzucker- und Insulinspiegels, w\u00e4hrend Lebensmittel mit niedrigem GI zu einem langsameren, gleichm\u00e4\u00dfigeren Anstieg und Abfall f\u00fchren.<\/p>\n\n\n\n<h2 class=\"wp-block-heading\">Wie wird der glyk\u00e4mische Index gemessen?<\/h2>\n\n\n\n<p>Der glyk\u00e4mische Index wird gemessen, indem die Wirkung eines bestimmten kohlenhydrathaltigen Lebensmittels mit der von reiner Glukose verglichen wird, der ein GI-Wert von 100 zugewiesen wurde.<\/p>\n\n\n\n<p>Die Lebensmittel werden an einer Gruppe von 10-15 Personen getestet, die 50 Gramm verf\u00fcgbare Kohlenhydrate aus den zu testenden Lebensmitteln nach einer n\u00e4chtlichen Fastenzeit zu sich nehmen. Blutproben werden alle 15 Minuten \u00fcber einen Zeitraum von zwei Stunden entnommen, um \u00c4nderungen des Blutzuckerspiegels zu messen.<\/p>\n\n\n\n<figure class=\"wp-block-image aligncenter size-full\"><img decoding=\"async\" src=\"https:\/\/glycemic-index.net\/wp-content\/uploads\/2023\/01\/gi-graph.webp\" alt=\"Diagramm des Blutzuckerspiegels des glyk\u00e4mischen Index\" class=\"wp-image-2149\"\/><figcaption class=\"wp-element-caption\"><br>Glycemic Index Blood Glucose Level Graph<\/figcaption><\/figure>\n\n\n\n<p>Die Fl\u00e4che unter der Kurve (AUC) wird dann berechnet, indem die durchschnittliche Blutzuckerreaktion mit der Zeitdauer multipliziert wird, \u00fcber die sie auftritt. Diese AUC-Zahl wird dann mit der von reiner Glukose verglichen, und basierend auf diesem Vergleich wird ein GI-Wert zugewiesen.<\/p>\n\n\n\n<p>Hier haben wir ausf\u00fchrlicher erkl\u00e4rt, wie der glyk\u00e4mische Index berechnet wird.<\/p>\n\n\n\n<div style=\"height:25px\" aria-hidden=\"true\" class=\"wp-block-spacer\"><\/div>\n\n\n\n<h2 class=\"wp-block-heading\">Was sind die Ebenen des glyk\u00e4mischen Index?<\/h2>\n\n\n\n<p>Niedrig: 55 oder weniger<\/p>\n\n\n\n<p>Mittel: 56-69<\/p>\n\n\n\n<p>Hoch: 70 und dar\u00fcber<\/p>\n\n\n\n<div style=\"height:25px\" aria-hidden=\"true\" class=\"wp-block-spacer\"><\/div>\n\n\n\n<h2 class=\"wp-block-heading\">Beispiele f\u00fcr Lebensmittel mit hohem GI:<\/h2>\n\n\n\n<ul class=\"wp-block-list\">\n<li>Wei\u00dfbrot &#8211; 73<\/li>\n\n\n\n<li>Instant-Kartoffelp\u00fcree &#8211; 82<\/li>\n\n\n\n<li>Wei\u00dfer Reis &#8211; 87<\/li>\n\n\n\n<li>Wassermelone &#8211; 72<\/li>\n\n\n\n<li>Brezeln &#8211; 83<\/li>\n<\/ul>\n\n\n\n<div style=\"height:25px\" aria-hidden=\"true\" class=\"wp-block-spacer\"><\/div>\n\n\n\n<h2 class=\"wp-block-heading\">Beispiele f\u00fcr Lebensmittel mit niedrigem GI:<\/h2>\n\n\n\n<ul class=\"wp-block-list\">\n<li>Haferflocken &#8211; 55<\/li>\n\n\n\n<li>\u00c4pfel &#8211; 41<\/li>\n\n\n\n<li>Kidneybohnen &#8211; 28<\/li>\n\n\n\n<li>Gerste &#8211; 25<\/li>\n\n\n\n<li>Spaghetti (Vollkorn) &#8211; 42<\/li>\n<\/ul>\n\n\n\n<div style=\"height:25px\" aria-hidden=\"true\" class=\"wp-block-spacer\"><\/div>\n\n\n\n<h2 class=\"wp-block-heading\">Vorteile des glyk\u00e4mischen Index<\/h2>\n\n\n\n<p>Der glyk\u00e4mische Index kann f\u00fcr die Gewichtsabnahme und Menschen mit Diabetes sowie f\u00fcr diejenigen, die versuchen, einen gesunden Blutzuckerspiegel aufrechtzuerhalten, n\u00fctzlich sein.<\/p>\n\n\n\n<p>Es hat sich gezeigt, dass Di\u00e4ten mit niedrigem GI Menschen helfen, Gewicht zu verlieren und ihre allgemeine Gesundheit zu verbessern, indem sie den Hunger und das Verlangen nach zuckerhaltigen Snacks zwischen den Mahlzeiten reduzieren.<\/p>\n\n\n\n<p>F\u00fcr Menschen mit Diabetes hilft der Verzehr von Lebensmitteln mit niedrigem GI, Blutzuckerspitzen zu reduzieren, die zu Komplikationen wie Herzerkrankungen und Schlaganfall f\u00fchren k\u00f6nnen. Andererseits k\u00f6nnen Lebensmittel mit hohem GI aufgrund ihrer schnellen Aufnahme in den Blutkreislauf vorteilhaft sein, wenn der Energiebedarf hoch ist oder wenn kurz nach dem Verzehr Sport getrieben wird.<\/p>\n\n\n\n<div style=\"height:25px\" aria-hidden=\"true\" class=\"wp-block-spacer\"><\/div>\n\n\n\n<h2 class=\"wp-block-heading\">M\u00f6gliche Einschr\u00e4nkungen des glyk\u00e4mischen Index:<\/h2>\n\n\n\n<p>Obwohl der glyk\u00e4mische Index n\u00fctzlich sein kann, um Menschen dabei zu helfen, ges\u00fcndere Lebensmittel zu w\u00e4hlen, gibt es einige potenzielle Einschr\u00e4nkungen, die ber\u00fccksichtigt werden sollten, wenn er als Leitfaden f\u00fcr Essgewohnheiten verwendet wird.<\/p>\n\n\n\n<p>Zum Beispiel k\u00f6nnen individuelle Reaktionen auf verschiedene Kohlenhydrat-Nahrungsmittel von Person zu Person aufgrund von Unterschieden in der Verdauungsgeschwindigkeit und anderen Faktoren, wie z. B. wie viel Fett oder Ballaststoffe mit ihnen verzehrt werden, stark variieren.<\/p>\n\n\n\n<p>Eine weitere zu ber\u00fccksichtigende Tatsache ist, dass der glyk\u00e4mische Index f\u00fcr ein und dasselbe Lebensmittel je nach Reifegrad, Kochmethode und der Art des darin enthaltenen Zuckers stark variieren kann. Daher ist es keine leichte Aufgabe, den GI der Lebensmittel, die Sie essen m\u00f6chten, genau zu kennen.<\/p>\n\n\n\n<p>Dar\u00fcber hinaus kann die glyk\u00e4mische Last (GL), die sowohl den GI-Wert als auch die Menge an Kohlenhydraten ber\u00fccksichtigt, die pro Portionsgr\u00f6\u00dfe tats\u00e4chlich verzehrt werden, genauer sein als der GI allein, wenn es darum geht, vorherzusagen, wie bestimmte Lebensmittel den Blutzuckerspiegel im Laufe der Zeit beeinflussen. Daher ist es wichtig, sowohl GI-Werte als auch GL-Werte zu ber\u00fccksichtigen, wenn Ern\u00e4hrungsentscheidungen allein auf der Grundlage des glyk\u00e4mischen Index getroffen werden.<\/p>\n","protected":false},"excerpt":{"rendered":"<p>Der glyk\u00e4mische Index (GI) ist ein Rangsystem, das den Einfluss von Kohlenhydraten auf unseren Blutzuckerspiegel misst. Es weist Lebensmitteln einen numerischen Wert zu, basierend darauf, wie schnell die Kohlenhydrate in dieser Nahrung verdaut und aufgenommen werden. In diesem Artikel werden wir die Vorteile einer auf dem glyk\u00e4mischen Index basierenden Ern\u00e4hrung besprechen und Tipps geben, wie &hellip;<\/p>\n<p class=\"read-more\"> <a class=\"\" href=\"https:\/\/glycemic-index.net\/de\/was-ist-der-glykaemische-index\/\"> <span class=\"screen-reader-text\">Was ist der glyk\u00e4mische Index?<\/span> Weiterlesen &raquo;<\/a><\/p>\n","protected":false},"author":1,"featured_media":0,"parent":0,"menu_order":0,"comment_status":"closed","ping_status":"closed","template":"","meta":{"site-sidebar-layout":"default","site-content-layout":"default","ast-global-header-display":"","ast-main-header-display":"","ast-hfb-above-header-display":"","ast-hfb-below-header-display":"","ast-hfb-mobile-header-display":"","site-post-title":"","ast-breadcrumbs-content":"","ast-featured-img":"","footer-sml-layout":"","theme-transparent-header-meta":"","adv-header-id-meta":"","stick-header-meta":"","header-above-stick-meta":"","header-main-stick-meta":"","header-below-stick-meta":"","footnotes":""},"class_list":["post-2127","page","type-page","status-publish","hentry"],"yoast_head":"<!-- This site is optimized with the Yoast SEO plugin v21.7 - https:\/\/yoast.com\/wordpress\/plugins\/seo\/ -->\n<title>Was ist der glyk\u00e4mische Index? - GI-Handbuch Nr. 1<\/title>\n<meta name=\"description\" content=\"Erfahren Sie, was der glyk\u00e4mische Index ist und wie er Ihnen helfen kann, Ihren Blutzucker besser zu kontrollieren. Finden Sie heraus, warum diese Ma\u00dfnahme ...\" \/>\n<meta name=\"robots\" content=\"index, follow, max-snippet:-1, max-image-preview:large, max-video-preview:-1\" \/>\n<link rel=\"canonical\" href=\"https:\/\/glycemic-index.net\/de\/was-ist-der-glykaemische-index\/\" \/>\n<meta property=\"og:locale\" content=\"de_DE\" \/>\n<meta property=\"og:type\" content=\"article\" \/>\n<meta property=\"og:title\" content=\"Was ist der glyk\u00e4mische Index? - GI-Handbuch Nr. 1\" \/>\n<meta property=\"og:description\" content=\"Erfahren Sie, was der glyk\u00e4mische Index ist und wie er Ihnen helfen kann, Ihren Blutzucker besser zu kontrollieren. Finden Sie heraus, warum diese Ma\u00dfnahme ...\" \/>\n<meta property=\"og:url\" content=\"https:\/\/glycemic-index.net\/de\/was-ist-der-glykaemische-index\/\" \/>\n<meta property=\"og:site_name\" content=\"GI-Handbuch Nr. 1\" \/>\n<meta property=\"article:modified_time\" content=\"2023-01-31T09:18:36+00:00\" \/>\n<meta property=\"og:image\" content=\"https:\/\/glycemic-index.net\/wp-content\/uploads\/2023\/01\/gi-graph.webp\" \/>\n<meta name=\"twitter:card\" content=\"summary_large_image\" \/>\n<meta name=\"twitter:label1\" content=\"Gesch\u00e4tzte Lesezeit\" \/>\n\t<meta name=\"twitter:data1\" content=\"4\u00a0Minuten\" \/>\n<script type=\"application\/ld+json\" class=\"yoast-schema-graph\">{\"@context\":\"https:\/\/schema.org\",\"@graph\":[{\"@type\":\"WebPage\",\"@id\":\"https:\/\/glycemic-index.net\/de\/was-ist-der-glykaemische-index\/\",\"url\":\"https:\/\/glycemic-index.net\/de\/was-ist-der-glykaemische-index\/\",\"name\":\"Was ist der glyk\u00e4mische Index? - GI-Handbuch Nr. 1\",\"isPartOf\":{\"@id\":\"https:\/\/glycemic-index.net\/de\/#website\"},\"datePublished\":\"2023-01-04T09:28:18+00:00\",\"dateModified\":\"2023-01-31T09:18:36+00:00\",\"description\":\"Erfahren Sie, was der glyk\u00e4mische Index ist und wie er Ihnen helfen kann, Ihren Blutzucker besser zu kontrollieren. Finden Sie heraus, warum diese Ma\u00dfnahme ...\",\"breadcrumb\":{\"@id\":\"https:\/\/glycemic-index.net\/de\/was-ist-der-glykaemische-index\/#breadcrumb\"},\"inLanguage\":\"de\",\"potentialAction\":[{\"@type\":\"ReadAction\",\"target\":[\"https:\/\/glycemic-index.net\/de\/was-ist-der-glykaemische-index\/\"]}]},{\"@type\":\"BreadcrumbList\",\"@id\":\"https:\/\/glycemic-index.net\/de\/was-ist-der-glykaemische-index\/#breadcrumb\",\"itemListElement\":[{\"@type\":\"ListItem\",\"position\":1,\"name\":\"Home\",\"item\":\"https:\/\/glycemic-index.net\/de\/\"},{\"@type\":\"ListItem\",\"position\":2,\"name\":\"Was ist der glyk\u00e4mische Index?\"}]},{\"@type\":\"WebSite\",\"@id\":\"https:\/\/glycemic-index.net\/de\/#website\",\"url\":\"https:\/\/glycemic-index.net\/de\/\",\"name\":\"GI-Handbuch Nr. 1\",\"description\":\"Hier finden Sie alles rund um den glyk\u00e4mischen Index und die glyk\u00e4mische Last.\",\"publisher\":{\"@id\":\"https:\/\/glycemic-index.net\/de\/#organization\"},\"potentialAction\":[{\"@type\":\"SearchAction\",\"target\":{\"@type\":\"EntryPoint\",\"urlTemplate\":\"https:\/\/glycemic-index.net\/de\/?s={search_term_string}\"},\"query-input\":\"required name=search_term_string\"}],\"inLanguage\":\"de\"},{\"@type\":\"Organization\",\"@id\":\"https:\/\/glycemic-index.net\/de\/#organization\",\"name\":\"GI-Handbuch Nr. 1\",\"url\":\"https:\/\/glycemic-index.net\/de\/\",\"logo\":{\"@type\":\"ImageObject\",\"inLanguage\":\"de\",\"@id\":\"https:\/\/glycemic-index.net\/de\/#\/schema\/logo\/image\/\",\"url\":\"https:\/\/glycemic-index.net\/de\/wp-content\/uploads\/2023\/01\/logo_512-1.png\",\"contentUrl\":\"https:\/\/glycemic-index.net\/de\/wp-content\/uploads\/2023\/01\/logo_512-1.png\",\"width\":512,\"height\":512,\"caption\":\"GI-Handbuch Nr. 1\"},\"image\":{\"@id\":\"https:\/\/glycemic-index.net\/de\/#\/schema\/logo\/image\/\"}}]}<\/script>\n<!-- \/ Yoast SEO plugin. -->","yoast_head_json":{"title":"Was ist der glyk\u00e4mische Index? - GI-Handbuch Nr. 1","description":"Erfahren Sie, was der glyk\u00e4mische Index ist und wie er Ihnen helfen kann, Ihren Blutzucker besser zu kontrollieren. Finden Sie heraus, warum diese Ma\u00dfnahme ...","robots":{"index":"index","follow":"follow","max-snippet":"max-snippet:-1","max-image-preview":"max-image-preview:large","max-video-preview":"max-video-preview:-1"},"canonical":"https:\/\/glycemic-index.net\/de\/was-ist-der-glykaemische-index\/","og_locale":"de_DE","og_type":"article","og_title":"Was ist der glyk\u00e4mische Index? - GI-Handbuch Nr. 1","og_description":"Erfahren Sie, was der glyk\u00e4mische Index ist und wie er Ihnen helfen kann, Ihren Blutzucker besser zu kontrollieren. Finden Sie heraus, warum diese Ma\u00dfnahme ...","og_url":"https:\/\/glycemic-index.net\/de\/was-ist-der-glykaemische-index\/","og_site_name":"GI-Handbuch Nr. 1","article_modified_time":"2023-01-31T09:18:36+00:00","og_image":[{"url":"https:\/\/glycemic-index.net\/wp-content\/uploads\/2023\/01\/gi-graph.webp"}],"twitter_card":"summary_large_image","twitter_misc":{"Gesch\u00e4tzte Lesezeit":"4\u00a0Minuten"},"schema":{"@context":"https:\/\/schema.org","@graph":[{"@type":"WebPage","@id":"https:\/\/glycemic-index.net\/de\/was-ist-der-glykaemische-index\/","url":"https:\/\/glycemic-index.net\/de\/was-ist-der-glykaemische-index\/","name":"Was ist der glyk\u00e4mische Index? - GI-Handbuch Nr. 1","isPartOf":{"@id":"https:\/\/glycemic-index.net\/de\/#website"},"datePublished":"2023-01-04T09:28:18+00:00","dateModified":"2023-01-31T09:18:36+00:00","description":"Erfahren Sie, was der glyk\u00e4mische Index ist und wie er Ihnen helfen kann, Ihren Blutzucker besser zu kontrollieren. Finden Sie heraus, warum diese Ma\u00dfnahme ...","breadcrumb":{"@id":"https:\/\/glycemic-index.net\/de\/was-ist-der-glykaemische-index\/#breadcrumb"},"inLanguage":"de","potentialAction":[{"@type":"ReadAction","target":["https:\/\/glycemic-index.net\/de\/was-ist-der-glykaemische-index\/"]}]},{"@type":"BreadcrumbList","@id":"https:\/\/glycemic-index.net\/de\/was-ist-der-glykaemische-index\/#breadcrumb","itemListElement":[{"@type":"ListItem","position":1,"name":"Home","item":"https:\/\/glycemic-index.net\/de\/"},{"@type":"ListItem","position":2,"name":"Was ist der glyk\u00e4mische Index?"}]},{"@type":"WebSite","@id":"https:\/\/glycemic-index.net\/de\/#website","url":"https:\/\/glycemic-index.net\/de\/","name":"GI-Handbuch Nr. 1","description":"Hier finden Sie alles rund um den glyk\u00e4mischen Index und die glyk\u00e4mische Last.","publisher":{"@id":"https:\/\/glycemic-index.net\/de\/#organization"},"potentialAction":[{"@type":"SearchAction","target":{"@type":"EntryPoint","urlTemplate":"https:\/\/glycemic-index.net\/de\/?s={search_term_string}"},"query-input":"required name=search_term_string"}],"inLanguage":"de"},{"@type":"Organization","@id":"https:\/\/glycemic-index.net\/de\/#organization","name":"GI-Handbuch Nr. 1","url":"https:\/\/glycemic-index.net\/de\/","logo":{"@type":"ImageObject","inLanguage":"de","@id":"https:\/\/glycemic-index.net\/de\/#\/schema\/logo\/image\/","url":"https:\/\/glycemic-index.net\/de\/wp-content\/uploads\/2023\/01\/logo_512-1.png","contentUrl":"https:\/\/glycemic-index.net\/de\/wp-content\/uploads\/2023\/01\/logo_512-1.png","width":512,"height":512,"caption":"GI-Handbuch Nr. 1"},"image":{"@id":"https:\/\/glycemic-index.net\/de\/#\/schema\/logo\/image\/"}}]}},"_links":{"self":[{"href":"https:\/\/glycemic-index.net\/de\/wp-json\/wp\/v2\/pages\/2127","targetHints":{"allow":["GET"]}}],"collection":[{"href":"https:\/\/glycemic-index.net\/de\/wp-json\/wp\/v2\/pages"}],"about":[{"href":"https:\/\/glycemic-index.net\/de\/wp-json\/wp\/v2\/types\/page"}],"author":[{"embeddable":true,"href":"https:\/\/glycemic-index.net\/de\/wp-json\/wp\/v2\/users\/1"}],"replies":[{"embeddable":true,"href":"https:\/\/glycemic-index.net\/de\/wp-json\/wp\/v2\/comments?post=2127"}],"version-history":[{"count":2,"href":"https:\/\/glycemic-index.net\/de\/wp-json\/wp\/v2\/pages\/2127\/revisions"}],"predecessor-version":[{"id":2400,"href":"https:\/\/glycemic-index.net\/de\/wp-json\/wp\/v2\/pages\/2127\/revisions\/2400"}],"wp:attachment":[{"href":"https:\/\/glycemic-index.net\/de\/wp-json\/wp\/v2\/media?parent=2127"}],"curies":[{"name":"wp","href":"https:\/\/api.w.org\/{rel}","templated":true}]}}