{"id":2265,"date":"2023-01-05T09:46:08","date_gmt":"2023-01-05T09:46:08","guid":{"rendered":"https:\/\/glycemic-index.net\/?page_id=2265"},"modified":"2023-01-31T08:15:05","modified_gmt":"2023-01-31T08:15:05","slug":"glykaemische-last","status":"publish","type":"page","link":"https:\/\/glycemic-index.net\/de\/glykaemische-last\/","title":{"rendered":"Glyk\u00e4mische Last erkl\u00e4rt: Definition, Formel, Vorteile und Beispiele"},"content":{"rendered":"\n<p>Die glyk\u00e4mische Last (GL) ist ein Konzept, das in den letzten Jahren an Bedeutung gewonnen hat. Es ist ein Ma\u00df f\u00fcr den Einfluss, den Kohlenhydrate auf den Blutzuckerspiegel haben \u2013 ein entscheidender Faktor bei der Entwicklung und Behandlung von Typ-2-Diabetes.<\/p>\n\n\n\n<p>Durch das Verst\u00e4ndnis der GL und ihre Berechnung k\u00f6nnen Di\u00e4tetiker, Diabetiker und gesundheitsbewusste Personen gleicherma\u00dfen fundiertere Entscheidungen \u00fcber die von ihnen konsumierten Lebensmittel und ihre allgemeine Ern\u00e4hrung treffen.<\/p>\n\n\n\n<h2 class=\"wp-block-heading\"><strong>Was ist die glyk\u00e4mische Last?<\/strong><\/h2>\n\n\n\n<figure class=\"wp-block-image aligncenter size-full is-resized\"><img fetchpriority=\"high\" decoding=\"async\" src=\"https:\/\/glycemic-index.net\/wp-content\/uploads\/2023\/01\/glycemic-load.webp\" alt=\"Glyk\u00e4mische Last\" class=\"wp-image-2297\" width=\"500\" height=\"334\"\/><\/figure>\n\n\n\n<p>Die glyk\u00e4mische Last ist ein Ma\u00df daf\u00fcr, wie sich ein bestimmtes Lebensmittel auf den Blutzuckerspiegel auswirkt, und steht in engem Zusammenhang mit einem anderen Konzept, dem glyk\u00e4mischen Index (GI). Der GI ist ein Ma\u00df daf\u00fcr, wie schnell ein bestimmtes Lebensmittel in Glukose umgewandelt wird, und wird auf einer Skala von 1 bis 100 ausgedr\u00fcckt (wobei 100 die schnellste Umwandlung ist). GL geht noch einen Schritt weiter und ber\u00fccksichtigt nicht nur die Geschwindigkeit der Glukoseumwandlung, sondern auch die Menge an Kohlenhydraten, die in einem bestimmten Lebensmittel enthalten sind.<\/p>\n\n\n\n<p>Zur Berechnung des GL wird die folgende Formel verwendet: GL = (GI x Menge verf\u00fcgbarer Kohlenhydrate pro Portion) dividiert durch 100.<\/p>\n\n\n\n<p>Das Ergebnis dieser Berechnung wird dann in Gramm Kohlenhydrate pro Portion ausgedr\u00fcckt.<\/p>\n\n\n\n<p>Ein Beispiel daf\u00fcr w\u00e4re eine Scheibe Wei\u00dfbrot, das einen GI von 70 hat und 15 Gramm Kohlenhydrate pro Scheibe enth\u00e4lt. Unter Verwendung der Formel GL = (70 x 15) \/ 100 = 10,5 Gramm.<\/p>\n\n\n\n<h2 class=\"wp-block-heading\"><strong>GL-Ebenen<\/strong><\/h2>\n\n\n\n<p>GL-Werte reichen von 0 bis 100 und k\u00f6nnen wie folgt klassifiziert werden:<\/p>\n\n\n\n<p>Niedrige GL: 0 &#8211; 10<\/p>\n\n\n\n<p>Moderate GL: 11-19<\/p>\n\n\n\n<p>Hohe GL: 20+<\/p>\n\n\n\n<p>Im Allgemeinen sind Lebensmittel mit niedrigem GL vorteilhafter f\u00fcr diejenigen, die ihren Blutzuckerspiegel unter Kontrolle halten m\u00f6chten.<\/p>\n\n\n\n<h2 class=\"wp-block-heading\"><strong>Beispiele f\u00fcr Lebensmittel mit GL-Werten<\/strong><\/h2>\n\n\n\n<p>Hier sind f\u00fcnf Beispiele f\u00fcr Lebensmittel mit ihren entsprechenden GL-Werten:<\/p>\n\n\n\n<p>Wei\u00dfer Reis (gekocht): 50 GL<\/p>\n\n\n\n<p>Haferflocken (gekocht): 10 GL<\/p>\n\n\n\n<p>Ofenkartoffel: 25 GL<\/p>\n\n\n\n<p>Apfel: 10 GL<\/p>\n\n\n\n<p>Wei\u00dfbrot: 10,5 GL<\/p>\n\n\n\n<h2 class=\"wp-block-heading\"><strong>Niedrige GL-Di\u00e4t<\/strong><\/h2>\n\n\n\n<p>Eine Low-GL-Di\u00e4t versucht, Blutzuckerspitzen zu minimieren, indem Lebensmittel mit niedrigen GL-Werten konsumiert werden. Diese Art der Di\u00e4t funktioniert, indem sie die Menge an schnell verdaulichen Kohlenhydraten, die konsumiert werden, begrenzt, w\u00e4hrend der Konsum von langsam verdaulichen Kohlenhydraten betont wird. Langsam verdauliche Kohlenhydrate brauchen l\u00e4nger f\u00fcr die Verarbeitung und haben daher weniger Einfluss auf den Blutzuckerspiegel.<\/p>\n\n\n\n<h2 class=\"wp-block-heading\"><strong>Vorteile der glyk\u00e4mischen Last<\/strong><\/h2>\n\n\n\n<p>Die Vorteile einer Di\u00e4t mit niedrigem GL sind zweierlei. Erstens kann es beim Abnehmen helfen, da Lebensmittel mit einer hohen GL eher kalorienreich sind. Zweitens kann es dazu beitragen, das Risiko, an Typ-2-Diabetes zu erkranken, zu verringern, da es in der Lage ist, die Insulinmenge zu senken, die zum Ausgleich des Blutzuckerspiegels erforderlich ist. F\u00fcr diejenigen, die bereits Typ-2-Diabetes haben, kann eine Di\u00e4t mit niedrigem GL helfen, die Menge der ben\u00f6tigten Medikamente sowie das Risiko weiterer Komplikationen zu reduzieren.<\/p>\n","protected":false},"excerpt":{"rendered":"<p>Die glyk\u00e4mische Last (GL) ist ein Konzept, das in den letzten Jahren an Bedeutung gewonnen hat. Es ist ein Ma\u00df f\u00fcr den Einfluss, den Kohlenhydrate auf den Blutzuckerspiegel haben \u2013 ein entscheidender Faktor bei der Entwicklung und Behandlung von Typ-2-Diabetes. Durch das Verst\u00e4ndnis der GL und ihre Berechnung k\u00f6nnen Di\u00e4tetiker, Diabetiker und gesundheitsbewusste Personen gleicherma\u00dfen &hellip;<\/p>\n<p class=\"read-more\"> <a class=\"\" href=\"https:\/\/glycemic-index.net\/de\/glykaemische-last\/\"> <span class=\"screen-reader-text\">Glyk\u00e4mische Last erkl\u00e4rt: Definition, Formel, Vorteile und Beispiele<\/span> Weiterlesen &raquo;<\/a><\/p>\n","protected":false},"author":1,"featured_media":0,"parent":0,"menu_order":0,"comment_status":"closed","ping_status":"closed","template":"","meta":{"site-sidebar-layout":"default","site-content-layout":"default","ast-global-header-display":"","ast-main-header-display":"","ast-hfb-above-header-display":"","ast-hfb-below-header-display":"","ast-hfb-mobile-header-display":"","site-post-title":"","ast-breadcrumbs-content":"","ast-featured-img":"","footer-sml-layout":"","theme-transparent-header-meta":"","adv-header-id-meta":"","stick-header-meta":"","header-above-stick-meta":"","header-main-stick-meta":"","header-below-stick-meta":"","footnotes":""},"class_list":["post-2265","page","type-page","status-publish","hentry"],"yoast_head":"<!-- This site is optimized with the Yoast SEO plugin v21.7 - https:\/\/yoast.com\/wordpress\/plugins\/seo\/ -->\n<title>Glyk\u00e4mische Last erkl\u00e4rt: Definition, Formel, Vorteile und Beispiele<\/title>\n<meta name=\"description\" content=\"Die glyk\u00e4mische Last (GL) ist ein Ma\u00df f\u00fcr den Einfluss von Kohlenhydraten auf den Blutzuckerspiegel \u2013 ein entscheidender Faktor f\u00fcr...\" \/>\n<meta name=\"robots\" content=\"index, follow, max-snippet:-1, max-image-preview:large, max-video-preview:-1\" \/>\n<link rel=\"canonical\" href=\"https:\/\/glycemic-index.net\/de\/glykaemische-last\/\" \/>\n<meta property=\"og:locale\" content=\"de_DE\" \/>\n<meta property=\"og:type\" content=\"article\" \/>\n<meta property=\"og:title\" content=\"Glyk\u00e4mische Last erkl\u00e4rt: Definition, Formel, Vorteile und Beispiele\" \/>\n<meta property=\"og:description\" content=\"Die glyk\u00e4mische Last (GL) ist ein Ma\u00df f\u00fcr den Einfluss von Kohlenhydraten auf den Blutzuckerspiegel \u2013 ein entscheidender Faktor f\u00fcr...\" \/>\n<meta property=\"og:url\" content=\"https:\/\/glycemic-index.net\/de\/glykaemische-last\/\" \/>\n<meta property=\"og:site_name\" content=\"GI-Handbuch Nr. 1\" \/>\n<meta property=\"article:modified_time\" content=\"2023-01-31T08:15:05+00:00\" \/>\n<meta property=\"og:image\" content=\"https:\/\/glycemic-index.net\/wp-content\/uploads\/2023\/01\/glycemic-load.webp\" \/>\n<meta name=\"twitter:card\" content=\"summary_large_image\" \/>\n<meta name=\"twitter:label1\" content=\"Gesch\u00e4tzte Lesezeit\" \/>\n\t<meta name=\"twitter:data1\" content=\"3\u00a0Minuten\" \/>\n<script type=\"application\/ld+json\" class=\"yoast-schema-graph\">{\"@context\":\"https:\/\/schema.org\",\"@graph\":[{\"@type\":\"WebPage\",\"@id\":\"https:\/\/glycemic-index.net\/de\/glykaemische-last\/\",\"url\":\"https:\/\/glycemic-index.net\/de\/glykaemische-last\/\",\"name\":\"Glyk\u00e4mische Last erkl\u00e4rt: Definition, Formel, Vorteile und Beispiele\",\"isPartOf\":{\"@id\":\"https:\/\/glycemic-index.net\/de\/#website\"},\"datePublished\":\"2023-01-05T09:46:08+00:00\",\"dateModified\":\"2023-01-31T08:15:05+00:00\",\"description\":\"Die glyk\u00e4mische Last (GL) ist ein Ma\u00df f\u00fcr den Einfluss von Kohlenhydraten auf den Blutzuckerspiegel \u2013 ein entscheidender Faktor f\u00fcr...\",\"breadcrumb\":{\"@id\":\"https:\/\/glycemic-index.net\/de\/glykaemische-last\/#breadcrumb\"},\"inLanguage\":\"de\",\"potentialAction\":[{\"@type\":\"ReadAction\",\"target\":[\"https:\/\/glycemic-index.net\/de\/glykaemische-last\/\"]}]},{\"@type\":\"BreadcrumbList\",\"@id\":\"https:\/\/glycemic-index.net\/de\/glykaemische-last\/#breadcrumb\",\"itemListElement\":[{\"@type\":\"ListItem\",\"position\":1,\"name\":\"Home\",\"item\":\"https:\/\/glycemic-index.net\/de\/\"},{\"@type\":\"ListItem\",\"position\":2,\"name\":\"Glyk\u00e4mische Last erkl\u00e4rt: Definition, Formel, Vorteile und Beispiele\"}]},{\"@type\":\"WebSite\",\"@id\":\"https:\/\/glycemic-index.net\/de\/#website\",\"url\":\"https:\/\/glycemic-index.net\/de\/\",\"name\":\"GI-Handbuch Nr. 1\",\"description\":\"Hier finden Sie alles rund um den glyk\u00e4mischen Index und die glyk\u00e4mische Last.\",\"publisher\":{\"@id\":\"https:\/\/glycemic-index.net\/de\/#organization\"},\"potentialAction\":[{\"@type\":\"SearchAction\",\"target\":{\"@type\":\"EntryPoint\",\"urlTemplate\":\"https:\/\/glycemic-index.net\/de\/?s={search_term_string}\"},\"query-input\":\"required name=search_term_string\"}],\"inLanguage\":\"de\"},{\"@type\":\"Organization\",\"@id\":\"https:\/\/glycemic-index.net\/de\/#organization\",\"name\":\"GI-Handbuch Nr. 1\",\"url\":\"https:\/\/glycemic-index.net\/de\/\",\"logo\":{\"@type\":\"ImageObject\",\"inLanguage\":\"de\",\"@id\":\"https:\/\/glycemic-index.net\/de\/#\/schema\/logo\/image\/\",\"url\":\"https:\/\/glycemic-index.net\/de\/wp-content\/uploads\/2023\/01\/logo_512-1.png\",\"contentUrl\":\"https:\/\/glycemic-index.net\/de\/wp-content\/uploads\/2023\/01\/logo_512-1.png\",\"width\":512,\"height\":512,\"caption\":\"GI-Handbuch Nr. 1\"},\"image\":{\"@id\":\"https:\/\/glycemic-index.net\/de\/#\/schema\/logo\/image\/\"}}]}<\/script>\n<!-- \/ Yoast SEO plugin. -->","yoast_head_json":{"title":"Glyk\u00e4mische Last erkl\u00e4rt: Definition, Formel, Vorteile und Beispiele","description":"Die glyk\u00e4mische Last (GL) ist ein Ma\u00df f\u00fcr den Einfluss von Kohlenhydraten auf den Blutzuckerspiegel \u2013 ein entscheidender Faktor f\u00fcr...","robots":{"index":"index","follow":"follow","max-snippet":"max-snippet:-1","max-image-preview":"max-image-preview:large","max-video-preview":"max-video-preview:-1"},"canonical":"https:\/\/glycemic-index.net\/de\/glykaemische-last\/","og_locale":"de_DE","og_type":"article","og_title":"Glyk\u00e4mische Last erkl\u00e4rt: Definition, Formel, Vorteile und Beispiele","og_description":"Die glyk\u00e4mische Last (GL) ist ein Ma\u00df f\u00fcr den Einfluss von Kohlenhydraten auf den Blutzuckerspiegel \u2013 ein entscheidender Faktor f\u00fcr...","og_url":"https:\/\/glycemic-index.net\/de\/glykaemische-last\/","og_site_name":"GI-Handbuch Nr. 1","article_modified_time":"2023-01-31T08:15:05+00:00","og_image":[{"url":"https:\/\/glycemic-index.net\/wp-content\/uploads\/2023\/01\/glycemic-load.webp"}],"twitter_card":"summary_large_image","twitter_misc":{"Gesch\u00e4tzte Lesezeit":"3\u00a0Minuten"},"schema":{"@context":"https:\/\/schema.org","@graph":[{"@type":"WebPage","@id":"https:\/\/glycemic-index.net\/de\/glykaemische-last\/","url":"https:\/\/glycemic-index.net\/de\/glykaemische-last\/","name":"Glyk\u00e4mische Last erkl\u00e4rt: Definition, Formel, Vorteile und Beispiele","isPartOf":{"@id":"https:\/\/glycemic-index.net\/de\/#website"},"datePublished":"2023-01-05T09:46:08+00:00","dateModified":"2023-01-31T08:15:05+00:00","description":"Die glyk\u00e4mische Last (GL) ist ein Ma\u00df f\u00fcr den Einfluss von Kohlenhydraten auf den Blutzuckerspiegel \u2013 ein entscheidender Faktor f\u00fcr...","breadcrumb":{"@id":"https:\/\/glycemic-index.net\/de\/glykaemische-last\/#breadcrumb"},"inLanguage":"de","potentialAction":[{"@type":"ReadAction","target":["https:\/\/glycemic-index.net\/de\/glykaemische-last\/"]}]},{"@type":"BreadcrumbList","@id":"https:\/\/glycemic-index.net\/de\/glykaemische-last\/#breadcrumb","itemListElement":[{"@type":"ListItem","position":1,"name":"Home","item":"https:\/\/glycemic-index.net\/de\/"},{"@type":"ListItem","position":2,"name":"Glyk\u00e4mische Last erkl\u00e4rt: Definition, Formel, Vorteile und Beispiele"}]},{"@type":"WebSite","@id":"https:\/\/glycemic-index.net\/de\/#website","url":"https:\/\/glycemic-index.net\/de\/","name":"GI-Handbuch Nr. 1","description":"Hier finden Sie alles rund um den glyk\u00e4mischen Index und die glyk\u00e4mische Last.","publisher":{"@id":"https:\/\/glycemic-index.net\/de\/#organization"},"potentialAction":[{"@type":"SearchAction","target":{"@type":"EntryPoint","urlTemplate":"https:\/\/glycemic-index.net\/de\/?s={search_term_string}"},"query-input":"required name=search_term_string"}],"inLanguage":"de"},{"@type":"Organization","@id":"https:\/\/glycemic-index.net\/de\/#organization","name":"GI-Handbuch Nr. 1","url":"https:\/\/glycemic-index.net\/de\/","logo":{"@type":"ImageObject","inLanguage":"de","@id":"https:\/\/glycemic-index.net\/de\/#\/schema\/logo\/image\/","url":"https:\/\/glycemic-index.net\/de\/wp-content\/uploads\/2023\/01\/logo_512-1.png","contentUrl":"https:\/\/glycemic-index.net\/de\/wp-content\/uploads\/2023\/01\/logo_512-1.png","width":512,"height":512,"caption":"GI-Handbuch Nr. 1"},"image":{"@id":"https:\/\/glycemic-index.net\/de\/#\/schema\/logo\/image\/"}}]}},"_links":{"self":[{"href":"https:\/\/glycemic-index.net\/de\/wp-json\/wp\/v2\/pages\/2265","targetHints":{"allow":["GET"]}}],"collection":[{"href":"https:\/\/glycemic-index.net\/de\/wp-json\/wp\/v2\/pages"}],"about":[{"href":"https:\/\/glycemic-index.net\/de\/wp-json\/wp\/v2\/types\/page"}],"author":[{"embeddable":true,"href":"https:\/\/glycemic-index.net\/de\/wp-json\/wp\/v2\/users\/1"}],"replies":[{"embeddable":true,"href":"https:\/\/glycemic-index.net\/de\/wp-json\/wp\/v2\/comments?post=2265"}],"version-history":[{"count":1,"href":"https:\/\/glycemic-index.net\/de\/wp-json\/wp\/v2\/pages\/2265\/revisions"}],"predecessor-version":[{"id":2380,"href":"https:\/\/glycemic-index.net\/de\/wp-json\/wp\/v2\/pages\/2265\/revisions\/2380"}],"wp:attachment":[{"href":"https:\/\/glycemic-index.net\/de\/wp-json\/wp\/v2\/media?parent=2265"}],"curies":[{"name":"wp","href":"https:\/\/api.w.org\/{rel}","templated":true}]}}