{"id":2301,"date":"2023-01-07T10:53:27","date_gmt":"2023-01-07T10:53:27","guid":{"rendered":"https:\/\/glycemic-index.net\/?page_id=2301"},"modified":"2023-01-31T08:20:33","modified_gmt":"2023-01-31T08:20:33","slug":"low-gi-diaet","status":"publish","type":"page","link":"https:\/\/glycemic-index.net\/de\/low-gi-diaet\/","title":{"rendered":"Di\u00e4t mit niedrigem GI"},"content":{"rendered":"\n<h2 class=\"wp-block-heading\"><strong>Was ist eine Di\u00e4t mit niedrigem GI?<\/strong><\/h2>\n\n\n\n<p>Eine Di\u00e4t mit niedrigem glyk\u00e4mischen Index (GI) ist ein Ern\u00e4hrungsplan, der sich auf den Verzehr von Lebensmitteln mit einem niedrigeren glyk\u00e4mischen Index konzentriert.<\/p>\n\n\n\n<p>Lebensmittel mit dem h\u00f6chsten GI bestehen im Allgemeinen aus Zucker und einfachen Kohlenhydraten, die zu einem Anstieg des Blutzuckerspiegels f\u00fchren k\u00f6nnen.<\/p>\n\n\n\n<p>Zu den Lebensmitteln mit niedrigerem GI geh\u00f6ren komplexe Kohlenhydrate wie Vollkornprodukte, H\u00fclsenfr\u00fcchte und bestimmte Obst- und Gem\u00fcsesorten. Diese Lebensmittel werden langsamer verdaut und helfen, Ihren Blutzuckerspiegel den ganzen Tag \u00fcber gleichm\u00e4\u00dfig zu halten.<\/p>\n\n\n\n<p>Es hat sich gezeigt, dass eine Di\u00e4t mit niedrigem GI zahlreiche gesundheitliche Vorteile bietet, darunter Gewichtsverlust, verbesserte Cholesterinwerte, besseres Management von Diabetes-Symptomen, erh\u00f6hte Energieniveaus, reduziertes Verlangen nach ungesunden Lebensmitteln und verbesserte Herzgesundheit.<\/p>\n\n\n\n<h2 class=\"wp-block-heading\"><strong>Wie entscheidet man, was gegessen werden darf?<\/strong><\/h2>\n\n\n\n<p>Wenn Sie einen Ern\u00e4hrungsplan mit niedrigem GI befolgen, ist es wichtig, Lebensmittel mit einer niedrigen glyk\u00e4mischen Last (GL) zu w\u00e4hlen.<\/p>\n\n\n\n<p>Die GL wird bestimmt, indem der GI des Lebensmittels mit seinem Kohlenhydratgehalt pro Portionsgr\u00f6\u00dfe multipliziert wird. Wenn Sie zum Beispiel einen Apfel essen, der einen moderaten GI von 36 Punkten hat, aber nur 10 g Kohlenhydrate pro 100 g enth\u00e4lt, dann hat er einen Gesamt-GL von 3\u20134 Punkten, was ihn f\u00fcr die Aufnahme in Ihre Ern\u00e4hrung geeignet macht.<\/p>\n\n\n\n<p>Im Allgemeinen haben die meisten Obst- und Gem\u00fcsesorten einen relativ niedrigen GI. Versuchen Sie also, jeden Tag reichlich davon in Ihre Mahlzeiten aufzunehmen, zusammen mit alternativen Quellen oder Ballaststoffen wie N\u00fcssen, Samen, Bohnen, Linsen, Hafer usw.<\/p>\n\n\n\n<p>Gem\u00fcse sollte zu den Mahlzeiten etwa die H\u00e4lfte Ihres Tellers ausmachen, w\u00e4hrend Vollkornst\u00e4rken wie Quinoa, Hirse, Buchweizen, brauner Reis, Gerste usw. etwa ein Viertel ausmachen sollten, gefolgt von Proteinen wie magerem Fleisch, Fisch, Eiern, Tofu, Tempeh, Bohnenjoghurt usw.<\/p>\n\n\n\n<p>Wenn Snacks auf Optionen abzielen, die sowohl Protein als auch Ballaststoffe enthalten, k\u00f6nnte dies so etwas wie Hummus auf Haferkuchen sein.<\/p>\n\n\n\n<h2 class=\"wp-block-heading\"><strong>Di\u00e4t mit niedrigem GI vs. Keto<\/strong><\/h2>\n\n\n\n<p>Die Di\u00e4t mit niedrigem GI und die Keto-Di\u00e4t sind zwei der beliebtesten Ern\u00e4hrungsstrategien, die heute angewendet werden. Beide konzentrieren sich darauf, Ihren gesamten glyk\u00e4mischen Index zu senken, aber sie unterscheiden sich darin, wie sie dies erreichen.<\/p>\n\n\n\n<p>Die Low-GI-Di\u00e4t ist eine Low-Carb-Di\u00e4t, die den Schwerpunkt auf den Verzehr von Kohlenhydraten mit einem niedrigeren glyk\u00e4mischen Index legt, um den Blutzuckerspiegel zu regulieren und das Hungergef\u00fchl zu reduzieren. Andererseits ist die Keto-Di\u00e4t ein Ultra-Low-Carb-Plan, der Ihren K\u00f6rper in einen Zustand der Ketose versetzt, in dem er anstelle von Glukose aus Kohlenhydraten Fett f\u00fcr Energie verbrennt.<\/p>\n\n\n\n<p>Der Hauptunterschied zwischen diesen beiden Di\u00e4ten liegt in ihrer Herangehensweise an den Kohlenhydratkonsum: W\u00e4hrend beide die Begrenzung der Kohlenhydrate betonen, erlaubt die Di\u00e4t mit niedrigem GI moderatere Mengen an Lebensmitteln mit h\u00f6herem GI als die Keto-Di\u00e4t.<\/p>\n\n\n\n<p>Dies bedeutet, dass Menschen, die eine Di\u00e4t mit niedrigem GI befolgen, immer noch einige K\u00f6rner wie Vollkornbrot oder Haferflocken genie\u00dfen k\u00f6nnen, ohne alle Kohlenhydrate drastisch streichen zu m\u00fcssen, wie Sie es bei der Keto-Di\u00e4t tun m\u00fcssten.<\/p>\n\n\n\n<p>Beide Pl\u00e4ne bieten zahlreiche gesundheitliche Vorteile, darunter Gewichtsverlust, verbesserte Insulinsensitivit\u00e4t und reduzierte Risikofaktoren f\u00fcr bestimmte chronische Krankheiten; Abh\u00e4ngig von den individuellen Bed\u00fcrfnissen und Vorlieben kann jedoch eine besser geeignet sein als eine andere.<\/p>\n\n\n\n<p>F\u00fcr diejenigen, die einen stetigen Gewichtsverlust ohne extreme Einschr\u00e4nkungen oder \u00c4nderungen des Lebensstils anstreben, ist eine Di\u00e4t mit niedrigem GI m\u00f6glicherweise die beste Option, da sie eine gewisse Flexibilit\u00e4t in Bezug auf die Lebensmittelauswahl erm\u00f6glicht und gleichzeitig die Kohlenhydrataufnahme relativ niedrig genug h\u00e4lt, um in gesunden Bereichen zu bleiben.<\/p>\n\n\n\n<p>In der Zwischenzeit k\u00f6nnen diejenigen, die schnellere Ergebnisse anstreben oder eine gr\u00f6\u00dfere Kontrolle \u00fcber ihre Makron\u00e4hrstoffverh\u00e4ltnisse w\u00fcnschen, mit Keto mehr Erfolg haben, da es strikt an einer sehr niedrigen Kohlenhydrataufnahme festh\u00e4lt, was dazu beitr\u00e4gt, die Fettverbrennungsprozesse zu beschleunigen und zus\u00e4tzlich potenzielle kognitive Vorteile durch die Erh\u00f6hung des Ketonspiegels im Gehirn bietet.<\/p>\n\n\n\n<h2 class=\"wp-block-heading\"><strong>Gesundheitliche Vorteile der Low-Gi-Di\u00e4t:<\/strong><\/h2>\n\n\n\n<p>Es gibt viele potenzielle gesundheitliche Vorteile, die mit einer Low-Gi-Di\u00e4t verbunden sind, da sie sich auf n\u00e4hrstoffreiche, gesunde Zutaten konzentriert, gegen\u00fcber stark verarbeiteten Produkten mit hohem raffiniertem Zucker und Fett K\u00f6rperfettanteil bessere Glukosekontrolle verbessertes S\u00e4ttigungsgef\u00fchl gesteigerte Stimmung geistige Klarheit und sogar verbesserte sportliche Leistungszeit, sodass Benutzer ihre Ziele schneller erreichen k\u00f6nnen!<\/p>\n\n\n\n<p>Da Ern\u00e4hrungsweisen mit einer h\u00f6heren Aufnahme aus pflanzlichen Quellen oft zu einer h\u00f6heren N\u00e4hrstoffdichte f\u00fchren, k\u00f6nnen sie au\u00dferdem Risikofaktoren reduzieren, die mit chronischen Krankheiten wie Herz-Kreislauf-Erkrankungen, Typ-2-Diabetes, Krebs, Schlaganfall, Bluthochdruck, Fettleibigkeit, Depressionen und anderen Problemen im Zusammenhang mit dem Lebensstil verbunden sind \u2013 alles dank einer einfachen \u00c4nderung dessen, worauf man setzt unsere Teller jeden Tag!<\/p>\n","protected":false},"excerpt":{"rendered":"<p>Was ist eine Di\u00e4t mit niedrigem GI? Eine Di\u00e4t mit niedrigem glyk\u00e4mischen Index (GI) ist ein Ern\u00e4hrungsplan, der sich auf den Verzehr von Lebensmitteln mit einem niedrigeren glyk\u00e4mischen Index konzentriert. Lebensmittel mit dem h\u00f6chsten GI bestehen im Allgemeinen aus Zucker und einfachen Kohlenhydraten, die zu einem Anstieg des Blutzuckerspiegels f\u00fchren k\u00f6nnen. Zu den Lebensmitteln mit &hellip;<\/p>\n<p class=\"read-more\"> <a class=\"\" href=\"https:\/\/glycemic-index.net\/de\/low-gi-diaet\/\"> <span class=\"screen-reader-text\">Di\u00e4t mit niedrigem GI<\/span> Weiterlesen &raquo;<\/a><\/p>\n","protected":false},"author":1,"featured_media":0,"parent":0,"menu_order":0,"comment_status":"closed","ping_status":"closed","template":"","meta":{"site-sidebar-layout":"default","site-content-layout":"default","ast-global-header-display":"","ast-main-header-display":"","ast-hfb-above-header-display":"","ast-hfb-below-header-display":"","ast-hfb-mobile-header-display":"","site-post-title":"","ast-breadcrumbs-content":"","ast-featured-img":"","footer-sml-layout":"","theme-transparent-header-meta":"","adv-header-id-meta":"","stick-header-meta":"","header-above-stick-meta":"","header-main-stick-meta":"","header-below-stick-meta":"","footnotes":""},"class_list":["post-2301","page","type-page","status-publish","hentry"],"yoast_head":"<!-- This site is optimized with the Yoast SEO plugin v21.7 - https:\/\/yoast.com\/wordpress\/plugins\/seo\/ -->\n<title>Di\u00e4t mit niedrigem GI - GI-Handbuch Nr. 1<\/title>\n<meta name=\"description\" content=\"Eine Di\u00e4t mit niedrigem glyk\u00e4mischen Index (GI) ist ein Ern\u00e4hrungsplan, der sich auf den Verzehr von Lebensmitteln mit einem niedrigeren glyk\u00e4mischen Index konzentriert. Lebensmittel mit den h\u00f6chsten...\" \/>\n<meta name=\"robots\" content=\"index, follow, max-snippet:-1, max-image-preview:large, max-video-preview:-1\" \/>\n<link rel=\"canonical\" href=\"https:\/\/glycemic-index.net\/de\/low-gi-diaet\/\" \/>\n<meta property=\"og:locale\" content=\"de_DE\" \/>\n<meta property=\"og:type\" content=\"article\" \/>\n<meta property=\"og:title\" content=\"Di\u00e4t mit niedrigem GI - GI-Handbuch Nr. 1\" \/>\n<meta property=\"og:description\" content=\"Eine Di\u00e4t mit niedrigem glyk\u00e4mischen Index (GI) ist ein Ern\u00e4hrungsplan, der sich auf den Verzehr von Lebensmitteln mit einem niedrigeren glyk\u00e4mischen Index konzentriert. Lebensmittel mit den h\u00f6chsten...\" \/>\n<meta property=\"og:url\" content=\"https:\/\/glycemic-index.net\/de\/low-gi-diaet\/\" \/>\n<meta property=\"og:site_name\" content=\"GI-Handbuch Nr. 1\" \/>\n<meta property=\"article:modified_time\" content=\"2023-01-31T08:20:33+00:00\" \/>\n<meta name=\"twitter:card\" content=\"summary_large_image\" \/>\n<meta name=\"twitter:label1\" content=\"Gesch\u00e4tzte Lesezeit\" \/>\n\t<meta name=\"twitter:data1\" content=\"4\u00a0Minuten\" \/>\n<script type=\"application\/ld+json\" class=\"yoast-schema-graph\">{\"@context\":\"https:\/\/schema.org\",\"@graph\":[{\"@type\":\"WebPage\",\"@id\":\"https:\/\/glycemic-index.net\/de\/low-gi-diaet\/\",\"url\":\"https:\/\/glycemic-index.net\/de\/low-gi-diaet\/\",\"name\":\"Di\u00e4t mit niedrigem GI - GI-Handbuch Nr. 1\",\"isPartOf\":{\"@id\":\"https:\/\/glycemic-index.net\/de\/#website\"},\"datePublished\":\"2023-01-07T10:53:27+00:00\",\"dateModified\":\"2023-01-31T08:20:33+00:00\",\"description\":\"Eine Di\u00e4t mit niedrigem glyk\u00e4mischen Index (GI) ist ein Ern\u00e4hrungsplan, der sich auf den Verzehr von Lebensmitteln mit einem niedrigeren glyk\u00e4mischen Index konzentriert. Lebensmittel mit den h\u00f6chsten...\",\"breadcrumb\":{\"@id\":\"https:\/\/glycemic-index.net\/de\/low-gi-diaet\/#breadcrumb\"},\"inLanguage\":\"de\",\"potentialAction\":[{\"@type\":\"ReadAction\",\"target\":[\"https:\/\/glycemic-index.net\/de\/low-gi-diaet\/\"]}]},{\"@type\":\"BreadcrumbList\",\"@id\":\"https:\/\/glycemic-index.net\/de\/low-gi-diaet\/#breadcrumb\",\"itemListElement\":[{\"@type\":\"ListItem\",\"position\":1,\"name\":\"Home\",\"item\":\"https:\/\/glycemic-index.net\/de\/\"},{\"@type\":\"ListItem\",\"position\":2,\"name\":\"Di\u00e4t mit niedrigem GI\"}]},{\"@type\":\"WebSite\",\"@id\":\"https:\/\/glycemic-index.net\/de\/#website\",\"url\":\"https:\/\/glycemic-index.net\/de\/\",\"name\":\"GI-Handbuch Nr. 1\",\"description\":\"Hier finden Sie alles rund um den glyk\u00e4mischen Index und die glyk\u00e4mische Last.\",\"publisher\":{\"@id\":\"https:\/\/glycemic-index.net\/de\/#organization\"},\"potentialAction\":[{\"@type\":\"SearchAction\",\"target\":{\"@type\":\"EntryPoint\",\"urlTemplate\":\"https:\/\/glycemic-index.net\/de\/?s={search_term_string}\"},\"query-input\":\"required name=search_term_string\"}],\"inLanguage\":\"de\"},{\"@type\":\"Organization\",\"@id\":\"https:\/\/glycemic-index.net\/de\/#organization\",\"name\":\"GI-Handbuch Nr. 1\",\"url\":\"https:\/\/glycemic-index.net\/de\/\",\"logo\":{\"@type\":\"ImageObject\",\"inLanguage\":\"de\",\"@id\":\"https:\/\/glycemic-index.net\/de\/#\/schema\/logo\/image\/\",\"url\":\"https:\/\/glycemic-index.net\/de\/wp-content\/uploads\/2023\/01\/logo_512-1.png\",\"contentUrl\":\"https:\/\/glycemic-index.net\/de\/wp-content\/uploads\/2023\/01\/logo_512-1.png\",\"width\":512,\"height\":512,\"caption\":\"GI-Handbuch Nr. 1\"},\"image\":{\"@id\":\"https:\/\/glycemic-index.net\/de\/#\/schema\/logo\/image\/\"}}]}<\/script>\n<!-- \/ Yoast SEO plugin. -->","yoast_head_json":{"title":"Di\u00e4t mit niedrigem GI - GI-Handbuch Nr. 1","description":"Eine Di\u00e4t mit niedrigem glyk\u00e4mischen Index (GI) ist ein Ern\u00e4hrungsplan, der sich auf den Verzehr von Lebensmitteln mit einem niedrigeren glyk\u00e4mischen Index konzentriert. Lebensmittel mit den h\u00f6chsten...","robots":{"index":"index","follow":"follow","max-snippet":"max-snippet:-1","max-image-preview":"max-image-preview:large","max-video-preview":"max-video-preview:-1"},"canonical":"https:\/\/glycemic-index.net\/de\/low-gi-diaet\/","og_locale":"de_DE","og_type":"article","og_title":"Di\u00e4t mit niedrigem GI - GI-Handbuch Nr. 1","og_description":"Eine Di\u00e4t mit niedrigem glyk\u00e4mischen Index (GI) ist ein Ern\u00e4hrungsplan, der sich auf den Verzehr von Lebensmitteln mit einem niedrigeren glyk\u00e4mischen Index konzentriert. Lebensmittel mit den h\u00f6chsten...","og_url":"https:\/\/glycemic-index.net\/de\/low-gi-diaet\/","og_site_name":"GI-Handbuch Nr. 1","article_modified_time":"2023-01-31T08:20:33+00:00","twitter_card":"summary_large_image","twitter_misc":{"Gesch\u00e4tzte Lesezeit":"4\u00a0Minuten"},"schema":{"@context":"https:\/\/schema.org","@graph":[{"@type":"WebPage","@id":"https:\/\/glycemic-index.net\/de\/low-gi-diaet\/","url":"https:\/\/glycemic-index.net\/de\/low-gi-diaet\/","name":"Di\u00e4t mit niedrigem GI - GI-Handbuch Nr. 1","isPartOf":{"@id":"https:\/\/glycemic-index.net\/de\/#website"},"datePublished":"2023-01-07T10:53:27+00:00","dateModified":"2023-01-31T08:20:33+00:00","description":"Eine Di\u00e4t mit niedrigem glyk\u00e4mischen Index (GI) ist ein Ern\u00e4hrungsplan, der sich auf den Verzehr von Lebensmitteln mit einem niedrigeren glyk\u00e4mischen Index konzentriert. Lebensmittel mit den h\u00f6chsten...","breadcrumb":{"@id":"https:\/\/glycemic-index.net\/de\/low-gi-diaet\/#breadcrumb"},"inLanguage":"de","potentialAction":[{"@type":"ReadAction","target":["https:\/\/glycemic-index.net\/de\/low-gi-diaet\/"]}]},{"@type":"BreadcrumbList","@id":"https:\/\/glycemic-index.net\/de\/low-gi-diaet\/#breadcrumb","itemListElement":[{"@type":"ListItem","position":1,"name":"Home","item":"https:\/\/glycemic-index.net\/de\/"},{"@type":"ListItem","position":2,"name":"Di\u00e4t mit niedrigem GI"}]},{"@type":"WebSite","@id":"https:\/\/glycemic-index.net\/de\/#website","url":"https:\/\/glycemic-index.net\/de\/","name":"GI-Handbuch Nr. 1","description":"Hier finden Sie alles rund um den glyk\u00e4mischen Index und die glyk\u00e4mische Last.","publisher":{"@id":"https:\/\/glycemic-index.net\/de\/#organization"},"potentialAction":[{"@type":"SearchAction","target":{"@type":"EntryPoint","urlTemplate":"https:\/\/glycemic-index.net\/de\/?s={search_term_string}"},"query-input":"required name=search_term_string"}],"inLanguage":"de"},{"@type":"Organization","@id":"https:\/\/glycemic-index.net\/de\/#organization","name":"GI-Handbuch Nr. 1","url":"https:\/\/glycemic-index.net\/de\/","logo":{"@type":"ImageObject","inLanguage":"de","@id":"https:\/\/glycemic-index.net\/de\/#\/schema\/logo\/image\/","url":"https:\/\/glycemic-index.net\/de\/wp-content\/uploads\/2023\/01\/logo_512-1.png","contentUrl":"https:\/\/glycemic-index.net\/de\/wp-content\/uploads\/2023\/01\/logo_512-1.png","width":512,"height":512,"caption":"GI-Handbuch Nr. 1"},"image":{"@id":"https:\/\/glycemic-index.net\/de\/#\/schema\/logo\/image\/"}}]}},"_links":{"self":[{"href":"https:\/\/glycemic-index.net\/de\/wp-json\/wp\/v2\/pages\/2301","targetHints":{"allow":["GET"]}}],"collection":[{"href":"https:\/\/glycemic-index.net\/de\/wp-json\/wp\/v2\/pages"}],"about":[{"href":"https:\/\/glycemic-index.net\/de\/wp-json\/wp\/v2\/types\/page"}],"author":[{"embeddable":true,"href":"https:\/\/glycemic-index.net\/de\/wp-json\/wp\/v2\/users\/1"}],"replies":[{"embeddable":true,"href":"https:\/\/glycemic-index.net\/de\/wp-json\/wp\/v2\/comments?post=2301"}],"version-history":[{"count":1,"href":"https:\/\/glycemic-index.net\/de\/wp-json\/wp\/v2\/pages\/2301\/revisions"}],"predecessor-version":[{"id":2385,"href":"https:\/\/glycemic-index.net\/de\/wp-json\/wp\/v2\/pages\/2301\/revisions\/2385"}],"wp:attachment":[{"href":"https:\/\/glycemic-index.net\/de\/wp-json\/wp\/v2\/media?parent=2301"}],"curies":[{"name":"wp","href":"https:\/\/api.w.org\/{rel}","templated":true}]}}