{"id":92,"date":"2021-01-31T14:58:41","date_gmt":"2021-01-31T14:58:41","guid":{"rendered":"https:\/\/glycemic-index.net\/?page_id=92"},"modified":"2023-01-31T08:38:27","modified_gmt":"2023-01-31T08:38:27","slug":"glossar","status":"publish","type":"page","link":"https:\/\/glycemic-index.net\/de\/glossar\/","title":{"rendered":"Glossar"},"content":{"rendered":"\n<h2 class=\"wp-block-heading\"><strong>A<\/strong><\/h2>\n\n\n\n<h2 class=\"wp-block-heading\"><strong>\u00c4<\/strong><\/h2>\n\n\n\n<h2 class=\"wp-block-heading\"><strong>B<\/strong><\/h2>\n\n\n\n<p><a href=\"https:\/\/glycemic-index.net\/de\/glossar\/blutzuckerspiegel\/\">Blutzuckerspiegel<\/a><\/p>\n\n\n\n<h2 class=\"wp-block-heading\"><strong>\u00df<\/strong><\/h2>\n\n\n\n<h2 class=\"wp-block-heading\"><strong>C<\/strong><\/h2>\n\n\n\n<h2 class=\"wp-block-heading\"><strong>D<\/strong><\/h2>\n\n\n\n<p><a href=\"https:\/\/glycemic-index.net\/de\/glossar\/diabetes\/\">Diabetes<\/a><\/p>\n\n\n\n<h2 class=\"wp-block-heading\"><strong>E<\/strong><\/h2>\n\n\n\n<h2 class=\"wp-block-heading\"><strong>F<\/strong><\/h2>\n\n\n\n<h2 class=\"wp-block-heading\"><strong>G<\/strong><\/h2>\n\n\n\n<p><a href=\"https:\/\/glycemic-index.net\/de\/glossar\/glykaemische-belastung\/\">Glyk\u00e4mische Last <\/a><\/p>\n\n\n\n<h2 class=\"wp-block-heading\"><strong>H<\/strong><\/h2>\n\n\n\n<p><a href=\"https:\/\/glycemic-index.net\/de\/glossar\/hoher-glykaemischer-index\/\">Hoher glyk\u00e4mischer Index<\/a><\/p>\n\n\n\n<h2 class=\"wp-block-heading\"><strong>I<\/strong><\/h2>\n\n\n\n<p><a href=\"https:\/\/glycemic-index.net\/de\/glossar\/insulin\/\">Insulin<\/a><\/p>\n\n\n\n<h2 class=\"wp-block-heading\"><strong>J<\/strong><\/h2>\n\n\n\n<h2 class=\"wp-block-heading\"><strong>K<\/strong><\/h2>\n\n\n\n<p><a href=\"https:\/\/glycemic-index.net\/de\/glossar\/kohlenhydrate\/\">Kohlenhydrate<\/a><\/p>\n\n\n\n<h2 class=\"wp-block-heading\"><strong>L<\/strong><\/h2>\n\n\n\n<h2 class=\"wp-block-heading\"><strong>M<\/strong><\/h2>\n\n\n\n<h2 class=\"wp-block-heading\"><strong>N<\/strong><\/h2>\n\n\n\n<p><a href=\"https:\/\/glycemic-index.net\/de\/glossar\/niedriger-glykaemischer-index\/\">Niedriger glyk\u00e4mischer Index<\/a><\/p>\n\n\n\n<h2 class=\"wp-block-heading\"><strong>O<\/strong><\/h2>\n\n\n\n<h2 class=\"wp-block-heading\"><strong>\u00d6<\/strong><\/h2>\n\n\n\n<h2 class=\"wp-block-heading\"><strong>P<\/strong><\/h2>\n\n\n\n<h2 class=\"wp-block-heading\"><strong>Q<\/strong><\/h2>\n\n\n\n<h2 class=\"wp-block-heading\"><strong>R<\/strong><\/h2>\n\n\n\n<h2 class=\"wp-block-heading\"><strong>S<\/strong><\/h2>\n\n\n\n<h2 class=\"wp-block-heading\"><strong>T<\/strong><\/h2>\n\n\n\n<h2 class=\"wp-block-heading\"><strong>U<\/strong><\/h2>\n\n\n\n<h2 class=\"wp-block-heading\"><strong>\u00dc<\/strong><\/h2>\n\n\n\n<h2 class=\"wp-block-heading\"><strong>V<\/strong><\/h2>\n\n\n\n<h2 class=\"wp-block-heading\"><strong>W<\/strong><\/h2>\n\n\n\n<h2 class=\"wp-block-heading\"><strong>X<\/strong><\/h2>\n\n\n\n<h2 class=\"wp-block-heading\"><strong>Y<\/strong><\/h2>\n\n\n\n<h2 class=\"wp-block-heading\"><strong>Z<\/strong><\/h2>\n\n\n\n<p><\/p>\n","protected":false},"excerpt":{"rendered":"<p>A \u00c4 B Blutzuckerspiegel \u00df C D Diabetes E F G Glyk\u00e4mische Last H Hoher glyk\u00e4mischer Index I Insulin J K Kohlenhydrate L M N Niedriger glyk\u00e4mischer Index O \u00d6 P Q R S T U \u00dc V W X Y Z<\/p>\n","protected":false},"author":1,"featured_media":0,"parent":0,"menu_order":0,"comment_status":"closed","ping_status":"closed","template":"","meta":{"site-sidebar-layout":"default","site-content-layout":"default","ast-global-header-display":"","ast-main-header-display":"","ast-hfb-above-header-display":"","ast-hfb-below-header-display":"","ast-hfb-mobile-header-display":"","site-post-title":"","ast-breadcrumbs-content":"","ast-featured-img":"","footer-sml-layout":"","theme-transparent-header-meta":"default","adv-header-id-meta":"","stick-header-meta":"","header-above-stick-meta":"","header-main-stick-meta":"","header-below-stick-meta":"","footnotes":""},"class_list":["post-92","page","type-page","status-publish","hentry"],"yoast_head":"<!-- This site is optimized with the Yoast SEO plugin v21.7 - https:\/\/yoast.com\/wordpress\/plugins\/seo\/ -->\n<title>Glossar - GI-Handbuch Nr. 1<\/title>\n<meta name=\"robots\" content=\"index, follow, max-snippet:-1, max-image-preview:large, max-video-preview:-1\" \/>\n<link rel=\"canonical\" href=\"https:\/\/glycemic-index.net\/de\/glossar\/\" \/>\n<meta property=\"og:locale\" content=\"de_DE\" \/>\n<meta property=\"og:type\" content=\"article\" \/>\n<meta property=\"og:title\" content=\"Glossar - GI-Handbuch Nr. 1\" \/>\n<meta property=\"og:description\" content=\"A \u00c4 B Blutzuckerspiegel \u00df C D Diabetes E F G Glyk\u00e4mische Last H Hoher glyk\u00e4mischer Index I Insulin J K Kohlenhydrate L M N Niedriger glyk\u00e4mischer Index O \u00d6 P Q R S T U \u00dc V W X Y Z\" \/>\n<meta property=\"og:url\" content=\"https:\/\/glycemic-index.net\/de\/glossar\/\" \/>\n<meta property=\"og:site_name\" content=\"GI-Handbuch Nr. 1\" \/>\n<meta property=\"article:modified_time\" content=\"2023-01-31T08:38:27+00:00\" \/>\n<meta name=\"twitter:card\" content=\"summary_large_image\" \/>\n<meta name=\"twitter:label1\" content=\"Gesch\u00e4tzte Lesezeit\" \/>\n\t<meta name=\"twitter:data1\" content=\"1\u00a0Minute\" \/>\n<script type=\"application\/ld+json\" class=\"yoast-schema-graph\">{\"@context\":\"https:\/\/schema.org\",\"@graph\":[{\"@type\":\"WebPage\",\"@id\":\"https:\/\/glycemic-index.net\/de\/glossar\/\",\"url\":\"https:\/\/glycemic-index.net\/de\/glossar\/\",\"name\":\"Glossar - GI-Handbuch Nr. 1\",\"isPartOf\":{\"@id\":\"https:\/\/glycemic-index.net\/de\/#website\"},\"datePublished\":\"2021-01-31T14:58:41+00:00\",\"dateModified\":\"2023-01-31T08:38:27+00:00\",\"breadcrumb\":{\"@id\":\"https:\/\/glycemic-index.net\/de\/glossar\/#breadcrumb\"},\"inLanguage\":\"de\",\"potentialAction\":[{\"@type\":\"ReadAction\",\"target\":[\"https:\/\/glycemic-index.net\/de\/glossar\/\"]}]},{\"@type\":\"BreadcrumbList\",\"@id\":\"https:\/\/glycemic-index.net\/de\/glossar\/#breadcrumb\",\"itemListElement\":[{\"@type\":\"ListItem\",\"position\":1,\"name\":\"Home\",\"item\":\"https:\/\/glycemic-index.net\/de\/\"},{\"@type\":\"ListItem\",\"position\":2,\"name\":\"Glossar\"}]},{\"@type\":\"WebSite\",\"@id\":\"https:\/\/glycemic-index.net\/de\/#website\",\"url\":\"https:\/\/glycemic-index.net\/de\/\",\"name\":\"GI-Handbuch Nr. 1\",\"description\":\"Hier finden Sie alles rund um den glyk\u00e4mischen Index und die glyk\u00e4mische Last.\",\"publisher\":{\"@id\":\"https:\/\/glycemic-index.net\/de\/#organization\"},\"potentialAction\":[{\"@type\":\"SearchAction\",\"target\":{\"@type\":\"EntryPoint\",\"urlTemplate\":\"https:\/\/glycemic-index.net\/de\/?s={search_term_string}\"},\"query-input\":\"required name=search_term_string\"}],\"inLanguage\":\"de\"},{\"@type\":\"Organization\",\"@id\":\"https:\/\/glycemic-index.net\/de\/#organization\",\"name\":\"GI-Handbuch Nr. 1\",\"url\":\"https:\/\/glycemic-index.net\/de\/\",\"logo\":{\"@type\":\"ImageObject\",\"inLanguage\":\"de\",\"@id\":\"https:\/\/glycemic-index.net\/de\/#\/schema\/logo\/image\/\",\"url\":\"https:\/\/glycemic-index.net\/de\/wp-content\/uploads\/2023\/01\/logo_512-1.png\",\"contentUrl\":\"https:\/\/glycemic-index.net\/de\/wp-content\/uploads\/2023\/01\/logo_512-1.png\",\"width\":512,\"height\":512,\"caption\":\"GI-Handbuch Nr. 1\"},\"image\":{\"@id\":\"https:\/\/glycemic-index.net\/de\/#\/schema\/logo\/image\/\"}}]}<\/script>\n<!-- \/ Yoast SEO plugin. -->","yoast_head_json":{"title":"Glossar - GI-Handbuch Nr. 1","robots":{"index":"index","follow":"follow","max-snippet":"max-snippet:-1","max-image-preview":"max-image-preview:large","max-video-preview":"max-video-preview:-1"},"canonical":"https:\/\/glycemic-index.net\/de\/glossar\/","og_locale":"de_DE","og_type":"article","og_title":"Glossar - GI-Handbuch Nr. 1","og_description":"A \u00c4 B Blutzuckerspiegel \u00df C D Diabetes E F G Glyk\u00e4mische Last H Hoher glyk\u00e4mischer Index I Insulin J K Kohlenhydrate L M N Niedriger glyk\u00e4mischer Index O \u00d6 P Q R S T U \u00dc V W X Y Z","og_url":"https:\/\/glycemic-index.net\/de\/glossar\/","og_site_name":"GI-Handbuch Nr. 1","article_modified_time":"2023-01-31T08:38:27+00:00","twitter_card":"summary_large_image","twitter_misc":{"Gesch\u00e4tzte Lesezeit":"1\u00a0Minute"},"schema":{"@context":"https:\/\/schema.org","@graph":[{"@type":"WebPage","@id":"https:\/\/glycemic-index.net\/de\/glossar\/","url":"https:\/\/glycemic-index.net\/de\/glossar\/","name":"Glossar - GI-Handbuch Nr. 1","isPartOf":{"@id":"https:\/\/glycemic-index.net\/de\/#website"},"datePublished":"2021-01-31T14:58:41+00:00","dateModified":"2023-01-31T08:38:27+00:00","breadcrumb":{"@id":"https:\/\/glycemic-index.net\/de\/glossar\/#breadcrumb"},"inLanguage":"de","potentialAction":[{"@type":"ReadAction","target":["https:\/\/glycemic-index.net\/de\/glossar\/"]}]},{"@type":"BreadcrumbList","@id":"https:\/\/glycemic-index.net\/de\/glossar\/#breadcrumb","itemListElement":[{"@type":"ListItem","position":1,"name":"Home","item":"https:\/\/glycemic-index.net\/de\/"},{"@type":"ListItem","position":2,"name":"Glossar"}]},{"@type":"WebSite","@id":"https:\/\/glycemic-index.net\/de\/#website","url":"https:\/\/glycemic-index.net\/de\/","name":"GI-Handbuch Nr. 1","description":"Hier finden Sie alles rund um den glyk\u00e4mischen Index und die glyk\u00e4mische Last.","publisher":{"@id":"https:\/\/glycemic-index.net\/de\/#organization"},"potentialAction":[{"@type":"SearchAction","target":{"@type":"EntryPoint","urlTemplate":"https:\/\/glycemic-index.net\/de\/?s={search_term_string}"},"query-input":"required name=search_term_string"}],"inLanguage":"de"},{"@type":"Organization","@id":"https:\/\/glycemic-index.net\/de\/#organization","name":"GI-Handbuch Nr. 1","url":"https:\/\/glycemic-index.net\/de\/","logo":{"@type":"ImageObject","inLanguage":"de","@id":"https:\/\/glycemic-index.net\/de\/#\/schema\/logo\/image\/","url":"https:\/\/glycemic-index.net\/de\/wp-content\/uploads\/2023\/01\/logo_512-1.png","contentUrl":"https:\/\/glycemic-index.net\/de\/wp-content\/uploads\/2023\/01\/logo_512-1.png","width":512,"height":512,"caption":"GI-Handbuch Nr. 1"},"image":{"@id":"https:\/\/glycemic-index.net\/de\/#\/schema\/logo\/image\/"}}]}},"_links":{"self":[{"href":"https:\/\/glycemic-index.net\/de\/wp-json\/wp\/v2\/pages\/92","targetHints":{"allow":["GET"]}}],"collection":[{"href":"https:\/\/glycemic-index.net\/de\/wp-json\/wp\/v2\/pages"}],"about":[{"href":"https:\/\/glycemic-index.net\/de\/wp-json\/wp\/v2\/types\/page"}],"author":[{"embeddable":true,"href":"https:\/\/glycemic-index.net\/de\/wp-json\/wp\/v2\/users\/1"}],"replies":[{"embeddable":true,"href":"https:\/\/glycemic-index.net\/de\/wp-json\/wp\/v2\/comments?post=92"}],"version-history":[{"count":3,"href":"https:\/\/glycemic-index.net\/de\/wp-json\/wp\/v2\/pages\/92\/revisions"}],"predecessor-version":[{"id":2393,"href":"https:\/\/glycemic-index.net\/de\/wp-json\/wp\/v2\/pages\/92\/revisions\/2393"}],"wp:attachment":[{"href":"https:\/\/glycemic-index.net\/de\/wp-json\/wp\/v2\/media?parent=92"}],"curies":[{"name":"wp","href":"https:\/\/api.w.org\/{rel}","templated":true}]}}