{"id":178,"date":"2021-08-06T15:30:52","date_gmt":"2021-08-06T15:30:52","guid":{"rendered":"https:\/\/glycemic-index.net\/?page_id=178"},"modified":"2021-08-06T15:30:52","modified_gmt":"2021-08-06T15:30:52","slug":"download","status":"publish","type":"page","link":"https:\/\/glycemic-index.net\/es\/download\/","title":{"rendered":"Glycemic Index Assistant App"},"content":{"rendered":"\n<p>Glycemic Index (GI), Glycemic load (GL), calories and nutrition facts all in one place. Eat healthy and get your blood sugar level &amp; diabetes under control.<\/p>\n\n\n\n<figure class=\"wp-block-image size-full\"><img decoding=\"async\" src=\"https:\/\/glycemic-index.net\/wp-content\/uploads\/2022\/07\/appstore.webp\" alt=\"\" class=\"wp-image-2076\"\/><\/figure>\n\n\n\n<p>Join a large community of like-minded people on the way to better health and nutrition. Discover how little adjustments in your lifestyle can make a big <\/p>\n\n\n\n<p>This app will help you quickly check the values of Glycemic Index, Glycemic Load, as well as nutrition facts of the foods you eat everyday.<\/p>\n\n\n\n<p>The foods database contains the following information:<\/p>\n\n\n\n<p>+ Glycemic index (GI)<\/p>\n\n\n\n<p>+ Glycemic load (GL)<\/p>\n\n\n\n<p>+ Calories<\/p>\n\n\n\n<p>+ Number of Proteins, Fats and Carbohydrates<\/p>\n\n\n\n<p>Glycemic Index Assistant app features:<\/p>\n\n\n\n<p>+ Easy to use interface<\/p>\n\n\n\n<p>+ Convenient search<\/p>\n\n\n\n<p>+ GI level filter<\/p>\n\n\n\n<p>+ Sort by name and value of GI<\/p>\n\n\n\n<p>+ Ability to add your own foods<\/p>\n\n\n\n<p>+ Quick access to your favorite foods<\/p>\n\n\n\n<p>+ Healthy Recipes<\/p>\n\n\n\n<p>+ Glycemic Load Calculator<\/p>\n\n\n\n<p>+ Glycemic Load Consumption Tracker<\/p>\n\n\n\n<p>+ Glucose Tracker<\/p>\n\n\n\n<p>+ Weight Tracker<\/p>\n\n\n\n<p>Glycemic index is an important metric to track because carbohydrates that increase blood sugar levels quickly (those with a high glycemic index) also quickly increase insulin levels. The increase in insulin may result in low blood sugar levels (hypoglycemia) and hunger, which tends to lead to consuming excess calories and gaining weight.<\/p>\n\n\n\n<p>This app is ideal for people with type two diabetes who want to control their blood glucose levels by changing their diet. Also, this app will become an essential tool for those who are struggling with excess weight and want to lose weight by starting a low carb diet.<\/p>\n\n\n\n<p>Now with this app, monitoring your diet and eating healthy and nutritious food has become much easier! Just search the food and find out if it is good or bad to consume.<\/p>\n\n\n\n<p>We sincerely hope that this app will make you a healthier person!<\/p>\n\n\n\n<p class=\"has-text-align-center\"><strong>Download Glycemic Index Assistant now to start your journey towards a healthier you!<\/strong><\/p>\n\n\n\n<table style=\"border: none;\">\n  <tbody><tr style=\"border: none;\">\n   <td style=\"border: none;\"><a href=\"https:\/\/redirect.appmetrica.yandex.com\/serve\/27817912299485025\"><img decoding=\"async\" src=\"https:\/\/glycemic-index.net\/images\/apple.webp\" alt=\"Download on AppStore\"><\/a><\/td>\n\t\t<td style=\"width:15px; border: none;\"><\/td>\n\t <td style=\"border: none;\"><a href=\"https:\/\/redirect.appmetrica.yandex.com\/serve\/27817912299485025\"><img decoding=\"async\" src=\"https:\/\/glycemic-index.net\/images\/google.webp\" alt=\"Download on Google Play\"><\/a><\/td>\n  <\/tr>\n<\/tbody><\/table>\n","protected":false},"excerpt":{"rendered":"<p>Glycemic Index (GI), Glycemic load (GL), calories and nutrition facts all in one place. Eat healthy and get your blood sugar level &amp; diabetes under control. Join a large community of like-minded people on the way to better health and nutrition. Discover how little adjustments in your lifestyle can make a big This app will &hellip;<\/p>\n<p class=\"read-more\"> <a class=\"\" href=\"https:\/\/glycemic-index.net\/es\/download\/\"> <span class=\"screen-reader-text\">Glycemic Index Assistant App<\/span> Read More &raquo;<\/a><\/p>\n","protected":false},"author":1,"featured_media":0,"parent":0,"menu_order":0,"comment_status":"closed","ping_status":"closed","template":"","meta":{"site-sidebar-layout":"default","site-content-layout":"default","ast-global-header-display":"","ast-main-header-display":"","ast-hfb-above-header-display":"","ast-hfb-below-header-display":"","ast-hfb-mobile-header-display":"","site-post-title":"","ast-breadcrumbs-content":"","ast-featured-img":"","footer-sml-layout":"","theme-transparent-header-meta":"default","adv-header-id-meta":"","stick-header-meta":"","header-above-stick-meta":"","header-main-stick-meta":"","header-below-stick-meta":"","footnotes":""},"class_list":["post-178","page","type-page","status-publish","hentry"],"yoast_head":"<!-- This site is optimized with the Yoast SEO plugin v21.7 - https:\/\/yoast.com\/wordpress\/plugins\/seo\/ -->\n<title>Glycemic Index Assistant App - Gu\u00eda de \u00edndice gluc\u00e9mico<\/title>\n<meta name=\"robots\" content=\"index, follow, max-snippet:-1, max-image-preview:large, max-video-preview:-1\" \/>\n<link rel=\"canonical\" href=\"https:\/\/glycemic-index.net\/es\/download\/\" \/>\n<meta property=\"og:locale\" content=\"en_US\" \/>\n<meta property=\"og:type\" content=\"article\" \/>\n<meta property=\"og:title\" content=\"Glycemic Index Assistant App - Gu\u00eda de \u00edndice gluc\u00e9mico\" \/>\n<meta property=\"og:description\" content=\"Glycemic Index (GI), Glycemic load (GL), calories and nutrition facts all in one place. Eat healthy and get your blood sugar level &amp; diabetes under control. Join a large community of like-minded people on the way to better health and nutrition. Discover how little adjustments in your lifestyle can make a big This app will &hellip; Glycemic Index Assistant App Read More &raquo;\" \/>\n<meta property=\"og:url\" content=\"https:\/\/glycemic-index.net\/es\/download\/\" \/>\n<meta property=\"og:site_name\" content=\"Gu\u00eda de \u00edndice gluc\u00e9mico\" \/>\n<meta property=\"og:image\" content=\"https:\/\/glycemic-index.net\/wp-content\/uploads\/2022\/07\/appstore.webp\" \/>\n<meta name=\"twitter:card\" content=\"summary_large_image\" \/>\n<meta name=\"twitter:label1\" content=\"Est. reading time\" \/>\n\t<meta name=\"twitter:data1\" content=\"2 minutes\" \/>\n<script type=\"application\/ld+json\" class=\"yoast-schema-graph\">{\"@context\":\"https:\/\/schema.org\",\"@graph\":[{\"@type\":\"WebPage\",\"@id\":\"https:\/\/glycemic-index.net\/es\/download\/\",\"url\":\"https:\/\/glycemic-index.net\/es\/download\/\",\"name\":\"Glycemic Index Assistant App - Gu\u00eda de \u00edndice gluc\u00e9mico\",\"isPartOf\":{\"@id\":\"https:\/\/glycemic-index.net\/es\/#website\"},\"datePublished\":\"2021-08-06T15:30:52+00:00\",\"dateModified\":\"2021-08-06T15:30:52+00:00\",\"breadcrumb\":{\"@id\":\"https:\/\/glycemic-index.net\/es\/download\/#breadcrumb\"},\"inLanguage\":\"en-US\",\"potentialAction\":[{\"@type\":\"ReadAction\",\"target\":[\"https:\/\/glycemic-index.net\/es\/download\/\"]}]},{\"@type\":\"BreadcrumbList\",\"@id\":\"https:\/\/glycemic-index.net\/es\/download\/#breadcrumb\",\"itemListElement\":[{\"@type\":\"ListItem\",\"position\":1,\"name\":\"Home\",\"item\":\"https:\/\/glycemic-index.net\/es\/\"},{\"@type\":\"ListItem\",\"position\":2,\"name\":\"Glycemic Index Assistant App\"}]},{\"@type\":\"WebSite\",\"@id\":\"https:\/\/glycemic-index.net\/es\/#website\",\"url\":\"https:\/\/glycemic-index.net\/es\/\",\"name\":\"Gu\u00eda de \u00edndice gluc\u00e9mico\",\"description\":\"Aqu\u00ed encontrar\u00e1s todo lo que necesitas sobre el \u00edndice gluc\u00e9mico y la carga gluc\u00e9mica\",\"publisher\":{\"@id\":\"https:\/\/glycemic-index.net\/es\/#organization\"},\"potentialAction\":[{\"@type\":\"SearchAction\",\"target\":{\"@type\":\"EntryPoint\",\"urlTemplate\":\"https:\/\/glycemic-index.net\/es\/?s={search_term_string}\"},\"query-input\":\"required name=search_term_string\"}],\"inLanguage\":\"en-US\"},{\"@type\":\"Organization\",\"@id\":\"https:\/\/glycemic-index.net\/es\/#organization\",\"name\":\"Gu\u00eda de \u00edndice gluc\u00e9mico\",\"url\":\"https:\/\/glycemic-index.net\/es\/\",\"logo\":{\"@type\":\"ImageObject\",\"inLanguage\":\"en-US\",\"@id\":\"https:\/\/glycemic-index.net\/es\/#\/schema\/logo\/image\/\",\"url\":\"https:\/\/glycemic-index.net\/es\/wp-content\/uploads\/2023\/06\/logo_512-1.png\",\"contentUrl\":\"https:\/\/glycemic-index.net\/es\/wp-content\/uploads\/2023\/06\/logo_512-1.png\",\"width\":512,\"height\":512,\"caption\":\"Gu\u00eda de \u00edndice gluc\u00e9mico\"},\"image\":{\"@id\":\"https:\/\/glycemic-index.net\/es\/#\/schema\/logo\/image\/\"}}]}<\/script>\n<!-- \/ Yoast SEO plugin. -->","yoast_head_json":{"title":"Glycemic Index Assistant App - Gu\u00eda de \u00edndice gluc\u00e9mico","robots":{"index":"index","follow":"follow","max-snippet":"max-snippet:-1","max-image-preview":"max-image-preview:large","max-video-preview":"max-video-preview:-1"},"canonical":"https:\/\/glycemic-index.net\/es\/download\/","og_locale":"en_US","og_type":"article","og_title":"Glycemic Index Assistant App - Gu\u00eda de \u00edndice gluc\u00e9mico","og_description":"Glycemic Index (GI), Glycemic load (GL), calories and nutrition facts all in one place. Eat healthy and get your blood sugar level &amp; diabetes under control. Join a large community of like-minded people on the way to better health and nutrition. Discover how little adjustments in your lifestyle can make a big This app will &hellip; Glycemic Index Assistant App Read More &raquo;","og_url":"https:\/\/glycemic-index.net\/es\/download\/","og_site_name":"Gu\u00eda de \u00edndice gluc\u00e9mico","og_image":[{"url":"https:\/\/glycemic-index.net\/wp-content\/uploads\/2022\/07\/appstore.webp"}],"twitter_card":"summary_large_image","twitter_misc":{"Est. reading time":"2 minutes"},"schema":{"@context":"https:\/\/schema.org","@graph":[{"@type":"WebPage","@id":"https:\/\/glycemic-index.net\/es\/download\/","url":"https:\/\/glycemic-index.net\/es\/download\/","name":"Glycemic Index Assistant App - Gu\u00eda de \u00edndice gluc\u00e9mico","isPartOf":{"@id":"https:\/\/glycemic-index.net\/es\/#website"},"datePublished":"2021-08-06T15:30:52+00:00","dateModified":"2021-08-06T15:30:52+00:00","breadcrumb":{"@id":"https:\/\/glycemic-index.net\/es\/download\/#breadcrumb"},"inLanguage":"en-US","potentialAction":[{"@type":"ReadAction","target":["https:\/\/glycemic-index.net\/es\/download\/"]}]},{"@type":"BreadcrumbList","@id":"https:\/\/glycemic-index.net\/es\/download\/#breadcrumb","itemListElement":[{"@type":"ListItem","position":1,"name":"Home","item":"https:\/\/glycemic-index.net\/es\/"},{"@type":"ListItem","position":2,"name":"Glycemic Index Assistant App"}]},{"@type":"WebSite","@id":"https:\/\/glycemic-index.net\/es\/#website","url":"https:\/\/glycemic-index.net\/es\/","name":"Gu\u00eda de \u00edndice gluc\u00e9mico","description":"Aqu\u00ed encontrar\u00e1s todo lo que necesitas sobre el \u00edndice gluc\u00e9mico y la carga gluc\u00e9mica","publisher":{"@id":"https:\/\/glycemic-index.net\/es\/#organization"},"potentialAction":[{"@type":"SearchAction","target":{"@type":"EntryPoint","urlTemplate":"https:\/\/glycemic-index.net\/es\/?s={search_term_string}"},"query-input":"required name=search_term_string"}],"inLanguage":"en-US"},{"@type":"Organization","@id":"https:\/\/glycemic-index.net\/es\/#organization","name":"Gu\u00eda de \u00edndice gluc\u00e9mico","url":"https:\/\/glycemic-index.net\/es\/","logo":{"@type":"ImageObject","inLanguage":"en-US","@id":"https:\/\/glycemic-index.net\/es\/#\/schema\/logo\/image\/","url":"https:\/\/glycemic-index.net\/es\/wp-content\/uploads\/2023\/06\/logo_512-1.png","contentUrl":"https:\/\/glycemic-index.net\/es\/wp-content\/uploads\/2023\/06\/logo_512-1.png","width":512,"height":512,"caption":"Gu\u00eda de \u00edndice gluc\u00e9mico"},"image":{"@id":"https:\/\/glycemic-index.net\/es\/#\/schema\/logo\/image\/"}}]}},"_links":{"self":[{"href":"https:\/\/glycemic-index.net\/es\/wp-json\/wp\/v2\/pages\/178","targetHints":{"allow":["GET"]}}],"collection":[{"href":"https:\/\/glycemic-index.net\/es\/wp-json\/wp\/v2\/pages"}],"about":[{"href":"https:\/\/glycemic-index.net\/es\/wp-json\/wp\/v2\/types\/page"}],"author":[{"embeddable":true,"href":"https:\/\/glycemic-index.net\/es\/wp-json\/wp\/v2\/users\/1"}],"replies":[{"embeddable":true,"href":"https:\/\/glycemic-index.net\/es\/wp-json\/wp\/v2\/comments?post=178"}],"version-history":[{"count":0,"href":"https:\/\/glycemic-index.net\/es\/wp-json\/wp\/v2\/pages\/178\/revisions"}],"wp:attachment":[{"href":"https:\/\/glycemic-index.net\/es\/wp-json\/wp\/v2\/media?parent=178"}],"curies":[{"name":"wp","href":"https:\/\/api.w.org\/{rel}","templated":true}]}}