{"id":1975,"date":"2021-08-11T11:31:27","date_gmt":"2021-08-11T11:31:27","guid":{"rendered":"https:\/\/glycemic-index.net\/?page_id=1975"},"modified":"2023-04-07T16:51:26","modified_gmt":"2023-04-07T16:51:26","slug":"indice-glucemico-de-las-comidas-rapidas","status":"publish","type":"page","link":"https:\/\/glycemic-index.net\/es\/indice-glucemico-de-las-comidas-rapidas\/","title":{"rendered":"\u00cdndice gluc\u00e9mico de las comidas r\u00e1pidas"},"content":{"rendered":"\n<div style=\"height:30px\" aria-hidden=\"true\" class=\"wp-block-spacer\"><\/div>\n\n\n<form  class=\"is-search-form is-form-style is-form-style-3 is-form-id-2979 \" action=\"https:\/\/glycemic-index.net\/es\/\" method=\"get\" role=\"search\" ><label for=\"is-search-input-2979\"><span class=\"is-screen-reader-text\">Search for:<\/span><input  type=\"search\" id=\"is-search-input-2979\" name=\"s\" value=\"\" class=\"is-search-input\" placeholder=\"Busca aqu\u00ed...\" autocomplete=off \/><\/label><button type=\"submit\" class=\"is-search-submit\"><span class=\"is-screen-reader-text\">Search Button<\/span><span class=\"is-search-icon\"><svg focusable=\"false\" aria-label=\"Search\" xmlns=\"http:\/\/www.w3.org\/2000\/svg\" viewBox=\"0 0 24 24\" width=\"24px\"><path d=\"M15.5 14h-.79l-.28-.27C15.41 12.59 16 11.11 16 9.5 16 5.91 13.09 3 9.5 3S3 5.91 3 9.5 5.91 16 9.5 16c1.61 0 3.09-.59 4.23-1.57l.27.28v.79l5 4.99L20.49 19l-4.99-5zm-6 0C7.01 14 5 11.99 5 9.5S7.01 5 9.5 5 14 7.01 14 9.5 11.99 14 9.5 14z\"><\/path><\/svg><\/span><\/button><input type=\"hidden\" name=\"id\" value=\"2979\" \/><input type=\"hidden\" name=\"post_type\" value=\"post\" \/><\/form>\n\n\n\n<div style=\"height:30px\" aria-hidden=\"true\" class=\"wp-block-spacer\"><\/div>\n\n\n\n<p>El \u00edndice gluc\u00e9mico es un factor importante a considerar cuando se trata de comida r\u00e1pida. Mide qu\u00e9 tan r\u00e1pido un tipo particular de alimento elevar\u00e1 sus niveles de az\u00facar en la sangre despu\u00e9s de comer.<\/p>\n\n\n\n<p>Los alimentos que tienen un alto \u00edndice gluc\u00e9mico pueden causar picos en el az\u00facar en la sangre y la insulina, lo que puede provocar aumento de peso, diabetes y otros problemas de salud con el tiempo.<\/p>\n\n\n\n<p>Al elegir comidas r\u00e1pidas con un \u00edndice gluc\u00e9mico m\u00e1s bajo, hay algunos factores clave que debe tener en cuenta: Evite los alimentos procesados como el pan blanco o las papas fritas; opte por productos integrales en su lugar. Busque prote\u00ednas magras como pollo o pescado a la parrilla en lugar de alimentos fritos como nuggets de pollo o hamburguesas.<\/p>\n\n\n\n<p>Elija frutas y verduras siempre que sea posible; tienden a tener puntajes de IG mucho m\u00e1s bajos que la mayor\u00eda de los otros tipos de alimentos disponibles en restaurantes o tiendas de conveniencia.<\/p>\n\n\n\n<p>Si est\u00e1 buscando refrigerios con \u00edndices de IG bajos, intente consumir nueces y semillas, que brindan fibra junto con grasas saludables que ayudan a ralentizar la digesti\u00f3n para que la glucosa de los carbohidratos no se absorba demasiado r\u00e1pido en el torrente sangu\u00edneo.<\/p>\n\n\n\n<p>Las palomitas de ma\u00edz tambi\u00e9n son bajas en la escala del \u00edndice gluc\u00e9mico, ya que su c\u00e1scara ayuda a ralentizar la digesti\u00f3n, \u00a1solo aseg\u00farese de no agregar demasiada sal o mantequilla! Otras buenas opciones incluyen papas fritas infladas (sin aceite agregado), barras de chocolate amargo hechas con un 70 por ciento de contenido de cacao y batidos hechos con frutas frescas mezcladas sin adiciones azucaradas como jarabe de miel o racimos de granola, etc.<\/p>\n\n\n\n<p>Finalmente recuerda: \u00a1la moderaci\u00f3n es clave al seleccionar qu\u00e9 tipo de comidas r\u00e1pidas comes! Si bien evitar todas las opciones poco saludables puede parecer imposible a veces, el simple hecho de hacer sustituciones inteligentes puede marcar la diferencia para mantener su cuerpo saludable y al mismo tiempo obtener suficiente combustible durante los d\u00edas ocupados.<\/p>\n\n\n\n<p>A continuaci\u00f3n puede encontrar una lista completa de comidas r\u00e1pidas con su \u00edndice gluc\u00e9mico y rangos de carga gluc\u00e9mica.<\/p>\n\n\n\n<p>Nota: IG = \u00edndice gluc\u00e9mico, CG = carga gluc\u00e9mica<\/p>\n\n\n\n<table class=\"tftable\" border=\"1\">\n<tr><th>Foto<\/th><th width=\"55%\">Nombre<\/th><th>IG<\/th><th>CG<\/th><\/tr>\n<tr><td><a href=\"https:\/\/glycemic-index.net\/es\/chips-de-maiz-salados\/\"><img decoding=\"async\" src=\"https:\/\/glycemic-index.net\/images\/LTFRYZCnFS_small.webp\" alt=\"Chips de ma\u00edz salados\" width=\"40\" height=\"40\">\n<\/a><\/td><td><a href=\"https:\/\/glycemic-index.net\/es\/chips-de-maiz-salados\/\">Chips de ma\u00edz salados<\/a><\/td><td><a href=\"https:\/\/glycemic-index.net\/es\/chips-de-maiz-salados\/\">42<\/a><\/td><td><a href=\"https:\/\/glycemic-index.net\/es\/chips-de-maiz-salados\/\">25.6<\/a><\/td><\/tr>\n<tr><td><a href=\"https:\/\/glycemic-index.net\/es\/fideos-chinos\/\"><img decoding=\"async\" src=\"https:\/\/glycemic-index.net\/images\/ZrKrG8Noiu_small.webp\" alt=\"Fideos chinos\" width=\"40\" height=\"40\">\n<\/a><\/td><td><a href=\"https:\/\/glycemic-index.net\/es\/fideos-chinos\/\">Fideos chinos<\/a><\/td><td><a href=\"https:\/\/glycemic-index.net\/es\/fideos-chinos\/\">35<\/a><\/td><td><a href=\"https:\/\/glycemic-index.net\/es\/fideos-chinos\/\">23.4<\/a><\/td><\/tr>\n<tr><td><a href=\"https:\/\/glycemic-index.net\/es\/fideos-instantaneos\/\"><img decoding=\"async\" src=\"https:\/\/glycemic-index.net\/images\/4o2BtUXloN_small.webp\" alt=\"Fideos instant\u00e1neos\" width=\"40\" height=\"40\">\n<\/a><\/td><td><a href=\"https:\/\/glycemic-index.net\/es\/fideos-instantaneos\/\">Fideos instant\u00e1neos<\/a><\/td><td><a href=\"https:\/\/glycemic-index.net\/es\/fideos-instantaneos\/\">52<\/a><\/td><td><a href=\"https:\/\/glycemic-index.net\/es\/fideos-instantaneos\/\">29.5<\/a><\/td><\/tr>\n<tr><td><a href=\"https:\/\/glycemic-index.net\/es\/frituras-de-maiz\/\"><img loading=\"lazy\" decoding=\"async\" src=\"https:\/\/glycemic-index.net\/images\/Z3bm3z9k2B_small.webp\" alt=\"Frituras de ma\u00edz\" width=\"40\" height=\"40\">\n<\/a><\/td><td><a href=\"https:\/\/glycemic-index.net\/es\/frituras-de-maiz\/\">Frituras de ma\u00edz<\/a><\/td><td><a href=\"https:\/\/glycemic-index.net\/es\/frituras-de-maiz\/\">63<\/a><\/td><td><a href=\"https:\/\/glycemic-index.net\/es\/frituras-de-maiz\/\">28.8<\/a><\/td><\/tr>\n<tr><td><a href=\"https:\/\/glycemic-index.net\/es\/hamburguesa\/\"><img loading=\"lazy\" decoding=\"async\" src=\"https:\/\/glycemic-index.net\/images\/5u9ctaSrmh_small.webp\" alt=\"Hamburguesa\" width=\"40\" height=\"40\">\n<\/a><\/td><td><a href=\"https:\/\/glycemic-index.net\/es\/hamburguesa\/\">Hamburguesa<\/a><\/td><td><a href=\"https:\/\/glycemic-index.net\/es\/hamburguesa\/\">66<\/a><\/td><td><a href=\"https:\/\/glycemic-index.net\/es\/hamburguesa\/\">1.3<\/a><\/td><\/tr>\n<tr><td><a href=\"https:\/\/glycemic-index.net\/es\/palomitas-de-maiz\/\"><img loading=\"lazy\" decoding=\"async\" src=\"https:\/\/glycemic-index.net\/images\/t9LKSY5zLU_small.webp\" alt=\"Palomitas de maiz\" width=\"40\" height=\"40\">\n<\/a><\/td><td><a href=\"https:\/\/glycemic-index.net\/es\/palomitas-de-maiz\/\">Palomitas de maiz<\/a><\/td><td><a href=\"https:\/\/glycemic-index.net\/es\/palomitas-de-maiz\/\">55<\/a><\/td><td><a href=\"https:\/\/glycemic-index.net\/es\/palomitas-de-maiz\/\">40.7<\/a><\/td><\/tr>\n<tr><td><a href=\"https:\/\/glycemic-index.net\/es\/papas-instantaneas\/\"><img loading=\"lazy\" decoding=\"async\" src=\"https:\/\/glycemic-index.net\/images\/BfRX6pbHvo_small.webp\" alt=\"Papas instant\u00e1neas\" width=\"40\" height=\"40\">\n<\/a><\/td><td><a href=\"https:\/\/glycemic-index.net\/es\/papas-instantaneas\/\">Papas instant\u00e1neas<\/a><\/td><td><a href=\"https:\/\/glycemic-index.net\/es\/papas-instantaneas\/\">87<\/a><\/td><td><a href=\"https:\/\/glycemic-index.net\/es\/papas-instantaneas\/\">66.1<\/a><\/td><\/tr>\n<tr><td><a href=\"https:\/\/glycemic-index.net\/es\/patatas-fritas\/\"><img loading=\"lazy\" decoding=\"async\" src=\"https:\/\/glycemic-index.net\/images\/BfbbSH9czf_small.webp\" alt=\"Patatas fritas\" width=\"40\" height=\"40\">\n<\/a><\/td><td><a href=\"https:\/\/glycemic-index.net\/es\/patatas-fritas\/\">Patatas fritas<\/a><\/td><td><a href=\"https:\/\/glycemic-index.net\/es\/patatas-fritas\/\">70<\/a><\/td><td><a href=\"https:\/\/glycemic-index.net\/es\/patatas-fritas\/\">37.0<\/a><\/td><\/tr>\n<tr><td><a href=\"https:\/\/glycemic-index.net\/es\/papas-fritas\/\"><img loading=\"lazy\" decoding=\"async\" src=\"https:\/\/glycemic-index.net\/images\/Mlh5GfqgHd_small.webp\" alt=\"papas fritas\" width=\"40\" height=\"40\">\n<\/a><\/td><td><a href=\"https:\/\/glycemic-index.net\/es\/papas-fritas\/\">papas fritas<\/a><\/td><td><a href=\"https:\/\/glycemic-index.net\/es\/papas-fritas\/\">75<\/a><\/td><td><a href=\"https:\/\/glycemic-index.net\/es\/papas-fritas\/\">22.6<\/a><\/td><\/tr>\n<\/table>\n","protected":false},"excerpt":{"rendered":"<p>El \u00edndice gluc\u00e9mico es un factor importante a considerar cuando se trata de comida r\u00e1pida. Mide qu\u00e9 tan r\u00e1pido un tipo particular de alimento elevar\u00e1 sus niveles de az\u00facar en la sangre despu\u00e9s de comer. Los alimentos que tienen un alto \u00edndice gluc\u00e9mico pueden causar picos en el az\u00facar en la sangre y la insulina, &hellip;<\/p>\n<p class=\"read-more\"> <a class=\"\" href=\"https:\/\/glycemic-index.net\/es\/indice-glucemico-de-las-comidas-rapidas\/\"> <span class=\"screen-reader-text\">\u00cdndice gluc\u00e9mico de las comidas r\u00e1pidas<\/span> Read More &raquo;<\/a><\/p>\n","protected":false},"author":1,"featured_media":0,"parent":0,"menu_order":0,"comment_status":"closed","ping_status":"closed","template":"","meta":{"site-sidebar-layout":"default","site-content-layout":"default","ast-global-header-display":"","ast-main-header-display":"","ast-hfb-above-header-display":"","ast-hfb-below-header-display":"","ast-hfb-mobile-header-display":"","site-post-title":"","ast-breadcrumbs-content":"","ast-featured-img":"","footer-sml-layout":"","theme-transparent-header-meta":"default","adv-header-id-meta":"","stick-header-meta":"","header-above-stick-meta":"","header-main-stick-meta":"","header-below-stick-meta":"","footnotes":""},"class_list":["post-1975","page","type-page","status-publish","hentry"],"yoast_head":"<!-- This site is optimized with the Yoast SEO plugin v21.7 - https:\/\/yoast.com\/wordpress\/plugins\/seo\/ -->\n<title>\u00cdndice gluc\u00e9mico de las comidas r\u00e1pidas - Gu\u00eda de \u00edndice gluc\u00e9mico<\/title>\n<meta name=\"description\" content=\"Al elegir comidas r\u00e1pidas con un \u00edndice gluc\u00e9mico m\u00e1s bajo, hay algunos factores clave que debe tener en cuenta...\" \/>\n<meta name=\"robots\" content=\"index, follow, max-snippet:-1, max-image-preview:large, max-video-preview:-1\" \/>\n<link rel=\"canonical\" href=\"https:\/\/glycemic-index.net\/es\/indice-glucemico-de-las-comidas-rapidas\/\" \/>\n<meta property=\"og:locale\" content=\"en_US\" \/>\n<meta property=\"og:type\" content=\"article\" \/>\n<meta property=\"og:title\" content=\"\u00cdndice gluc\u00e9mico de las comidas r\u00e1pidas - Gu\u00eda de \u00edndice gluc\u00e9mico\" \/>\n<meta property=\"og:description\" content=\"Al elegir comidas r\u00e1pidas con un \u00edndice gluc\u00e9mico m\u00e1s bajo, hay algunos factores clave que debe tener en cuenta...\" \/>\n<meta property=\"og:url\" content=\"https:\/\/glycemic-index.net\/es\/indice-glucemico-de-las-comidas-rapidas\/\" \/>\n<meta property=\"og:site_name\" content=\"Gu\u00eda de \u00edndice gluc\u00e9mico\" \/>\n<meta property=\"article:modified_time\" content=\"2023-04-07T16:51:26+00:00\" \/>\n<meta property=\"og:image\" content=\"https:\/\/glycemic-index.net\/images\/LTFRYZCnFS_small.webp\" \/>\n<meta name=\"twitter:card\" content=\"summary_large_image\" \/>\n<meta name=\"twitter:label1\" content=\"Est. reading time\" \/>\n\t<meta name=\"twitter:data1\" content=\"4 minutes\" \/>\n<script type=\"application\/ld+json\" class=\"yoast-schema-graph\">{\"@context\":\"https:\/\/schema.org\",\"@graph\":[{\"@type\":\"WebPage\",\"@id\":\"https:\/\/glycemic-index.net\/es\/indice-glucemico-de-las-comidas-rapidas\/\",\"url\":\"https:\/\/glycemic-index.net\/es\/indice-glucemico-de-las-comidas-rapidas\/\",\"name\":\"\u00cdndice gluc\u00e9mico de las comidas r\u00e1pidas - Gu\u00eda de \u00edndice gluc\u00e9mico\",\"isPartOf\":{\"@id\":\"https:\/\/glycemic-index.net\/es\/#website\"},\"datePublished\":\"2021-08-11T11:31:27+00:00\",\"dateModified\":\"2023-04-07T16:51:26+00:00\",\"description\":\"Al elegir comidas r\u00e1pidas con un \u00edndice gluc\u00e9mico m\u00e1s bajo, hay algunos factores clave que debe tener en cuenta...\",\"breadcrumb\":{\"@id\":\"https:\/\/glycemic-index.net\/es\/indice-glucemico-de-las-comidas-rapidas\/#breadcrumb\"},\"inLanguage\":\"en-US\",\"potentialAction\":[{\"@type\":\"ReadAction\",\"target\":[\"https:\/\/glycemic-index.net\/es\/indice-glucemico-de-las-comidas-rapidas\/\"]}]},{\"@type\":\"BreadcrumbList\",\"@id\":\"https:\/\/glycemic-index.net\/es\/indice-glucemico-de-las-comidas-rapidas\/#breadcrumb\",\"itemListElement\":[{\"@type\":\"ListItem\",\"position\":1,\"name\":\"Home\",\"item\":\"https:\/\/glycemic-index.net\/es\/\"},{\"@type\":\"ListItem\",\"position\":2,\"name\":\"\u00cdndice gluc\u00e9mico de las comidas r\u00e1pidas\"}]},{\"@type\":\"WebSite\",\"@id\":\"https:\/\/glycemic-index.net\/es\/#website\",\"url\":\"https:\/\/glycemic-index.net\/es\/\",\"name\":\"Gu\u00eda de \u00edndice gluc\u00e9mico\",\"description\":\"Aqu\u00ed encontrar\u00e1s todo lo que necesitas sobre el \u00edndice gluc\u00e9mico y la carga gluc\u00e9mica\",\"publisher\":{\"@id\":\"https:\/\/glycemic-index.net\/es\/#organization\"},\"potentialAction\":[{\"@type\":\"SearchAction\",\"target\":{\"@type\":\"EntryPoint\",\"urlTemplate\":\"https:\/\/glycemic-index.net\/es\/?s={search_term_string}\"},\"query-input\":\"required name=search_term_string\"}],\"inLanguage\":\"en-US\"},{\"@type\":\"Organization\",\"@id\":\"https:\/\/glycemic-index.net\/es\/#organization\",\"name\":\"Gu\u00eda de \u00edndice gluc\u00e9mico\",\"url\":\"https:\/\/glycemic-index.net\/es\/\",\"logo\":{\"@type\":\"ImageObject\",\"inLanguage\":\"en-US\",\"@id\":\"https:\/\/glycemic-index.net\/es\/#\/schema\/logo\/image\/\",\"url\":\"https:\/\/glycemic-index.net\/es\/wp-content\/uploads\/2023\/06\/logo_512-1.png\",\"contentUrl\":\"https:\/\/glycemic-index.net\/es\/wp-content\/uploads\/2023\/06\/logo_512-1.png\",\"width\":512,\"height\":512,\"caption\":\"Gu\u00eda de \u00edndice gluc\u00e9mico\"},\"image\":{\"@id\":\"https:\/\/glycemic-index.net\/es\/#\/schema\/logo\/image\/\"}}]}<\/script>\n<!-- \/ Yoast SEO plugin. -->","yoast_head_json":{"title":"\u00cdndice gluc\u00e9mico de las comidas r\u00e1pidas - Gu\u00eda de \u00edndice gluc\u00e9mico","description":"Al elegir comidas r\u00e1pidas con un \u00edndice gluc\u00e9mico m\u00e1s bajo, hay algunos factores clave que debe tener en cuenta...","robots":{"index":"index","follow":"follow","max-snippet":"max-snippet:-1","max-image-preview":"max-image-preview:large","max-video-preview":"max-video-preview:-1"},"canonical":"https:\/\/glycemic-index.net\/es\/indice-glucemico-de-las-comidas-rapidas\/","og_locale":"en_US","og_type":"article","og_title":"\u00cdndice gluc\u00e9mico de las comidas r\u00e1pidas - Gu\u00eda de \u00edndice gluc\u00e9mico","og_description":"Al elegir comidas r\u00e1pidas con un \u00edndice gluc\u00e9mico m\u00e1s bajo, hay algunos factores clave que debe tener en cuenta...","og_url":"https:\/\/glycemic-index.net\/es\/indice-glucemico-de-las-comidas-rapidas\/","og_site_name":"Gu\u00eda de \u00edndice gluc\u00e9mico","article_modified_time":"2023-04-07T16:51:26+00:00","og_image":[{"url":"https:\/\/glycemic-index.net\/images\/LTFRYZCnFS_small.webp"}],"twitter_card":"summary_large_image","twitter_misc":{"Est. reading time":"4 minutes"},"schema":{"@context":"https:\/\/schema.org","@graph":[{"@type":"WebPage","@id":"https:\/\/glycemic-index.net\/es\/indice-glucemico-de-las-comidas-rapidas\/","url":"https:\/\/glycemic-index.net\/es\/indice-glucemico-de-las-comidas-rapidas\/","name":"\u00cdndice gluc\u00e9mico de las comidas r\u00e1pidas - Gu\u00eda de \u00edndice gluc\u00e9mico","isPartOf":{"@id":"https:\/\/glycemic-index.net\/es\/#website"},"datePublished":"2021-08-11T11:31:27+00:00","dateModified":"2023-04-07T16:51:26+00:00","description":"Al elegir comidas r\u00e1pidas con un \u00edndice gluc\u00e9mico m\u00e1s bajo, hay algunos factores clave que debe tener en cuenta...","breadcrumb":{"@id":"https:\/\/glycemic-index.net\/es\/indice-glucemico-de-las-comidas-rapidas\/#breadcrumb"},"inLanguage":"en-US","potentialAction":[{"@type":"ReadAction","target":["https:\/\/glycemic-index.net\/es\/indice-glucemico-de-las-comidas-rapidas\/"]}]},{"@type":"BreadcrumbList","@id":"https:\/\/glycemic-index.net\/es\/indice-glucemico-de-las-comidas-rapidas\/#breadcrumb","itemListElement":[{"@type":"ListItem","position":1,"name":"Home","item":"https:\/\/glycemic-index.net\/es\/"},{"@type":"ListItem","position":2,"name":"\u00cdndice gluc\u00e9mico de las comidas r\u00e1pidas"}]},{"@type":"WebSite","@id":"https:\/\/glycemic-index.net\/es\/#website","url":"https:\/\/glycemic-index.net\/es\/","name":"Gu\u00eda de \u00edndice gluc\u00e9mico","description":"Aqu\u00ed encontrar\u00e1s todo lo que necesitas sobre el \u00edndice gluc\u00e9mico y la carga gluc\u00e9mica","publisher":{"@id":"https:\/\/glycemic-index.net\/es\/#organization"},"potentialAction":[{"@type":"SearchAction","target":{"@type":"EntryPoint","urlTemplate":"https:\/\/glycemic-index.net\/es\/?s={search_term_string}"},"query-input":"required name=search_term_string"}],"inLanguage":"en-US"},{"@type":"Organization","@id":"https:\/\/glycemic-index.net\/es\/#organization","name":"Gu\u00eda de \u00edndice gluc\u00e9mico","url":"https:\/\/glycemic-index.net\/es\/","logo":{"@type":"ImageObject","inLanguage":"en-US","@id":"https:\/\/glycemic-index.net\/es\/#\/schema\/logo\/image\/","url":"https:\/\/glycemic-index.net\/es\/wp-content\/uploads\/2023\/06\/logo_512-1.png","contentUrl":"https:\/\/glycemic-index.net\/es\/wp-content\/uploads\/2023\/06\/logo_512-1.png","width":512,"height":512,"caption":"Gu\u00eda de \u00edndice gluc\u00e9mico"},"image":{"@id":"https:\/\/glycemic-index.net\/es\/#\/schema\/logo\/image\/"}}]}},"_links":{"self":[{"href":"https:\/\/glycemic-index.net\/es\/wp-json\/wp\/v2\/pages\/1975","targetHints":{"allow":["GET"]}}],"collection":[{"href":"https:\/\/glycemic-index.net\/es\/wp-json\/wp\/v2\/pages"}],"about":[{"href":"https:\/\/glycemic-index.net\/es\/wp-json\/wp\/v2\/types\/page"}],"author":[{"embeddable":true,"href":"https:\/\/glycemic-index.net\/es\/wp-json\/wp\/v2\/users\/1"}],"replies":[{"embeddable":true,"href":"https:\/\/glycemic-index.net\/es\/wp-json\/wp\/v2\/comments?post=1975"}],"version-history":[{"count":3,"href":"https:\/\/glycemic-index.net\/es\/wp-json\/wp\/v2\/pages\/1975\/revisions"}],"predecessor-version":[{"id":3613,"href":"https:\/\/glycemic-index.net\/es\/wp-json\/wp\/v2\/pages\/1975\/revisions\/3613"}],"wp:attachment":[{"href":"https:\/\/glycemic-index.net\/es\/wp-json\/wp\/v2\/media?parent=1975"}],"curies":[{"name":"wp","href":"https:\/\/api.w.org\/{rel}","templated":true}]}}