{"id":1985,"date":"2021-08-11T11:36:23","date_gmt":"2021-08-11T11:36:23","guid":{"rendered":"https:\/\/glycemic-index.net\/?page_id=1985"},"modified":"2023-04-07T16:59:27","modified_gmt":"2023-04-07T16:59:27","slug":"indice-glucemico-de-setas","status":"publish","type":"page","link":"https:\/\/glycemic-index.net\/es\/indice-glucemico-de-setas\/","title":{"rendered":"\u00cdndice gluc\u00e9mico de setas"},"content":{"rendered":"\n<div style=\"height:30px\" aria-hidden=\"true\" class=\"wp-block-spacer\"><\/div>\n\n\n<form  class=\"is-search-form is-form-style is-form-style-3 is-form-id-2979 \" action=\"https:\/\/glycemic-index.net\/es\/\" method=\"get\" role=\"search\" ><label for=\"is-search-input-2979\"><span class=\"is-screen-reader-text\">Search for:<\/span><input  type=\"search\" id=\"is-search-input-2979\" name=\"s\" value=\"\" class=\"is-search-input\" placeholder=\"Busca aqu\u00ed...\" autocomplete=off \/><\/label><button type=\"submit\" class=\"is-search-submit\"><span class=\"is-screen-reader-text\">Search Button<\/span><span class=\"is-search-icon\"><svg focusable=\"false\" aria-label=\"Search\" xmlns=\"http:\/\/www.w3.org\/2000\/svg\" viewBox=\"0 0 24 24\" width=\"24px\"><path d=\"M15.5 14h-.79l-.28-.27C15.41 12.59 16 11.11 16 9.5 16 5.91 13.09 3 9.5 3S3 5.91 3 9.5 5.91 16 9.5 16c1.61 0 3.09-.59 4.23-1.57l.27.28v.79l5 4.99L20.49 19l-4.99-5zm-6 0C7.01 14 5 11.99 5 9.5S7.01 5 9.5 5 14 7.01 14 9.5 11.99 14 9.5 14z\"><\/path><\/svg><\/span><\/button><input type=\"hidden\" name=\"id\" value=\"2979\" \/><input type=\"hidden\" name=\"post_type\" value=\"post\" \/><\/form>\n\n\n\n<div style=\"height:30px\" aria-hidden=\"true\" class=\"wp-block-spacer\"><\/div>\n\n\n\n<p>Las setas son un ingrediente vers\u00e1til y delicioso en muchos platos. Proporcionan nutrientes esenciales y se han utilizado con fines medicinales durante siglos. Pero \u00bfqu\u00e9 pasa con su \u00edndice gluc\u00e9mico?<\/p>\n\n\n\n<p>El \u00edndice gluc\u00e9mico (IG) es una medida de la rapidez con la que los carbohidratos se descomponen en glucosa, la principal fuente de energ\u00eda de nuestro cuerpo. Los alimentos con IG m\u00e1s altos hacen que los niveles de az\u00facar en la sangre aumenten m\u00e1s r\u00e1pidamente que los alimentos con IG m\u00e1s bajos.<\/p>\n\n\n\n<p>Los champi\u00f1ones tienen un IG extremadamente bajo: solo 15-30 en la escala, seg\u00fan el tipo de hongo utilizado y si se ha cocinado o no. Esto los hace ideales para los diab\u00e9ticos, ya que ayudan a mantener estables los niveles de az\u00facar en la sangre a lo largo del tiempo sin aumentar demasiado en ning\u00fan momento.<\/p>\n\n\n\n<p>Para aquellos que no sufren de diabetes, los champi\u00f1ones a\u00fan pueden ser beneficiosos como parte de una dieta balanceada que ayuda a mantener niveles saludables de az\u00facar en la sangre en general debido a su \u00edndice GI bajo en comparaci\u00f3n con otras fuentes de carbohidratos como panes o papas que tienden a ser mucho m\u00e1s m\u00e1s arriba en la escala.<\/p>\n\n\n\n<p>Adem\u00e1s de tener un IG incre\u00edblemente bajo, los hongos tambi\u00e9n ofrecen muchos beneficios para la salud, como ser ricos en antioxidantes, vitaminas B6 y C, potasio y selenio, \u00a1todos componentes importantes cuando se lucha por obtener mejores resultados de salud!<\/p>\n\n\n\n<p>Adem\u00e1s, est\u00e1n repletos de fibra diet\u00e9tica que ayuda a aumentar la sensaci\u00f3n de saciedad despu\u00e9s de comer, por lo que no necesitar\u00e1 tanta comida durante el d\u00eda, \u00a1lo que facilita el mantenimiento del peso y al mismo tiempo resuelve su ingesta diaria de nutrientes!<\/p>\n\n\n\n<p>En general, si est\u00e1 buscando algo sabroso pero quiere algo relativamente bajo en el \u00edndice gluc\u00e9mico, \u00a1vale la pena probar los champi\u00f1ones! No solo har\u00e1n que las comidas sean m\u00e1s agradables, sino que tambi\u00e9n le dar\u00e1n al cuerpo un impulso adicional en cuanto a la nutrici\u00f3n, \u00a1perfecto si, como la mayor\u00eda de las personas hoy en d\u00eda, se esfuerza por lograr estilos de vida m\u00e1s saludables a trav\u00e9s de elecciones de alimentos m\u00e1s inteligentes!<\/p>\n\n\n\n<p>A continuaci\u00f3n puede encontrar una lista completa de hongos con su \u00edndice gluc\u00e9mico y rangos de carga gluc\u00e9mica.<\/p>\n\n\n\n<p>Nota: IG = \u00edndice gluc\u00e9mico, CG = carga gluc\u00e9mica<\/p>\n\n\n\n<table class=\"tftable\" border=\"1\">\n<tr><th>Foto<\/th><th width=\"55%\">Nombre<\/th><th>IG<\/th><th>CG<\/th><\/tr>\n<tr><td><a href=\"https:\/\/glycemic-index.net\/es\/champinones-cocidos\/\"><img decoding=\"async\" src=\"https:\/\/glycemic-index.net\/images\/dU7glVH0OI_small.webp\" alt=\"Champi\u00f1ones (cocidos)\" width=\"40\" height=\"40\">\n<\/a><\/td><td><a href=\"https:\/\/glycemic-index.net\/es\/champinones-cocidos\/\">Champi\u00f1ones (cocidos)<\/a><\/td><td><a href=\"https:\/\/glycemic-index.net\/es\/champinones-cocidos\/\">36<\/a><\/td><td><a href=\"https:\/\/glycemic-index.net\/es\/champinones-cocidos\/\">1.9<\/a><\/td><\/tr>\n<tr><td><a href=\"https:\/\/glycemic-index.net\/es\/hongos\/\"><img decoding=\"async\" src=\"https:\/\/glycemic-index.net\/images\/5Xnq0YR4LL_small.webp\" alt=\"Hongos\" width=\"40\" height=\"40\">\n<\/a><\/td><td><a href=\"https:\/\/glycemic-index.net\/es\/hongos\/\">Hongos<\/a><\/td><td><a href=\"https:\/\/glycemic-index.net\/es\/hongos\/\">15<\/a><\/td><td><a href=\"https:\/\/glycemic-index.net\/es\/hongos\/\">0.8<\/a><\/td><\/tr>\n<\/table>\n","protected":false},"excerpt":{"rendered":"<p>Las setas son un ingrediente vers\u00e1til y delicioso en muchos platos. Proporcionan nutrientes esenciales y se han utilizado con fines medicinales durante siglos. Pero \u00bfqu\u00e9 pasa con su \u00edndice gluc\u00e9mico? El \u00edndice gluc\u00e9mico (IG) es una medida de la rapidez con la que los carbohidratos se descomponen en glucosa, la principal fuente de energ\u00eda de &hellip;<\/p>\n<p class=\"read-more\"> <a class=\"\" href=\"https:\/\/glycemic-index.net\/es\/indice-glucemico-de-setas\/\"> <span class=\"screen-reader-text\">\u00cdndice gluc\u00e9mico de setas<\/span> Read More &raquo;<\/a><\/p>\n","protected":false},"author":1,"featured_media":0,"parent":0,"menu_order":0,"comment_status":"closed","ping_status":"closed","template":"","meta":{"site-sidebar-layout":"default","site-content-layout":"default","ast-global-header-display":"","ast-main-header-display":"","ast-hfb-above-header-display":"","ast-hfb-below-header-display":"","ast-hfb-mobile-header-display":"","site-post-title":"","ast-breadcrumbs-content":"","ast-featured-img":"","footer-sml-layout":"","theme-transparent-header-meta":"default","adv-header-id-meta":"","stick-header-meta":"","header-above-stick-meta":"","header-main-stick-meta":"","header-below-stick-meta":"","footnotes":""},"class_list":["post-1985","page","type-page","status-publish","hentry"],"yoast_head":"<!-- This site is optimized with the Yoast SEO plugin v21.7 - https:\/\/yoast.com\/wordpress\/plugins\/seo\/ -->\n<title>\u00cdndice gluc\u00e9mico de setas - Gu\u00eda de \u00edndice gluc\u00e9mico<\/title>\n<meta name=\"description\" content=\"Las setas son un ingrediente vers\u00e1til y delicioso en muchos platos. Proporcionan nutrientes esenciales y se han utilizado ...\" \/>\n<meta name=\"robots\" content=\"index, follow, max-snippet:-1, max-image-preview:large, max-video-preview:-1\" \/>\n<link rel=\"canonical\" href=\"https:\/\/glycemic-index.net\/es\/indice-glucemico-de-setas\/\" \/>\n<meta property=\"og:locale\" content=\"en_US\" \/>\n<meta property=\"og:type\" content=\"article\" \/>\n<meta property=\"og:title\" content=\"\u00cdndice gluc\u00e9mico de setas - Gu\u00eda de \u00edndice gluc\u00e9mico\" \/>\n<meta property=\"og:description\" content=\"Las setas son un ingrediente vers\u00e1til y delicioso en muchos platos. Proporcionan nutrientes esenciales y se han utilizado ...\" \/>\n<meta property=\"og:url\" content=\"https:\/\/glycemic-index.net\/es\/indice-glucemico-de-setas\/\" \/>\n<meta property=\"og:site_name\" content=\"Gu\u00eda de \u00edndice gluc\u00e9mico\" \/>\n<meta property=\"article:modified_time\" content=\"2023-04-07T16:59:27+00:00\" \/>\n<meta property=\"og:image\" content=\"https:\/\/glycemic-index.net\/images\/dU7glVH0OI_small.webp\" \/>\n<meta name=\"twitter:card\" content=\"summary_large_image\" \/>\n<meta name=\"twitter:label1\" content=\"Est. reading time\" \/>\n\t<meta name=\"twitter:data1\" content=\"3 minutes\" \/>\n<script type=\"application\/ld+json\" class=\"yoast-schema-graph\">{\"@context\":\"https:\/\/schema.org\",\"@graph\":[{\"@type\":\"WebPage\",\"@id\":\"https:\/\/glycemic-index.net\/es\/indice-glucemico-de-setas\/\",\"url\":\"https:\/\/glycemic-index.net\/es\/indice-glucemico-de-setas\/\",\"name\":\"\u00cdndice gluc\u00e9mico de setas - Gu\u00eda de \u00edndice gluc\u00e9mico\",\"isPartOf\":{\"@id\":\"https:\/\/glycemic-index.net\/es\/#website\"},\"datePublished\":\"2021-08-11T11:36:23+00:00\",\"dateModified\":\"2023-04-07T16:59:27+00:00\",\"description\":\"Las setas son un ingrediente vers\u00e1til y delicioso en muchos platos. Proporcionan nutrientes esenciales y se han utilizado ...\",\"breadcrumb\":{\"@id\":\"https:\/\/glycemic-index.net\/es\/indice-glucemico-de-setas\/#breadcrumb\"},\"inLanguage\":\"en-US\",\"potentialAction\":[{\"@type\":\"ReadAction\",\"target\":[\"https:\/\/glycemic-index.net\/es\/indice-glucemico-de-setas\/\"]}]},{\"@type\":\"BreadcrumbList\",\"@id\":\"https:\/\/glycemic-index.net\/es\/indice-glucemico-de-setas\/#breadcrumb\",\"itemListElement\":[{\"@type\":\"ListItem\",\"position\":1,\"name\":\"Home\",\"item\":\"https:\/\/glycemic-index.net\/es\/\"},{\"@type\":\"ListItem\",\"position\":2,\"name\":\"\u00cdndice gluc\u00e9mico de setas\"}]},{\"@type\":\"WebSite\",\"@id\":\"https:\/\/glycemic-index.net\/es\/#website\",\"url\":\"https:\/\/glycemic-index.net\/es\/\",\"name\":\"Gu\u00eda de \u00edndice gluc\u00e9mico\",\"description\":\"Aqu\u00ed encontrar\u00e1s todo lo que necesitas sobre el \u00edndice gluc\u00e9mico y la carga gluc\u00e9mica\",\"publisher\":{\"@id\":\"https:\/\/glycemic-index.net\/es\/#organization\"},\"potentialAction\":[{\"@type\":\"SearchAction\",\"target\":{\"@type\":\"EntryPoint\",\"urlTemplate\":\"https:\/\/glycemic-index.net\/es\/?s={search_term_string}\"},\"query-input\":\"required name=search_term_string\"}],\"inLanguage\":\"en-US\"},{\"@type\":\"Organization\",\"@id\":\"https:\/\/glycemic-index.net\/es\/#organization\",\"name\":\"Gu\u00eda de \u00edndice gluc\u00e9mico\",\"url\":\"https:\/\/glycemic-index.net\/es\/\",\"logo\":{\"@type\":\"ImageObject\",\"inLanguage\":\"en-US\",\"@id\":\"https:\/\/glycemic-index.net\/es\/#\/schema\/logo\/image\/\",\"url\":\"https:\/\/glycemic-index.net\/es\/wp-content\/uploads\/2023\/06\/logo_512-1.png\",\"contentUrl\":\"https:\/\/glycemic-index.net\/es\/wp-content\/uploads\/2023\/06\/logo_512-1.png\",\"width\":512,\"height\":512,\"caption\":\"Gu\u00eda de \u00edndice gluc\u00e9mico\"},\"image\":{\"@id\":\"https:\/\/glycemic-index.net\/es\/#\/schema\/logo\/image\/\"}}]}<\/script>\n<!-- \/ Yoast SEO plugin. -->","yoast_head_json":{"title":"\u00cdndice gluc\u00e9mico de setas - Gu\u00eda de \u00edndice gluc\u00e9mico","description":"Las setas son un ingrediente vers\u00e1til y delicioso en muchos platos. Proporcionan nutrientes esenciales y se han utilizado ...","robots":{"index":"index","follow":"follow","max-snippet":"max-snippet:-1","max-image-preview":"max-image-preview:large","max-video-preview":"max-video-preview:-1"},"canonical":"https:\/\/glycemic-index.net\/es\/indice-glucemico-de-setas\/","og_locale":"en_US","og_type":"article","og_title":"\u00cdndice gluc\u00e9mico de setas - Gu\u00eda de \u00edndice gluc\u00e9mico","og_description":"Las setas son un ingrediente vers\u00e1til y delicioso en muchos platos. Proporcionan nutrientes esenciales y se han utilizado ...","og_url":"https:\/\/glycemic-index.net\/es\/indice-glucemico-de-setas\/","og_site_name":"Gu\u00eda de \u00edndice gluc\u00e9mico","article_modified_time":"2023-04-07T16:59:27+00:00","og_image":[{"url":"https:\/\/glycemic-index.net\/images\/dU7glVH0OI_small.webp"}],"twitter_card":"summary_large_image","twitter_misc":{"Est. reading time":"3 minutes"},"schema":{"@context":"https:\/\/schema.org","@graph":[{"@type":"WebPage","@id":"https:\/\/glycemic-index.net\/es\/indice-glucemico-de-setas\/","url":"https:\/\/glycemic-index.net\/es\/indice-glucemico-de-setas\/","name":"\u00cdndice gluc\u00e9mico de setas - Gu\u00eda de \u00edndice gluc\u00e9mico","isPartOf":{"@id":"https:\/\/glycemic-index.net\/es\/#website"},"datePublished":"2021-08-11T11:36:23+00:00","dateModified":"2023-04-07T16:59:27+00:00","description":"Las setas son un ingrediente vers\u00e1til y delicioso en muchos platos. Proporcionan nutrientes esenciales y se han utilizado ...","breadcrumb":{"@id":"https:\/\/glycemic-index.net\/es\/indice-glucemico-de-setas\/#breadcrumb"},"inLanguage":"en-US","potentialAction":[{"@type":"ReadAction","target":["https:\/\/glycemic-index.net\/es\/indice-glucemico-de-setas\/"]}]},{"@type":"BreadcrumbList","@id":"https:\/\/glycemic-index.net\/es\/indice-glucemico-de-setas\/#breadcrumb","itemListElement":[{"@type":"ListItem","position":1,"name":"Home","item":"https:\/\/glycemic-index.net\/es\/"},{"@type":"ListItem","position":2,"name":"\u00cdndice gluc\u00e9mico de setas"}]},{"@type":"WebSite","@id":"https:\/\/glycemic-index.net\/es\/#website","url":"https:\/\/glycemic-index.net\/es\/","name":"Gu\u00eda de \u00edndice gluc\u00e9mico","description":"Aqu\u00ed encontrar\u00e1s todo lo que necesitas sobre el \u00edndice gluc\u00e9mico y la carga gluc\u00e9mica","publisher":{"@id":"https:\/\/glycemic-index.net\/es\/#organization"},"potentialAction":[{"@type":"SearchAction","target":{"@type":"EntryPoint","urlTemplate":"https:\/\/glycemic-index.net\/es\/?s={search_term_string}"},"query-input":"required name=search_term_string"}],"inLanguage":"en-US"},{"@type":"Organization","@id":"https:\/\/glycemic-index.net\/es\/#organization","name":"Gu\u00eda de \u00edndice gluc\u00e9mico","url":"https:\/\/glycemic-index.net\/es\/","logo":{"@type":"ImageObject","inLanguage":"en-US","@id":"https:\/\/glycemic-index.net\/es\/#\/schema\/logo\/image\/","url":"https:\/\/glycemic-index.net\/es\/wp-content\/uploads\/2023\/06\/logo_512-1.png","contentUrl":"https:\/\/glycemic-index.net\/es\/wp-content\/uploads\/2023\/06\/logo_512-1.png","width":512,"height":512,"caption":"Gu\u00eda de \u00edndice gluc\u00e9mico"},"image":{"@id":"https:\/\/glycemic-index.net\/es\/#\/schema\/logo\/image\/"}}]}},"_links":{"self":[{"href":"https:\/\/glycemic-index.net\/es\/wp-json\/wp\/v2\/pages\/1985","targetHints":{"allow":["GET"]}}],"collection":[{"href":"https:\/\/glycemic-index.net\/es\/wp-json\/wp\/v2\/pages"}],"about":[{"href":"https:\/\/glycemic-index.net\/es\/wp-json\/wp\/v2\/types\/page"}],"author":[{"embeddable":true,"href":"https:\/\/glycemic-index.net\/es\/wp-json\/wp\/v2\/users\/1"}],"replies":[{"embeddable":true,"href":"https:\/\/glycemic-index.net\/es\/wp-json\/wp\/v2\/comments?post=1985"}],"version-history":[{"count":3,"href":"https:\/\/glycemic-index.net\/es\/wp-json\/wp\/v2\/pages\/1985\/revisions"}],"predecessor-version":[{"id":3622,"href":"https:\/\/glycemic-index.net\/es\/wp-json\/wp\/v2\/pages\/1985\/revisions\/3622"}],"wp:attachment":[{"href":"https:\/\/glycemic-index.net\/es\/wp-json\/wp\/v2\/media?parent=1985"}],"curies":[{"name":"wp","href":"https:\/\/api.w.org\/{rel}","templated":true}]}}