{"id":1987,"date":"2021-08-11T11:37:07","date_gmt":"2021-08-11T11:37:07","guid":{"rendered":"https:\/\/glycemic-index.net\/?page_id=1987"},"modified":"2023-04-07T16:59:54","modified_gmt":"2023-04-07T16:59:54","slug":"indice-glucemico-de-las-nueces","status":"publish","type":"page","link":"https:\/\/glycemic-index.net\/es\/indice-glucemico-de-las-nueces\/","title":{"rendered":"\u00cdndice Gluc\u00e9mico de las nueces"},"content":{"rendered":"\n<div style=\"height:30px\" aria-hidden=\"true\" class=\"wp-block-spacer\"><\/div>\n\n\n<form  class=\"is-search-form is-form-style is-form-style-3 is-form-id-2979 \" action=\"https:\/\/glycemic-index.net\/es\/\" method=\"get\" role=\"search\" ><label for=\"is-search-input-2979\"><span class=\"is-screen-reader-text\">Search for:<\/span><input  type=\"search\" id=\"is-search-input-2979\" name=\"s\" value=\"\" class=\"is-search-input\" placeholder=\"Busca aqu\u00ed...\" autocomplete=off \/><\/label><button type=\"submit\" class=\"is-search-submit\"><span class=\"is-screen-reader-text\">Search Button<\/span><span class=\"is-search-icon\"><svg focusable=\"false\" aria-label=\"Search\" xmlns=\"http:\/\/www.w3.org\/2000\/svg\" viewBox=\"0 0 24 24\" width=\"24px\"><path d=\"M15.5 14h-.79l-.28-.27C15.41 12.59 16 11.11 16 9.5 16 5.91 13.09 3 9.5 3S3 5.91 3 9.5 5.91 16 9.5 16c1.61 0 3.09-.59 4.23-1.57l.27.28v.79l5 4.99L20.49 19l-4.99-5zm-6 0C7.01 14 5 11.99 5 9.5S7.01 5 9.5 5 14 7.01 14 9.5 11.99 14 9.5 14z\"><\/path><\/svg><\/span><\/button><input type=\"hidden\" name=\"id\" value=\"2979\" \/><input type=\"hidden\" name=\"post_type\" value=\"post\" \/><\/form>\n\n\n\n<div style=\"height:30px\" aria-hidden=\"true\" class=\"wp-block-spacer\"><\/div>\n\n\n\n<p>Las nueces son una excelente opci\u00f3n de refrigerio y brindan muchos beneficios nutricionales. Una de las cosas m\u00e1s importantes a considerar al decidir qu\u00e9 frutos secos elegir es su \u00edndice gluc\u00e9mico (IG).<\/p>\n\n\n\n<p>El IG mide qu\u00e9 tan r\u00e1pido los carbohidratos en los alimentos elevan los niveles de az\u00facar en la sangre despu\u00e9s de comerlos. Las nueces tienen un IG bajo, lo que significa que no causar\u00e1n picos en los niveles de az\u00facar en la sangre como lo pueden hacer otros bocadillos.<\/p>\n\n\n\n<p>Las almendras son uno de los tipos de nueces m\u00e1s saludables disponibles y tienen un puntaje de IG que var\u00eda de 0 a 2, dependiendo de c\u00f3mo las prepare. Contienen grasas monoinsaturadas, prote\u00ednas, fibra, magnesio y vitamina E, todos esenciales para una buena salud.<\/p>\n\n\n\n<p>Los anacardos tambi\u00e9n tienen un puntaje GI bajo que oscila entre 13 y 20 seg\u00fan el m\u00e9todo de preparaci\u00f3n; estos bocados de nuez ofrecen una impresionante variedad de minerales que incluyen zinc, cobre y manganeso, as\u00ed como \u00e1cidos grasos saludables como los omega-3.<\/p>\n\n\n\n<p>Las nueces ocupan un lugar bastante alto entre las nueces de \u00e1rbol con un rango de IG promedio entre 4 y 13, sin embargo, esto no indica necesariamente que las nueces aumentar\u00e1n los niveles de az\u00facar en la sangre significativamente m\u00e1s que las almendras o los anacardos; simplemente significa que las nueces deben consumirse con moderaci\u00f3n debido a \u00a1su contenido de carbohidratos ligeramente m\u00e1s alto que algunas otras variedades de nueces como las macadamias que solo contienen menos de 5 gramos por porci\u00f3n!<\/p>\n\n\n\n<p>Las nueces tambi\u00e9n cuentan con muchas grasas poliinsaturadas saludables para el coraz\u00f3n junto con antioxidantes como el \u00e1cido el\u00e1gico que puede ayudar a proteger contra el desarrollo del c\u00e1ncer al promover la muerte celular dentro de las c\u00e9lulas tumorales sin da\u00f1ar las c\u00e9lulas del tejido sano circundante.<\/p>\n\n\n\n<p>Las nueces de Brasil son otro tipo que vale la pena mencionar porque cuentan con cantidades masivas de selenio beneficioso (hasta un 644 % de la RDA por porci\u00f3n individual), lo que las hace ideales para aquellos que intentan obtener una ingesta diaria suficiente solo a trav\u00e9s de fuentes de alimentos en lugar de suplementos. Su rango de IG es de 8 a 21 y las porciones m\u00e1s grandes tienen valores m\u00e1s altos, por lo que si est\u00e1 buscando espec\u00edficamente controlar el aumento de glucosa despu\u00e9s de las comidas, entonces tambi\u00e9n es mejor mantenerlo al m\u00ednimo aqu\u00ed, no es necesario exagerar todav\u00eda, ya que Brasil todav\u00eda se considera relativamente &#8216;bajo&#8217; en comparaci\u00f3n otros por ah\u00ed de todos modos!<\/p>\n\n\n\n<p>En general, al seleccionar qu\u00e9 tipo de frutos secos consumir, aseg\u00farese de prestar atenci\u00f3n a su perfil de nutrientes individual: equilibrio de grasas\/prote\u00ednas junto con el recuento de carbohidratos antes de elegir lo que funciona mejor en funci\u00f3n de las necesidades diet\u00e9ticas.<\/p>\n\n\n\n<p>A continuaci\u00f3n puede encontrar una lista completa de nueces con su \u00edndice gluc\u00e9mico y rangos de carga gluc\u00e9mica.<\/p>\n\n\n\n<p>Nota: IG = \u00edndice gluc\u00e9mico, CG = carga gluc\u00e9mica<\/p>\n\n\n\n<table class=\"tftable\" border=\"1\">\n<tr><th>Foto<\/th><th width=\"55%\">Nombre<\/th><th>IG<\/th><th>CG<\/th><\/tr>\n<tr><td><a href=\"https:\/\/glycemic-index.net\/es\/almendra\/\"><img decoding=\"async\" src=\"https:\/\/glycemic-index.net\/images\/OCWai9RgtR_small.webp\" alt=\"Almendra\" width=\"40\" height=\"40\">\n<\/a><\/td><td><a href=\"https:\/\/glycemic-index.net\/es\/almendra\/\">Almendra<\/a><\/td><td><a href=\"https:\/\/glycemic-index.net\/es\/almendra\/\">15<\/a><\/td><td><a href=\"https:\/\/glycemic-index.net\/es\/almendra\/\">1.9<\/a><\/td><\/tr>\n<tr><td><a href=\"https:\/\/glycemic-index.net\/es\/anacardos\/\"><img decoding=\"async\" src=\"https:\/\/glycemic-index.net\/images\/2v8yfZAKst_small.webp\" alt=\"Anacardos\" width=\"40\" height=\"40\">\n<\/a><\/td><td><a href=\"https:\/\/glycemic-index.net\/es\/anacardos\/\">Anacardos<\/a><\/td><td><a href=\"https:\/\/glycemic-index.net\/es\/anacardos\/\">25<\/a><\/td><td><a href=\"https:\/\/glycemic-index.net\/es\/anacardos\/\">3.1<\/a><\/td><\/tr>\n<tr><td><a href=\"https:\/\/glycemic-index.net\/es\/anacardos\/\"><img decoding=\"async\" src=\"https:\/\/glycemic-index.net\/images\/a3DIxo8sCL_small.webp\" alt=\"Anacardos\" width=\"40\" height=\"40\">\n<\/a><\/td><td><a href=\"https:\/\/glycemic-index.net\/es\/anacardos\/\">Anacardos<\/a><\/td><td><a href=\"https:\/\/glycemic-index.net\/es\/anacardos\/\">15<\/a><\/td><td><a href=\"https:\/\/glycemic-index.net\/es\/anacardos\/\">4.5<\/a><\/td><\/tr>\n<tr><td><a href=\"https:\/\/glycemic-index.net\/es\/anacardos-salados\/\"><img loading=\"lazy\" decoding=\"async\" src=\"https:\/\/glycemic-index.net\/images\/UGJmAwsX1B_small.webp\" alt=\"Anacardos (salados)\" width=\"40\" height=\"40\">\n<\/a><\/td><td><a href=\"https:\/\/glycemic-index.net\/es\/anacardos-salados\/\">Anacardos (salados)<\/a><\/td><td><a href=\"https:\/\/glycemic-index.net\/es\/anacardos-salados\/\">22<\/a><\/td><td><a href=\"https:\/\/glycemic-index.net\/es\/anacardos-salados\/\">6.6<\/a><\/td><\/tr>\n<tr><td><a href=\"https:\/\/glycemic-index.net\/es\/avellana\/\"><img loading=\"lazy\" decoding=\"async\" src=\"https:\/\/glycemic-index.net\/images\/EUhOCK64Jt_small.webp\" alt=\"Avellana\" width=\"40\" height=\"40\">\n<\/a><\/td><td><a href=\"https:\/\/glycemic-index.net\/es\/avellana\/\">Avellana<\/a><\/td><td><a href=\"https:\/\/glycemic-index.net\/es\/avellana\/\">15<\/a><\/td><td><a href=\"https:\/\/glycemic-index.net\/es\/avellana\/\">2.5<\/a><\/td><\/tr>\n<tr><td><a href=\"https:\/\/glycemic-index.net\/es\/avellanas\/\"><img loading=\"lazy\" decoding=\"async\" src=\"https:\/\/glycemic-index.net\/images\/5HlEsGXbZy_small.webp\" alt=\"Avellanas\" width=\"40\" height=\"40\">\n<\/a><\/td><td><a href=\"https:\/\/glycemic-index.net\/es\/avellanas\/\">Avellanas<\/a><\/td><td><a href=\"https:\/\/glycemic-index.net\/es\/avellanas\/\">25<\/a><\/td><td><a href=\"https:\/\/glycemic-index.net\/es\/avellanas\/\">2.5<\/a><\/td><\/tr>\n<tr><td><a href=\"https:\/\/glycemic-index.net\/es\/bellotas\/\"><img loading=\"lazy\" decoding=\"async\" src=\"https:\/\/glycemic-index.net\/images\/Yzd4f48rU6_small.webp\" alt=\"Bellotas\" width=\"40\" height=\"40\">\n<\/a><\/td><td><a href=\"https:\/\/glycemic-index.net\/es\/bellotas\/\">Bellotas<\/a><\/td><td><a href=\"https:\/\/glycemic-index.net\/es\/bellotas\/\">25<\/a><\/td><td><a href=\"https:\/\/glycemic-index.net\/es\/bellotas\/\">10.3<\/a><\/td><\/tr>\n<tr><td><a href=\"https:\/\/glycemic-index.net\/es\/cacahuetes-tostados-en-seco\/\"><img loading=\"lazy\" decoding=\"async\" src=\"https:\/\/glycemic-index.net\/images\/7ZMJqVeBaK_small.webp\" alt=\"Cacahuetes (tostados en seco)\" width=\"40\" height=\"40\">\n<\/a><\/td><td><a href=\"https:\/\/glycemic-index.net\/es\/cacahuetes-tostados-en-seco\/\">Cacahuetes (tostados en seco)<\/a><\/td><td><a href=\"https:\/\/glycemic-index.net\/es\/cacahuetes-tostados-en-seco\/\">15<\/a><\/td><td><a href=\"https:\/\/glycemic-index.net\/es\/cacahuetes-tostados-en-seco\/\">2.3<\/a><\/td><\/tr>\n<tr><td><a href=\"https:\/\/glycemic-index.net\/es\/castana\/\"><img loading=\"lazy\" decoding=\"async\" src=\"https:\/\/glycemic-index.net\/images\/y5OG6PbpkS_small.webp\" alt=\"Casta\u00f1a\" width=\"40\" height=\"40\">\n<\/a><\/td><td><a href=\"https:\/\/glycemic-index.net\/es\/castana\/\">Casta\u00f1a<\/a><\/td><td><a href=\"https:\/\/glycemic-index.net\/es\/castana\/\">60<\/a><\/td><td><a href=\"https:\/\/glycemic-index.net\/es\/castana\/\">26.5<\/a><\/td><\/tr>\n<tr><td><a href=\"https:\/\/glycemic-index.net\/es\/coco\/\"><img loading=\"lazy\" decoding=\"async\" src=\"https:\/\/glycemic-index.net\/images\/Kcyxa6Rz3Y_small.webp\" alt=\"Coco\" width=\"40\" height=\"40\">\n<\/a><\/td><td><a href=\"https:\/\/glycemic-index.net\/es\/coco\/\">Coco<\/a><\/td><td><a href=\"https:\/\/glycemic-index.net\/es\/coco\/\">45<\/a><\/td><td><a href=\"https:\/\/glycemic-index.net\/es\/coco\/\">0.8<\/a><\/td><\/tr>\n<tr><td><a href=\"https:\/\/glycemic-index.net\/es\/mani\/\"><img loading=\"lazy\" decoding=\"async\" src=\"https:\/\/glycemic-index.net\/images\/5Bf7uGS5ZU_small.webp\" alt=\"Man\u00ed\" width=\"40\" height=\"40\">\n<\/a><\/td><td><a href=\"https:\/\/glycemic-index.net\/es\/mani\/\">Man\u00ed<\/a><\/td><td><a href=\"https:\/\/glycemic-index.net\/es\/mani\/\">15<\/a><\/td><td><a href=\"https:\/\/glycemic-index.net\/es\/mani\/\">2.4<\/a><\/td><\/tr>\n<tr><td><a href=\"https:\/\/glycemic-index.net\/es\/nueces\/\"><img loading=\"lazy\" decoding=\"async\" src=\"https:\/\/glycemic-index.net\/images\/IBuvGflLau_small.webp\" alt=\"Nueces\" width=\"40\" height=\"40\">\n<\/a><\/td><td><a href=\"https:\/\/glycemic-index.net\/es\/nueces\/\">Nueces<\/a><\/td><td><a href=\"https:\/\/glycemic-index.net\/es\/nueces\/\">15<\/a><\/td><td><a href=\"https:\/\/glycemic-index.net\/es\/nueces\/\">1.1<\/a><\/td><\/tr>\n<tr><td><a href=\"https:\/\/glycemic-index.net\/es\/nueces-mezclar-con-pasas\/\"><img loading=\"lazy\" decoding=\"async\" src=\"https:\/\/glycemic-index.net\/images\/X6lyiSWTNA_small.webp\" alt=\"Nueces (mezclar con pasas)\" width=\"40\" height=\"40\">\n<\/a><\/td><td><a href=\"https:\/\/glycemic-index.net\/es\/nueces-mezclar-con-pasas\/\">Nueces (mezclar con pasas)<\/a><\/td><td><a href=\"https:\/\/glycemic-index.net\/es\/nueces-mezclar-con-pasas\/\">21<\/a><\/td><td><a href=\"https:\/\/glycemic-index.net\/es\/nueces-mezclar-con-pasas\/\">9.8<\/a><\/td><\/tr>\n<tr><td><a href=\"https:\/\/glycemic-index.net\/es\/nuez\/\"><img loading=\"lazy\" decoding=\"async\" src=\"https:\/\/glycemic-index.net\/images\/0sEUiYPzDC_small.webp\" alt=\"Nuez\" width=\"40\" height=\"40\">\n<\/a><\/td><td><a href=\"https:\/\/glycemic-index.net\/es\/nuez\/\">Nuez<\/a><\/td><td><a href=\"https:\/\/glycemic-index.net\/es\/nuez\/\">15<\/a><\/td><td><a href=\"https:\/\/glycemic-index.net\/es\/nuez\/\">2.1<\/a><\/td><\/tr>\n<tr><td><a href=\"https:\/\/glycemic-index.net\/es\/pasta-de-almendras-blancas-pure-sin-edulcorantes\/\"><img loading=\"lazy\" decoding=\"async\" src=\"https:\/\/glycemic-index.net\/images\/In6joHnczH_small.webp\" alt=\"Pasta de almendras blancas \/ pur\u00e9 (sin edulcorantes)\" width=\"40\" height=\"40\">\n<\/a><\/td><td><a href=\"https:\/\/glycemic-index.net\/es\/pasta-de-almendras-blancas-pure-sin-edulcorantes\/\">Pasta de almendras blancas \/ pur\u00e9 (sin edulcorantes)<\/a><\/td><td><a href=\"https:\/\/glycemic-index.net\/es\/pasta-de-almendras-blancas-pure-sin-edulcorantes\/\">35<\/a><\/td><td><a href=\"https:\/\/glycemic-index.net\/es\/pasta-de-almendras-blancas-pure-sin-edulcorantes\/\">16.7<\/a><\/td><\/tr>\n<tr><td><a href=\"https:\/\/glycemic-index.net\/es\/pistachos\/\"><img loading=\"lazy\" decoding=\"async\" src=\"https:\/\/glycemic-index.net\/images\/Ru1KySjFE5_small.webp\" alt=\"Pistachos\" width=\"40\" height=\"40\">\n<\/a><\/td><td><a href=\"https:\/\/glycemic-index.net\/es\/pistachos\/\">Pistachos<\/a><\/td><td><a href=\"https:\/\/glycemic-index.net\/es\/pistachos\/\">15<\/a><\/td><td><a href=\"https:\/\/glycemic-index.net\/es\/pistachos\/\">4.2<\/a><\/td><\/tr>\n<tr><td><a href=\"https:\/\/glycemic-index.net\/es\/pinones\/\"><img loading=\"lazy\" decoding=\"async\" src=\"https:\/\/glycemic-index.net\/images\/S3tSr3aP5R_small.webp\" alt=\"Pi\u00f1ones\" width=\"40\" height=\"40\">\n<\/a><\/td><td><a href=\"https:\/\/glycemic-index.net\/es\/pinones\/\">Pi\u00f1ones<\/a><\/td><td><a href=\"https:\/\/glycemic-index.net\/es\/pinones\/\">15<\/a><\/td><td><a href=\"https:\/\/glycemic-index.net\/es\/pinones\/\">2.9<\/a><\/td><\/tr>\n<tr><td><a href=\"https:\/\/glycemic-index.net\/es\/tamarindo-dulce\/\"><img loading=\"lazy\" decoding=\"async\" src=\"https:\/\/glycemic-index.net\/images\/aswJADQQTd_small.webp\" alt=\"Tamarindo (dulce)\" width=\"40\" height=\"40\">\n<\/a><\/td><td><a href=\"https:\/\/glycemic-index.net\/es\/tamarindo-dulce\/\">Tamarindo (dulce)<\/a><\/td><td><a href=\"https:\/\/glycemic-index.net\/es\/tamarindo-dulce\/\">65<\/a><\/td><td><a href=\"https:\/\/glycemic-index.net\/es\/tamarindo-dulce\/\">40.8<\/a><\/td><\/tr>\n<tr><td><a href=\"https:\/\/glycemic-index.net\/es\/pinones\/\"><img loading=\"lazy\" decoding=\"async\" src=\"https:\/\/glycemic-index.net\/images\/0rLdgQBEjd_small.webp\" alt=\"pi\u00f1ones\" width=\"40\" height=\"40\">\n<\/a><\/td><td><a href=\"https:\/\/glycemic-index.net\/es\/pinones\/\">pi\u00f1ones<\/a><\/td><td><a href=\"https:\/\/glycemic-index.net\/es\/pinones\/\">15<\/a><\/td><td><a href=\"https:\/\/glycemic-index.net\/es\/pinones\/\">1.9<\/a><\/td><\/tr>\n<\/table>\n","protected":false},"excerpt":{"rendered":"<p>Las nueces son una excelente opci\u00f3n de refrigerio y brindan muchos beneficios nutricionales. Una de las cosas m\u00e1s importantes a considerar al decidir qu\u00e9 frutos secos elegir es su \u00edndice gluc\u00e9mico (IG). El IG mide qu\u00e9 tan r\u00e1pido los carbohidratos en los alimentos elevan los niveles de az\u00facar en la sangre despu\u00e9s de comerlos. Las &hellip;<\/p>\n<p class=\"read-more\"> <a class=\"\" href=\"https:\/\/glycemic-index.net\/es\/indice-glucemico-de-las-nueces\/\"> <span class=\"screen-reader-text\">\u00cdndice Gluc\u00e9mico de las nueces<\/span> Read More &raquo;<\/a><\/p>\n","protected":false},"author":1,"featured_media":0,"parent":0,"menu_order":0,"comment_status":"closed","ping_status":"closed","template":"","meta":{"site-sidebar-layout":"default","site-content-layout":"default","ast-global-header-display":"","ast-main-header-display":"","ast-hfb-above-header-display":"","ast-hfb-below-header-display":"","ast-hfb-mobile-header-display":"","site-post-title":"","ast-breadcrumbs-content":"","ast-featured-img":"","footer-sml-layout":"","theme-transparent-header-meta":"default","adv-header-id-meta":"","stick-header-meta":"","header-above-stick-meta":"","header-main-stick-meta":"","header-below-stick-meta":"","footnotes":""},"class_list":["post-1987","page","type-page","status-publish","hentry"],"yoast_head":"<!-- This site is optimized with the Yoast SEO plugin v21.7 - https:\/\/yoast.com\/wordpress\/plugins\/seo\/ -->\n<title>\u00cdndice Gluc\u00e9mico de las nueces - Gu\u00eda de \u00edndice gluc\u00e9mico<\/title>\n<meta name=\"description\" content=\"Las nueces son una excelente opci\u00f3n de refrigerio y brindan muchos beneficios nutricionales. Una de las cosas m\u00e1s importantes a considerar al decidir qu\u00e9 frutos secos...\" \/>\n<meta name=\"robots\" content=\"index, follow, max-snippet:-1, max-image-preview:large, max-video-preview:-1\" \/>\n<link rel=\"canonical\" href=\"https:\/\/glycemic-index.net\/es\/indice-glucemico-de-las-nueces\/\" \/>\n<meta property=\"og:locale\" content=\"en_US\" \/>\n<meta property=\"og:type\" content=\"article\" \/>\n<meta property=\"og:title\" content=\"\u00cdndice Gluc\u00e9mico de las nueces - Gu\u00eda de \u00edndice gluc\u00e9mico\" \/>\n<meta property=\"og:description\" content=\"Las nueces son una excelente opci\u00f3n de refrigerio y brindan muchos beneficios nutricionales. Una de las cosas m\u00e1s importantes a considerar al decidir qu\u00e9 frutos secos...\" \/>\n<meta property=\"og:url\" content=\"https:\/\/glycemic-index.net\/es\/indice-glucemico-de-las-nueces\/\" \/>\n<meta property=\"og:site_name\" content=\"Gu\u00eda de \u00edndice gluc\u00e9mico\" \/>\n<meta property=\"article:modified_time\" content=\"2023-04-07T16:59:54+00:00\" \/>\n<meta property=\"og:image\" content=\"https:\/\/glycemic-index.net\/images\/OCWai9RgtR_small.webp\" \/>\n<meta name=\"twitter:card\" content=\"summary_large_image\" \/>\n<meta name=\"twitter:label1\" content=\"Est. reading time\" \/>\n\t<meta name=\"twitter:data1\" content=\"7 minutes\" \/>\n<script type=\"application\/ld+json\" class=\"yoast-schema-graph\">{\"@context\":\"https:\/\/schema.org\",\"@graph\":[{\"@type\":\"WebPage\",\"@id\":\"https:\/\/glycemic-index.net\/es\/indice-glucemico-de-las-nueces\/\",\"url\":\"https:\/\/glycemic-index.net\/es\/indice-glucemico-de-las-nueces\/\",\"name\":\"\u00cdndice Gluc\u00e9mico de las nueces - Gu\u00eda de \u00edndice gluc\u00e9mico\",\"isPartOf\":{\"@id\":\"https:\/\/glycemic-index.net\/es\/#website\"},\"datePublished\":\"2021-08-11T11:37:07+00:00\",\"dateModified\":\"2023-04-07T16:59:54+00:00\",\"description\":\"Las nueces son una excelente opci\u00f3n de refrigerio y brindan muchos beneficios nutricionales. Una de las cosas m\u00e1s importantes a considerar al decidir qu\u00e9 frutos secos...\",\"breadcrumb\":{\"@id\":\"https:\/\/glycemic-index.net\/es\/indice-glucemico-de-las-nueces\/#breadcrumb\"},\"inLanguage\":\"en-US\",\"potentialAction\":[{\"@type\":\"ReadAction\",\"target\":[\"https:\/\/glycemic-index.net\/es\/indice-glucemico-de-las-nueces\/\"]}]},{\"@type\":\"BreadcrumbList\",\"@id\":\"https:\/\/glycemic-index.net\/es\/indice-glucemico-de-las-nueces\/#breadcrumb\",\"itemListElement\":[{\"@type\":\"ListItem\",\"position\":1,\"name\":\"Home\",\"item\":\"https:\/\/glycemic-index.net\/es\/\"},{\"@type\":\"ListItem\",\"position\":2,\"name\":\"\u00cdndice Gluc\u00e9mico de las nueces\"}]},{\"@type\":\"WebSite\",\"@id\":\"https:\/\/glycemic-index.net\/es\/#website\",\"url\":\"https:\/\/glycemic-index.net\/es\/\",\"name\":\"Gu\u00eda de \u00edndice gluc\u00e9mico\",\"description\":\"Aqu\u00ed encontrar\u00e1s todo lo que necesitas sobre el \u00edndice gluc\u00e9mico y la carga gluc\u00e9mica\",\"publisher\":{\"@id\":\"https:\/\/glycemic-index.net\/es\/#organization\"},\"potentialAction\":[{\"@type\":\"SearchAction\",\"target\":{\"@type\":\"EntryPoint\",\"urlTemplate\":\"https:\/\/glycemic-index.net\/es\/?s={search_term_string}\"},\"query-input\":\"required name=search_term_string\"}],\"inLanguage\":\"en-US\"},{\"@type\":\"Organization\",\"@id\":\"https:\/\/glycemic-index.net\/es\/#organization\",\"name\":\"Gu\u00eda de \u00edndice gluc\u00e9mico\",\"url\":\"https:\/\/glycemic-index.net\/es\/\",\"logo\":{\"@type\":\"ImageObject\",\"inLanguage\":\"en-US\",\"@id\":\"https:\/\/glycemic-index.net\/es\/#\/schema\/logo\/image\/\",\"url\":\"https:\/\/glycemic-index.net\/es\/wp-content\/uploads\/2023\/06\/logo_512-1.png\",\"contentUrl\":\"https:\/\/glycemic-index.net\/es\/wp-content\/uploads\/2023\/06\/logo_512-1.png\",\"width\":512,\"height\":512,\"caption\":\"Gu\u00eda de \u00edndice gluc\u00e9mico\"},\"image\":{\"@id\":\"https:\/\/glycemic-index.net\/es\/#\/schema\/logo\/image\/\"}}]}<\/script>\n<!-- \/ Yoast SEO plugin. -->","yoast_head_json":{"title":"\u00cdndice Gluc\u00e9mico de las nueces - Gu\u00eda de \u00edndice gluc\u00e9mico","description":"Las nueces son una excelente opci\u00f3n de refrigerio y brindan muchos beneficios nutricionales. Una de las cosas m\u00e1s importantes a considerar al decidir qu\u00e9 frutos secos...","robots":{"index":"index","follow":"follow","max-snippet":"max-snippet:-1","max-image-preview":"max-image-preview:large","max-video-preview":"max-video-preview:-1"},"canonical":"https:\/\/glycemic-index.net\/es\/indice-glucemico-de-las-nueces\/","og_locale":"en_US","og_type":"article","og_title":"\u00cdndice Gluc\u00e9mico de las nueces - Gu\u00eda de \u00edndice gluc\u00e9mico","og_description":"Las nueces son una excelente opci\u00f3n de refrigerio y brindan muchos beneficios nutricionales. Una de las cosas m\u00e1s importantes a considerar al decidir qu\u00e9 frutos secos...","og_url":"https:\/\/glycemic-index.net\/es\/indice-glucemico-de-las-nueces\/","og_site_name":"Gu\u00eda de \u00edndice gluc\u00e9mico","article_modified_time":"2023-04-07T16:59:54+00:00","og_image":[{"url":"https:\/\/glycemic-index.net\/images\/OCWai9RgtR_small.webp"}],"twitter_card":"summary_large_image","twitter_misc":{"Est. reading time":"7 minutes"},"schema":{"@context":"https:\/\/schema.org","@graph":[{"@type":"WebPage","@id":"https:\/\/glycemic-index.net\/es\/indice-glucemico-de-las-nueces\/","url":"https:\/\/glycemic-index.net\/es\/indice-glucemico-de-las-nueces\/","name":"\u00cdndice Gluc\u00e9mico de las nueces - Gu\u00eda de \u00edndice gluc\u00e9mico","isPartOf":{"@id":"https:\/\/glycemic-index.net\/es\/#website"},"datePublished":"2021-08-11T11:37:07+00:00","dateModified":"2023-04-07T16:59:54+00:00","description":"Las nueces son una excelente opci\u00f3n de refrigerio y brindan muchos beneficios nutricionales. Una de las cosas m\u00e1s importantes a considerar al decidir qu\u00e9 frutos secos...","breadcrumb":{"@id":"https:\/\/glycemic-index.net\/es\/indice-glucemico-de-las-nueces\/#breadcrumb"},"inLanguage":"en-US","potentialAction":[{"@type":"ReadAction","target":["https:\/\/glycemic-index.net\/es\/indice-glucemico-de-las-nueces\/"]}]},{"@type":"BreadcrumbList","@id":"https:\/\/glycemic-index.net\/es\/indice-glucemico-de-las-nueces\/#breadcrumb","itemListElement":[{"@type":"ListItem","position":1,"name":"Home","item":"https:\/\/glycemic-index.net\/es\/"},{"@type":"ListItem","position":2,"name":"\u00cdndice Gluc\u00e9mico de las nueces"}]},{"@type":"WebSite","@id":"https:\/\/glycemic-index.net\/es\/#website","url":"https:\/\/glycemic-index.net\/es\/","name":"Gu\u00eda de \u00edndice gluc\u00e9mico","description":"Aqu\u00ed encontrar\u00e1s todo lo que necesitas sobre el \u00edndice gluc\u00e9mico y la carga gluc\u00e9mica","publisher":{"@id":"https:\/\/glycemic-index.net\/es\/#organization"},"potentialAction":[{"@type":"SearchAction","target":{"@type":"EntryPoint","urlTemplate":"https:\/\/glycemic-index.net\/es\/?s={search_term_string}"},"query-input":"required name=search_term_string"}],"inLanguage":"en-US"},{"@type":"Organization","@id":"https:\/\/glycemic-index.net\/es\/#organization","name":"Gu\u00eda de \u00edndice gluc\u00e9mico","url":"https:\/\/glycemic-index.net\/es\/","logo":{"@type":"ImageObject","inLanguage":"en-US","@id":"https:\/\/glycemic-index.net\/es\/#\/schema\/logo\/image\/","url":"https:\/\/glycemic-index.net\/es\/wp-content\/uploads\/2023\/06\/logo_512-1.png","contentUrl":"https:\/\/glycemic-index.net\/es\/wp-content\/uploads\/2023\/06\/logo_512-1.png","width":512,"height":512,"caption":"Gu\u00eda de \u00edndice gluc\u00e9mico"},"image":{"@id":"https:\/\/glycemic-index.net\/es\/#\/schema\/logo\/image\/"}}]}},"_links":{"self":[{"href":"https:\/\/glycemic-index.net\/es\/wp-json\/wp\/v2\/pages\/1987","targetHints":{"allow":["GET"]}}],"collection":[{"href":"https:\/\/glycemic-index.net\/es\/wp-json\/wp\/v2\/pages"}],"about":[{"href":"https:\/\/glycemic-index.net\/es\/wp-json\/wp\/v2\/types\/page"}],"author":[{"embeddable":true,"href":"https:\/\/glycemic-index.net\/es\/wp-json\/wp\/v2\/users\/1"}],"replies":[{"embeddable":true,"href":"https:\/\/glycemic-index.net\/es\/wp-json\/wp\/v2\/comments?post=1987"}],"version-history":[{"count":3,"href":"https:\/\/glycemic-index.net\/es\/wp-json\/wp\/v2\/pages\/1987\/revisions"}],"predecessor-version":[{"id":3623,"href":"https:\/\/glycemic-index.net\/es\/wp-json\/wp\/v2\/pages\/1987\/revisions\/3623"}],"wp:attachment":[{"href":"https:\/\/glycemic-index.net\/es\/wp-json\/wp\/v2\/media?parent=1987"}],"curies":[{"name":"wp","href":"https:\/\/api.w.org\/{rel}","templated":true}]}}