{"id":1989,"date":"2021-08-11T11:37:52","date_gmt":"2021-08-11T11:37:52","guid":{"rendered":"https:\/\/glycemic-index.net\/?page_id=1989"},"modified":"2023-04-07T17:00:30","modified_gmt":"2023-04-07T17:00:30","slug":"indice-glucemico-de-aceites-y-salsas","status":"publish","type":"page","link":"https:\/\/glycemic-index.net\/es\/indice-glucemico-de-aceites-y-salsas\/","title":{"rendered":"\u00cdndice gluc\u00e9mico de aceites y salsas"},"content":{"rendered":"\n<div style=\"height:30px\" aria-hidden=\"true\" class=\"wp-block-spacer\"><\/div>\n\n\n<form  class=\"is-search-form is-form-style is-form-style-3 is-form-id-2979 \" action=\"https:\/\/glycemic-index.net\/es\/\" method=\"get\" role=\"search\" ><label for=\"is-search-input-2979\"><span class=\"is-screen-reader-text\">Search for:<\/span><input  type=\"search\" id=\"is-search-input-2979\" name=\"s\" value=\"\" class=\"is-search-input\" placeholder=\"Busca aqu\u00ed...\" autocomplete=off \/><\/label><button type=\"submit\" class=\"is-search-submit\"><span class=\"is-screen-reader-text\">Search Button<\/span><span class=\"is-search-icon\"><svg focusable=\"false\" aria-label=\"Search\" xmlns=\"http:\/\/www.w3.org\/2000\/svg\" viewBox=\"0 0 24 24\" width=\"24px\"><path d=\"M15.5 14h-.79l-.28-.27C15.41 12.59 16 11.11 16 9.5 16 5.91 13.09 3 9.5 3S3 5.91 3 9.5 5.91 16 9.5 16c1.61 0 3.09-.59 4.23-1.57l.27.28v.79l5 4.99L20.49 19l-4.99-5zm-6 0C7.01 14 5 11.99 5 9.5S7.01 5 9.5 5 14 7.01 14 9.5 11.99 14 9.5 14z\"><\/path><\/svg><\/span><\/button><input type=\"hidden\" name=\"id\" value=\"2979\" \/><input type=\"hidden\" name=\"post_type\" value=\"post\" \/><\/form>\n\n\n\n<div style=\"height:30px\" aria-hidden=\"true\" class=\"wp-block-spacer\"><\/div>\n\n\n\n<p>El \u00edndice gluc\u00e9mico es una medida de la rapidez con la que los carbohidratos se descomponen y se absorben en el torrente sangu\u00edneo. Cuanto m\u00e1s alto sea el IG, m\u00e1s r\u00e1pido su cuerpo descompondr\u00e1 esos carbohidratos y aumentar\u00e1 sus niveles de az\u00facar en la sangre.<\/p>\n\n\n\n<p>Los aceites y las salsas tambi\u00e9n pueden tener un impacto en nuestro nivel de az\u00facar en la sangre. Es importante comprender qu\u00e9 aceites y salsas tienen un \u00edndice gluc\u00e9mico bajo para que pueda tomar decisiones m\u00e1s saludables al cocinar o comer fuera.<\/p>\n\n\n\n<p>El aceite de oliva es uno de los aceites m\u00e1s saludables disponibles, con un \u00edndice GI de cero porque no contiene carbohidratos. El aceite de oliva virgen extra tiene a\u00fan m\u00e1s antioxidantes que el aceite de oliva normal, \u00a1lo que lo hace a\u00fan mejor para su salud en general!<\/p>\n\n\n\n<p>El aceite de coco tampoco contiene carbohidratos, pero obtiene un puntaje ligeramente m\u00e1s alto con 2 puntos en el \u00edndice gluc\u00e9mico debido a su alto contenido de grasas saturadas, aunque investigaciones recientes sugieren que el aceite de coco puede ser beneficioso para el control de la diabetes si se usa con moderaci\u00f3n como parte de un plan de dieta saludable general.<\/p>\n\n\n\n<p>El aceite de soya es otra opci\u00f3n popular entre los chefs que desean evitar las grasas trans y al mismo tiempo obtener algo de sabor en sus platos.<\/p>\n\n\n\n<p>El aceite de canola contiene menos calor\u00edas que otros aceites de cocina y, sin embargo, ofrece un gran sabor, pero como todos los aceites vegetales, debe consumirse con moderaci\u00f3n, ya que contienen \u00e1cidos grasos omega-6 no saludables, a menos que est\u00e9n etiquetados como &#8220;prensado en fr\u00edo&#8221; o una redacci\u00f3n similar que indique que se realiz\u00f3 un procesamiento m\u00ednimo durante la producci\u00f3n. proceso.<\/p>\n\n\n\n<p>Las salsas populares como el ketchup a menudo vienen con az\u00facares agregados que aumentan significativamente sus \u00edndices de \u00edndice gluc\u00e9mico, generalmente entre 15 y 20 seg\u00fan la marca, as\u00ed que lea las etiquetas cuidadosamente antes de agregarlas a los alimentos o servir tazones llenos junto con las comidas.<\/p>\n\n\n\n<p>Desafortunadamente, las salsas para barbacoa tambi\u00e9n tienen un rango bastante alto con alrededor de 40 IG, mientras que la salsa picante tiende a una escala m\u00e1s baja gracias en gran parte a la falta de presencia en la mayor\u00eda de las marcas con respecto a los az\u00facares \/ carbohidratos agregados, etc. \u00a1en esto!<\/p>\n\n\n\n<p>En conclusi\u00f3n, comprender qu\u00e9 efecto tienen ciertos alimentos en nuestros cuerpos nos ayuda a tomar decisiones informadas sobre lo que consumimos, particularmente cuando se consideran los impactos potenciales relacionados directamente con los niveles de glucosa a trav\u00e9s de las mediciones y clasificaciones del \u00cdndice Glycemix asociadas con los mismos.<\/p>\n\n\n\n<p>As\u00ed que la pr\u00f3xima vez que busque un condimento aceitoso, piense dos veces si se est\u00e1 haciendo alg\u00fan favor al seleccionar uno en lugar de otro basado estrictamente en los valores num\u00e9ricos asignados a cada variedad presentada aqu\u00ed hoy.<\/p>\n\n\n\n<p>A continuaci\u00f3n puede encontrar una lista completa de aceites y salsas con su \u00edndice gluc\u00e9mico y rangos de carga gluc\u00e9mica.<\/p>\n\n\n\n<p>Nota: IG = \u00edndice gluc\u00e9mico, CG = carga gluc\u00e9mica<\/p>\n\n\n\n<table class=\"tftable\" border=\"1\">\n<tr><th>Foto<\/th><th width=\"55%\">Nombre<\/th><th>IG<\/th><th>CG<\/th><\/tr>\n<tr><td><a href=\"https:\/\/glycemic-index.net\/es\/aceite-de-almendras\/\"><img decoding=\"async\" src=\"https:\/\/glycemic-index.net\/images\/AOA1AylMq8_small.webp\" alt=\"Aceite de almendras\" width=\"40\" height=\"40\">\n<\/a><\/td><td><a href=\"https:\/\/glycemic-index.net\/es\/aceite-de-almendras\/\">Aceite de almendras<\/a><\/td><td><a href=\"https:\/\/glycemic-index.net\/es\/aceite-de-almendras\/\">25<\/a><\/td><td><a href=\"https:\/\/glycemic-index.net\/es\/aceite-de-almendras\/\">0.0<\/a><\/td><\/tr>\n<tr><td><a href=\"https:\/\/glycemic-index.net\/es\/aceite-de-mani-sin-azucar\/\"><img decoding=\"async\" src=\"https:\/\/glycemic-index.net\/images\/VropOmUwsq_small.webp\" alt=\"Aceite de man\u00ed (sin az\u00facar)\" width=\"40\" height=\"40\">\n<\/a><\/td><td><a href=\"https:\/\/glycemic-index.net\/es\/aceite-de-mani-sin-azucar\/\">Aceite de man\u00ed (sin az\u00facar)<\/a><\/td><td><a href=\"https:\/\/glycemic-index.net\/es\/aceite-de-mani-sin-azucar\/\">40<\/a><\/td><td><a href=\"https:\/\/glycemic-index.net\/es\/aceite-de-mani-sin-azucar\/\">8.6<\/a><\/td><\/tr>\n<tr><td><a href=\"https:\/\/glycemic-index.net\/es\/aceite-de-oliva\/\"><img decoding=\"async\" src=\"https:\/\/glycemic-index.net\/images\/OHjnvj2hLa_small.webp\" alt=\"Aceite de oliva\" width=\"40\" height=\"40\">\n<\/a><\/td><td><a href=\"https:\/\/glycemic-index.net\/es\/aceite-de-oliva\/\">Aceite de oliva<\/a><\/td><td><a href=\"https:\/\/glycemic-index.net\/es\/aceite-de-oliva\/\">0<\/a><\/td><td><a href=\"https:\/\/glycemic-index.net\/es\/aceite-de-oliva\/\">0.0<\/a><\/td><\/tr>\n<tr><td><a href=\"https:\/\/glycemic-index.net\/es\/grasa-animal-vegetal\/\"><img loading=\"lazy\" decoding=\"async\" src=\"https:\/\/glycemic-index.net\/images\/aDGqhQgmvn_small.webp\" alt=\"Grasa (animal \/ vegetal)\" width=\"40\" height=\"40\">\n<\/a><\/td><td><a href=\"https:\/\/glycemic-index.net\/es\/grasa-animal-vegetal\/\">Grasa (animal \/ vegetal)<\/a><\/td><td><a href=\"https:\/\/glycemic-index.net\/es\/grasa-animal-vegetal\/\">0<\/a><\/td><td><a href=\"https:\/\/glycemic-index.net\/es\/grasa-animal-vegetal\/\">0.0<\/a><\/td><\/tr>\n<tr><td><a href=\"https:\/\/glycemic-index.net\/es\/grasa-de-ganso\/\"><img loading=\"lazy\" decoding=\"async\" src=\"https:\/\/glycemic-index.net\/images\/YAqLKf66dx_small.webp\" alt=\"Grasa de Ganso\" width=\"40\" height=\"40\">\n<\/a><\/td><td><a href=\"https:\/\/glycemic-index.net\/es\/grasa-de-ganso\/\">Grasa de Ganso<\/a><\/td><td><a href=\"https:\/\/glycemic-index.net\/es\/grasa-de-ganso\/\">0<\/a><\/td><td><a href=\"https:\/\/glycemic-index.net\/es\/grasa-de-ganso\/\">0.0<\/a><\/td><\/tr>\n<tr><td><a href=\"https:\/\/glycemic-index.net\/es\/grasa-vegetal\/\"><img loading=\"lazy\" decoding=\"async\" src=\"https:\/\/glycemic-index.net\/images\/DE4puH02OB_small.webp\" alt=\"Grasa vegetal\" width=\"40\" height=\"40\">\n<\/a><\/td><td><a href=\"https:\/\/glycemic-index.net\/es\/grasa-vegetal\/\">Grasa vegetal<\/a><\/td><td><a href=\"https:\/\/glycemic-index.net\/es\/grasa-vegetal\/\">0<\/a><\/td><td><a href=\"https:\/\/glycemic-index.net\/es\/grasa-vegetal\/\">0.0<\/a><\/td><\/tr>\n<tr><td><a href=\"https:\/\/glycemic-index.net\/es\/jarabe-de-trigo-jarabe-de-arroz\/\"><img loading=\"lazy\" decoding=\"async\" src=\"https:\/\/glycemic-index.net\/images\/AYB2keTe4N_small.webp\" alt=\"Jarabe de trigo, jarabe de arroz\" width=\"40\" height=\"40\">\n<\/a><\/td><td><a href=\"https:\/\/glycemic-index.net\/es\/jarabe-de-trigo-jarabe-de-arroz\/\">Jarabe de trigo, jarabe de arroz<\/a><\/td><td><a href=\"https:\/\/glycemic-index.net\/es\/jarabe-de-trigo-jarabe-de-arroz\/\">100<\/a><\/td><td><a href=\"https:\/\/glycemic-index.net\/es\/jarabe-de-trigo-jarabe-de-arroz\/\">77.0<\/a><\/td><\/tr>\n<tr><td><a href=\"https:\/\/glycemic-index.net\/es\/leche-de-coco-cruda\/\"><img loading=\"lazy\" decoding=\"async\" src=\"https:\/\/glycemic-index.net\/images\/ex1paVt9fa_small.webp\" alt=\"Leche de coco (cruda)\" width=\"40\" height=\"40\">\n<\/a><\/td><td><a href=\"https:\/\/glycemic-index.net\/es\/leche-de-coco-cruda\/\">Leche de coco (cruda)<\/a><\/td><td><a href=\"https:\/\/glycemic-index.net\/es\/leche-de-coco-cruda\/\">40<\/a><\/td><td><a href=\"https:\/\/glycemic-index.net\/es\/leche-de-coco-cruda\/\">1.1<\/a><\/td><\/tr>\n<tr><td><a href=\"https:\/\/glycemic-index.net\/es\/manteca\/\"><img loading=\"lazy\" decoding=\"async\" src=\"https:\/\/glycemic-index.net\/images\/H7tLEOzAG6_small.webp\" alt=\"Manteca\" width=\"40\" height=\"40\">\n<\/a><\/td><td><a href=\"https:\/\/glycemic-index.net\/es\/manteca\/\">Manteca<\/a><\/td><td><a href=\"https:\/\/glycemic-index.net\/es\/manteca\/\">0<\/a><\/td><td><a href=\"https:\/\/glycemic-index.net\/es\/manteca\/\">0.0<\/a><\/td><\/tr>\n<tr><td><a href=\"https:\/\/glycemic-index.net\/es\/mantequilla-alta-en-grasas\/\"><img loading=\"lazy\" decoding=\"async\" src=\"https:\/\/glycemic-index.net\/images\/EPkvSYaRdq_small.webp\" alt=\"Mantequilla (alta en grasas)\" width=\"40\" height=\"40\">\n<\/a><\/td><td><a href=\"https:\/\/glycemic-index.net\/es\/mantequilla-alta-en-grasas\/\">Mantequilla (alta en grasas)<\/a><\/td><td><a href=\"https:\/\/glycemic-index.net\/es\/mantequilla-alta-en-grasas\/\">14<\/a><\/td><td><a href=\"https:\/\/glycemic-index.net\/es\/mantequilla-alta-en-grasas\/\">0.1<\/a><\/td><\/tr>\n<tr><td><a href=\"https:\/\/glycemic-index.net\/es\/margarina\/\"><img loading=\"lazy\" decoding=\"async\" src=\"https:\/\/glycemic-index.net\/images\/aKxzP1f1l4_small.webp\" alt=\"Margarina\" width=\"40\" height=\"40\">\n<\/a><\/td><td><a href=\"https:\/\/glycemic-index.net\/es\/margarina\/\">Margarina<\/a><\/td><td><a href=\"https:\/\/glycemic-index.net\/es\/margarina\/\">0<\/a><\/td><td><a href=\"https:\/\/glycemic-index.net\/es\/margarina\/\">0.0<\/a><\/td><\/tr>\n<tr><td><a href=\"https:\/\/glycemic-index.net\/es\/mayonesa-casera\/\"><img loading=\"lazy\" decoding=\"async\" src=\"https:\/\/glycemic-index.net\/images\/bzEVMPuzl6_small.webp\" alt=\"Mayonesa (casera)\" width=\"40\" height=\"40\">\n<\/a><\/td><td><a href=\"https:\/\/glycemic-index.net\/es\/mayonesa-casera\/\">Mayonesa (casera)<\/a><\/td><td><a href=\"https:\/\/glycemic-index.net\/es\/mayonesa-casera\/\">0<\/a><\/td><td><a href=\"https:\/\/glycemic-index.net\/es\/mayonesa-casera\/\">0.0<\/a><\/td><\/tr>\n<tr><td><a href=\"https:\/\/glycemic-index.net\/es\/mayonesa-endulzada\/\"><img loading=\"lazy\" decoding=\"async\" src=\"https:\/\/glycemic-index.net\/images\/6DxXC4mWiA_small.webp\" alt=\"Mayonesa (endulzada)\" width=\"40\" height=\"40\">\n<\/a><\/td><td><a href=\"https:\/\/glycemic-index.net\/es\/mayonesa-endulzada\/\">Mayonesa (endulzada)<\/a><\/td><td><a href=\"https:\/\/glycemic-index.net\/es\/mayonesa-endulzada\/\">60<\/a><\/td><td><a href=\"https:\/\/glycemic-index.net\/es\/mayonesa-endulzada\/\">0.2<\/a><\/td><\/tr>\n<tr><td><a href=\"https:\/\/glycemic-index.net\/es\/pure-de-tomate\/\"><img loading=\"lazy\" decoding=\"async\" src=\"https:\/\/glycemic-index.net\/images\/7yqx6eo0Mt_small.webp\" alt=\"Pur\u00e9 de tomate\" width=\"40\" height=\"40\">\n<\/a><\/td><td><a href=\"https:\/\/glycemic-index.net\/es\/pure-de-tomate\/\">Pur\u00e9 de tomate<\/a><\/td><td><a href=\"https:\/\/glycemic-index.net\/es\/pure-de-tomate\/\">35<\/a><\/td><td><a href=\"https:\/\/glycemic-index.net\/es\/pure-de-tomate\/\">3.1<\/a><\/td><\/tr>\n<tr><td><a href=\"https:\/\/glycemic-index.net\/es\/salsa-de-pesto\/\"><img loading=\"lazy\" decoding=\"async\" src=\"https:\/\/glycemic-index.net\/images\/K14f4FB7GH_small.webp\" alt=\"Salsa de pesto)\" width=\"40\" height=\"40\">\n<\/a><\/td><td><a href=\"https:\/\/glycemic-index.net\/es\/salsa-de-pesto\/\">Salsa de pesto)<\/a><\/td><td><a href=\"https:\/\/glycemic-index.net\/es\/salsa-de-pesto\/\">15<\/a><\/td><td><a href=\"https:\/\/glycemic-index.net\/es\/salsa-de-pesto\/\">0.9<\/a><\/td><\/tr>\n<tr><td><a href=\"https:\/\/glycemic-index.net\/es\/salsa-de-soja\/\"><img loading=\"lazy\" decoding=\"async\" src=\"https:\/\/glycemic-index.net\/images\/taGJN8Gdm1_small.webp\" alt=\"Salsa de soja\" width=\"40\" height=\"40\">\n<\/a><\/td><td><a href=\"https:\/\/glycemic-index.net\/es\/salsa-de-soja\/\">Salsa de soja<\/a><\/td><td><a href=\"https:\/\/glycemic-index.net\/es\/salsa-de-soja\/\">20<\/a><\/td><td><a href=\"https:\/\/glycemic-index.net\/es\/salsa-de-soja\/\">1.0<\/a><\/td><\/tr>\n<tr><td><a href=\"https:\/\/glycemic-index.net\/es\/salsa-de-tomate-natural-sin-azucar\/\"><img loading=\"lazy\" decoding=\"async\" src=\"https:\/\/glycemic-index.net\/images\/XGBf8G5Ca5_small.webp\" alt=\"Salsa de tomate (natural, sin az\u00facar)\" width=\"40\" height=\"40\">\n<\/a><\/td><td><a href=\"https:\/\/glycemic-index.net\/es\/salsa-de-tomate-natural-sin-azucar\/\">Salsa de tomate (natural, sin az\u00facar)<\/a><\/td><td><a href=\"https:\/\/glycemic-index.net\/es\/salsa-de-tomate-natural-sin-azucar\/\">35<\/a><\/td><td><a href=\"https:\/\/glycemic-index.net\/es\/salsa-de-tomate-natural-sin-azucar\/\">1.3<\/a><\/td><\/tr>\n<\/table>\n","protected":false},"excerpt":{"rendered":"<p>El \u00edndice gluc\u00e9mico es una medida de la rapidez con la que los carbohidratos se descomponen y se absorben en el torrente sangu\u00edneo. Cuanto m\u00e1s alto sea el IG, m\u00e1s r\u00e1pido su cuerpo descompondr\u00e1 esos carbohidratos y aumentar\u00e1 sus niveles de az\u00facar en la sangre. Los aceites y las salsas tambi\u00e9n pueden tener un impacto &hellip;<\/p>\n<p class=\"read-more\"> <a class=\"\" href=\"https:\/\/glycemic-index.net\/es\/indice-glucemico-de-aceites-y-salsas\/\"> <span class=\"screen-reader-text\">\u00cdndice gluc\u00e9mico de aceites y salsas<\/span> Read More &raquo;<\/a><\/p>\n","protected":false},"author":1,"featured_media":0,"parent":0,"menu_order":0,"comment_status":"closed","ping_status":"closed","template":"","meta":{"site-sidebar-layout":"default","site-content-layout":"default","ast-global-header-display":"","ast-main-header-display":"","ast-hfb-above-header-display":"","ast-hfb-below-header-display":"","ast-hfb-mobile-header-display":"","site-post-title":"","ast-breadcrumbs-content":"","ast-featured-img":"","footer-sml-layout":"","theme-transparent-header-meta":"default","adv-header-id-meta":"","stick-header-meta":"","header-above-stick-meta":"","header-main-stick-meta":"","header-below-stick-meta":"","footnotes":""},"class_list":["post-1989","page","type-page","status-publish","hentry"],"yoast_head":"<!-- This site is optimized with the Yoast SEO plugin v21.7 - https:\/\/yoast.com\/wordpress\/plugins\/seo\/ -->\n<title>\u00cdndice gluc\u00e9mico de aceites y salsas - Gu\u00eda de \u00edndice gluc\u00e9mico<\/title>\n<meta name=\"description\" content=\"Los aceites y las salsas tambi\u00e9n pueden tener un impacto en nuestro nivel de az\u00facar en la sangre. Es importante entender qu\u00e9 aceites y salsas tienen un \u00edndice gluc\u00e9mico bajo...\" \/>\n<meta name=\"robots\" content=\"index, follow, max-snippet:-1, max-image-preview:large, max-video-preview:-1\" \/>\n<link rel=\"canonical\" href=\"https:\/\/glycemic-index.net\/es\/indice-glucemico-de-aceites-y-salsas\/\" \/>\n<meta property=\"og:locale\" content=\"en_US\" \/>\n<meta property=\"og:type\" content=\"article\" \/>\n<meta property=\"og:title\" content=\"\u00cdndice gluc\u00e9mico de aceites y salsas - Gu\u00eda de \u00edndice gluc\u00e9mico\" \/>\n<meta property=\"og:description\" content=\"Los aceites y las salsas tambi\u00e9n pueden tener un impacto en nuestro nivel de az\u00facar en la sangre. Es importante entender qu\u00e9 aceites y salsas tienen un \u00edndice gluc\u00e9mico bajo...\" \/>\n<meta property=\"og:url\" content=\"https:\/\/glycemic-index.net\/es\/indice-glucemico-de-aceites-y-salsas\/\" \/>\n<meta property=\"og:site_name\" content=\"Gu\u00eda de \u00edndice gluc\u00e9mico\" \/>\n<meta property=\"article:modified_time\" content=\"2023-04-07T17:00:30+00:00\" \/>\n<meta property=\"og:image\" content=\"https:\/\/glycemic-index.net\/images\/AOA1AylMq8_small.webp\" \/>\n<meta name=\"twitter:card\" content=\"summary_large_image\" \/>\n<meta name=\"twitter:label1\" content=\"Est. reading time\" \/>\n\t<meta name=\"twitter:data1\" content=\"7 minutes\" \/>\n<script type=\"application\/ld+json\" class=\"yoast-schema-graph\">{\"@context\":\"https:\/\/schema.org\",\"@graph\":[{\"@type\":\"WebPage\",\"@id\":\"https:\/\/glycemic-index.net\/es\/indice-glucemico-de-aceites-y-salsas\/\",\"url\":\"https:\/\/glycemic-index.net\/es\/indice-glucemico-de-aceites-y-salsas\/\",\"name\":\"\u00cdndice gluc\u00e9mico de aceites y salsas - Gu\u00eda de \u00edndice gluc\u00e9mico\",\"isPartOf\":{\"@id\":\"https:\/\/glycemic-index.net\/es\/#website\"},\"datePublished\":\"2021-08-11T11:37:52+00:00\",\"dateModified\":\"2023-04-07T17:00:30+00:00\",\"description\":\"Los aceites y las salsas tambi\u00e9n pueden tener un impacto en nuestro nivel de az\u00facar en la sangre. Es importante entender qu\u00e9 aceites y salsas tienen un \u00edndice gluc\u00e9mico bajo...\",\"breadcrumb\":{\"@id\":\"https:\/\/glycemic-index.net\/es\/indice-glucemico-de-aceites-y-salsas\/#breadcrumb\"},\"inLanguage\":\"en-US\",\"potentialAction\":[{\"@type\":\"ReadAction\",\"target\":[\"https:\/\/glycemic-index.net\/es\/indice-glucemico-de-aceites-y-salsas\/\"]}]},{\"@type\":\"BreadcrumbList\",\"@id\":\"https:\/\/glycemic-index.net\/es\/indice-glucemico-de-aceites-y-salsas\/#breadcrumb\",\"itemListElement\":[{\"@type\":\"ListItem\",\"position\":1,\"name\":\"Home\",\"item\":\"https:\/\/glycemic-index.net\/es\/\"},{\"@type\":\"ListItem\",\"position\":2,\"name\":\"\u00cdndice gluc\u00e9mico de aceites y salsas\"}]},{\"@type\":\"WebSite\",\"@id\":\"https:\/\/glycemic-index.net\/es\/#website\",\"url\":\"https:\/\/glycemic-index.net\/es\/\",\"name\":\"Gu\u00eda de \u00edndice gluc\u00e9mico\",\"description\":\"Aqu\u00ed encontrar\u00e1s todo lo que necesitas sobre el \u00edndice gluc\u00e9mico y la carga gluc\u00e9mica\",\"publisher\":{\"@id\":\"https:\/\/glycemic-index.net\/es\/#organization\"},\"potentialAction\":[{\"@type\":\"SearchAction\",\"target\":{\"@type\":\"EntryPoint\",\"urlTemplate\":\"https:\/\/glycemic-index.net\/es\/?s={search_term_string}\"},\"query-input\":\"required name=search_term_string\"}],\"inLanguage\":\"en-US\"},{\"@type\":\"Organization\",\"@id\":\"https:\/\/glycemic-index.net\/es\/#organization\",\"name\":\"Gu\u00eda de \u00edndice gluc\u00e9mico\",\"url\":\"https:\/\/glycemic-index.net\/es\/\",\"logo\":{\"@type\":\"ImageObject\",\"inLanguage\":\"en-US\",\"@id\":\"https:\/\/glycemic-index.net\/es\/#\/schema\/logo\/image\/\",\"url\":\"https:\/\/glycemic-index.net\/es\/wp-content\/uploads\/2023\/06\/logo_512-1.png\",\"contentUrl\":\"https:\/\/glycemic-index.net\/es\/wp-content\/uploads\/2023\/06\/logo_512-1.png\",\"width\":512,\"height\":512,\"caption\":\"Gu\u00eda de \u00edndice gluc\u00e9mico\"},\"image\":{\"@id\":\"https:\/\/glycemic-index.net\/es\/#\/schema\/logo\/image\/\"}}]}<\/script>\n<!-- \/ Yoast SEO plugin. -->","yoast_head_json":{"title":"\u00cdndice gluc\u00e9mico de aceites y salsas - Gu\u00eda de \u00edndice gluc\u00e9mico","description":"Los aceites y las salsas tambi\u00e9n pueden tener un impacto en nuestro nivel de az\u00facar en la sangre. Es importante entender qu\u00e9 aceites y salsas tienen un \u00edndice gluc\u00e9mico bajo...","robots":{"index":"index","follow":"follow","max-snippet":"max-snippet:-1","max-image-preview":"max-image-preview:large","max-video-preview":"max-video-preview:-1"},"canonical":"https:\/\/glycemic-index.net\/es\/indice-glucemico-de-aceites-y-salsas\/","og_locale":"en_US","og_type":"article","og_title":"\u00cdndice gluc\u00e9mico de aceites y salsas - Gu\u00eda de \u00edndice gluc\u00e9mico","og_description":"Los aceites y las salsas tambi\u00e9n pueden tener un impacto en nuestro nivel de az\u00facar en la sangre. Es importante entender qu\u00e9 aceites y salsas tienen un \u00edndice gluc\u00e9mico bajo...","og_url":"https:\/\/glycemic-index.net\/es\/indice-glucemico-de-aceites-y-salsas\/","og_site_name":"Gu\u00eda de \u00edndice gluc\u00e9mico","article_modified_time":"2023-04-07T17:00:30+00:00","og_image":[{"url":"https:\/\/glycemic-index.net\/images\/AOA1AylMq8_small.webp"}],"twitter_card":"summary_large_image","twitter_misc":{"Est. reading time":"7 minutes"},"schema":{"@context":"https:\/\/schema.org","@graph":[{"@type":"WebPage","@id":"https:\/\/glycemic-index.net\/es\/indice-glucemico-de-aceites-y-salsas\/","url":"https:\/\/glycemic-index.net\/es\/indice-glucemico-de-aceites-y-salsas\/","name":"\u00cdndice gluc\u00e9mico de aceites y salsas - Gu\u00eda de \u00edndice gluc\u00e9mico","isPartOf":{"@id":"https:\/\/glycemic-index.net\/es\/#website"},"datePublished":"2021-08-11T11:37:52+00:00","dateModified":"2023-04-07T17:00:30+00:00","description":"Los aceites y las salsas tambi\u00e9n pueden tener un impacto en nuestro nivel de az\u00facar en la sangre. Es importante entender qu\u00e9 aceites y salsas tienen un \u00edndice gluc\u00e9mico bajo...","breadcrumb":{"@id":"https:\/\/glycemic-index.net\/es\/indice-glucemico-de-aceites-y-salsas\/#breadcrumb"},"inLanguage":"en-US","potentialAction":[{"@type":"ReadAction","target":["https:\/\/glycemic-index.net\/es\/indice-glucemico-de-aceites-y-salsas\/"]}]},{"@type":"BreadcrumbList","@id":"https:\/\/glycemic-index.net\/es\/indice-glucemico-de-aceites-y-salsas\/#breadcrumb","itemListElement":[{"@type":"ListItem","position":1,"name":"Home","item":"https:\/\/glycemic-index.net\/es\/"},{"@type":"ListItem","position":2,"name":"\u00cdndice gluc\u00e9mico de aceites y salsas"}]},{"@type":"WebSite","@id":"https:\/\/glycemic-index.net\/es\/#website","url":"https:\/\/glycemic-index.net\/es\/","name":"Gu\u00eda de \u00edndice gluc\u00e9mico","description":"Aqu\u00ed encontrar\u00e1s todo lo que necesitas sobre el \u00edndice gluc\u00e9mico y la carga gluc\u00e9mica","publisher":{"@id":"https:\/\/glycemic-index.net\/es\/#organization"},"potentialAction":[{"@type":"SearchAction","target":{"@type":"EntryPoint","urlTemplate":"https:\/\/glycemic-index.net\/es\/?s={search_term_string}"},"query-input":"required name=search_term_string"}],"inLanguage":"en-US"},{"@type":"Organization","@id":"https:\/\/glycemic-index.net\/es\/#organization","name":"Gu\u00eda de \u00edndice gluc\u00e9mico","url":"https:\/\/glycemic-index.net\/es\/","logo":{"@type":"ImageObject","inLanguage":"en-US","@id":"https:\/\/glycemic-index.net\/es\/#\/schema\/logo\/image\/","url":"https:\/\/glycemic-index.net\/es\/wp-content\/uploads\/2023\/06\/logo_512-1.png","contentUrl":"https:\/\/glycemic-index.net\/es\/wp-content\/uploads\/2023\/06\/logo_512-1.png","width":512,"height":512,"caption":"Gu\u00eda de \u00edndice gluc\u00e9mico"},"image":{"@id":"https:\/\/glycemic-index.net\/es\/#\/schema\/logo\/image\/"}}]}},"_links":{"self":[{"href":"https:\/\/glycemic-index.net\/es\/wp-json\/wp\/v2\/pages\/1989","targetHints":{"allow":["GET"]}}],"collection":[{"href":"https:\/\/glycemic-index.net\/es\/wp-json\/wp\/v2\/pages"}],"about":[{"href":"https:\/\/glycemic-index.net\/es\/wp-json\/wp\/v2\/types\/page"}],"author":[{"embeddable":true,"href":"https:\/\/glycemic-index.net\/es\/wp-json\/wp\/v2\/users\/1"}],"replies":[{"embeddable":true,"href":"https:\/\/glycemic-index.net\/es\/wp-json\/wp\/v2\/comments?post=1989"}],"version-history":[{"count":4,"href":"https:\/\/glycemic-index.net\/es\/wp-json\/wp\/v2\/pages\/1989\/revisions"}],"predecessor-version":[{"id":3624,"href":"https:\/\/glycemic-index.net\/es\/wp-json\/wp\/v2\/pages\/1989\/revisions\/3624"}],"wp:attachment":[{"href":"https:\/\/glycemic-index.net\/es\/wp-json\/wp\/v2\/media?parent=1989"}],"curies":[{"name":"wp","href":"https:\/\/api.w.org\/{rel}","templated":true}]}}