{"id":1991,"date":"2021-08-11T11:38:36","date_gmt":"2021-08-11T11:38:36","guid":{"rendered":"https:\/\/glycemic-index.net\/?page_id=1991"},"modified":"2023-04-07T17:01:04","modified_gmt":"2023-04-07T17:01:04","slug":"indice-glucemico-de-mariscos","status":"publish","type":"page","link":"https:\/\/glycemic-index.net\/es\/indice-glucemico-de-mariscos\/","title":{"rendered":"\u00cdndice gluc\u00e9mico de mariscos"},"content":{"rendered":"<form  class=\"is-search-form is-form-style is-form-style-3 is-form-id-2979 \" action=\"https:\/\/glycemic-index.net\/es\/\" method=\"get\" role=\"search\" ><label for=\"is-search-input-2979\"><span class=\"is-screen-reader-text\">Search for:<\/span><input  type=\"search\" id=\"is-search-input-2979\" name=\"s\" value=\"\" class=\"is-search-input\" placeholder=\"Busca aqu\u00ed...\" autocomplete=off \/><\/label><button type=\"submit\" class=\"is-search-submit\"><span class=\"is-screen-reader-text\">Search Button<\/span><span class=\"is-search-icon\"><svg focusable=\"false\" aria-label=\"Search\" xmlns=\"http:\/\/www.w3.org\/2000\/svg\" viewBox=\"0 0 24 24\" width=\"24px\"><path d=\"M15.5 14h-.79l-.28-.27C15.41 12.59 16 11.11 16 9.5 16 5.91 13.09 3 9.5 3S3 5.91 3 9.5 5.91 16 9.5 16c1.61 0 3.09-.59 4.23-1.57l.27.28v.79l5 4.99L20.49 19l-4.99-5zm-6 0C7.01 14 5 11.99 5 9.5S7.01 5 9.5 5 14 7.01 14 9.5 11.99 14 9.5 14z\"><\/path><\/svg><\/span><\/button><input type=\"hidden\" name=\"id\" value=\"2979\" \/><input type=\"hidden\" name=\"post_type\" value=\"post\" \/><\/form>\n\n\n\n<p><\/p>\n\n\n\n<p>Los mariscos son conocidos desde hace mucho tiempo por sus beneficios para la salud, pero \u00bfsab\u00edas que tambi\u00e9n desempe\u00f1an un papel en el control de los niveles de az\u00facar en la sangre?<\/p>\n\n\n\n<p>El \u00edndice gluc\u00e9mico (IG) es una medida de la rapidez con que los carbohidratos de los alimentos elevan la glucosa en sangre. Los mariscos, especialmente los pescados grasos como el salm\u00f3n y el at\u00fan, tienen valores de IG bajos y pueden ayudar a estabilizar el nivel de az\u00facar en la sangre despu\u00e9s de comer.<\/p>\n\n\n\n<p>El \u00edndice gluc\u00e9mico mide la velocidad a la que los diferentes alimentos se descomponen en az\u00facares simples durante la digesti\u00f3n; esto afecta la rapidez con la que ingresan al torrente sangu\u00edneo. Los alimentos con un IG alto provocar\u00e1n picos r\u00e1pidos en el nivel de az\u00facar en la sangre, mientras que aquellos con un IG m\u00e1s bajo dar\u00e1n aumentos m\u00e1s graduales con el tiempo.<\/p>\n\n\n\n<p>En t\u00e9rminos generales, los mariscos tienden a tener valores de IG relativamente bajos en comparaci\u00f3n con otras fuentes de prote\u00ednas como la carne roja o los frijoles. Ciertos tipos de pescados y mariscos obtienen mejores resultados que otros cuando se trata de su valor de IG: el camar\u00f3n y el bacalao tienen un IG muy bajo, mientras que el cangrejo tiene uno ligeramente m\u00e1s alto. \u00a1El salm\u00f3n es quiz\u00e1s la mejor opci\u00f3n que existe debido a su contenido incre\u00edblemente nutritivo que consiste principalmente en \u00e1cidos grasos Omega 3 adem\u00e1s de estar entre algunas de las prote\u00ednas con IG m\u00e1s bajas disponibles!<\/p>\n\n\n\n<p>Adem\u00e1s, la investigaci\u00f3n sugiere que sustituir el pescado por carne de res o cerdo puede resultar en un mejor control metab\u00f3lico a pesar de la ingesta de energ\u00eda similar en todas las dietas evaluadas, por lo que si est\u00e1 buscando formas de mejorar la sensibilidad a la insulina sin sacrificar el sabor, entonces podr\u00eda ser mejor agregar m\u00e1s mariscos a su dieta. \u00a1una forma ideal de avanzar!<\/p>\n\n\n\n<p>Cuando prepare comidas con pescado, aseg\u00farese siempre de no usar demasiado aceite\/grasa, ya que esto puede aumentar sus \u00edndices gluc\u00e9micos, que ya son moderados, de manera bastante dr\u00e1stica, lo que los convierte en opciones menos adecuadas para los diab\u00e9ticos que deben controlar cuidadosamente su ingesta diaria de carbohidratos y deben tener especial cuidado al planificar los men\u00fas en consecuencia.<\/p>\n\n\n\n<p>En general, incluir abundantes porciones de platos de mariscos magros y saludables dentro de nuestros planes de comidas semanales puede proporcionarnos beneficios nutricionales significativos m\u00e1s all\u00e1 del buen sabor. Su composici\u00f3n de macronutrientes m\u00e1s \u00edndices gluc\u00e9micos notablemente m\u00e1s bajos los convierte en excelentes opciones que ayudan a mantener niveles de glucosa en sangre m\u00e1s estables incluso despu\u00e9s del consumo, \u00a1algo que debe tenerse en cuenta independientemente de si sufrimos diabetes tipo 1 \/ 2 o no!<\/p>\n\n\n\n<p>A continuaci\u00f3n puede encontrar una lista completa de pescados y mariscos con su \u00edndice gluc\u00e9mico y rangos de carga gluc\u00e9mica.<\/p>\n\n\n\n<p>Nota: IG = \u00edndice gluc\u00e9mico, CG = carga gluc\u00e9mica<\/p>\n\n\n\n<table class=\"tftable\" border=\"1\">\n<tr><th>Foto<\/th><th width=\"55%\">Nombre<\/th><th>IG<\/th><th>CG<\/th><\/tr>\n<tr><td><a href=\"https:\/\/glycemic-index.net\/es\/caviar-rojo\/\"><img decoding=\"async\" src=\"https:\/\/glycemic-index.net\/images\/8RSFA6HOhB_small.webp\" alt=\"Caviar rojo\" width=\"40\" height=\"40\">\n<\/a><\/td><td><a href=\"https:\/\/glycemic-index.net\/es\/caviar-rojo\/\">Caviar rojo<\/a><\/td><td><a href=\"https:\/\/glycemic-index.net\/es\/caviar-rojo\/\">0<\/a><\/td><td><a href=\"https:\/\/glycemic-index.net\/es\/caviar-rojo\/\">0.0<\/a><\/td><\/tr>\n<tr><td><a href=\"https:\/\/glycemic-index.net\/es\/crustaceos-langosta-cangrejo-langosta\/\"><img decoding=\"async\" src=\"https:\/\/glycemic-index.net\/images\/4cXd3FsCC5_small.webp\" alt=\"Crust\u00e1ceos (langosta, cangrejo, langosta)\" width=\"40\" height=\"40\">\n<\/a><\/td><td><a href=\"https:\/\/glycemic-index.net\/es\/crustaceos-langosta-cangrejo-langosta\/\">Crust\u00e1ceos (langosta, cangrejo, langosta)<\/a><\/td><td><a href=\"https:\/\/glycemic-index.net\/es\/crustaceos-langosta-cangrejo-langosta\/\">5<\/a><\/td><td><a href=\"https:\/\/glycemic-index.net\/es\/crustaceos-langosta-cangrejo-langosta\/\">0.1<\/a><\/td><\/tr>\n<tr><td><a href=\"https:\/\/glycemic-index.net\/es\/mariscos-ostras-camarones-mejillones-etc\/\"><img decoding=\"async\" src=\"https:\/\/glycemic-index.net\/images\/fNKz0UGo0R_small.webp\" alt=\"Mariscos (ostras, camarones, mejillones, etc,)\" width=\"40\" height=\"40\">\n<\/a><\/td><td><a href=\"https:\/\/glycemic-index.net\/es\/mariscos-ostras-camarones-mejillones-etc\/\">Mariscos (ostras, camarones, mejillones, etc,)<\/a><\/td><td><a href=\"https:\/\/glycemic-index.net\/es\/mariscos-ostras-camarones-mejillones-etc\/\">0<\/a><\/td><td><a href=\"https:\/\/glycemic-index.net\/es\/mariscos-ostras-camarones-mejillones-etc\/\">0.0<\/a><\/td><\/tr>\n<tr><td><a href=\"https:\/\/glycemic-index.net\/es\/pescado-salmon-atun-etc\/\"><img loading=\"lazy\" decoding=\"async\" src=\"https:\/\/glycemic-index.net\/images\/5Ee9CIXd7j_small.webp\" alt=\"Pescado (salm\u00f3n, at\u00fan, etc,)\" width=\"40\" height=\"40\">\n<\/a><\/td><td><a href=\"https:\/\/glycemic-index.net\/es\/pescado-salmon-atun-etc\/\">Pescado (salm\u00f3n, at\u00fan, etc,)<\/a><\/td><td><a href=\"https:\/\/glycemic-index.net\/es\/pescado-salmon-atun-etc\/\">0<\/a><\/td><td><a href=\"https:\/\/glycemic-index.net\/es\/pescado-salmon-atun-etc\/\">0.0<\/a><\/td><\/tr>\n<tr><td><a href=\"https:\/\/glycemic-index.net\/es\/surimi-pescado-picado-en-palitos-de-cangrejo\/\"><img loading=\"lazy\" decoding=\"async\" src=\"https:\/\/glycemic-index.net\/images\/soFV3TavEz_small.webp\" alt=\"Surimi (pescado picado en palitos de cangrejo)\" width=\"40\" height=\"40\">\n<\/a><\/td><td><a href=\"https:\/\/glycemic-index.net\/es\/surimi-pescado-picado-en-palitos-de-cangrejo\/\">Surimi (pescado picado en palitos de cangrejo)<\/a><\/td><td><a href=\"https:\/\/glycemic-index.net\/es\/surimi-pescado-picado-en-palitos-de-cangrejo\/\">50<\/a><\/td><td><a href=\"https:\/\/glycemic-index.net\/es\/surimi-pescado-picado-en-palitos-de-cangrejo\/\">3.4<\/a><\/td><\/tr>\n<\/table>\n","protected":false},"excerpt":{"rendered":"<p>Los mariscos son conocidos desde hace mucho tiempo por sus beneficios para la salud, pero \u00bfsab\u00edas que tambi\u00e9n desempe\u00f1an un papel en el control de los niveles de az\u00facar en la sangre? El \u00edndice gluc\u00e9mico (IG) es una medida de la rapidez con que los carbohidratos de los alimentos elevan la glucosa en sangre. Los &hellip;<\/p>\n<p class=\"read-more\"> <a class=\"\" href=\"https:\/\/glycemic-index.net\/es\/indice-glucemico-de-mariscos\/\"> <span class=\"screen-reader-text\">\u00cdndice gluc\u00e9mico de mariscos<\/span> Read More &raquo;<\/a><\/p>\n","protected":false},"author":1,"featured_media":0,"parent":0,"menu_order":0,"comment_status":"closed","ping_status":"closed","template":"","meta":{"site-sidebar-layout":"default","site-content-layout":"default","ast-global-header-display":"","ast-main-header-display":"","ast-hfb-above-header-display":"","ast-hfb-below-header-display":"","ast-hfb-mobile-header-display":"","site-post-title":"","ast-breadcrumbs-content":"","ast-featured-img":"","footer-sml-layout":"","theme-transparent-header-meta":"default","adv-header-id-meta":"","stick-header-meta":"","header-above-stick-meta":"","header-main-stick-meta":"","header-below-stick-meta":"","footnotes":""},"class_list":["post-1991","page","type-page","status-publish","hentry"],"yoast_head":"<!-- This site is optimized with the Yoast SEO plugin v21.7 - https:\/\/yoast.com\/wordpress\/plugins\/seo\/ -->\n<title>\u00cdndice gluc\u00e9mico de mariscos - Gu\u00eda de \u00edndice gluc\u00e9mico<\/title>\n<meta name=\"description\" content=\"El \u00edndice gluc\u00e9mico (IG) es una medida de la rapidez con que los carbohidratos de los alimentos elevan la glucosa en sangre. Mariscos, especialmente pescados grasos como...\" \/>\n<meta name=\"robots\" content=\"index, follow, max-snippet:-1, max-image-preview:large, max-video-preview:-1\" \/>\n<link rel=\"canonical\" href=\"https:\/\/glycemic-index.net\/es\/indice-glucemico-de-mariscos\/\" \/>\n<meta property=\"og:locale\" content=\"en_US\" \/>\n<meta property=\"og:type\" content=\"article\" \/>\n<meta property=\"og:title\" content=\"\u00cdndice gluc\u00e9mico de mariscos - Gu\u00eda de \u00edndice gluc\u00e9mico\" \/>\n<meta property=\"og:description\" content=\"El \u00edndice gluc\u00e9mico (IG) es una medida de la rapidez con que los carbohidratos de los alimentos elevan la glucosa en sangre. Mariscos, especialmente pescados grasos como...\" \/>\n<meta property=\"og:url\" content=\"https:\/\/glycemic-index.net\/es\/indice-glucemico-de-mariscos\/\" \/>\n<meta property=\"og:site_name\" content=\"Gu\u00eda de \u00edndice gluc\u00e9mico\" \/>\n<meta property=\"article:modified_time\" content=\"2023-04-07T17:01:04+00:00\" \/>\n<meta property=\"og:image\" content=\"https:\/\/glycemic-index.net\/images\/8RSFA6HOhB_small.webp\" \/>\n<meta name=\"twitter:card\" content=\"summary_large_image\" \/>\n<meta name=\"twitter:label1\" content=\"Est. reading time\" \/>\n\t<meta name=\"twitter:data1\" content=\"4 minutes\" \/>\n<script type=\"application\/ld+json\" class=\"yoast-schema-graph\">{\"@context\":\"https:\/\/schema.org\",\"@graph\":[{\"@type\":\"WebPage\",\"@id\":\"https:\/\/glycemic-index.net\/es\/indice-glucemico-de-mariscos\/\",\"url\":\"https:\/\/glycemic-index.net\/es\/indice-glucemico-de-mariscos\/\",\"name\":\"\u00cdndice gluc\u00e9mico de mariscos - Gu\u00eda de \u00edndice gluc\u00e9mico\",\"isPartOf\":{\"@id\":\"https:\/\/glycemic-index.net\/es\/#website\"},\"datePublished\":\"2021-08-11T11:38:36+00:00\",\"dateModified\":\"2023-04-07T17:01:04+00:00\",\"description\":\"El \u00edndice gluc\u00e9mico (IG) es una medida de la rapidez con que los carbohidratos de los alimentos elevan la glucosa en sangre. Mariscos, especialmente pescados grasos como...\",\"breadcrumb\":{\"@id\":\"https:\/\/glycemic-index.net\/es\/indice-glucemico-de-mariscos\/#breadcrumb\"},\"inLanguage\":\"en-US\",\"potentialAction\":[{\"@type\":\"ReadAction\",\"target\":[\"https:\/\/glycemic-index.net\/es\/indice-glucemico-de-mariscos\/\"]}]},{\"@type\":\"BreadcrumbList\",\"@id\":\"https:\/\/glycemic-index.net\/es\/indice-glucemico-de-mariscos\/#breadcrumb\",\"itemListElement\":[{\"@type\":\"ListItem\",\"position\":1,\"name\":\"Home\",\"item\":\"https:\/\/glycemic-index.net\/es\/\"},{\"@type\":\"ListItem\",\"position\":2,\"name\":\"\u00cdndice gluc\u00e9mico de mariscos\"}]},{\"@type\":\"WebSite\",\"@id\":\"https:\/\/glycemic-index.net\/es\/#website\",\"url\":\"https:\/\/glycemic-index.net\/es\/\",\"name\":\"Gu\u00eda de \u00edndice gluc\u00e9mico\",\"description\":\"Aqu\u00ed encontrar\u00e1s todo lo que necesitas sobre el \u00edndice gluc\u00e9mico y la carga gluc\u00e9mica\",\"publisher\":{\"@id\":\"https:\/\/glycemic-index.net\/es\/#organization\"},\"potentialAction\":[{\"@type\":\"SearchAction\",\"target\":{\"@type\":\"EntryPoint\",\"urlTemplate\":\"https:\/\/glycemic-index.net\/es\/?s={search_term_string}\"},\"query-input\":\"required name=search_term_string\"}],\"inLanguage\":\"en-US\"},{\"@type\":\"Organization\",\"@id\":\"https:\/\/glycemic-index.net\/es\/#organization\",\"name\":\"Gu\u00eda de \u00edndice gluc\u00e9mico\",\"url\":\"https:\/\/glycemic-index.net\/es\/\",\"logo\":{\"@type\":\"ImageObject\",\"inLanguage\":\"en-US\",\"@id\":\"https:\/\/glycemic-index.net\/es\/#\/schema\/logo\/image\/\",\"url\":\"https:\/\/glycemic-index.net\/es\/wp-content\/uploads\/2023\/06\/logo_512-1.png\",\"contentUrl\":\"https:\/\/glycemic-index.net\/es\/wp-content\/uploads\/2023\/06\/logo_512-1.png\",\"width\":512,\"height\":512,\"caption\":\"Gu\u00eda de \u00edndice gluc\u00e9mico\"},\"image\":{\"@id\":\"https:\/\/glycemic-index.net\/es\/#\/schema\/logo\/image\/\"}}]}<\/script>\n<!-- \/ Yoast SEO plugin. -->","yoast_head_json":{"title":"\u00cdndice gluc\u00e9mico de mariscos - Gu\u00eda de \u00edndice gluc\u00e9mico","description":"El \u00edndice gluc\u00e9mico (IG) es una medida de la rapidez con que los carbohidratos de los alimentos elevan la glucosa en sangre. Mariscos, especialmente pescados grasos como...","robots":{"index":"index","follow":"follow","max-snippet":"max-snippet:-1","max-image-preview":"max-image-preview:large","max-video-preview":"max-video-preview:-1"},"canonical":"https:\/\/glycemic-index.net\/es\/indice-glucemico-de-mariscos\/","og_locale":"en_US","og_type":"article","og_title":"\u00cdndice gluc\u00e9mico de mariscos - Gu\u00eda de \u00edndice gluc\u00e9mico","og_description":"El \u00edndice gluc\u00e9mico (IG) es una medida de la rapidez con que los carbohidratos de los alimentos elevan la glucosa en sangre. Mariscos, especialmente pescados grasos como...","og_url":"https:\/\/glycemic-index.net\/es\/indice-glucemico-de-mariscos\/","og_site_name":"Gu\u00eda de \u00edndice gluc\u00e9mico","article_modified_time":"2023-04-07T17:01:04+00:00","og_image":[{"url":"https:\/\/glycemic-index.net\/images\/8RSFA6HOhB_small.webp"}],"twitter_card":"summary_large_image","twitter_misc":{"Est. reading time":"4 minutes"},"schema":{"@context":"https:\/\/schema.org","@graph":[{"@type":"WebPage","@id":"https:\/\/glycemic-index.net\/es\/indice-glucemico-de-mariscos\/","url":"https:\/\/glycemic-index.net\/es\/indice-glucemico-de-mariscos\/","name":"\u00cdndice gluc\u00e9mico de mariscos - Gu\u00eda de \u00edndice gluc\u00e9mico","isPartOf":{"@id":"https:\/\/glycemic-index.net\/es\/#website"},"datePublished":"2021-08-11T11:38:36+00:00","dateModified":"2023-04-07T17:01:04+00:00","description":"El \u00edndice gluc\u00e9mico (IG) es una medida de la rapidez con que los carbohidratos de los alimentos elevan la glucosa en sangre. Mariscos, especialmente pescados grasos como...","breadcrumb":{"@id":"https:\/\/glycemic-index.net\/es\/indice-glucemico-de-mariscos\/#breadcrumb"},"inLanguage":"en-US","potentialAction":[{"@type":"ReadAction","target":["https:\/\/glycemic-index.net\/es\/indice-glucemico-de-mariscos\/"]}]},{"@type":"BreadcrumbList","@id":"https:\/\/glycemic-index.net\/es\/indice-glucemico-de-mariscos\/#breadcrumb","itemListElement":[{"@type":"ListItem","position":1,"name":"Home","item":"https:\/\/glycemic-index.net\/es\/"},{"@type":"ListItem","position":2,"name":"\u00cdndice gluc\u00e9mico de mariscos"}]},{"@type":"WebSite","@id":"https:\/\/glycemic-index.net\/es\/#website","url":"https:\/\/glycemic-index.net\/es\/","name":"Gu\u00eda de \u00edndice gluc\u00e9mico","description":"Aqu\u00ed encontrar\u00e1s todo lo que necesitas sobre el \u00edndice gluc\u00e9mico y la carga gluc\u00e9mica","publisher":{"@id":"https:\/\/glycemic-index.net\/es\/#organization"},"potentialAction":[{"@type":"SearchAction","target":{"@type":"EntryPoint","urlTemplate":"https:\/\/glycemic-index.net\/es\/?s={search_term_string}"},"query-input":"required name=search_term_string"}],"inLanguage":"en-US"},{"@type":"Organization","@id":"https:\/\/glycemic-index.net\/es\/#organization","name":"Gu\u00eda de \u00edndice gluc\u00e9mico","url":"https:\/\/glycemic-index.net\/es\/","logo":{"@type":"ImageObject","inLanguage":"en-US","@id":"https:\/\/glycemic-index.net\/es\/#\/schema\/logo\/image\/","url":"https:\/\/glycemic-index.net\/es\/wp-content\/uploads\/2023\/06\/logo_512-1.png","contentUrl":"https:\/\/glycemic-index.net\/es\/wp-content\/uploads\/2023\/06\/logo_512-1.png","width":512,"height":512,"caption":"Gu\u00eda de \u00edndice gluc\u00e9mico"},"image":{"@id":"https:\/\/glycemic-index.net\/es\/#\/schema\/logo\/image\/"}}]}},"_links":{"self":[{"href":"https:\/\/glycemic-index.net\/es\/wp-json\/wp\/v2\/pages\/1991","targetHints":{"allow":["GET"]}}],"collection":[{"href":"https:\/\/glycemic-index.net\/es\/wp-json\/wp\/v2\/pages"}],"about":[{"href":"https:\/\/glycemic-index.net\/es\/wp-json\/wp\/v2\/types\/page"}],"author":[{"embeddable":true,"href":"https:\/\/glycemic-index.net\/es\/wp-json\/wp\/v2\/users\/1"}],"replies":[{"embeddable":true,"href":"https:\/\/glycemic-index.net\/es\/wp-json\/wp\/v2\/comments?post=1991"}],"version-history":[{"count":3,"href":"https:\/\/glycemic-index.net\/es\/wp-json\/wp\/v2\/pages\/1991\/revisions"}],"predecessor-version":[{"id":3625,"href":"https:\/\/glycemic-index.net\/es\/wp-json\/wp\/v2\/pages\/1991\/revisions\/3625"}],"wp:attachment":[{"href":"https:\/\/glycemic-index.net\/es\/wp-json\/wp\/v2\/media?parent=1991"}],"curies":[{"name":"wp","href":"https:\/\/api.w.org\/{rel}","templated":true}]}}