{"id":1993,"date":"2021-08-11T11:39:11","date_gmt":"2021-08-11T11:39:11","guid":{"rendered":"https:\/\/glycemic-index.net\/?page_id=1993"},"modified":"2023-04-07T17:01:28","modified_gmt":"2023-04-07T17:01:28","slug":"indice-glucemico-de-sopas","status":"publish","type":"page","link":"https:\/\/glycemic-index.net\/es\/indice-glucemico-de-sopas\/","title":{"rendered":"\u00cdndice gluc\u00e9mico de sopas"},"content":{"rendered":"\n<div style=\"height:30px\" aria-hidden=\"true\" class=\"wp-block-spacer\"><\/div>\n\n\n<form  class=\"is-search-form is-form-style is-form-style-3 is-form-id-2979 \" action=\"https:\/\/glycemic-index.net\/es\/\" method=\"get\" role=\"search\" ><label for=\"is-search-input-2979\"><span class=\"is-screen-reader-text\">Search for:<\/span><input  type=\"search\" id=\"is-search-input-2979\" name=\"s\" value=\"\" class=\"is-search-input\" placeholder=\"Busca aqu\u00ed...\" autocomplete=off \/><\/label><button type=\"submit\" class=\"is-search-submit\"><span class=\"is-screen-reader-text\">Search Button<\/span><span class=\"is-search-icon\"><svg focusable=\"false\" aria-label=\"Search\" xmlns=\"http:\/\/www.w3.org\/2000\/svg\" viewBox=\"0 0 24 24\" width=\"24px\"><path d=\"M15.5 14h-.79l-.28-.27C15.41 12.59 16 11.11 16 9.5 16 5.91 13.09 3 9.5 3S3 5.91 3 9.5 5.91 16 9.5 16c1.61 0 3.09-.59 4.23-1.57l.27.28v.79l5 4.99L20.49 19l-4.99-5zm-6 0C7.01 14 5 11.99 5 9.5S7.01 5 9.5 5 14 7.01 14 9.5 11.99 14 9.5 14z\"><\/path><\/svg><\/span><\/button><input type=\"hidden\" name=\"id\" value=\"2979\" \/><input type=\"hidden\" name=\"post_type\" value=\"post\" \/><\/form>\n\n\n\n<div style=\"height:30px\" aria-hidden=\"true\" class=\"wp-block-spacer\"><\/div>\n\n\n\n<p>La sopa es una excelente manera de incluir vitaminas y minerales esenciales en su dieta. Tambi\u00e9n puede ser una parte importante del control de la diabetes, ya que el \u00edndice gluc\u00e9mico (IG) de las sopas puede ayudarlo a tomar decisiones informadas sobre qu\u00e9 alimentos son mejores para controlar los niveles de az\u00facar en la sangre.<\/p>\n\n\n\n<p>El IG mide la rapidez con la que los carbohidratos de los alimentos se convierten en glucosa o az\u00facar en el torrente sangu\u00edneo despu\u00e9s de comerlos. Los alimentos con un IG m\u00e1s alto provocan picos en el az\u00facar en la sangre, mientras que los que est\u00e1n m\u00e1s abajo en la escala tienen poco impacto en ella. Para los diab\u00e9ticos, elegir opciones con un IG m\u00e1s bajo es clave para ayudar a controlar su enfermedad y mantener una dieta saludable.<\/p>\n\n\n\n<p>Cuando se trata espec\u00edficamente de sopa, no existe una regla estricta, ya que las indicaciones geogr\u00e1ficas var\u00edan ampliamente seg\u00fan los ingredientes utilizados y los m\u00e9todos de cocci\u00f3n empleados, \u00a1incluso dentro de un mismo tipo de sopa! Las sopas a base de l\u00e1cteos, como la crema o la papa, tienden a tener un IG m\u00e1s alto que los caldos a base de caldo, como los fideos de pollo o las variedades de caldo de verduras, debido principalmente a las grasas a\u00f1adidas que ralentizan el tiempo de digesti\u00f3n, lo que contribuye a\u00fan m\u00e1s a un menor impacto en los niveles de az\u00facar en la sangre en general. Sin embargo, esto no es as\u00ed. siempre cierto en todas las marcas\/tipos, por lo que revisar las etiquetas nutricionales antes de la compra es esencial si se monitorea de cerca el contenido de carbohidratos con fines de control de la diabetes.<\/p>\n\n\n\n<p>En promedio, aunque la mayor\u00eda de las sopas caseras de pur\u00e9 de verduras caer\u00e1n en un rango de 45 a 55, lo que las convierte en buenas opciones de punto medio al seleccionar una opci\u00f3n de comida que equilibre las necesidades nutricionales con la ingesta de carbohidratos, ya que se ajustan bien a las pautas diet\u00e9ticas recomendadas emitidas por la Asociaci\u00f3n Estadounidense de Diabetes (ADA).<\/p>\n\n\n\n<p>Del mismo modo, los tipos de lentejas y guisantes generalmente se mantienen ligeramente m\u00e1s altos en un nivel aproximado de 55 a 65, y tambi\u00e9n brindan cantidades adecuadas de prote\u00ednas altas junto con otros nutrientes beneficiosos sin aumentar excesivamente los niveles de insulina, cualquiera de los efectos secundarios com\u00fanmente asociados, productos de tiendas de conveniencia\/enlatados que contienen conservantes\/sustitutos de az\u00facar a\u00f1adidos. que debe evitarse siempre que sea posible cuando se trata de manejar la condici\u00f3n con m\u00e1s \u00e9xito a largo plazo.<\/p>\n\n\n\n<p>A continuaci\u00f3n puede encontrar una lista completa de sopas con su \u00edndice gluc\u00e9mico y rangos de carga gluc\u00e9mica.<\/p>\n\n\n\n<p>Nota: IG = \u00edndice gluc\u00e9mico, CG = carga gluc\u00e9mica<\/p>\n\n\n\n<table class=\"tftable\" border=\"1\">\n<tr><th>Foto<\/th><th width=\"55%\">Nombre<\/th><th>IG<\/th><th>CG<\/th><\/tr>\n<tr><td><a href=\"https:\/\/glycemic-index.net\/es\/pure-de-lentejas\/\"><img decoding=\"async\" src=\"https:\/\/glycemic-index.net\/images\/9XEp5SRP5P_small.webp\" alt=\"Pur\u00e9 de lentejas\" width=\"40\" height=\"40\">\n<\/a><\/td><td><a href=\"https:\/\/glycemic-index.net\/es\/pure-de-lentejas\/\">Pur\u00e9 de lentejas<\/a><\/td><td><a href=\"https:\/\/glycemic-index.net\/es\/pure-de-lentejas\/\">44<\/a><\/td><td><a href=\"https:\/\/glycemic-index.net\/es\/pure-de-lentejas\/\">6.6<\/a><\/td><\/tr>\n<tr><td><a href=\"https:\/\/glycemic-index.net\/es\/sopa-de-lentejas\/\"><img decoding=\"async\" src=\"https:\/\/glycemic-index.net\/images\/XoGJb9Z365_small.webp\" alt=\"Sopa de lentejas\" width=\"40\" height=\"40\">\n<\/a><\/td><td><a href=\"https:\/\/glycemic-index.net\/es\/sopa-de-lentejas\/\">Sopa de lentejas<\/a><\/td><td><a href=\"https:\/\/glycemic-index.net\/es\/sopa-de-lentejas\/\">30<\/a><\/td><td><a href=\"https:\/\/glycemic-index.net\/es\/sopa-de-lentejas\/\">2.4<\/a><\/td><\/tr>\n<tr><td><a href=\"https:\/\/glycemic-index.net\/es\/sopa-de-pollo-y-champinones\/\"><img decoding=\"async\" src=\"https:\/\/glycemic-index.net\/images\/IwvatkONMQ_small.webp\" alt=\"Sopa de pollo y champi\u00f1ones,\" width=\"40\" height=\"40\">\n<\/a><\/td><td><a href=\"https:\/\/glycemic-index.net\/es\/sopa-de-pollo-y-champinones\/\">Sopa de pollo y champi\u00f1ones,<\/a><\/td><td><a href=\"https:\/\/glycemic-index.net\/es\/sopa-de-pollo-y-champinones\/\">46<\/a><\/td><td><a href=\"https:\/\/glycemic-index.net\/es\/sopa-de-pollo-y-champinones\/\">0.7<\/a><\/td><\/tr>\n<tr><td><a href=\"https:\/\/glycemic-index.net\/es\/sopa-de-tomate\/\"><img loading=\"lazy\" decoding=\"async\" src=\"https:\/\/glycemic-index.net\/images\/pRbaM1hV6d_small.webp\" alt=\"Sopa de tomate\" width=\"40\" height=\"40\">\n<\/a><\/td><td><a href=\"https:\/\/glycemic-index.net\/es\/sopa-de-tomate\/\">Sopa de tomate<\/a><\/td><td><a href=\"https:\/\/glycemic-index.net\/es\/sopa-de-tomate\/\">38<\/a><\/td><td><a href=\"https:\/\/glycemic-index.net\/es\/sopa-de-tomate\/\">2.7<\/a><\/td><\/tr>\n<tr><td><a href=\"https:\/\/glycemic-index.net\/es\/sopa-de-verduras\/\"><img loading=\"lazy\" decoding=\"async\" src=\"https:\/\/glycemic-index.net\/images\/BnLXunwqNn_small.webp\" alt=\"Sopa de verduras\" width=\"40\" height=\"40\">\n<\/a><\/td><td><a href=\"https:\/\/glycemic-index.net\/es\/sopa-de-verduras\/\">Sopa de verduras<\/a><\/td><td><a href=\"https:\/\/glycemic-index.net\/es\/sopa-de-verduras\/\">40<\/a><\/td><td><a href=\"https:\/\/glycemic-index.net\/es\/sopa-de-verduras\/\">2.5<\/a><\/td><\/tr>\n<tr><td><a href=\"https:\/\/glycemic-index.net\/es\/sopa-de-verduras\/\"><img loading=\"lazy\" decoding=\"async\" src=\"https:\/\/glycemic-index.net\/images\/ZZgjz2Wsiy_small.webp\" alt=\"Sopa de verduras\" width=\"40\" height=\"40\">\n<\/a><\/td><td><a href=\"https:\/\/glycemic-index.net\/es\/sopa-de-verduras\/\">Sopa de verduras<\/a><\/td><td><a href=\"https:\/\/glycemic-index.net\/es\/sopa-de-verduras\/\">60<\/a><\/td><td><a href=\"https:\/\/glycemic-index.net\/es\/sopa-de-verduras\/\">2.2<\/a><\/td><\/tr>\n<\/table>\n","protected":false},"excerpt":{"rendered":"<p>La sopa es una excelente manera de incluir vitaminas y minerales esenciales en su dieta. Tambi\u00e9n puede ser una parte importante del control de la diabetes, ya que el \u00edndice gluc\u00e9mico (IG) de las sopas puede ayudarlo a tomar decisiones informadas sobre qu\u00e9 alimentos son mejores para controlar los niveles de az\u00facar en la sangre. &hellip;<\/p>\n<p class=\"read-more\"> <a class=\"\" href=\"https:\/\/glycemic-index.net\/es\/indice-glucemico-de-sopas\/\"> <span class=\"screen-reader-text\">\u00cdndice gluc\u00e9mico de sopas<\/span> Read More &raquo;<\/a><\/p>\n","protected":false},"author":1,"featured_media":0,"parent":0,"menu_order":0,"comment_status":"closed","ping_status":"closed","template":"","meta":{"site-sidebar-layout":"default","site-content-layout":"default","ast-global-header-display":"","ast-main-header-display":"","ast-hfb-above-header-display":"","ast-hfb-below-header-display":"","ast-hfb-mobile-header-display":"","site-post-title":"","ast-breadcrumbs-content":"","ast-featured-img":"","footer-sml-layout":"","theme-transparent-header-meta":"default","adv-header-id-meta":"","stick-header-meta":"","header-above-stick-meta":"","header-main-stick-meta":"","header-below-stick-meta":"","footnotes":""},"class_list":["post-1993","page","type-page","status-publish","hentry"],"yoast_head":"<!-- This site is optimized with the Yoast SEO plugin v21.7 - https:\/\/yoast.com\/wordpress\/plugins\/seo\/ -->\n<title>\u00cdndice gluc\u00e9mico de sopas - Gu\u00eda de \u00edndice gluc\u00e9mico<\/title>\n<meta name=\"description\" content=\"La sopa es una excelente manera de incluir vitaminas y minerales esenciales en su dieta. Tambi\u00e9n puede ser una parte importante del control de la diabetes, ya que...\" \/>\n<meta name=\"robots\" content=\"index, follow, max-snippet:-1, max-image-preview:large, max-video-preview:-1\" \/>\n<link rel=\"canonical\" href=\"https:\/\/glycemic-index.net\/es\/indice-glucemico-de-sopas\/\" \/>\n<meta property=\"og:locale\" content=\"en_US\" \/>\n<meta property=\"og:type\" content=\"article\" \/>\n<meta property=\"og:title\" content=\"\u00cdndice gluc\u00e9mico de sopas - Gu\u00eda de \u00edndice gluc\u00e9mico\" \/>\n<meta property=\"og:description\" content=\"La sopa es una excelente manera de incluir vitaminas y minerales esenciales en su dieta. Tambi\u00e9n puede ser una parte importante del control de la diabetes, ya que...\" \/>\n<meta property=\"og:url\" content=\"https:\/\/glycemic-index.net\/es\/indice-glucemico-de-sopas\/\" \/>\n<meta property=\"og:site_name\" content=\"Gu\u00eda de \u00edndice gluc\u00e9mico\" \/>\n<meta property=\"article:modified_time\" content=\"2023-04-07T17:01:28+00:00\" \/>\n<meta property=\"og:image\" content=\"https:\/\/glycemic-index.net\/images\/9XEp5SRP5P_small.webp\" \/>\n<meta name=\"twitter:card\" content=\"summary_large_image\" \/>\n<meta name=\"twitter:label1\" content=\"Est. reading time\" \/>\n\t<meta name=\"twitter:data1\" content=\"4 minutes\" \/>\n<script type=\"application\/ld+json\" class=\"yoast-schema-graph\">{\"@context\":\"https:\/\/schema.org\",\"@graph\":[{\"@type\":\"WebPage\",\"@id\":\"https:\/\/glycemic-index.net\/es\/indice-glucemico-de-sopas\/\",\"url\":\"https:\/\/glycemic-index.net\/es\/indice-glucemico-de-sopas\/\",\"name\":\"\u00cdndice gluc\u00e9mico de sopas - Gu\u00eda de \u00edndice gluc\u00e9mico\",\"isPartOf\":{\"@id\":\"https:\/\/glycemic-index.net\/es\/#website\"},\"datePublished\":\"2021-08-11T11:39:11+00:00\",\"dateModified\":\"2023-04-07T17:01:28+00:00\",\"description\":\"La sopa es una excelente manera de incluir vitaminas y minerales esenciales en su dieta. Tambi\u00e9n puede ser una parte importante del control de la diabetes, ya que...\",\"breadcrumb\":{\"@id\":\"https:\/\/glycemic-index.net\/es\/indice-glucemico-de-sopas\/#breadcrumb\"},\"inLanguage\":\"en-US\",\"potentialAction\":[{\"@type\":\"ReadAction\",\"target\":[\"https:\/\/glycemic-index.net\/es\/indice-glucemico-de-sopas\/\"]}]},{\"@type\":\"BreadcrumbList\",\"@id\":\"https:\/\/glycemic-index.net\/es\/indice-glucemico-de-sopas\/#breadcrumb\",\"itemListElement\":[{\"@type\":\"ListItem\",\"position\":1,\"name\":\"Home\",\"item\":\"https:\/\/glycemic-index.net\/es\/\"},{\"@type\":\"ListItem\",\"position\":2,\"name\":\"\u00cdndice gluc\u00e9mico de sopas\"}]},{\"@type\":\"WebSite\",\"@id\":\"https:\/\/glycemic-index.net\/es\/#website\",\"url\":\"https:\/\/glycemic-index.net\/es\/\",\"name\":\"Gu\u00eda de \u00edndice gluc\u00e9mico\",\"description\":\"Aqu\u00ed encontrar\u00e1s todo lo que necesitas sobre el \u00edndice gluc\u00e9mico y la carga gluc\u00e9mica\",\"publisher\":{\"@id\":\"https:\/\/glycemic-index.net\/es\/#organization\"},\"potentialAction\":[{\"@type\":\"SearchAction\",\"target\":{\"@type\":\"EntryPoint\",\"urlTemplate\":\"https:\/\/glycemic-index.net\/es\/?s={search_term_string}\"},\"query-input\":\"required name=search_term_string\"}],\"inLanguage\":\"en-US\"},{\"@type\":\"Organization\",\"@id\":\"https:\/\/glycemic-index.net\/es\/#organization\",\"name\":\"Gu\u00eda de \u00edndice gluc\u00e9mico\",\"url\":\"https:\/\/glycemic-index.net\/es\/\",\"logo\":{\"@type\":\"ImageObject\",\"inLanguage\":\"en-US\",\"@id\":\"https:\/\/glycemic-index.net\/es\/#\/schema\/logo\/image\/\",\"url\":\"https:\/\/glycemic-index.net\/es\/wp-content\/uploads\/2023\/06\/logo_512-1.png\",\"contentUrl\":\"https:\/\/glycemic-index.net\/es\/wp-content\/uploads\/2023\/06\/logo_512-1.png\",\"width\":512,\"height\":512,\"caption\":\"Gu\u00eda de \u00edndice gluc\u00e9mico\"},\"image\":{\"@id\":\"https:\/\/glycemic-index.net\/es\/#\/schema\/logo\/image\/\"}}]}<\/script>\n<!-- \/ Yoast SEO plugin. -->","yoast_head_json":{"title":"\u00cdndice gluc\u00e9mico de sopas - Gu\u00eda de \u00edndice gluc\u00e9mico","description":"La sopa es una excelente manera de incluir vitaminas y minerales esenciales en su dieta. Tambi\u00e9n puede ser una parte importante del control de la diabetes, ya que...","robots":{"index":"index","follow":"follow","max-snippet":"max-snippet:-1","max-image-preview":"max-image-preview:large","max-video-preview":"max-video-preview:-1"},"canonical":"https:\/\/glycemic-index.net\/es\/indice-glucemico-de-sopas\/","og_locale":"en_US","og_type":"article","og_title":"\u00cdndice gluc\u00e9mico de sopas - Gu\u00eda de \u00edndice gluc\u00e9mico","og_description":"La sopa es una excelente manera de incluir vitaminas y minerales esenciales en su dieta. Tambi\u00e9n puede ser una parte importante del control de la diabetes, ya que...","og_url":"https:\/\/glycemic-index.net\/es\/indice-glucemico-de-sopas\/","og_site_name":"Gu\u00eda de \u00edndice gluc\u00e9mico","article_modified_time":"2023-04-07T17:01:28+00:00","og_image":[{"url":"https:\/\/glycemic-index.net\/images\/9XEp5SRP5P_small.webp"}],"twitter_card":"summary_large_image","twitter_misc":{"Est. reading time":"4 minutes"},"schema":{"@context":"https:\/\/schema.org","@graph":[{"@type":"WebPage","@id":"https:\/\/glycemic-index.net\/es\/indice-glucemico-de-sopas\/","url":"https:\/\/glycemic-index.net\/es\/indice-glucemico-de-sopas\/","name":"\u00cdndice gluc\u00e9mico de sopas - Gu\u00eda de \u00edndice gluc\u00e9mico","isPartOf":{"@id":"https:\/\/glycemic-index.net\/es\/#website"},"datePublished":"2021-08-11T11:39:11+00:00","dateModified":"2023-04-07T17:01:28+00:00","description":"La sopa es una excelente manera de incluir vitaminas y minerales esenciales en su dieta. Tambi\u00e9n puede ser una parte importante del control de la diabetes, ya que...","breadcrumb":{"@id":"https:\/\/glycemic-index.net\/es\/indice-glucemico-de-sopas\/#breadcrumb"},"inLanguage":"en-US","potentialAction":[{"@type":"ReadAction","target":["https:\/\/glycemic-index.net\/es\/indice-glucemico-de-sopas\/"]}]},{"@type":"BreadcrumbList","@id":"https:\/\/glycemic-index.net\/es\/indice-glucemico-de-sopas\/#breadcrumb","itemListElement":[{"@type":"ListItem","position":1,"name":"Home","item":"https:\/\/glycemic-index.net\/es\/"},{"@type":"ListItem","position":2,"name":"\u00cdndice gluc\u00e9mico de sopas"}]},{"@type":"WebSite","@id":"https:\/\/glycemic-index.net\/es\/#website","url":"https:\/\/glycemic-index.net\/es\/","name":"Gu\u00eda de \u00edndice gluc\u00e9mico","description":"Aqu\u00ed encontrar\u00e1s todo lo que necesitas sobre el \u00edndice gluc\u00e9mico y la carga gluc\u00e9mica","publisher":{"@id":"https:\/\/glycemic-index.net\/es\/#organization"},"potentialAction":[{"@type":"SearchAction","target":{"@type":"EntryPoint","urlTemplate":"https:\/\/glycemic-index.net\/es\/?s={search_term_string}"},"query-input":"required name=search_term_string"}],"inLanguage":"en-US"},{"@type":"Organization","@id":"https:\/\/glycemic-index.net\/es\/#organization","name":"Gu\u00eda de \u00edndice gluc\u00e9mico","url":"https:\/\/glycemic-index.net\/es\/","logo":{"@type":"ImageObject","inLanguage":"en-US","@id":"https:\/\/glycemic-index.net\/es\/#\/schema\/logo\/image\/","url":"https:\/\/glycemic-index.net\/es\/wp-content\/uploads\/2023\/06\/logo_512-1.png","contentUrl":"https:\/\/glycemic-index.net\/es\/wp-content\/uploads\/2023\/06\/logo_512-1.png","width":512,"height":512,"caption":"Gu\u00eda de \u00edndice gluc\u00e9mico"},"image":{"@id":"https:\/\/glycemic-index.net\/es\/#\/schema\/logo\/image\/"}}]}},"_links":{"self":[{"href":"https:\/\/glycemic-index.net\/es\/wp-json\/wp\/v2\/pages\/1993","targetHints":{"allow":["GET"]}}],"collection":[{"href":"https:\/\/glycemic-index.net\/es\/wp-json\/wp\/v2\/pages"}],"about":[{"href":"https:\/\/glycemic-index.net\/es\/wp-json\/wp\/v2\/types\/page"}],"author":[{"embeddable":true,"href":"https:\/\/glycemic-index.net\/es\/wp-json\/wp\/v2\/users\/1"}],"replies":[{"embeddable":true,"href":"https:\/\/glycemic-index.net\/es\/wp-json\/wp\/v2\/comments?post=1993"}],"version-history":[{"count":3,"href":"https:\/\/glycemic-index.net\/es\/wp-json\/wp\/v2\/pages\/1993\/revisions"}],"predecessor-version":[{"id":3626,"href":"https:\/\/glycemic-index.net\/es\/wp-json\/wp\/v2\/pages\/1993\/revisions\/3626"}],"wp:attachment":[{"href":"https:\/\/glycemic-index.net\/es\/wp-json\/wp\/v2\/media?parent=1993"}],"curies":[{"name":"wp","href":"https:\/\/api.w.org\/{rel}","templated":true}]}}