{"id":2127,"date":"2023-01-04T09:28:18","date_gmt":"2023-01-04T09:28:18","guid":{"rendered":"https:\/\/glycemic-index.net\/?page_id=2127"},"modified":"2023-02-01T17:15:53","modified_gmt":"2023-02-01T17:15:53","slug":"que-es-el-indice-glucemico","status":"publish","type":"page","link":"https:\/\/glycemic-index.net\/es\/que-es-el-indice-glucemico\/","title":{"rendered":"\u00bfQu\u00e9 es el \u00edndice gluc\u00e9mico?"},"content":{"rendered":"\n<p>El \u00edndice gluc\u00e9mico (IG) es un sistema de clasificaci\u00f3n que mide el impacto de los carbohidratos en nuestros niveles de az\u00facar en la sangre. Asigna un valor num\u00e9rico a los alimentos en funci\u00f3n de la rapidez con la que se digieren y absorben los carbohidratos de ese alimento.<\/p>\n\n\n\n<p>En este art\u00edculo, discutiremos los beneficios de seguir una dieta basada en el \u00edndice gluc\u00e9mico y brindaremos consejos para incorporar alimentos con IG bajo en su rutina diaria.<\/p>\n\n\n\n<div style=\"height:25px\" aria-hidden=\"true\" class=\"wp-block-spacer\"><\/div>\n\n\n\n<h2 class=\"wp-block-heading\">Definici\u00f3n del \u00edndice gluc\u00e9mico<\/h2>\n\n\n\n<p>El \u00edndice gluc\u00e9mico es una herramienta importante que se utiliza para medir el efecto de diferentes alimentos en los niveles de az\u00facar (glucosa) en la sangre.<\/p>\n\n\n\n<p>El IG clasifica los carbohidratos en una escala de 0 a 100 seg\u00fan su efecto sobre los niveles de az\u00facar en la sangre.<\/p>\n\n\n\n<p>Los alimentos con un IG alto (70 o m\u00e1s) se descomponen r\u00e1pidamente, lo que hace que los niveles de az\u00facar en la sangre y de insulina aumenten r\u00e1pidamente. Los alimentos con un IG bajo (55 o menos) se descomponen m\u00e1s lentamente, lo que da como resultado un aumento gradual de los niveles de az\u00facar e insulina en la sangre.<\/p>\n\n\n\n<div style=\"height:25px\" aria-hidden=\"true\" class=\"wp-block-spacer\"><\/div>\n\n\n\n<h2 class=\"wp-block-heading\">\u00bfC\u00f3mo funciona el \u00edndice gluc\u00e9mico?<\/h2>\n\n\n\n<p>Cuando se consumen carbohidratos, se descomponen en glucosa en el intestino delgado, que luego se absorbe en el torrente sangu\u00edneo. El aumento resultante en los niveles de glucosa en sangre desencadena la liberaci\u00f3n de insulina del p\u00e1ncreas.<\/p>\n\n\n\n<p>La insulina ayuda a almacenar glucosa en las c\u00e9lulas para obtener energ\u00eda o convertirla en grasa para su almacenamiento. La velocidad a la que se produce este proceso var\u00eda mucho seg\u00fan el tipo de carbohidrato que se consuma.<\/p>\n\n\n\n<p>Los alimentos con un IG alto provocan un aumento y una disminuci\u00f3n r\u00e1pidos de los niveles de az\u00facar en la sangre y de insulina, mientras que los alimentos con un IG bajo provocan un aumento y una disminuci\u00f3n m\u00e1s lentos y constantes.<\/p>\n\n\n\n<h2 class=\"wp-block-heading\">\u00bfC\u00f3mo se mide el \u00edndice gluc\u00e9mico?<\/h2>\n\n\n\n<p>El \u00edndice gluc\u00e9mico se mide comparando los efectos de un alimento con carbohidratos con los de la glucosa pura, a la que se le ha asignado un valor de IG de 100.<\/p>\n\n\n\n<p>Los alimentos se prueban en un grupo de 10 a 15 personas que consumen 50 gramos de carbohidratos disponibles de los alimentos que se prueban despu\u00e9s de una noche de ayuno. Se toman muestras de sangre cada 15 minutos durante un per\u00edodo de dos horas para medir los cambios en los niveles de glucosa en sangre.<\/p>\n\n\n\n<figure class=\"wp-block-image aligncenter size-full\"><img decoding=\"async\" src=\"https:\/\/glycemic-index.net\/wp-content\/uploads\/2023\/01\/gi-graph.webp\" alt=\"Gr\u00e1fico de nivel de glucosa en sangre\" class=\"wp-image-2149\"\/><figcaption class=\"wp-element-caption\"><br>Glycemic Index Blood Glucose Level Graph<\/figcaption><\/figure>\n\n\n\n<p>Luego se calcula el \u00e1rea bajo la curva (AUC) multiplicando la respuesta promedio de az\u00facar en la sangre por el tiempo durante el cual ocurre. Este n\u00famero de AUC se compara luego con el de la glucosa pura y se asigna un valor de GI basado en esta comparaci\u00f3n.<\/p>\n\n\n\n<p>Aqu\u00ed explicamos con m\u00e1s detalles c\u00f3mo se calcula el \u00edndice gluc\u00e9mico.<\/p>\n\n\n\n<div style=\"height:25px\" aria-hidden=\"true\" class=\"wp-block-spacer\"><\/div>\n\n\n\n<h2 class=\"wp-block-heading\">\u00bfCu\u00e1les son los niveles del \u00edndice gluc\u00e9mico?<\/h2>\n\n\n\n<p>Bajo: 55 o menos<\/p>\n\n\n\n<p>Medio: 56-69<\/p>\n\n\n\n<p>Alto: 70 y m\u00e1s<\/p>\n\n\n\n<div style=\"height:25px\" aria-hidden=\"true\" class=\"wp-block-spacer\"><\/div>\n\n\n\n<h2 class=\"wp-block-heading\">Ejemplos de alimentos con IG alto:<\/h2>\n\n\n\n<ul class=\"wp-block-list\">\n<li>Pan blanco &#8211; 73<\/li>\n\n\n\n<li>Pur\u00e9 de patatas instant\u00e1neo &#8211; 82<\/li>\n\n\n\n<li>Arroz blanco &#8211; 87<\/li>\n\n\n\n<li>Sand\u00eda &#8211; 72<\/li>\n\n\n\n<li>Pretzels &#8211; 83<\/li>\n<\/ul>\n\n\n\n<div style=\"height:25px\" aria-hidden=\"true\" class=\"wp-block-spacer\"><\/div>\n\n\n\n<h2 class=\"wp-block-heading\">Ejemplos de alimentos con IG bajo:<\/h2>\n\n\n\n<ul class=\"wp-block-list\">\n<li>Avena &#8211; 55<\/li>\n\n\n\n<li>Manzanas &#8211; 41<\/li>\n\n\n\n<li>Frijoles &#8211; 28<\/li>\n\n\n\n<li>Cebada &#8211; 25<\/li>\n\n\n\n<li>Espaguetis (trigo integral) &#8211; 42<\/li>\n<\/ul>\n\n\n\n<div style=\"height:25px\" aria-hidden=\"true\" class=\"wp-block-spacer\"><\/div>\n\n\n\n<h2 class=\"wp-block-heading\">Beneficios del \u00edndice gluc\u00e9mico<\/h2>\n\n\n\n<p>El \u00edndice gluc\u00e9mico puede ser \u00fatil para perder peso y para las personas con diabetes, as\u00ed como para aquellas que intentan mantener niveles saludables de az\u00facar en la sangre.<\/p>\n\n\n\n<p>Se ha demostrado que las dietas con IG bajo ayudan a las personas a perder peso y mejorar su salud en general al reducir el hambre y los antojos de bocadillos azucarados entre comidas.<\/p>\n\n\n\n<p>Para las personas con diabetes, consumir alimentos con un IG bajo ayuda a reducir los picos de az\u00facar en la sangre que pueden provocar complicaciones como enfermedades card\u00edacas y accidentes cerebrovasculares. Por otro lado, los alimentos con un IG alto pueden ser beneficiosos cuando las necesidades energ\u00e9ticas son elevadas o cuando se realiza ejercicio poco tiempo despu\u00e9s de ingerirlos debido a su r\u00e1pida absorci\u00f3n en el torrente sangu\u00edneo.<\/p>\n\n\n\n<div style=\"height:25px\" aria-hidden=\"true\" class=\"wp-block-spacer\"><\/div>\n\n\n\n<h2 class=\"wp-block-heading\">Limitaciones potenciales del \u00edndice gluc\u00e9mico:<\/h2>\n\n\n\n<p>Aunque el \u00edndice gluc\u00e9mico puede ser \u00fatil para ayudar a las personas a elegir alimentos m\u00e1s saludables, existen algunas limitaciones potenciales que deben tenerse en cuenta al usarlo como gu\u00eda para los h\u00e1bitos alimenticios.<\/p>\n\n\n\n<p>Por ejemplo, las respuestas individuales a diferentes alimentos con carbohidratos pueden variar mucho de persona a persona debido a las diferencias en la velocidad de digesti\u00f3n y otros factores, como la cantidad de grasa o fibra que se consume con ellos.<\/p>\n\n\n\n<p>Otro hecho a considerar es que el \u00edndice gluc\u00e9mico de un mismo alimento puede variar mucho seg\u00fan la madurez, el m\u00e9todo de cocci\u00f3n y el tipo de az\u00facar que contiene. Por lo tanto, no es una tarea f\u00e1cil saber exactamente el IG de los alimentos que est\u00e1 a punto de comer.<\/p>\n\n\n\n<p>Adem\u00e1s, la carga gluc\u00e9mica (CG), que tiene en cuenta tanto el valor del IG como la cantidad de carbohidratos que se consumen por porci\u00f3n, puede ser m\u00e1s precisa que el IG solo para predecir c\u00f3mo ciertos alimentos afectan los niveles de az\u00facar en la sangre con el tiempo. Por lo tanto, es importante tener en cuenta tanto los valores de IG como los valores de GL al tomar decisiones diet\u00e9ticas basadas \u00fanicamente en el \u00edndice gluc\u00e9mico.<\/p>\n","protected":false},"excerpt":{"rendered":"<p>El \u00edndice gluc\u00e9mico (IG) es un sistema de clasificaci\u00f3n que mide el impacto de los carbohidratos en nuestros niveles de az\u00facar en la sangre. Asigna un valor num\u00e9rico a los alimentos en funci\u00f3n de la rapidez con la que se digieren y absorben los carbohidratos de ese alimento. En este art\u00edculo, discutiremos los beneficios de &hellip;<\/p>\n<p class=\"read-more\"> <a class=\"\" href=\"https:\/\/glycemic-index.net\/es\/que-es-el-indice-glucemico\/\"> <span class=\"screen-reader-text\">\u00bfQu\u00e9 es el \u00edndice gluc\u00e9mico?<\/span> Read More &raquo;<\/a><\/p>\n","protected":false},"author":1,"featured_media":0,"parent":0,"menu_order":0,"comment_status":"closed","ping_status":"closed","template":"","meta":{"site-sidebar-layout":"default","site-content-layout":"default","ast-global-header-display":"","ast-main-header-display":"","ast-hfb-above-header-display":"","ast-hfb-below-header-display":"","ast-hfb-mobile-header-display":"","site-post-title":"","ast-breadcrumbs-content":"","ast-featured-img":"","footer-sml-layout":"","theme-transparent-header-meta":"","adv-header-id-meta":"","stick-header-meta":"","header-above-stick-meta":"","header-main-stick-meta":"","header-below-stick-meta":"","footnotes":""},"class_list":["post-2127","page","type-page","status-publish","hentry"],"yoast_head":"<!-- This site is optimized with the Yoast SEO plugin v21.7 - https:\/\/yoast.com\/wordpress\/plugins\/seo\/ -->\n<title>\u00bfQu\u00e9 es el \u00edndice gluc\u00e9mico? - Gu\u00eda de \u00edndice gluc\u00e9mico<\/title>\n<meta name=\"description\" content=\"Aprenda qu\u00e9 es el \u00edndice gluc\u00e9mico y c\u00f3mo puede ayudarlo a controlar mejor su nivel de az\u00facar en la sangre. Descubra por qu\u00e9 esta medida de...\" \/>\n<meta name=\"robots\" content=\"index, follow, max-snippet:-1, max-image-preview:large, max-video-preview:-1\" \/>\n<link rel=\"canonical\" href=\"https:\/\/glycemic-index.net\/es\/que-es-el-indice-glucemico\/\" \/>\n<meta property=\"og:locale\" content=\"en_US\" \/>\n<meta property=\"og:type\" content=\"article\" \/>\n<meta property=\"og:title\" content=\"\u00bfQu\u00e9 es el \u00edndice gluc\u00e9mico? - Gu\u00eda de \u00edndice gluc\u00e9mico\" \/>\n<meta property=\"og:description\" content=\"Aprenda qu\u00e9 es el \u00edndice gluc\u00e9mico y c\u00f3mo puede ayudarlo a controlar mejor su nivel de az\u00facar en la sangre. Descubra por qu\u00e9 esta medida de...\" \/>\n<meta property=\"og:url\" content=\"https:\/\/glycemic-index.net\/es\/que-es-el-indice-glucemico\/\" \/>\n<meta property=\"og:site_name\" content=\"Gu\u00eda de \u00edndice gluc\u00e9mico\" \/>\n<meta property=\"article:modified_time\" content=\"2023-02-01T17:15:53+00:00\" \/>\n<meta property=\"og:image\" content=\"https:\/\/glycemic-index.net\/wp-content\/uploads\/2023\/01\/gi-graph.webp\" \/>\n<meta name=\"twitter:card\" content=\"summary_large_image\" \/>\n<meta name=\"twitter:label1\" content=\"Est. reading time\" \/>\n\t<meta name=\"twitter:data1\" content=\"5 minutes\" \/>\n<script type=\"application\/ld+json\" class=\"yoast-schema-graph\">{\"@context\":\"https:\/\/schema.org\",\"@graph\":[{\"@type\":\"WebPage\",\"@id\":\"https:\/\/glycemic-index.net\/es\/que-es-el-indice-glucemico\/\",\"url\":\"https:\/\/glycemic-index.net\/es\/que-es-el-indice-glucemico\/\",\"name\":\"\u00bfQu\u00e9 es el \u00edndice gluc\u00e9mico? - Gu\u00eda de \u00edndice gluc\u00e9mico\",\"isPartOf\":{\"@id\":\"https:\/\/glycemic-index.net\/es\/#website\"},\"datePublished\":\"2023-01-04T09:28:18+00:00\",\"dateModified\":\"2023-02-01T17:15:53+00:00\",\"description\":\"Aprenda qu\u00e9 es el \u00edndice gluc\u00e9mico y c\u00f3mo puede ayudarlo a controlar mejor su nivel de az\u00facar en la sangre. Descubra por qu\u00e9 esta medida de...\",\"breadcrumb\":{\"@id\":\"https:\/\/glycemic-index.net\/es\/que-es-el-indice-glucemico\/#breadcrumb\"},\"inLanguage\":\"en-US\",\"potentialAction\":[{\"@type\":\"ReadAction\",\"target\":[\"https:\/\/glycemic-index.net\/es\/que-es-el-indice-glucemico\/\"]}]},{\"@type\":\"BreadcrumbList\",\"@id\":\"https:\/\/glycemic-index.net\/es\/que-es-el-indice-glucemico\/#breadcrumb\",\"itemListElement\":[{\"@type\":\"ListItem\",\"position\":1,\"name\":\"Home\",\"item\":\"https:\/\/glycemic-index.net\/es\/\"},{\"@type\":\"ListItem\",\"position\":2,\"name\":\"\u00bfQu\u00e9 es el \u00edndice gluc\u00e9mico?\"}]},{\"@type\":\"WebSite\",\"@id\":\"https:\/\/glycemic-index.net\/es\/#website\",\"url\":\"https:\/\/glycemic-index.net\/es\/\",\"name\":\"Gu\u00eda de \u00edndice gluc\u00e9mico\",\"description\":\"Aqu\u00ed encontrar\u00e1s todo lo que necesitas sobre el \u00edndice gluc\u00e9mico y la carga gluc\u00e9mica\",\"publisher\":{\"@id\":\"https:\/\/glycemic-index.net\/es\/#organization\"},\"potentialAction\":[{\"@type\":\"SearchAction\",\"target\":{\"@type\":\"EntryPoint\",\"urlTemplate\":\"https:\/\/glycemic-index.net\/es\/?s={search_term_string}\"},\"query-input\":\"required name=search_term_string\"}],\"inLanguage\":\"en-US\"},{\"@type\":\"Organization\",\"@id\":\"https:\/\/glycemic-index.net\/es\/#organization\",\"name\":\"Gu\u00eda de \u00edndice gluc\u00e9mico\",\"url\":\"https:\/\/glycemic-index.net\/es\/\",\"logo\":{\"@type\":\"ImageObject\",\"inLanguage\":\"en-US\",\"@id\":\"https:\/\/glycemic-index.net\/es\/#\/schema\/logo\/image\/\",\"url\":\"https:\/\/glycemic-index.net\/es\/wp-content\/uploads\/2023\/06\/logo_512-1.png\",\"contentUrl\":\"https:\/\/glycemic-index.net\/es\/wp-content\/uploads\/2023\/06\/logo_512-1.png\",\"width\":512,\"height\":512,\"caption\":\"Gu\u00eda de \u00edndice gluc\u00e9mico\"},\"image\":{\"@id\":\"https:\/\/glycemic-index.net\/es\/#\/schema\/logo\/image\/\"}}]}<\/script>\n<!-- \/ Yoast SEO plugin. -->","yoast_head_json":{"title":"\u00bfQu\u00e9 es el \u00edndice gluc\u00e9mico? - Gu\u00eda de \u00edndice gluc\u00e9mico","description":"Aprenda qu\u00e9 es el \u00edndice gluc\u00e9mico y c\u00f3mo puede ayudarlo a controlar mejor su nivel de az\u00facar en la sangre. Descubra por qu\u00e9 esta medida de...","robots":{"index":"index","follow":"follow","max-snippet":"max-snippet:-1","max-image-preview":"max-image-preview:large","max-video-preview":"max-video-preview:-1"},"canonical":"https:\/\/glycemic-index.net\/es\/que-es-el-indice-glucemico\/","og_locale":"en_US","og_type":"article","og_title":"\u00bfQu\u00e9 es el \u00edndice gluc\u00e9mico? - Gu\u00eda de \u00edndice gluc\u00e9mico","og_description":"Aprenda qu\u00e9 es el \u00edndice gluc\u00e9mico y c\u00f3mo puede ayudarlo a controlar mejor su nivel de az\u00facar en la sangre. Descubra por qu\u00e9 esta medida de...","og_url":"https:\/\/glycemic-index.net\/es\/que-es-el-indice-glucemico\/","og_site_name":"Gu\u00eda de \u00edndice gluc\u00e9mico","article_modified_time":"2023-02-01T17:15:53+00:00","og_image":[{"url":"https:\/\/glycemic-index.net\/wp-content\/uploads\/2023\/01\/gi-graph.webp"}],"twitter_card":"summary_large_image","twitter_misc":{"Est. reading time":"5 minutes"},"schema":{"@context":"https:\/\/schema.org","@graph":[{"@type":"WebPage","@id":"https:\/\/glycemic-index.net\/es\/que-es-el-indice-glucemico\/","url":"https:\/\/glycemic-index.net\/es\/que-es-el-indice-glucemico\/","name":"\u00bfQu\u00e9 es el \u00edndice gluc\u00e9mico? - Gu\u00eda de \u00edndice gluc\u00e9mico","isPartOf":{"@id":"https:\/\/glycemic-index.net\/es\/#website"},"datePublished":"2023-01-04T09:28:18+00:00","dateModified":"2023-02-01T17:15:53+00:00","description":"Aprenda qu\u00e9 es el \u00edndice gluc\u00e9mico y c\u00f3mo puede ayudarlo a controlar mejor su nivel de az\u00facar en la sangre. Descubra por qu\u00e9 esta medida de...","breadcrumb":{"@id":"https:\/\/glycemic-index.net\/es\/que-es-el-indice-glucemico\/#breadcrumb"},"inLanguage":"en-US","potentialAction":[{"@type":"ReadAction","target":["https:\/\/glycemic-index.net\/es\/que-es-el-indice-glucemico\/"]}]},{"@type":"BreadcrumbList","@id":"https:\/\/glycemic-index.net\/es\/que-es-el-indice-glucemico\/#breadcrumb","itemListElement":[{"@type":"ListItem","position":1,"name":"Home","item":"https:\/\/glycemic-index.net\/es\/"},{"@type":"ListItem","position":2,"name":"\u00bfQu\u00e9 es el \u00edndice gluc\u00e9mico?"}]},{"@type":"WebSite","@id":"https:\/\/glycemic-index.net\/es\/#website","url":"https:\/\/glycemic-index.net\/es\/","name":"Gu\u00eda de \u00edndice gluc\u00e9mico","description":"Aqu\u00ed encontrar\u00e1s todo lo que necesitas sobre el \u00edndice gluc\u00e9mico y la carga gluc\u00e9mica","publisher":{"@id":"https:\/\/glycemic-index.net\/es\/#organization"},"potentialAction":[{"@type":"SearchAction","target":{"@type":"EntryPoint","urlTemplate":"https:\/\/glycemic-index.net\/es\/?s={search_term_string}"},"query-input":"required name=search_term_string"}],"inLanguage":"en-US"},{"@type":"Organization","@id":"https:\/\/glycemic-index.net\/es\/#organization","name":"Gu\u00eda de \u00edndice gluc\u00e9mico","url":"https:\/\/glycemic-index.net\/es\/","logo":{"@type":"ImageObject","inLanguage":"en-US","@id":"https:\/\/glycemic-index.net\/es\/#\/schema\/logo\/image\/","url":"https:\/\/glycemic-index.net\/es\/wp-content\/uploads\/2023\/06\/logo_512-1.png","contentUrl":"https:\/\/glycemic-index.net\/es\/wp-content\/uploads\/2023\/06\/logo_512-1.png","width":512,"height":512,"caption":"Gu\u00eda de \u00edndice gluc\u00e9mico"},"image":{"@id":"https:\/\/glycemic-index.net\/es\/#\/schema\/logo\/image\/"}}]}},"_links":{"self":[{"href":"https:\/\/glycemic-index.net\/es\/wp-json\/wp\/v2\/pages\/2127","targetHints":{"allow":["GET"]}}],"collection":[{"href":"https:\/\/glycemic-index.net\/es\/wp-json\/wp\/v2\/pages"}],"about":[{"href":"https:\/\/glycemic-index.net\/es\/wp-json\/wp\/v2\/types\/page"}],"author":[{"embeddable":true,"href":"https:\/\/glycemic-index.net\/es\/wp-json\/wp\/v2\/users\/1"}],"replies":[{"embeddable":true,"href":"https:\/\/glycemic-index.net\/es\/wp-json\/wp\/v2\/comments?post=2127"}],"version-history":[{"count":2,"href":"https:\/\/glycemic-index.net\/es\/wp-json\/wp\/v2\/pages\/2127\/revisions"}],"predecessor-version":[{"id":2373,"href":"https:\/\/glycemic-index.net\/es\/wp-json\/wp\/v2\/pages\/2127\/revisions\/2373"}],"wp:attachment":[{"href":"https:\/\/glycemic-index.net\/es\/wp-json\/wp\/v2\/media?parent=2127"}],"curies":[{"name":"wp","href":"https:\/\/api.w.org\/{rel}","templated":true}]}}