{"id":2160,"date":"2023-01-04T14:44:35","date_gmt":"2023-01-04T14:44:35","guid":{"rendered":"https:\/\/glycemic-index.net\/?page_id=2160"},"modified":"2023-02-01T17:19:45","modified_gmt":"2023-02-01T17:19:45","slug":"carbohidratos","status":"publish","type":"page","link":"https:\/\/glycemic-index.net\/es\/glosario\/carbohidratos\/","title":{"rendered":"Carbohidratos"},"content":{"rendered":"\n<p>Los carbohidratos son un tipo de macronutriente que se encuentra en los alimentos que proporcionan energ\u00eda al cuerpo y est\u00e1n compuestos por \u00e1tomos de carbono, hidr\u00f3geno y ox\u00edgeno.<\/p>\n","protected":false},"excerpt":{"rendered":"<p>Los carbohidratos son un tipo de macronutriente que se encuentra en los alimentos que proporcionan energ\u00eda al cuerpo y est\u00e1n compuestos por \u00e1tomos de carbono, hidr\u00f3geno y ox\u00edgeno.<\/p>\n","protected":false},"author":1,"featured_media":0,"parent":92,"menu_order":0,"comment_status":"closed","ping_status":"closed","template":"","meta":{"site-sidebar-layout":"default","site-content-layout":"default","ast-global-header-display":"","ast-main-header-display":"","ast-hfb-above-header-display":"","ast-hfb-below-header-display":"","ast-hfb-mobile-header-display":"","site-post-title":"","ast-breadcrumbs-content":"","ast-featured-img":"","footer-sml-layout":"","theme-transparent-header-meta":"","adv-header-id-meta":"","stick-header-meta":"","header-above-stick-meta":"","header-main-stick-meta":"","header-below-stick-meta":"","footnotes":""},"class_list":["post-2160","page","type-page","status-publish","hentry"],"yoast_head":"<!-- This site is optimized with the Yoast SEO plugin v21.7 - https:\/\/yoast.com\/wordpress\/plugins\/seo\/ -->\n<title>Carbohidratos - Gu\u00eda de \u00edndice gluc\u00e9mico<\/title>\n<meta name=\"description\" content=\"Los carbohidratos son un tipo de macronutriente que se encuentra en los alimentos que aportan energ\u00eda al organismo y...\" \/>\n<meta name=\"robots\" content=\"index, follow, max-snippet:-1, max-image-preview:large, max-video-preview:-1\" \/>\n<link rel=\"canonical\" href=\"https:\/\/glycemic-index.net\/es\/glosario\/carbohidratos\/\" \/>\n<meta property=\"og:locale\" content=\"en_US\" \/>\n<meta property=\"og:type\" content=\"article\" \/>\n<meta property=\"og:title\" content=\"Carbohidratos - Gu\u00eda de \u00edndice gluc\u00e9mico\" \/>\n<meta property=\"og:description\" content=\"Los carbohidratos son un tipo de macronutriente que se encuentra en los alimentos que aportan energ\u00eda al organismo y...\" \/>\n<meta property=\"og:url\" content=\"https:\/\/glycemic-index.net\/es\/glosario\/carbohidratos\/\" \/>\n<meta property=\"og:site_name\" content=\"Gu\u00eda de \u00edndice gluc\u00e9mico\" \/>\n<meta property=\"article:modified_time\" content=\"2023-02-01T17:19:45+00:00\" \/>\n<meta name=\"twitter:card\" content=\"summary_large_image\" \/>\n<meta name=\"twitter:label1\" content=\"Est. reading time\" \/>\n\t<meta name=\"twitter:data1\" content=\"1 minute\" \/>\n<script type=\"application\/ld+json\" class=\"yoast-schema-graph\">{\"@context\":\"https:\/\/schema.org\",\"@graph\":[{\"@type\":\"WebPage\",\"@id\":\"https:\/\/glycemic-index.net\/es\/glosario\/carbohidratos\/\",\"url\":\"https:\/\/glycemic-index.net\/es\/glosario\/carbohidratos\/\",\"name\":\"Carbohidratos - Gu\u00eda de \u00edndice gluc\u00e9mico\",\"isPartOf\":{\"@id\":\"https:\/\/glycemic-index.net\/es\/#website\"},\"datePublished\":\"2023-01-04T14:44:35+00:00\",\"dateModified\":\"2023-02-01T17:19:45+00:00\",\"description\":\"Los carbohidratos son un tipo de macronutriente que se encuentra en los alimentos que aportan energ\u00eda al organismo y...\",\"breadcrumb\":{\"@id\":\"https:\/\/glycemic-index.net\/es\/glosario\/carbohidratos\/#breadcrumb\"},\"inLanguage\":\"en-US\",\"potentialAction\":[{\"@type\":\"ReadAction\",\"target\":[\"https:\/\/glycemic-index.net\/es\/glosario\/carbohidratos\/\"]}]},{\"@type\":\"BreadcrumbList\",\"@id\":\"https:\/\/glycemic-index.net\/es\/glosario\/carbohidratos\/#breadcrumb\",\"itemListElement\":[{\"@type\":\"ListItem\",\"position\":1,\"name\":\"Home\",\"item\":\"https:\/\/glycemic-index.net\/es\/\"},{\"@type\":\"ListItem\",\"position\":2,\"name\":\"Glosario\",\"item\":\"https:\/\/glycemic-index.net\/es\/glosario\/\"},{\"@type\":\"ListItem\",\"position\":3,\"name\":\"Carbohidratos\"}]},{\"@type\":\"WebSite\",\"@id\":\"https:\/\/glycemic-index.net\/es\/#website\",\"url\":\"https:\/\/glycemic-index.net\/es\/\",\"name\":\"Gu\u00eda de \u00edndice gluc\u00e9mico\",\"description\":\"Aqu\u00ed encontrar\u00e1s todo lo que necesitas sobre el \u00edndice gluc\u00e9mico y la carga gluc\u00e9mica\",\"publisher\":{\"@id\":\"https:\/\/glycemic-index.net\/es\/#organization\"},\"potentialAction\":[{\"@type\":\"SearchAction\",\"target\":{\"@type\":\"EntryPoint\",\"urlTemplate\":\"https:\/\/glycemic-index.net\/es\/?s={search_term_string}\"},\"query-input\":\"required name=search_term_string\"}],\"inLanguage\":\"en-US\"},{\"@type\":\"Organization\",\"@id\":\"https:\/\/glycemic-index.net\/es\/#organization\",\"name\":\"Gu\u00eda de \u00edndice gluc\u00e9mico\",\"url\":\"https:\/\/glycemic-index.net\/es\/\",\"logo\":{\"@type\":\"ImageObject\",\"inLanguage\":\"en-US\",\"@id\":\"https:\/\/glycemic-index.net\/es\/#\/schema\/logo\/image\/\",\"url\":\"https:\/\/glycemic-index.net\/es\/wp-content\/uploads\/2023\/06\/logo_512-1.png\",\"contentUrl\":\"https:\/\/glycemic-index.net\/es\/wp-content\/uploads\/2023\/06\/logo_512-1.png\",\"width\":512,\"height\":512,\"caption\":\"Gu\u00eda de \u00edndice gluc\u00e9mico\"},\"image\":{\"@id\":\"https:\/\/glycemic-index.net\/es\/#\/schema\/logo\/image\/\"}}]}<\/script>\n<!-- \/ Yoast SEO plugin. -->","yoast_head_json":{"title":"Carbohidratos - Gu\u00eda de \u00edndice gluc\u00e9mico","description":"Los carbohidratos son un tipo de macronutriente que se encuentra en los alimentos que aportan energ\u00eda al organismo y...","robots":{"index":"index","follow":"follow","max-snippet":"max-snippet:-1","max-image-preview":"max-image-preview:large","max-video-preview":"max-video-preview:-1"},"canonical":"https:\/\/glycemic-index.net\/es\/glosario\/carbohidratos\/","og_locale":"en_US","og_type":"article","og_title":"Carbohidratos - Gu\u00eda de \u00edndice gluc\u00e9mico","og_description":"Los carbohidratos son un tipo de macronutriente que se encuentra en los alimentos que aportan energ\u00eda al organismo y...","og_url":"https:\/\/glycemic-index.net\/es\/glosario\/carbohidratos\/","og_site_name":"Gu\u00eda de \u00edndice gluc\u00e9mico","article_modified_time":"2023-02-01T17:19:45+00:00","twitter_card":"summary_large_image","twitter_misc":{"Est. reading time":"1 minute"},"schema":{"@context":"https:\/\/schema.org","@graph":[{"@type":"WebPage","@id":"https:\/\/glycemic-index.net\/es\/glosario\/carbohidratos\/","url":"https:\/\/glycemic-index.net\/es\/glosario\/carbohidratos\/","name":"Carbohidratos - Gu\u00eda de \u00edndice gluc\u00e9mico","isPartOf":{"@id":"https:\/\/glycemic-index.net\/es\/#website"},"datePublished":"2023-01-04T14:44:35+00:00","dateModified":"2023-02-01T17:19:45+00:00","description":"Los carbohidratos son un tipo de macronutriente que se encuentra en los alimentos que aportan energ\u00eda al organismo y...","breadcrumb":{"@id":"https:\/\/glycemic-index.net\/es\/glosario\/carbohidratos\/#breadcrumb"},"inLanguage":"en-US","potentialAction":[{"@type":"ReadAction","target":["https:\/\/glycemic-index.net\/es\/glosario\/carbohidratos\/"]}]},{"@type":"BreadcrumbList","@id":"https:\/\/glycemic-index.net\/es\/glosario\/carbohidratos\/#breadcrumb","itemListElement":[{"@type":"ListItem","position":1,"name":"Home","item":"https:\/\/glycemic-index.net\/es\/"},{"@type":"ListItem","position":2,"name":"Glosario","item":"https:\/\/glycemic-index.net\/es\/glosario\/"},{"@type":"ListItem","position":3,"name":"Carbohidratos"}]},{"@type":"WebSite","@id":"https:\/\/glycemic-index.net\/es\/#website","url":"https:\/\/glycemic-index.net\/es\/","name":"Gu\u00eda de \u00edndice gluc\u00e9mico","description":"Aqu\u00ed encontrar\u00e1s todo lo que necesitas sobre el \u00edndice gluc\u00e9mico y la carga gluc\u00e9mica","publisher":{"@id":"https:\/\/glycemic-index.net\/es\/#organization"},"potentialAction":[{"@type":"SearchAction","target":{"@type":"EntryPoint","urlTemplate":"https:\/\/glycemic-index.net\/es\/?s={search_term_string}"},"query-input":"required name=search_term_string"}],"inLanguage":"en-US"},{"@type":"Organization","@id":"https:\/\/glycemic-index.net\/es\/#organization","name":"Gu\u00eda de \u00edndice gluc\u00e9mico","url":"https:\/\/glycemic-index.net\/es\/","logo":{"@type":"ImageObject","inLanguage":"en-US","@id":"https:\/\/glycemic-index.net\/es\/#\/schema\/logo\/image\/","url":"https:\/\/glycemic-index.net\/es\/wp-content\/uploads\/2023\/06\/logo_512-1.png","contentUrl":"https:\/\/glycemic-index.net\/es\/wp-content\/uploads\/2023\/06\/logo_512-1.png","width":512,"height":512,"caption":"Gu\u00eda de \u00edndice gluc\u00e9mico"},"image":{"@id":"https:\/\/glycemic-index.net\/es\/#\/schema\/logo\/image\/"}}]}},"_links":{"self":[{"href":"https:\/\/glycemic-index.net\/es\/wp-json\/wp\/v2\/pages\/2160","targetHints":{"allow":["GET"]}}],"collection":[{"href":"https:\/\/glycemic-index.net\/es\/wp-json\/wp\/v2\/pages"}],"about":[{"href":"https:\/\/glycemic-index.net\/es\/wp-json\/wp\/v2\/types\/page"}],"author":[{"embeddable":true,"href":"https:\/\/glycemic-index.net\/es\/wp-json\/wp\/v2\/users\/1"}],"replies":[{"embeddable":true,"href":"https:\/\/glycemic-index.net\/es\/wp-json\/wp\/v2\/comments?post=2160"}],"version-history":[{"count":1,"href":"https:\/\/glycemic-index.net\/es\/wp-json\/wp\/v2\/pages\/2160\/revisions"}],"predecessor-version":[{"id":2377,"href":"https:\/\/glycemic-index.net\/es\/wp-json\/wp\/v2\/pages\/2160\/revisions\/2377"}],"up":[{"embeddable":true,"href":"https:\/\/glycemic-index.net\/es\/wp-json\/wp\/v2\/pages\/92"}],"wp:attachment":[{"href":"https:\/\/glycemic-index.net\/es\/wp-json\/wp\/v2\/media?parent=2160"}],"curies":[{"name":"wp","href":"https:\/\/api.w.org\/{rel}","templated":true}]}}