{"id":2263,"date":"2023-01-05T09:45:45","date_gmt":"2023-01-05T09:45:45","guid":{"rendered":"https:\/\/glycemic-index.net\/?page_id=2263"},"modified":"2023-02-01T17:04:47","modified_gmt":"2023-02-01T17:04:47","slug":"como-se-calcula-el-indice-glucemico","status":"publish","type":"page","link":"https:\/\/glycemic-index.net\/es\/como-se-calcula-el-indice-glucemico\/","title":{"rendered":"\u00bfC\u00f3mo se calcula el \u00edndice gluc\u00e9mico?"},"content":{"rendered":"\n<p>El \u00edndice gluc\u00e9mico (IG) es una medida de la rapidez con que un alimento en particular puede elevar los niveles de az\u00facar en la sangre.<\/p>\n\n\n\n<figure class=\"wp-block-image aligncenter size-full is-resized\"><img fetchpriority=\"high\" decoding=\"async\" src=\"https:\/\/glycemic-index.net\/wp-content\/uploads\/2023\/01\/glycemic_index_auc_chart.webp\" alt=\"Glycemic Index AUC Chart\" class=\"wp-image-2288\" width=\"600\" height=\"450\"\/><\/figure>\n\n\n\n<p>El \u00edndice gluc\u00e9mico de un alimento se determina midiendo el \u00e1rea incremental bajo la curva de nivel de az\u00facar en sangre (AUC) de dos horas despu\u00e9s de un per\u00edodo de 12 horas de ayuno e ingesti\u00f3n del alimento que tiene una cierta cantidad de carbohidratos disponibles (m\u00e1s com\u00fanmente 50 g).<\/p>\n\n\n\n<p>El AUC del alimento de prueba se divide por el AUC del est\u00e1ndar (ya sea glucosa o pan blanco, con dos definiciones distintas) y se multiplica por 100. El valor de IG promedio se determina a partir de los datos adquiridos de 10 participantes humanos.<\/p>\n\n\n\n<p>Tanto el alimento est\u00e1ndar como el de prueba deben contener la misma cantidad de carbohidratos disponibles. Esto da una clasificaci\u00f3n de cada alimento probado en comparaci\u00f3n con los dem\u00e1s.<\/p>\n\n\n\n<p>Los valores de IG de los alimentos oscilan entre 0 y 100. Se considera que los alimentos con un IG de 0 a 55 tienen un IG bajo, los que tienen un IG de 56 a 69 tienen un IG medio y los que tienen un IG de 70 o superior se consideran alimentos con un IG alto. Los alimentos con un IG bajo dan como resultado un aumento menor del az\u00facar en la sangre, mientras que los alimentos con un IG alto dan como resultado un aumento mayor del az\u00facar en la sangre.<\/p>\n\n\n\n<p>La precisi\u00f3n de los valores de IG puede verse afectada por una serie de factores, incluida la madurez de los alimentos, el procesamiento de los alimentos y el m\u00e9todo de cocci\u00f3n utilizado. Adem\u00e1s, los valores de IG pueden variar entre marcas del mismo alimento.<\/p>\n\n\n\n<p>Para calcular el IG de una comida, debe conocer los valores de IG de los componentes individuales de la comida. Por ejemplo, si preparara una comida con una taza de arroz integral cocido (IG = 50) y una porci\u00f3n de salm\u00f3n a la parrilla (IG = 25), sumar\u00eda los valores de IG para obtener un IG total de 75.<\/p>\n\n\n\n<p>En conclusi\u00f3n, el \u00edndice gluc\u00e9mico es una medida importante de la rapidez con que ciertos alimentos pueden afectar los niveles de az\u00facar en la sangre. Conocer y comprender los valores de IG de diferentes alimentos puede ayudarlo a tomar decisiones diet\u00e9ticas informadas para ayudar a mantener niveles saludables de az\u00facar en la sangre.<\/p>\n","protected":false},"excerpt":{"rendered":"<p>El \u00edndice gluc\u00e9mico (IG) es una medida de la rapidez con que un alimento en particular puede elevar los niveles de az\u00facar en la sangre. El \u00edndice gluc\u00e9mico de un alimento se determina midiendo el \u00e1rea incremental bajo la curva de nivel de az\u00facar en sangre (AUC) de dos horas despu\u00e9s de un per\u00edodo de &hellip;<\/p>\n<p class=\"read-more\"> <a class=\"\" href=\"https:\/\/glycemic-index.net\/es\/como-se-calcula-el-indice-glucemico\/\"> <span class=\"screen-reader-text\">\u00bfC\u00f3mo se calcula el \u00edndice gluc\u00e9mico?<\/span> Read More &raquo;<\/a><\/p>\n","protected":false},"author":1,"featured_media":0,"parent":0,"menu_order":0,"comment_status":"closed","ping_status":"closed","template":"","meta":{"site-sidebar-layout":"default","site-content-layout":"default","ast-global-header-display":"","ast-main-header-display":"","ast-hfb-above-header-display":"","ast-hfb-below-header-display":"","ast-hfb-mobile-header-display":"","site-post-title":"","ast-breadcrumbs-content":"","ast-featured-img":"","footer-sml-layout":"","theme-transparent-header-meta":"","adv-header-id-meta":"","stick-header-meta":"","header-above-stick-meta":"","header-main-stick-meta":"","header-below-stick-meta":"","footnotes":""},"class_list":["post-2263","page","type-page","status-publish","hentry"],"yoast_head":"<!-- This site is optimized with the Yoast SEO plugin v21.7 - https:\/\/yoast.com\/wordpress\/plugins\/seo\/ -->\n<title>\u00bfC\u00f3mo se calcula el \u00edndice gluc\u00e9mico? - Gu\u00eda de \u00edndice gluc\u00e9mico<\/title>\n<meta name=\"description\" content=\"El \u00edndice gluc\u00e9mico de un alimento se determina midiendo el \u00e1rea incremental bajo la curva de nivel de az\u00facar en la sangre de dos horas...\" \/>\n<meta name=\"robots\" content=\"index, follow, max-snippet:-1, max-image-preview:large, max-video-preview:-1\" \/>\n<link rel=\"canonical\" href=\"https:\/\/glycemic-index.net\/es\/como-se-calcula-el-indice-glucemico\/\" \/>\n<meta property=\"og:locale\" content=\"en_US\" \/>\n<meta property=\"og:type\" content=\"article\" \/>\n<meta property=\"og:title\" content=\"\u00bfC\u00f3mo se calcula el \u00edndice gluc\u00e9mico? - Gu\u00eda de \u00edndice gluc\u00e9mico\" \/>\n<meta property=\"og:description\" content=\"El \u00edndice gluc\u00e9mico de un alimento se determina midiendo el \u00e1rea incremental bajo la curva de nivel de az\u00facar en la sangre de dos horas...\" \/>\n<meta property=\"og:url\" content=\"https:\/\/glycemic-index.net\/es\/como-se-calcula-el-indice-glucemico\/\" \/>\n<meta property=\"og:site_name\" content=\"Gu\u00eda de \u00edndice gluc\u00e9mico\" \/>\n<meta property=\"article:modified_time\" content=\"2023-02-01T17:04:47+00:00\" \/>\n<meta property=\"og:image\" content=\"https:\/\/glycemic-index.net\/wp-content\/uploads\/2023\/01\/glycemic_index_auc_chart.webp\" \/>\n<meta name=\"twitter:card\" content=\"summary_large_image\" \/>\n<meta name=\"twitter:label1\" content=\"Est. reading time\" \/>\n\t<meta name=\"twitter:data1\" content=\"2 minutes\" \/>\n<script type=\"application\/ld+json\" class=\"yoast-schema-graph\">{\"@context\":\"https:\/\/schema.org\",\"@graph\":[{\"@type\":\"WebPage\",\"@id\":\"https:\/\/glycemic-index.net\/es\/como-se-calcula-el-indice-glucemico\/\",\"url\":\"https:\/\/glycemic-index.net\/es\/como-se-calcula-el-indice-glucemico\/\",\"name\":\"\u00bfC\u00f3mo se calcula el \u00edndice gluc\u00e9mico? - Gu\u00eda de \u00edndice gluc\u00e9mico\",\"isPartOf\":{\"@id\":\"https:\/\/glycemic-index.net\/es\/#website\"},\"datePublished\":\"2023-01-05T09:45:45+00:00\",\"dateModified\":\"2023-02-01T17:04:47+00:00\",\"description\":\"El \u00edndice gluc\u00e9mico de un alimento se determina midiendo el \u00e1rea incremental bajo la curva de nivel de az\u00facar en la sangre de dos horas...\",\"breadcrumb\":{\"@id\":\"https:\/\/glycemic-index.net\/es\/como-se-calcula-el-indice-glucemico\/#breadcrumb\"},\"inLanguage\":\"en-US\",\"potentialAction\":[{\"@type\":\"ReadAction\",\"target\":[\"https:\/\/glycemic-index.net\/es\/como-se-calcula-el-indice-glucemico\/\"]}]},{\"@type\":\"BreadcrumbList\",\"@id\":\"https:\/\/glycemic-index.net\/es\/como-se-calcula-el-indice-glucemico\/#breadcrumb\",\"itemListElement\":[{\"@type\":\"ListItem\",\"position\":1,\"name\":\"Home\",\"item\":\"https:\/\/glycemic-index.net\/es\/\"},{\"@type\":\"ListItem\",\"position\":2,\"name\":\"\u00bfC\u00f3mo se calcula el \u00edndice gluc\u00e9mico?\"}]},{\"@type\":\"WebSite\",\"@id\":\"https:\/\/glycemic-index.net\/es\/#website\",\"url\":\"https:\/\/glycemic-index.net\/es\/\",\"name\":\"Gu\u00eda de \u00edndice gluc\u00e9mico\",\"description\":\"Aqu\u00ed encontrar\u00e1s todo lo que necesitas sobre el \u00edndice gluc\u00e9mico y la carga gluc\u00e9mica\",\"publisher\":{\"@id\":\"https:\/\/glycemic-index.net\/es\/#organization\"},\"potentialAction\":[{\"@type\":\"SearchAction\",\"target\":{\"@type\":\"EntryPoint\",\"urlTemplate\":\"https:\/\/glycemic-index.net\/es\/?s={search_term_string}\"},\"query-input\":\"required name=search_term_string\"}],\"inLanguage\":\"en-US\"},{\"@type\":\"Organization\",\"@id\":\"https:\/\/glycemic-index.net\/es\/#organization\",\"name\":\"Gu\u00eda de \u00edndice gluc\u00e9mico\",\"url\":\"https:\/\/glycemic-index.net\/es\/\",\"logo\":{\"@type\":\"ImageObject\",\"inLanguage\":\"en-US\",\"@id\":\"https:\/\/glycemic-index.net\/es\/#\/schema\/logo\/image\/\",\"url\":\"https:\/\/glycemic-index.net\/es\/wp-content\/uploads\/2023\/06\/logo_512-1.png\",\"contentUrl\":\"https:\/\/glycemic-index.net\/es\/wp-content\/uploads\/2023\/06\/logo_512-1.png\",\"width\":512,\"height\":512,\"caption\":\"Gu\u00eda de \u00edndice gluc\u00e9mico\"},\"image\":{\"@id\":\"https:\/\/glycemic-index.net\/es\/#\/schema\/logo\/image\/\"}}]}<\/script>\n<!-- \/ Yoast SEO plugin. -->","yoast_head_json":{"title":"\u00bfC\u00f3mo se calcula el \u00edndice gluc\u00e9mico? - Gu\u00eda de \u00edndice gluc\u00e9mico","description":"El \u00edndice gluc\u00e9mico de un alimento se determina midiendo el \u00e1rea incremental bajo la curva de nivel de az\u00facar en la sangre de dos horas...","robots":{"index":"index","follow":"follow","max-snippet":"max-snippet:-1","max-image-preview":"max-image-preview:large","max-video-preview":"max-video-preview:-1"},"canonical":"https:\/\/glycemic-index.net\/es\/como-se-calcula-el-indice-glucemico\/","og_locale":"en_US","og_type":"article","og_title":"\u00bfC\u00f3mo se calcula el \u00edndice gluc\u00e9mico? - Gu\u00eda de \u00edndice gluc\u00e9mico","og_description":"El \u00edndice gluc\u00e9mico de un alimento se determina midiendo el \u00e1rea incremental bajo la curva de nivel de az\u00facar en la sangre de dos horas...","og_url":"https:\/\/glycemic-index.net\/es\/como-se-calcula-el-indice-glucemico\/","og_site_name":"Gu\u00eda de \u00edndice gluc\u00e9mico","article_modified_time":"2023-02-01T17:04:47+00:00","og_image":[{"url":"https:\/\/glycemic-index.net\/wp-content\/uploads\/2023\/01\/glycemic_index_auc_chart.webp"}],"twitter_card":"summary_large_image","twitter_misc":{"Est. reading time":"2 minutes"},"schema":{"@context":"https:\/\/schema.org","@graph":[{"@type":"WebPage","@id":"https:\/\/glycemic-index.net\/es\/como-se-calcula-el-indice-glucemico\/","url":"https:\/\/glycemic-index.net\/es\/como-se-calcula-el-indice-glucemico\/","name":"\u00bfC\u00f3mo se calcula el \u00edndice gluc\u00e9mico? - Gu\u00eda de \u00edndice gluc\u00e9mico","isPartOf":{"@id":"https:\/\/glycemic-index.net\/es\/#website"},"datePublished":"2023-01-05T09:45:45+00:00","dateModified":"2023-02-01T17:04:47+00:00","description":"El \u00edndice gluc\u00e9mico de un alimento se determina midiendo el \u00e1rea incremental bajo la curva de nivel de az\u00facar en la sangre de dos horas...","breadcrumb":{"@id":"https:\/\/glycemic-index.net\/es\/como-se-calcula-el-indice-glucemico\/#breadcrumb"},"inLanguage":"en-US","potentialAction":[{"@type":"ReadAction","target":["https:\/\/glycemic-index.net\/es\/como-se-calcula-el-indice-glucemico\/"]}]},{"@type":"BreadcrumbList","@id":"https:\/\/glycemic-index.net\/es\/como-se-calcula-el-indice-glucemico\/#breadcrumb","itemListElement":[{"@type":"ListItem","position":1,"name":"Home","item":"https:\/\/glycemic-index.net\/es\/"},{"@type":"ListItem","position":2,"name":"\u00bfC\u00f3mo se calcula el \u00edndice gluc\u00e9mico?"}]},{"@type":"WebSite","@id":"https:\/\/glycemic-index.net\/es\/#website","url":"https:\/\/glycemic-index.net\/es\/","name":"Gu\u00eda de \u00edndice gluc\u00e9mico","description":"Aqu\u00ed encontrar\u00e1s todo lo que necesitas sobre el \u00edndice gluc\u00e9mico y la carga gluc\u00e9mica","publisher":{"@id":"https:\/\/glycemic-index.net\/es\/#organization"},"potentialAction":[{"@type":"SearchAction","target":{"@type":"EntryPoint","urlTemplate":"https:\/\/glycemic-index.net\/es\/?s={search_term_string}"},"query-input":"required name=search_term_string"}],"inLanguage":"en-US"},{"@type":"Organization","@id":"https:\/\/glycemic-index.net\/es\/#organization","name":"Gu\u00eda de \u00edndice gluc\u00e9mico","url":"https:\/\/glycemic-index.net\/es\/","logo":{"@type":"ImageObject","inLanguage":"en-US","@id":"https:\/\/glycemic-index.net\/es\/#\/schema\/logo\/image\/","url":"https:\/\/glycemic-index.net\/es\/wp-content\/uploads\/2023\/06\/logo_512-1.png","contentUrl":"https:\/\/glycemic-index.net\/es\/wp-content\/uploads\/2023\/06\/logo_512-1.png","width":512,"height":512,"caption":"Gu\u00eda de \u00edndice gluc\u00e9mico"},"image":{"@id":"https:\/\/glycemic-index.net\/es\/#\/schema\/logo\/image\/"}}]}},"_links":{"self":[{"href":"https:\/\/glycemic-index.net\/es\/wp-json\/wp\/v2\/pages\/2263","targetHints":{"allow":["GET"]}}],"collection":[{"href":"https:\/\/glycemic-index.net\/es\/wp-json\/wp\/v2\/pages"}],"about":[{"href":"https:\/\/glycemic-index.net\/es\/wp-json\/wp\/v2\/types\/page"}],"author":[{"embeddable":true,"href":"https:\/\/glycemic-index.net\/es\/wp-json\/wp\/v2\/users\/1"}],"replies":[{"embeddable":true,"href":"https:\/\/glycemic-index.net\/es\/wp-json\/wp\/v2\/comments?post=2263"}],"version-history":[{"count":1,"href":"https:\/\/glycemic-index.net\/es\/wp-json\/wp\/v2\/pages\/2263\/revisions"}],"predecessor-version":[{"id":2365,"href":"https:\/\/glycemic-index.net\/es\/wp-json\/wp\/v2\/pages\/2263\/revisions\/2365"}],"wp:attachment":[{"href":"https:\/\/glycemic-index.net\/es\/wp-json\/wp\/v2\/media?parent=2263"}],"curies":[{"name":"wp","href":"https:\/\/api.w.org\/{rel}","templated":true}]}}