{"id":2265,"date":"2023-01-05T09:46:08","date_gmt":"2023-01-05T09:46:08","guid":{"rendered":"https:\/\/glycemic-index.net\/?page_id=2265"},"modified":"2023-02-01T17:02:58","modified_gmt":"2023-02-01T17:02:58","slug":"carga-glicemica","status":"publish","type":"page","link":"https:\/\/glycemic-index.net\/es\/carga-glicemica\/","title":{"rendered":"Explicaci\u00f3n de la carga gluc\u00e9mica: definici\u00f3n, f\u00f3rmula, beneficios y ejemplos"},"content":{"rendered":"\n<p>La carga gluc\u00e9mica (CG) es un concepto que ha ido cobrando fuerza en los \u00faltimos a\u00f1os. Es una medida del impacto que tienen los carbohidratos en los niveles de az\u00facar en la sangre, un factor crucial en el desarrollo y control de la diabetes tipo 2.<\/p>\n\n\n\n<p>Al comprender la CG y c\u00f3mo calcularla, las personas que hacen dieta, los diab\u00e9ticos y las personas conscientes de la salud pueden tomar decisiones m\u00e1s informadas sobre los alimentos que consumen y sus dietas en general.<\/p>\n\n\n\n<h2 class=\"wp-block-heading\"><strong>\u00bfQu\u00e9 es la Carga Gluc\u00e9mica?<\/strong><\/h2>\n\n\n\n<figure class=\"wp-block-image aligncenter size-full is-resized\"><img fetchpriority=\"high\" decoding=\"async\" src=\"https:\/\/glycemic-index.net\/wp-content\/uploads\/2023\/01\/glycemic-load.webp\" alt=\"Glycemic Load\" class=\"wp-image-2297\" width=\"500\" height=\"334\"\/><\/figure>\n\n\n\n<p>La carga gluc\u00e9mica es una medida de c\u00f3mo un alimento determinado afecta los niveles de az\u00facar en la sangre y est\u00e1 estrechamente relacionada con otro concepto, el \u00edndice gluc\u00e9mico (IG). El IG es una medida de la rapidez con la que un alimento determinado se convierte en glucosa y se expresa en una escala del 1 al 100 (siendo 100 la conversi\u00f3n m\u00e1s r\u00e1pida). CG va un paso m\u00e1s all\u00e1, teniendo en cuenta no solo la velocidad de conversi\u00f3n de la glucosa, sino tambi\u00e9n la cantidad de carbohidratos que contiene un alimento determinado.<\/p>\n\n\n\n<p>Para calcular la CG, se utiliza la siguiente f\u00f3rmula: CG = (IG x cantidad de carbohidratos disponibles por porci\u00f3n) dividido por 100.<\/p>\n\n\n\n<p>El resultado de este c\u00e1lculo se expresa luego en t\u00e9rminos de gramos de carbohidratos por porci\u00f3n.<\/p>\n\n\n\n<p>Un ejemplo de esto en acci\u00f3n ser\u00eda una rebanada de pan blanco, que tiene un IG de 70 y contiene 15 gramos de carbohidratos por rebanada. Usando la f\u00f3rmula, CG = (70 x 15) \/ 100 = 10,5 gramos.<\/p>\n\n\n\n<h2 class=\"wp-block-heading\"><strong>Niveles de GL<\/strong><\/h2>\n\n\n\n<p>Los valores de CG var\u00edan de 0 a 100 y se pueden clasificar de la siguiente manera:<\/p>\n\n\n\n<p>CG baja: 0 &#8211; 10<\/p>\n\n\n\n<p>CG moderada: 11-19<\/p>\n\n\n\n<p>CG alto: 20+<\/p>\n\n\n\n<p>En t\u00e9rminos generales, los alimentos bajos en CG son m\u00e1s beneficiosos para aquellos que buscan mantener bajo control sus niveles de az\u00facar en la sangre.<\/p>\n\n\n\n<h2 class=\"wp-block-heading\"><strong>Ejemplos de alimentos con valores CG<\/strong><\/h2>\n\n\n\n<p>Aqu\u00ed hay cinco ejemplos de alimentos con sus valores CG correspondientes:<\/p>\n\n\n\n<p>Arroz blanco (cocido): 50 CG<\/p>\n\n\n\n<p>Copos de avena (cocidos): 10 CG<\/p>\n\n\n\n<p>Patata al horno: 25 CG<\/p>\n\n\n\n<p>Manzana: 10 CG<\/p>\n\n\n\n<p>Pan blanco: 10,5 CG<\/p>\n\n\n\n<h2 class=\"wp-block-heading\"><strong>Dieta baja en CG<\/strong><\/h2>\n\n\n\n<p>Una dieta baja en GL es aquella que busca minimizar los picos de az\u00facar en la sangre al consumir alimentos con valores bajos de GL. Este tipo de dieta funciona limitando la cantidad de carbohidratos de digesti\u00f3n r\u00e1pida que se consumen, mientras enfatiza el consumo de carbohidratos de digesti\u00f3n lenta. Los carbohidratos de digesti\u00f3n lenta tardan m\u00e1s en procesarse y, por lo tanto, tienen un impacto menor en los niveles de az\u00facar en la sangre.<\/p>\n\n\n\n<h2 class=\"wp-block-heading\"><strong>Beneficios de la carga gluc\u00e9mica<\/strong><\/h2>\n\n\n\n<p>Los beneficios de una dieta baja en CG son dobles. En primer lugar, puede ayudar con la p\u00e9rdida de peso, ya que es m\u00e1s probable que los alimentos con una CG alta sean altos en calor\u00edas. En segundo lugar, puede ayudar a reducir el riesgo de desarrollar diabetes tipo 2, ya que puede reducir la cantidad de insulina necesaria para equilibrar los niveles de az\u00facar en la sangre. Para aquellos que ya tienen diabetes tipo 2, una dieta baja en GL puede ayudar a reducir la cantidad de medicaci\u00f3n necesaria, as\u00ed como el riesgo de desarrollar m\u00e1s complicaciones.<\/p>\n","protected":false},"excerpt":{"rendered":"<p>La carga gluc\u00e9mica (CG) es un concepto que ha ido cobrando fuerza en los \u00faltimos a\u00f1os. Es una medida del impacto que tienen los carbohidratos en los niveles de az\u00facar en la sangre, un factor crucial en el desarrollo y control de la diabetes tipo 2. Al comprender la CG y c\u00f3mo calcularla, las personas &hellip;<\/p>\n<p class=\"read-more\"> <a class=\"\" href=\"https:\/\/glycemic-index.net\/es\/carga-glicemica\/\"> <span class=\"screen-reader-text\">Explicaci\u00f3n de la carga gluc\u00e9mica: definici\u00f3n, f\u00f3rmula, beneficios y ejemplos<\/span> Read More &raquo;<\/a><\/p>\n","protected":false},"author":1,"featured_media":0,"parent":0,"menu_order":0,"comment_status":"closed","ping_status":"closed","template":"","meta":{"site-sidebar-layout":"default","site-content-layout":"default","ast-global-header-display":"","ast-main-header-display":"","ast-hfb-above-header-display":"","ast-hfb-below-header-display":"","ast-hfb-mobile-header-display":"","site-post-title":"","ast-breadcrumbs-content":"","ast-featured-img":"","footer-sml-layout":"","theme-transparent-header-meta":"","adv-header-id-meta":"","stick-header-meta":"","header-above-stick-meta":"","header-main-stick-meta":"","header-below-stick-meta":"","footnotes":""},"class_list":["post-2265","page","type-page","status-publish","hentry"],"yoast_head":"<!-- This site is optimized with the Yoast SEO plugin v21.7 - https:\/\/yoast.com\/wordpress\/plugins\/seo\/ -->\n<title>Explicaci\u00f3n de la carga gluc\u00e9mica: definici\u00f3n, f\u00f3rmula, beneficios y ejemplos<\/title>\n<meta name=\"description\" content=\"La carga gluc\u00e9mica (CG) es una medida del impacto que tienen los carbohidratos en los niveles de az\u00facar en la sangre, un factor crucial en...\" \/>\n<meta name=\"robots\" content=\"index, follow, max-snippet:-1, max-image-preview:large, max-video-preview:-1\" \/>\n<link rel=\"canonical\" href=\"https:\/\/glycemic-index.net\/es\/carga-glicemica\/\" \/>\n<meta property=\"og:locale\" content=\"en_US\" \/>\n<meta property=\"og:type\" content=\"article\" \/>\n<meta property=\"og:title\" content=\"Explicaci\u00f3n de la carga gluc\u00e9mica: definici\u00f3n, f\u00f3rmula, beneficios y ejemplos\" \/>\n<meta property=\"og:description\" content=\"La carga gluc\u00e9mica (CG) es una medida del impacto que tienen los carbohidratos en los niveles de az\u00facar en la sangre, un factor crucial en...\" \/>\n<meta property=\"og:url\" content=\"https:\/\/glycemic-index.net\/es\/carga-glicemica\/\" \/>\n<meta property=\"og:site_name\" content=\"Gu\u00eda de \u00edndice gluc\u00e9mico\" \/>\n<meta property=\"article:modified_time\" content=\"2023-02-01T17:02:58+00:00\" \/>\n<meta property=\"og:image\" content=\"https:\/\/glycemic-index.net\/wp-content\/uploads\/2023\/01\/glycemic-load.webp\" \/>\n<meta name=\"twitter:card\" content=\"summary_large_image\" \/>\n<meta name=\"twitter:label1\" content=\"Est. reading time\" \/>\n\t<meta name=\"twitter:data1\" content=\"3 minutes\" \/>\n<script type=\"application\/ld+json\" class=\"yoast-schema-graph\">{\"@context\":\"https:\/\/schema.org\",\"@graph\":[{\"@type\":\"WebPage\",\"@id\":\"https:\/\/glycemic-index.net\/es\/carga-glicemica\/\",\"url\":\"https:\/\/glycemic-index.net\/es\/carga-glicemica\/\",\"name\":\"Explicaci\u00f3n de la carga gluc\u00e9mica: definici\u00f3n, f\u00f3rmula, beneficios y ejemplos\",\"isPartOf\":{\"@id\":\"https:\/\/glycemic-index.net\/es\/#website\"},\"datePublished\":\"2023-01-05T09:46:08+00:00\",\"dateModified\":\"2023-02-01T17:02:58+00:00\",\"description\":\"La carga gluc\u00e9mica (CG) es una medida del impacto que tienen los carbohidratos en los niveles de az\u00facar en la sangre, un factor crucial en...\",\"breadcrumb\":{\"@id\":\"https:\/\/glycemic-index.net\/es\/carga-glicemica\/#breadcrumb\"},\"inLanguage\":\"en-US\",\"potentialAction\":[{\"@type\":\"ReadAction\",\"target\":[\"https:\/\/glycemic-index.net\/es\/carga-glicemica\/\"]}]},{\"@type\":\"BreadcrumbList\",\"@id\":\"https:\/\/glycemic-index.net\/es\/carga-glicemica\/#breadcrumb\",\"itemListElement\":[{\"@type\":\"ListItem\",\"position\":1,\"name\":\"Home\",\"item\":\"https:\/\/glycemic-index.net\/es\/\"},{\"@type\":\"ListItem\",\"position\":2,\"name\":\"Explicaci\u00f3n de la carga gluc\u00e9mica: definici\u00f3n, f\u00f3rmula, beneficios y ejemplos\"}]},{\"@type\":\"WebSite\",\"@id\":\"https:\/\/glycemic-index.net\/es\/#website\",\"url\":\"https:\/\/glycemic-index.net\/es\/\",\"name\":\"Gu\u00eda de \u00edndice gluc\u00e9mico\",\"description\":\"Aqu\u00ed encontrar\u00e1s todo lo que necesitas sobre el \u00edndice gluc\u00e9mico y la carga gluc\u00e9mica\",\"publisher\":{\"@id\":\"https:\/\/glycemic-index.net\/es\/#organization\"},\"potentialAction\":[{\"@type\":\"SearchAction\",\"target\":{\"@type\":\"EntryPoint\",\"urlTemplate\":\"https:\/\/glycemic-index.net\/es\/?s={search_term_string}\"},\"query-input\":\"required name=search_term_string\"}],\"inLanguage\":\"en-US\"},{\"@type\":\"Organization\",\"@id\":\"https:\/\/glycemic-index.net\/es\/#organization\",\"name\":\"Gu\u00eda de \u00edndice gluc\u00e9mico\",\"url\":\"https:\/\/glycemic-index.net\/es\/\",\"logo\":{\"@type\":\"ImageObject\",\"inLanguage\":\"en-US\",\"@id\":\"https:\/\/glycemic-index.net\/es\/#\/schema\/logo\/image\/\",\"url\":\"https:\/\/glycemic-index.net\/es\/wp-content\/uploads\/2023\/06\/logo_512-1.png\",\"contentUrl\":\"https:\/\/glycemic-index.net\/es\/wp-content\/uploads\/2023\/06\/logo_512-1.png\",\"width\":512,\"height\":512,\"caption\":\"Gu\u00eda de \u00edndice gluc\u00e9mico\"},\"image\":{\"@id\":\"https:\/\/glycemic-index.net\/es\/#\/schema\/logo\/image\/\"}}]}<\/script>\n<!-- \/ Yoast SEO plugin. -->","yoast_head_json":{"title":"Explicaci\u00f3n de la carga gluc\u00e9mica: definici\u00f3n, f\u00f3rmula, beneficios y ejemplos","description":"La carga gluc\u00e9mica (CG) es una medida del impacto que tienen los carbohidratos en los niveles de az\u00facar en la sangre, un factor crucial en...","robots":{"index":"index","follow":"follow","max-snippet":"max-snippet:-1","max-image-preview":"max-image-preview:large","max-video-preview":"max-video-preview:-1"},"canonical":"https:\/\/glycemic-index.net\/es\/carga-glicemica\/","og_locale":"en_US","og_type":"article","og_title":"Explicaci\u00f3n de la carga gluc\u00e9mica: definici\u00f3n, f\u00f3rmula, beneficios y ejemplos","og_description":"La carga gluc\u00e9mica (CG) es una medida del impacto que tienen los carbohidratos en los niveles de az\u00facar en la sangre, un factor crucial en...","og_url":"https:\/\/glycemic-index.net\/es\/carga-glicemica\/","og_site_name":"Gu\u00eda de \u00edndice gluc\u00e9mico","article_modified_time":"2023-02-01T17:02:58+00:00","og_image":[{"url":"https:\/\/glycemic-index.net\/wp-content\/uploads\/2023\/01\/glycemic-load.webp"}],"twitter_card":"summary_large_image","twitter_misc":{"Est. reading time":"3 minutes"},"schema":{"@context":"https:\/\/schema.org","@graph":[{"@type":"WebPage","@id":"https:\/\/glycemic-index.net\/es\/carga-glicemica\/","url":"https:\/\/glycemic-index.net\/es\/carga-glicemica\/","name":"Explicaci\u00f3n de la carga gluc\u00e9mica: definici\u00f3n, f\u00f3rmula, beneficios y ejemplos","isPartOf":{"@id":"https:\/\/glycemic-index.net\/es\/#website"},"datePublished":"2023-01-05T09:46:08+00:00","dateModified":"2023-02-01T17:02:58+00:00","description":"La carga gluc\u00e9mica (CG) es una medida del impacto que tienen los carbohidratos en los niveles de az\u00facar en la sangre, un factor crucial en...","breadcrumb":{"@id":"https:\/\/glycemic-index.net\/es\/carga-glicemica\/#breadcrumb"},"inLanguage":"en-US","potentialAction":[{"@type":"ReadAction","target":["https:\/\/glycemic-index.net\/es\/carga-glicemica\/"]}]},{"@type":"BreadcrumbList","@id":"https:\/\/glycemic-index.net\/es\/carga-glicemica\/#breadcrumb","itemListElement":[{"@type":"ListItem","position":1,"name":"Home","item":"https:\/\/glycemic-index.net\/es\/"},{"@type":"ListItem","position":2,"name":"Explicaci\u00f3n de la carga gluc\u00e9mica: definici\u00f3n, f\u00f3rmula, beneficios y ejemplos"}]},{"@type":"WebSite","@id":"https:\/\/glycemic-index.net\/es\/#website","url":"https:\/\/glycemic-index.net\/es\/","name":"Gu\u00eda de \u00edndice gluc\u00e9mico","description":"Aqu\u00ed encontrar\u00e1s todo lo que necesitas sobre el \u00edndice gluc\u00e9mico y la carga gluc\u00e9mica","publisher":{"@id":"https:\/\/glycemic-index.net\/es\/#organization"},"potentialAction":[{"@type":"SearchAction","target":{"@type":"EntryPoint","urlTemplate":"https:\/\/glycemic-index.net\/es\/?s={search_term_string}"},"query-input":"required name=search_term_string"}],"inLanguage":"en-US"},{"@type":"Organization","@id":"https:\/\/glycemic-index.net\/es\/#organization","name":"Gu\u00eda de \u00edndice gluc\u00e9mico","url":"https:\/\/glycemic-index.net\/es\/","logo":{"@type":"ImageObject","inLanguage":"en-US","@id":"https:\/\/glycemic-index.net\/es\/#\/schema\/logo\/image\/","url":"https:\/\/glycemic-index.net\/es\/wp-content\/uploads\/2023\/06\/logo_512-1.png","contentUrl":"https:\/\/glycemic-index.net\/es\/wp-content\/uploads\/2023\/06\/logo_512-1.png","width":512,"height":512,"caption":"Gu\u00eda de \u00edndice gluc\u00e9mico"},"image":{"@id":"https:\/\/glycemic-index.net\/es\/#\/schema\/logo\/image\/"}}]}},"_links":{"self":[{"href":"https:\/\/glycemic-index.net\/es\/wp-json\/wp\/v2\/pages\/2265","targetHints":{"allow":["GET"]}}],"collection":[{"href":"https:\/\/glycemic-index.net\/es\/wp-json\/wp\/v2\/pages"}],"about":[{"href":"https:\/\/glycemic-index.net\/es\/wp-json\/wp\/v2\/types\/page"}],"author":[{"embeddable":true,"href":"https:\/\/glycemic-index.net\/es\/wp-json\/wp\/v2\/users\/1"}],"replies":[{"embeddable":true,"href":"https:\/\/glycemic-index.net\/es\/wp-json\/wp\/v2\/comments?post=2265"}],"version-history":[{"count":1,"href":"https:\/\/glycemic-index.net\/es\/wp-json\/wp\/v2\/pages\/2265\/revisions"}],"predecessor-version":[{"id":2363,"href":"https:\/\/glycemic-index.net\/es\/wp-json\/wp\/v2\/pages\/2265\/revisions\/2363"}],"wp:attachment":[{"href":"https:\/\/glycemic-index.net\/es\/wp-json\/wp\/v2\/media?parent=2265"}],"curies":[{"name":"wp","href":"https:\/\/api.w.org\/{rel}","templated":true}]}}