{"id":2301,"date":"2023-01-07T10:53:27","date_gmt":"2023-01-07T10:53:27","guid":{"rendered":"https:\/\/glycemic-index.net\/?page_id=2301"},"modified":"2023-02-01T17:07:56","modified_gmt":"2023-02-01T17:07:56","slug":"dieta-con-ig-bajo","status":"publish","type":"page","link":"https:\/\/glycemic-index.net\/es\/dieta-con-ig-bajo\/","title":{"rendered":"Dieta con IG bajo"},"content":{"rendered":"\n<h2 class=\"wp-block-heading\"><strong>\u00bfQu\u00e9 es una dieta con IG bajo?<\/strong><\/h2>\n\n\n\n<p>Una dieta de bajo \u00edndice gluc\u00e9mico (IG) es un plan de alimentaci\u00f3n que se enfoca en consumir alimentos con un \u00edndice gluc\u00e9mico m\u00e1s bajo.<\/p>\n\n\n\n<p>Los alimentos con el IG m\u00e1s alto generalmente est\u00e1n compuestos de az\u00facares y carbohidratos simples, lo que puede causar picos en los niveles de az\u00facar en la sangre.<\/p>\n\n\n\n<p>Los alimentos con IG m\u00e1s bajos incluyen carbohidratos complejos como cereales integrales, legumbres y ciertas frutas y verduras. Estos alimentos se digieren m\u00e1s lentamente y ayudan a mantener los niveles de az\u00facar en la sangre durante todo el d\u00eda.<\/p>\n\n\n\n<p>Se ha demostrado que una dieta con un IG bajo brinda numerosos beneficios para la salud, incluida la p\u00e9rdida de peso, la mejora de los niveles de colesterol, un mejor control de los s\u00edntomas de la diabetes, un aumento de los niveles de energ\u00eda, una reducci\u00f3n de los antojos de alimentos no saludables y una mejor salud del coraz\u00f3n.<\/p>\n\n\n\n<h2 class=\"wp-block-heading\"><strong>\u00bfC\u00f3mo decidir qu\u00e9 se puede comer?<\/strong><\/h2>\n\n\n\n<p>Al seguir un plan de alimentaci\u00f3n con IG bajo, es importante elegir alimentos que tengan una carga gluc\u00e9mica (CG) baja.<\/p>\n\n\n\n<p>El CG se determina multiplicando el IG del alimento por su contenido de carbohidratos por porci\u00f3n. Por ejemplo, si comes una manzana que tiene un IG moderado de 36 puntos pero solo contiene 10 g de carbohidratos por cada 100 g, tendr\u00e1 un CG general de 3 a 4 puntos, lo que la har\u00e1 adecuada para incluirla en tu dieta.<\/p>\n\n\n\n<p>En t\u00e9rminos generales, la mayor\u00eda de las frutas y verduras tienden a tener un IG bastante bajo, as\u00ed que intente agregar muchas de estas en sus comidas todos los d\u00edas junto con fuentes alternativas o fibra, como nueces, semillas, frijoles, lentejas, avena, etc.<\/p>\n\n\n\n<p>Las verduras deben constituir alrededor de la mitad de su plato a la hora de las comidas, mientras que los almidones integrales como la quinua, el mijo, el trigo sarraceno, el arroz integral, la cebada, etc.<\/p>\n\n\n\n<p>Si los refrigerios buscan opciones que contengan prote\u00ednas y fibra, esto podr\u00eda ser algo como hummus en tortas de avena.<\/p>\n\n\n\n<h2 class=\"wp-block-heading\"><strong>Dieta con IG bajo vs Keto<\/strong><\/h2>\n\n\n\n<p>La dieta Low IG y la dieta Keto son dos de las estrategias diet\u00e9ticas m\u00e1s populares que se utilizan en la actualidad. Ambos se enfocan en reducir su \u00edndice gluc\u00e9mico general, pero difieren en c\u00f3mo lo logran.<\/p>\n\n\n\n<p>La dieta Low IG es una dieta baja en carbohidratos que enfatiza el consumo de carbohidratos con un \u00edndice gluc\u00e9mico m\u00e1s bajo para ayudar a regular los niveles de az\u00facar en la sangre y reducir los antojos. Por otro lado, la dieta Keto es un plan ultrabajo en carbohidratos que pone a su cuerpo en un estado de cetosis donde quema grasa para obtener energ\u00eda en lugar de glucosa de los carbohidratos.<\/p>\n\n\n\n<p>La principal diferencia entre estas dos dietas radica en su enfoque del consumo de carbohidratos: mientras que ambas enfatizan la limitaci\u00f3n de carbohidratos, la dieta IG bajo permite cantidades m\u00e1s moderadas de alimentos con un IG m\u00e1s alto que la dieta Keto.<\/p>\n\n\n\n<p>Esto significa que las personas que siguen una dieta con IG bajo a\u00fan pueden disfrutar de algunos granos, como el pan integral o la avena, sin tener que eliminar dr\u00e1sticamente todos los carbohidratos, como tendr\u00eda que hacer con la dieta Keto.<\/p>\n\n\n\n<p>Ambos planes ofrecen numerosos beneficios para la salud que incluyen p\u00e9rdida de peso, sensibilidad mejorada a la insulina y factores de riesgo reducidos para ciertas enfermedades cr\u00f3nicas; sin embargo, dependiendo de las necesidades y preferencias individuales, uno puede ser m\u00e1s adecuado que otro.<\/p>\n\n\n\n<p>Para aquellos que buscan una p\u00e9rdida de peso constante sin restricciones extremas o cambios en el estilo de vida, seguir una dieta con IG bajo podr\u00eda ser la mejor opci\u00f3n, ya que permite cierta flexibilidad en t\u00e9rminos de elecci\u00f3n de alimentos y mantiene la ingesta de carbohidratos relativamente baja para mantenerse dentro de los rangos saludables.<\/p>\n\n\n\n<p>Mientras tanto, aquellos que buscan resultados m\u00e1s r\u00e1pidos o desean un mayor control sobre sus proporciones de macronutrientes pueden tener m\u00e1s \u00e9xito con ceto debido a su estricta adherencia a una ingesta muy baja de carbohidratos que ayuda a acelerar los procesos de quema de grasa adem\u00e1s de proporcionar beneficios cognitivos potenciales al aumentar los niveles de cetonas en el cerebro.<\/p>\n\n\n\n<h2 class=\"wp-block-heading\"><strong>Beneficios para la salud de la dieta de bajo \u00edndice gluc\u00e9mico:<\/strong><\/h2>\n\n\n\n<p>Hay muchos beneficios potenciales para la salud asociados con seguir una dieta de bajo \u00edndice gluc\u00e9mico debido a su enfoque en ingredientes saludables densos en nutrientes sobre elementos altamente procesados con alto contenido de az\u00facares y grasas refinadas. En cambio, algunas investigaciones sugieren que aquellos que siguen esta forma de comer pueden experimentar menos antojos de hambre. porcentaje de grasa corporal mejor control de la glucosa mayor saciedad aumento del estado de \u00e1nimo claridad mental e incluso mejor tiempo de rendimiento atl\u00e9tico que permite a los usuarios alcanzar sus objetivos m\u00e1s r\u00e1pido.<\/p>\n\n\n\n<p>Adem\u00e1s, debido a que las dietas que presentan un mayor consumo de fuentes vegetales a menudo conducen a una mayor densidad de nutrientes, tambi\u00e9n pueden reducir los factores de riesgo asociados con enfermedades cr\u00f3nicas como las enfermedades cardiovasculares, la diabetes tipo 2, el c\u00e1ncer, los accidentes cerebrovasculares, la hipertensi\u00f3n, la obesidad, la depresi\u00f3n y otros problemas relacionados con el estilo de vida. nuestros platos todos los d\u00edas!<\/p>\n","protected":false},"excerpt":{"rendered":"<p>\u00bfQu\u00e9 es una dieta con IG bajo? Una dieta de bajo \u00edndice gluc\u00e9mico (IG) es un plan de alimentaci\u00f3n que se enfoca en consumir alimentos con un \u00edndice gluc\u00e9mico m\u00e1s bajo. Los alimentos con el IG m\u00e1s alto generalmente est\u00e1n compuestos de az\u00facares y carbohidratos simples, lo que puede causar picos en los niveles de &hellip;<\/p>\n<p class=\"read-more\"> <a class=\"\" href=\"https:\/\/glycemic-index.net\/es\/dieta-con-ig-bajo\/\"> <span class=\"screen-reader-text\">Dieta con IG bajo<\/span> Read More &raquo;<\/a><\/p>\n","protected":false},"author":1,"featured_media":0,"parent":0,"menu_order":0,"comment_status":"closed","ping_status":"closed","template":"","meta":{"site-sidebar-layout":"default","site-content-layout":"default","ast-global-header-display":"","ast-main-header-display":"","ast-hfb-above-header-display":"","ast-hfb-below-header-display":"","ast-hfb-mobile-header-display":"","site-post-title":"","ast-breadcrumbs-content":"","ast-featured-img":"","footer-sml-layout":"","theme-transparent-header-meta":"","adv-header-id-meta":"","stick-header-meta":"","header-above-stick-meta":"","header-main-stick-meta":"","header-below-stick-meta":"","footnotes":""},"class_list":["post-2301","page","type-page","status-publish","hentry"],"yoast_head":"<!-- This site is optimized with the Yoast SEO plugin v21.7 - https:\/\/yoast.com\/wordpress\/plugins\/seo\/ -->\n<title>Dieta con IG bajo - Gu\u00eda de \u00edndice gluc\u00e9mico<\/title>\n<meta name=\"description\" content=\"Una dieta de bajo \u00edndice gluc\u00e9mico (IG) es un plan de alimentaci\u00f3n que se enfoca en consumir alimentos con un \u00edndice gluc\u00e9mico m\u00e1s bajo. Los alimentos con mayor...\" \/>\n<meta name=\"robots\" content=\"index, follow, max-snippet:-1, max-image-preview:large, max-video-preview:-1\" \/>\n<link rel=\"canonical\" href=\"https:\/\/glycemic-index.net\/es\/dieta-con-ig-bajo\/\" \/>\n<meta property=\"og:locale\" content=\"en_US\" \/>\n<meta property=\"og:type\" content=\"article\" \/>\n<meta property=\"og:title\" content=\"Dieta con IG bajo - Gu\u00eda de \u00edndice gluc\u00e9mico\" \/>\n<meta property=\"og:description\" content=\"Una dieta de bajo \u00edndice gluc\u00e9mico (IG) es un plan de alimentaci\u00f3n que se enfoca en consumir alimentos con un \u00edndice gluc\u00e9mico m\u00e1s bajo. Los alimentos con mayor...\" \/>\n<meta property=\"og:url\" content=\"https:\/\/glycemic-index.net\/es\/dieta-con-ig-bajo\/\" \/>\n<meta property=\"og:site_name\" content=\"Gu\u00eda de \u00edndice gluc\u00e9mico\" \/>\n<meta property=\"article:modified_time\" content=\"2023-02-01T17:07:56+00:00\" \/>\n<meta name=\"twitter:card\" content=\"summary_large_image\" \/>\n<meta name=\"twitter:label1\" content=\"Est. reading time\" \/>\n\t<meta name=\"twitter:data1\" content=\"4 minutes\" \/>\n<script type=\"application\/ld+json\" class=\"yoast-schema-graph\">{\"@context\":\"https:\/\/schema.org\",\"@graph\":[{\"@type\":\"WebPage\",\"@id\":\"https:\/\/glycemic-index.net\/es\/dieta-con-ig-bajo\/\",\"url\":\"https:\/\/glycemic-index.net\/es\/dieta-con-ig-bajo\/\",\"name\":\"Dieta con IG bajo - Gu\u00eda de \u00edndice gluc\u00e9mico\",\"isPartOf\":{\"@id\":\"https:\/\/glycemic-index.net\/es\/#website\"},\"datePublished\":\"2023-01-07T10:53:27+00:00\",\"dateModified\":\"2023-02-01T17:07:56+00:00\",\"description\":\"Una dieta de bajo \u00edndice gluc\u00e9mico (IG) es un plan de alimentaci\u00f3n que se enfoca en consumir alimentos con un \u00edndice gluc\u00e9mico m\u00e1s bajo. Los alimentos con mayor...\",\"breadcrumb\":{\"@id\":\"https:\/\/glycemic-index.net\/es\/dieta-con-ig-bajo\/#breadcrumb\"},\"inLanguage\":\"en-US\",\"potentialAction\":[{\"@type\":\"ReadAction\",\"target\":[\"https:\/\/glycemic-index.net\/es\/dieta-con-ig-bajo\/\"]}]},{\"@type\":\"BreadcrumbList\",\"@id\":\"https:\/\/glycemic-index.net\/es\/dieta-con-ig-bajo\/#breadcrumb\",\"itemListElement\":[{\"@type\":\"ListItem\",\"position\":1,\"name\":\"Home\",\"item\":\"https:\/\/glycemic-index.net\/es\/\"},{\"@type\":\"ListItem\",\"position\":2,\"name\":\"Dieta con IG bajo\"}]},{\"@type\":\"WebSite\",\"@id\":\"https:\/\/glycemic-index.net\/es\/#website\",\"url\":\"https:\/\/glycemic-index.net\/es\/\",\"name\":\"Gu\u00eda de \u00edndice gluc\u00e9mico\",\"description\":\"Aqu\u00ed encontrar\u00e1s todo lo que necesitas sobre el \u00edndice gluc\u00e9mico y la carga gluc\u00e9mica\",\"publisher\":{\"@id\":\"https:\/\/glycemic-index.net\/es\/#organization\"},\"potentialAction\":[{\"@type\":\"SearchAction\",\"target\":{\"@type\":\"EntryPoint\",\"urlTemplate\":\"https:\/\/glycemic-index.net\/es\/?s={search_term_string}\"},\"query-input\":\"required name=search_term_string\"}],\"inLanguage\":\"en-US\"},{\"@type\":\"Organization\",\"@id\":\"https:\/\/glycemic-index.net\/es\/#organization\",\"name\":\"Gu\u00eda de \u00edndice gluc\u00e9mico\",\"url\":\"https:\/\/glycemic-index.net\/es\/\",\"logo\":{\"@type\":\"ImageObject\",\"inLanguage\":\"en-US\",\"@id\":\"https:\/\/glycemic-index.net\/es\/#\/schema\/logo\/image\/\",\"url\":\"https:\/\/glycemic-index.net\/es\/wp-content\/uploads\/2023\/06\/logo_512-1.png\",\"contentUrl\":\"https:\/\/glycemic-index.net\/es\/wp-content\/uploads\/2023\/06\/logo_512-1.png\",\"width\":512,\"height\":512,\"caption\":\"Gu\u00eda de \u00edndice gluc\u00e9mico\"},\"image\":{\"@id\":\"https:\/\/glycemic-index.net\/es\/#\/schema\/logo\/image\/\"}}]}<\/script>\n<!-- \/ Yoast SEO plugin. -->","yoast_head_json":{"title":"Dieta con IG bajo - Gu\u00eda de \u00edndice gluc\u00e9mico","description":"Una dieta de bajo \u00edndice gluc\u00e9mico (IG) es un plan de alimentaci\u00f3n que se enfoca en consumir alimentos con un \u00edndice gluc\u00e9mico m\u00e1s bajo. Los alimentos con mayor...","robots":{"index":"index","follow":"follow","max-snippet":"max-snippet:-1","max-image-preview":"max-image-preview:large","max-video-preview":"max-video-preview:-1"},"canonical":"https:\/\/glycemic-index.net\/es\/dieta-con-ig-bajo\/","og_locale":"en_US","og_type":"article","og_title":"Dieta con IG bajo - Gu\u00eda de \u00edndice gluc\u00e9mico","og_description":"Una dieta de bajo \u00edndice gluc\u00e9mico (IG) es un plan de alimentaci\u00f3n que se enfoca en consumir alimentos con un \u00edndice gluc\u00e9mico m\u00e1s bajo. Los alimentos con mayor...","og_url":"https:\/\/glycemic-index.net\/es\/dieta-con-ig-bajo\/","og_site_name":"Gu\u00eda de \u00edndice gluc\u00e9mico","article_modified_time":"2023-02-01T17:07:56+00:00","twitter_card":"summary_large_image","twitter_misc":{"Est. reading time":"4 minutes"},"schema":{"@context":"https:\/\/schema.org","@graph":[{"@type":"WebPage","@id":"https:\/\/glycemic-index.net\/es\/dieta-con-ig-bajo\/","url":"https:\/\/glycemic-index.net\/es\/dieta-con-ig-bajo\/","name":"Dieta con IG bajo - Gu\u00eda de \u00edndice gluc\u00e9mico","isPartOf":{"@id":"https:\/\/glycemic-index.net\/es\/#website"},"datePublished":"2023-01-07T10:53:27+00:00","dateModified":"2023-02-01T17:07:56+00:00","description":"Una dieta de bajo \u00edndice gluc\u00e9mico (IG) es un plan de alimentaci\u00f3n que se enfoca en consumir alimentos con un \u00edndice gluc\u00e9mico m\u00e1s bajo. Los alimentos con mayor...","breadcrumb":{"@id":"https:\/\/glycemic-index.net\/es\/dieta-con-ig-bajo\/#breadcrumb"},"inLanguage":"en-US","potentialAction":[{"@type":"ReadAction","target":["https:\/\/glycemic-index.net\/es\/dieta-con-ig-bajo\/"]}]},{"@type":"BreadcrumbList","@id":"https:\/\/glycemic-index.net\/es\/dieta-con-ig-bajo\/#breadcrumb","itemListElement":[{"@type":"ListItem","position":1,"name":"Home","item":"https:\/\/glycemic-index.net\/es\/"},{"@type":"ListItem","position":2,"name":"Dieta con IG bajo"}]},{"@type":"WebSite","@id":"https:\/\/glycemic-index.net\/es\/#website","url":"https:\/\/glycemic-index.net\/es\/","name":"Gu\u00eda de \u00edndice gluc\u00e9mico","description":"Aqu\u00ed encontrar\u00e1s todo lo que necesitas sobre el \u00edndice gluc\u00e9mico y la carga gluc\u00e9mica","publisher":{"@id":"https:\/\/glycemic-index.net\/es\/#organization"},"potentialAction":[{"@type":"SearchAction","target":{"@type":"EntryPoint","urlTemplate":"https:\/\/glycemic-index.net\/es\/?s={search_term_string}"},"query-input":"required name=search_term_string"}],"inLanguage":"en-US"},{"@type":"Organization","@id":"https:\/\/glycemic-index.net\/es\/#organization","name":"Gu\u00eda de \u00edndice gluc\u00e9mico","url":"https:\/\/glycemic-index.net\/es\/","logo":{"@type":"ImageObject","inLanguage":"en-US","@id":"https:\/\/glycemic-index.net\/es\/#\/schema\/logo\/image\/","url":"https:\/\/glycemic-index.net\/es\/wp-content\/uploads\/2023\/06\/logo_512-1.png","contentUrl":"https:\/\/glycemic-index.net\/es\/wp-content\/uploads\/2023\/06\/logo_512-1.png","width":512,"height":512,"caption":"Gu\u00eda de \u00edndice gluc\u00e9mico"},"image":{"@id":"https:\/\/glycemic-index.net\/es\/#\/schema\/logo\/image\/"}}]}},"_links":{"self":[{"href":"https:\/\/glycemic-index.net\/es\/wp-json\/wp\/v2\/pages\/2301","targetHints":{"allow":["GET"]}}],"collection":[{"href":"https:\/\/glycemic-index.net\/es\/wp-json\/wp\/v2\/pages"}],"about":[{"href":"https:\/\/glycemic-index.net\/es\/wp-json\/wp\/v2\/types\/page"}],"author":[{"embeddable":true,"href":"https:\/\/glycemic-index.net\/es\/wp-json\/wp\/v2\/users\/1"}],"replies":[{"embeddable":true,"href":"https:\/\/glycemic-index.net\/es\/wp-json\/wp\/v2\/comments?post=2301"}],"version-history":[{"count":2,"href":"https:\/\/glycemic-index.net\/es\/wp-json\/wp\/v2\/pages\/2301\/revisions"}],"predecessor-version":[{"id":2368,"href":"https:\/\/glycemic-index.net\/es\/wp-json\/wp\/v2\/pages\/2301\/revisions\/2368"}],"wp:attachment":[{"href":"https:\/\/glycemic-index.net\/es\/wp-json\/wp\/v2\/media?parent=2301"}],"curies":[{"name":"wp","href":"https:\/\/api.w.org\/{rel}","templated":true}]}}