{"id":3664,"date":"2023-11-06T11:54:25","date_gmt":"2023-11-06T11:54:25","guid":{"rendered":"https:\/\/glycemic-index.net\/es\/?page_id=3664"},"modified":"2023-11-06T11:55:12","modified_gmt":"2023-11-06T11:55:12","slug":"app","status":"publish","type":"page","link":"https:\/\/glycemic-index.net\/es\/app\/","title":{"rendered":"Aplicaci\u00f3n m\u00f3vil de \u00edndice gluc\u00e9mico."},"content":{"rendered":"\n<p><strong>\u00bfSab\u00edas que existe una aplicaci\u00f3n m\u00f3vil donde puedes consultar el \u00edndice gluc\u00e9mico y la carga gluc\u00e9mica de los alimentos con tan solo unos toques?<\/strong><\/p>\n\n\n\n<p><\/p>\n\n\n\n<p class=\"has-text-align-center\"><strong>Para descargar, escanea el c\u00f3digo QR en tu dispositivo m\u00f3vil<\/strong><\/p>\n\n\n\n<figure class=\"wp-block-image aligncenter size-full\"><img decoding=\"async\" width=\"180\" height=\"180\" src=\"https:\/\/glycemic-index.net\/es\/wp-content\/uploads\/2023\/11\/qr_code_es.webp\" alt=\"\" class=\"wp-image-3665\" srcset=\"https:\/\/glycemic-index.net\/es\/wp-content\/uploads\/2023\/11\/qr_code_es.webp 180w, https:\/\/glycemic-index.net\/es\/wp-content\/uploads\/2023\/11\/qr_code_es-150x150.webp 150w, https:\/\/glycemic-index.net\/es\/wp-content\/uploads\/2023\/11\/qr_code_es-120x120.webp 120w\" sizes=\"(max-width: 180px) 100vw, 180px\" \/><\/figure>\n\n\n\n<p><\/p>\n\n\n\n<p>\u00a1Presentamos la mejor aplicaci\u00f3n de \u00edndice gluc\u00e9mico para aquellos que buscan mantener un estilo de vida saludable! La aplicaci\u00f3n presenta un \u00edndice gluc\u00e9mico completo y un gr\u00e1fico de carga, lo que le facilita comprender el impacto de los alimentos que consume en sus niveles de az\u00facar en la sangre. Con un vistazo, podr\u00e1 ver qu\u00e9 alimentos tienen un IG bajo y alto, lo que le permitir\u00e1 tomar decisiones informadas.<\/p>\n\n\n\n<figure class=\"wp-block-image aligncenter size-full is-resized\"><img fetchpriority=\"high\" decoding=\"async\" width=\"540\" height=\"540\" src=\"https:\/\/glycemic-index.net\/es\/wp-content\/uploads\/2023\/03\/mobile_banner_es.webp\" alt=\"\" class=\"wp-image-3021\" style=\"object-fit:contain;width:400px;height:400px\" srcset=\"https:\/\/glycemic-index.net\/es\/wp-content\/uploads\/2023\/03\/mobile_banner_es.webp 540w, https:\/\/glycemic-index.net\/es\/wp-content\/uploads\/2023\/03\/mobile_banner_es-300x300.webp 300w, https:\/\/glycemic-index.net\/es\/wp-content\/uploads\/2023\/03\/mobile_banner_es-150x150.webp 150w, https:\/\/glycemic-index.net\/es\/wp-content\/uploads\/2023\/03\/mobile_banner_es-120x120.webp 120w\" sizes=\"(max-width: 540px) 100vw, 540px\" \/><\/figure>\n\n\n\n<p><\/p>\n\n\n\n<p><strong>Caracter\u00edsticas de la aplicaci\u00f3n \u00cdndice &amp; Carga Gluc\u00e9mico:<\/strong><\/p>\n\n\n\n<p>+ Interfaz f\u00e1cil de usar<\/p>\n\n\n\n<p>+ B\u00fasqueda conveniente<\/p>\n\n\n\n<p>+ filtro de nivel IG<\/p>\n\n\n\n<p>+ Ordenar por nombre y valor de IG<\/p>\n\n\n\n<p>+ Posibilidad de agregar sus propios alimentos<\/p>\n\n\n\n<p>+ Acceso r\u00e1pido a tus comidas favoritas<\/p>\n\n\n\n<p>+ Recetas bajas en carbohidratos y plan de dieta<\/p>\n\n\n\n<p>+ Calculadora de carga gluc\u00e9mica<\/p>\n\n\n\n<p>+ Rastreador de carga gluc\u00e9mica y consumo de nutrici\u00f3n<\/p>\n\n\n\n<p>+ Rastreador de glucosa<\/p>\n\n\n\n<p>+ Seguimiento de peso<\/p>\n\n\n\n<p><strong>Beneficios de seguir una dieta baja en IG:<\/strong><\/p>\n\n\n\n<p>1. Control del az\u00facar en la sangre: comer alimentos con un \u00edndice gluc\u00e9mico bajo puede ayudar a mantener estables los niveles de az\u00facar en la sangre y reducir el riesgo de desarrollar diabetes.<\/p>\n\n\n\n<p>2. P\u00e9rdida de peso: comer alimentos con un \u00edndice gluc\u00e9mico bajo puede ayudar a reducir el hambre y los antojos, lo que conduce a la p\u00e9rdida de peso.<\/p>\n\n\n\n<p>3. Niveles de energ\u00eda mejorados: comer alimentos con un \u00edndice gluc\u00e9mico bajo puede ayudar a proporcionar energ\u00eda sostenida durante todo el d\u00eda.<\/p>\n\n\n\n<p>4. Riesgo reducido de enfermedades card\u00edacas: comer alimentos con un \u00edndice gluc\u00e9mico bajo puede ayudar a reducir el riesgo de enfermedades card\u00edacas.<\/p>\n\n\n\n<p>5. Digesti\u00f3n mejorada: comer alimentos con un \u00edndice gluc\u00e9mico bajo puede ayudar a mejorar la digesti\u00f3n y reducir el riesgo de problemas digestivos.<\/p>\n\n\n\n<p><strong>\u00a1Esperamos sinceramente que esta aplicaci\u00f3n lo ayude a convertirse en una persona m\u00e1s saludable!<\/strong><\/p>\n\n\n\n<p> <strong style=\"text-align: center; color: var(--ast-global-color-3); font-size: revert; background-color: var(--ast-global-color-5); font-family: -apple-system, BlinkMacSystemFont, &quot;Segoe UI&quot;, Roboto, Oxygen-Sans, Ubuntu, Cantarell, &quot;Helvetica Neue&quot;, sans-serif;\">Para descargar, escanea el c\u00f3digo QR en tu dispositivo m\u00f3vil<\/strong><span style=\"text-align: center; color: var(--ast-global-color-3); font-size: revert; font-family: -apple-system, BlinkMacSystemFont, &quot;Segoe UI&quot;, Roboto, Oxygen-Sans, Ubuntu, Cantarell, &quot;Helvetica Neue&quot;, sans-serif; background-color: var(--ast-global-color-5);\"> <\/span><\/p>\n\n\n\n<figure class=\"wp-block-image aligncenter size-full\"><img decoding=\"async\" width=\"180\" height=\"180\" src=\"https:\/\/glycemic-index.net\/es\/wp-content\/uploads\/2023\/11\/qr_code_es.webp\" alt=\"\" class=\"wp-image-3665\" srcset=\"https:\/\/glycemic-index.net\/es\/wp-content\/uploads\/2023\/11\/qr_code_es.webp 180w, https:\/\/glycemic-index.net\/es\/wp-content\/uploads\/2023\/11\/qr_code_es-150x150.webp 150w, https:\/\/glycemic-index.net\/es\/wp-content\/uploads\/2023\/11\/qr_code_es-120x120.webp 120w\" sizes=\"(max-width: 180px) 100vw, 180px\" \/><\/figure>\n\n\n\n<p><\/p>\n","protected":false},"excerpt":{"rendered":"<p>\u00bfSab\u00edas que existe una aplicaci\u00f3n m\u00f3vil donde puedes consultar el \u00edndice gluc\u00e9mico y la carga gluc\u00e9mica de los alimentos con tan solo unos toques? Para descargar, escanea el c\u00f3digo QR en tu dispositivo m\u00f3vil \u00a1Presentamos la mejor aplicaci\u00f3n de \u00edndice gluc\u00e9mico para aquellos que buscan mantener un estilo de vida saludable! La aplicaci\u00f3n presenta un &hellip;<\/p>\n<p class=\"read-more\"> <a class=\"\" href=\"https:\/\/glycemic-index.net\/es\/app\/\"> <span class=\"screen-reader-text\">Aplicaci\u00f3n m\u00f3vil de \u00edndice gluc\u00e9mico.<\/span> Read More &raquo;<\/a><\/p>\n","protected":false},"author":1,"featured_media":0,"parent":0,"menu_order":0,"comment_status":"closed","ping_status":"closed","template":"","meta":{"site-sidebar-layout":"default","site-content-layout":"default","ast-global-header-display":"","ast-main-header-display":"","ast-hfb-above-header-display":"","ast-hfb-below-header-display":"","ast-hfb-mobile-header-display":"","site-post-title":"","ast-breadcrumbs-content":"","ast-featured-img":"","footer-sml-layout":"","theme-transparent-header-meta":"","adv-header-id-meta":"","stick-header-meta":"","header-above-stick-meta":"","header-main-stick-meta":"","header-below-stick-meta":"","footnotes":""},"class_list":["post-3664","page","type-page","status-publish","hentry"],"yoast_head":"<!-- This site is optimized with the Yoast SEO plugin v21.7 - https:\/\/yoast.com\/wordpress\/plugins\/seo\/ -->\n<title>Aplicaci\u00f3n m\u00f3vil de \u00edndice gluc\u00e9mico. - Gu\u00eda de \u00edndice gluc\u00e9mico<\/title>\n<meta name=\"description\" content=\"Glycemic Index - es una aplicaci\u00f3n m\u00f3vil gratuita para iOS y Google. Funciones: Lista completa de alimentos, registro de nutrici\u00f3n y mucho m\u00e1s.\" \/>\n<meta name=\"robots\" content=\"index, follow, max-snippet:-1, max-image-preview:large, max-video-preview:-1\" \/>\n<link rel=\"canonical\" href=\"https:\/\/glycemic-index.net\/es\/app\/\" \/>\n<meta property=\"og:locale\" content=\"en_US\" \/>\n<meta property=\"og:type\" content=\"article\" \/>\n<meta property=\"og:title\" content=\"Aplicaci\u00f3n m\u00f3vil de \u00edndice gluc\u00e9mico. - Gu\u00eda de \u00edndice gluc\u00e9mico\" \/>\n<meta property=\"og:description\" content=\"Glycemic Index - es una aplicaci\u00f3n m\u00f3vil gratuita para iOS y Google. Funciones: Lista completa de alimentos, registro de nutrici\u00f3n y mucho m\u00e1s.\" \/>\n<meta property=\"og:url\" content=\"https:\/\/glycemic-index.net\/es\/app\/\" \/>\n<meta property=\"og:site_name\" content=\"Gu\u00eda de \u00edndice gluc\u00e9mico\" \/>\n<meta property=\"article:modified_time\" content=\"2023-11-06T11:55:12+00:00\" \/>\n<meta property=\"og:image\" content=\"https:\/\/glycemic-index.net\/es\/wp-content\/uploads\/2023\/11\/qr_code_es.webp\" \/>\n<meta name=\"twitter:card\" content=\"summary_large_image\" \/>\n<meta name=\"twitter:label1\" content=\"Est. reading time\" \/>\n\t<meta name=\"twitter:data1\" content=\"3 minutes\" \/>\n<script type=\"application\/ld+json\" class=\"yoast-schema-graph\">{\"@context\":\"https:\/\/schema.org\",\"@graph\":[{\"@type\":\"WebPage\",\"@id\":\"https:\/\/glycemic-index.net\/es\/app\/\",\"url\":\"https:\/\/glycemic-index.net\/es\/app\/\",\"name\":\"Aplicaci\u00f3n m\u00f3vil de \u00edndice gluc\u00e9mico. - Gu\u00eda de \u00edndice gluc\u00e9mico\",\"isPartOf\":{\"@id\":\"https:\/\/glycemic-index.net\/es\/#website\"},\"datePublished\":\"2023-11-06T11:54:25+00:00\",\"dateModified\":\"2023-11-06T11:55:12+00:00\",\"description\":\"Glycemic Index - es una aplicaci\u00f3n m\u00f3vil gratuita para iOS y Google. Funciones: Lista completa de alimentos, registro de nutrici\u00f3n y mucho m\u00e1s.\",\"breadcrumb\":{\"@id\":\"https:\/\/glycemic-index.net\/es\/app\/#breadcrumb\"},\"inLanguage\":\"en-US\",\"potentialAction\":[{\"@type\":\"ReadAction\",\"target\":[\"https:\/\/glycemic-index.net\/es\/app\/\"]}]},{\"@type\":\"BreadcrumbList\",\"@id\":\"https:\/\/glycemic-index.net\/es\/app\/#breadcrumb\",\"itemListElement\":[{\"@type\":\"ListItem\",\"position\":1,\"name\":\"Home\",\"item\":\"https:\/\/glycemic-index.net\/es\/\"},{\"@type\":\"ListItem\",\"position\":2,\"name\":\"Aplicaci\u00f3n m\u00f3vil de \u00edndice gluc\u00e9mico.\"}]},{\"@type\":\"WebSite\",\"@id\":\"https:\/\/glycemic-index.net\/es\/#website\",\"url\":\"https:\/\/glycemic-index.net\/es\/\",\"name\":\"Gu\u00eda de \u00edndice gluc\u00e9mico\",\"description\":\"Aqu\u00ed encontrar\u00e1s todo lo que necesitas sobre el \u00edndice gluc\u00e9mico y la carga gluc\u00e9mica\",\"publisher\":{\"@id\":\"https:\/\/glycemic-index.net\/es\/#organization\"},\"potentialAction\":[{\"@type\":\"SearchAction\",\"target\":{\"@type\":\"EntryPoint\",\"urlTemplate\":\"https:\/\/glycemic-index.net\/es\/?s={search_term_string}\"},\"query-input\":\"required name=search_term_string\"}],\"inLanguage\":\"en-US\"},{\"@type\":\"Organization\",\"@id\":\"https:\/\/glycemic-index.net\/es\/#organization\",\"name\":\"Gu\u00eda de \u00edndice gluc\u00e9mico\",\"url\":\"https:\/\/glycemic-index.net\/es\/\",\"logo\":{\"@type\":\"ImageObject\",\"inLanguage\":\"en-US\",\"@id\":\"https:\/\/glycemic-index.net\/es\/#\/schema\/logo\/image\/\",\"url\":\"https:\/\/glycemic-index.net\/es\/wp-content\/uploads\/2023\/06\/logo_512-1.png\",\"contentUrl\":\"https:\/\/glycemic-index.net\/es\/wp-content\/uploads\/2023\/06\/logo_512-1.png\",\"width\":512,\"height\":512,\"caption\":\"Gu\u00eda de \u00edndice gluc\u00e9mico\"},\"image\":{\"@id\":\"https:\/\/glycemic-index.net\/es\/#\/schema\/logo\/image\/\"}}]}<\/script>\n<!-- \/ Yoast SEO plugin. -->","yoast_head_json":{"title":"Aplicaci\u00f3n m\u00f3vil de \u00edndice gluc\u00e9mico. - Gu\u00eda de \u00edndice gluc\u00e9mico","description":"Glycemic Index - es una aplicaci\u00f3n m\u00f3vil gratuita para iOS y Google. Funciones: Lista completa de alimentos, registro de nutrici\u00f3n y mucho m\u00e1s.","robots":{"index":"index","follow":"follow","max-snippet":"max-snippet:-1","max-image-preview":"max-image-preview:large","max-video-preview":"max-video-preview:-1"},"canonical":"https:\/\/glycemic-index.net\/es\/app\/","og_locale":"en_US","og_type":"article","og_title":"Aplicaci\u00f3n m\u00f3vil de \u00edndice gluc\u00e9mico. - Gu\u00eda de \u00edndice gluc\u00e9mico","og_description":"Glycemic Index - es una aplicaci\u00f3n m\u00f3vil gratuita para iOS y Google. Funciones: Lista completa de alimentos, registro de nutrici\u00f3n y mucho m\u00e1s.","og_url":"https:\/\/glycemic-index.net\/es\/app\/","og_site_name":"Gu\u00eda de \u00edndice gluc\u00e9mico","article_modified_time":"2023-11-06T11:55:12+00:00","og_image":[{"url":"https:\/\/glycemic-index.net\/es\/wp-content\/uploads\/2023\/11\/qr_code_es.webp"}],"twitter_card":"summary_large_image","twitter_misc":{"Est. reading time":"3 minutes"},"schema":{"@context":"https:\/\/schema.org","@graph":[{"@type":"WebPage","@id":"https:\/\/glycemic-index.net\/es\/app\/","url":"https:\/\/glycemic-index.net\/es\/app\/","name":"Aplicaci\u00f3n m\u00f3vil de \u00edndice gluc\u00e9mico. - Gu\u00eda de \u00edndice gluc\u00e9mico","isPartOf":{"@id":"https:\/\/glycemic-index.net\/es\/#website"},"datePublished":"2023-11-06T11:54:25+00:00","dateModified":"2023-11-06T11:55:12+00:00","description":"Glycemic Index - es una aplicaci\u00f3n m\u00f3vil gratuita para iOS y Google. Funciones: Lista completa de alimentos, registro de nutrici\u00f3n y mucho m\u00e1s.","breadcrumb":{"@id":"https:\/\/glycemic-index.net\/es\/app\/#breadcrumb"},"inLanguage":"en-US","potentialAction":[{"@type":"ReadAction","target":["https:\/\/glycemic-index.net\/es\/app\/"]}]},{"@type":"BreadcrumbList","@id":"https:\/\/glycemic-index.net\/es\/app\/#breadcrumb","itemListElement":[{"@type":"ListItem","position":1,"name":"Home","item":"https:\/\/glycemic-index.net\/es\/"},{"@type":"ListItem","position":2,"name":"Aplicaci\u00f3n m\u00f3vil de \u00edndice gluc\u00e9mico."}]},{"@type":"WebSite","@id":"https:\/\/glycemic-index.net\/es\/#website","url":"https:\/\/glycemic-index.net\/es\/","name":"Gu\u00eda de \u00edndice gluc\u00e9mico","description":"Aqu\u00ed encontrar\u00e1s todo lo que necesitas sobre el \u00edndice gluc\u00e9mico y la carga gluc\u00e9mica","publisher":{"@id":"https:\/\/glycemic-index.net\/es\/#organization"},"potentialAction":[{"@type":"SearchAction","target":{"@type":"EntryPoint","urlTemplate":"https:\/\/glycemic-index.net\/es\/?s={search_term_string}"},"query-input":"required name=search_term_string"}],"inLanguage":"en-US"},{"@type":"Organization","@id":"https:\/\/glycemic-index.net\/es\/#organization","name":"Gu\u00eda de \u00edndice gluc\u00e9mico","url":"https:\/\/glycemic-index.net\/es\/","logo":{"@type":"ImageObject","inLanguage":"en-US","@id":"https:\/\/glycemic-index.net\/es\/#\/schema\/logo\/image\/","url":"https:\/\/glycemic-index.net\/es\/wp-content\/uploads\/2023\/06\/logo_512-1.png","contentUrl":"https:\/\/glycemic-index.net\/es\/wp-content\/uploads\/2023\/06\/logo_512-1.png","width":512,"height":512,"caption":"Gu\u00eda de \u00edndice gluc\u00e9mico"},"image":{"@id":"https:\/\/glycemic-index.net\/es\/#\/schema\/logo\/image\/"}}]}},"_links":{"self":[{"href":"https:\/\/glycemic-index.net\/es\/wp-json\/wp\/v2\/pages\/3664","targetHints":{"allow":["GET"]}}],"collection":[{"href":"https:\/\/glycemic-index.net\/es\/wp-json\/wp\/v2\/pages"}],"about":[{"href":"https:\/\/glycemic-index.net\/es\/wp-json\/wp\/v2\/types\/page"}],"author":[{"embeddable":true,"href":"https:\/\/glycemic-index.net\/es\/wp-json\/wp\/v2\/users\/1"}],"replies":[{"embeddable":true,"href":"https:\/\/glycemic-index.net\/es\/wp-json\/wp\/v2\/comments?post=3664"}],"version-history":[{"count":2,"href":"https:\/\/glycemic-index.net\/es\/wp-json\/wp\/v2\/pages\/3664\/revisions"}],"predecessor-version":[{"id":3667,"href":"https:\/\/glycemic-index.net\/es\/wp-json\/wp\/v2\/pages\/3664\/revisions\/3667"}],"wp:attachment":[{"href":"https:\/\/glycemic-index.net\/es\/wp-json\/wp\/v2\/media?parent=3664"}],"curies":[{"name":"wp","href":"https:\/\/api.w.org\/{rel}","templated":true}]}}