{"id":92,"date":"2021-01-31T14:58:41","date_gmt":"2021-01-31T14:58:41","guid":{"rendered":"https:\/\/glycemic-index.net\/?page_id=92"},"modified":"2023-02-22T16:44:52","modified_gmt":"2023-02-22T16:44:52","slug":"glosario","status":"publish","type":"page","link":"https:\/\/glycemic-index.net\/es\/glosario\/","title":{"rendered":"Glosario"},"content":{"rendered":"\n<h2 class=\"wp-block-heading\"><strong>A<\/strong><\/h2>\n\n\n\n<h2 class=\"wp-block-heading\"><strong>B<\/strong><\/h2>\n\n\n\n<h2 class=\"wp-block-heading\"><strong>C<\/strong><\/h2>\n\n\n\n<p><a href=\"https:\/\/glycemic-index.net\/es\/glosario\/carbohidratos\/\">Carbohidratos<\/a><\/p>\n\n\n\n<p><a href=\"https:\/\/glycemic-index.net\/es\/glosario\/carga-glucemica\/\">Carga glicemica<\/a><\/p>\n\n\n\n<h2 class=\"wp-block-heading\"><strong>D<\/strong><\/h2>\n\n\n\n<p><a href=\"https:\/\/glycemic-index.net\/glossary\/diabetes\/\">Diabetes<\/a><\/p>\n\n\n\n<h2 class=\"wp-block-heading\"><strong>E<\/strong><\/h2>\n\n\n\n<h2 class=\"wp-block-heading\"><strong>F<\/strong><\/h2>\n\n\n\n<h2 class=\"wp-block-heading\"><strong>G<\/strong><\/h2>\n\n\n\n<h2 class=\"wp-block-heading\"><strong>H<\/strong><\/h2>\n\n\n\n<h2 class=\"wp-block-heading\"><strong>I<\/strong><\/h2>\n\n\n\n<p><a href=\"https:\/\/glycemic-index.net\/es\/glosario\/indice-glucemico-alto\/\">\u00cdndice Gluc\u00e9mico Alto<\/a><\/p>\n\n\n\n<p><a href=\"https:\/\/glycemic-index.net\/es\/glosario\/indice-glucemico-bajo\/\">\u00cdndice gluc\u00e9mico bajo<\/a><\/p>\n\n\n\n<p><a href=\"https:\/\/glycemic-index.net\/es\/glosario\/insulina\/\">Insulina<\/a><\/p>\n\n\n\n<h2 class=\"wp-block-heading\"><strong>J<\/strong><\/h2>\n\n\n\n<h2 class=\"wp-block-heading\"><strong>K<\/strong><\/h2>\n\n\n\n<h2 class=\"wp-block-heading\"><strong>L<\/strong><\/h2>\n\n\n\n<h2 class=\"wp-block-heading\"><strong>M<\/strong><\/h2>\n\n\n\n<h2 class=\"wp-block-heading\"><strong>N<\/strong><\/h2>\n\n\n\n<p><a href=\"https:\/\/glycemic-index.net\/es\/glosario\/nivel-de-azucar-en-sangre\/\">Nivel de az\u00facar en sangre<\/a><\/p>\n\n\n\n<h2 class=\"wp-block-heading\"><strong>\u00d1<\/strong><\/h2>\n\n\n\n<h2 class=\"wp-block-heading\"><strong>O<\/strong><\/h2>\n\n\n\n<h2 class=\"wp-block-heading\"><strong>P<\/strong><\/h2>\n\n\n\n<h2 class=\"wp-block-heading\"><strong>Q<\/strong><\/h2>\n\n\n\n<h2 class=\"wp-block-heading\"><strong>R<\/strong><\/h2>\n\n\n\n<h2 class=\"wp-block-heading\"><strong>S<\/strong><\/h2>\n\n\n\n<h2 class=\"wp-block-heading\"><strong>T<\/strong><\/h2>\n\n\n\n<h2 class=\"wp-block-heading\"><strong>U<\/strong><\/h2>\n\n\n\n<h2 class=\"wp-block-heading\"><strong>V<\/strong><\/h2>\n\n\n\n<h2 class=\"wp-block-heading\"><strong>W<\/strong><\/h2>\n\n\n\n<h2 class=\"wp-block-heading\"><strong>X<\/strong><\/h2>\n\n\n\n<h2 class=\"wp-block-heading\"><strong>Y<\/strong><\/h2>\n\n\n\n<h2 class=\"wp-block-heading\"><strong>Z<\/strong><\/h2>\n\n\n\n<p><\/p>\n","protected":false},"excerpt":{"rendered":"<p>A B C Carbohidratos Carga glicemica D Diabetes E F G H I \u00cdndice Gluc\u00e9mico Alto \u00cdndice gluc\u00e9mico bajo Insulina J K L M N Nivel de az\u00facar en sangre \u00d1 O P Q R S T U V W X Y Z<\/p>\n","protected":false},"author":1,"featured_media":0,"parent":0,"menu_order":0,"comment_status":"closed","ping_status":"closed","template":"","meta":{"site-sidebar-layout":"default","site-content-layout":"default","ast-global-header-display":"","ast-main-header-display":"","ast-hfb-above-header-display":"","ast-hfb-below-header-display":"","ast-hfb-mobile-header-display":"","site-post-title":"","ast-breadcrumbs-content":"","ast-featured-img":"","footer-sml-layout":"","theme-transparent-header-meta":"default","adv-header-id-meta":"","stick-header-meta":"","header-above-stick-meta":"","header-main-stick-meta":"","header-below-stick-meta":"","footnotes":""},"class_list":["post-92","page","type-page","status-publish","hentry"],"yoast_head":"<!-- This site is optimized with the Yoast SEO plugin v21.7 - https:\/\/yoast.com\/wordpress\/plugins\/seo\/ -->\n<title>Glosario - Gu\u00eda de \u00edndice gluc\u00e9mico<\/title>\n<meta name=\"robots\" content=\"index, follow, max-snippet:-1, max-image-preview:large, max-video-preview:-1\" \/>\n<link rel=\"canonical\" href=\"https:\/\/glycemic-index.net\/es\/glosario\/\" \/>\n<meta property=\"og:locale\" content=\"en_US\" \/>\n<meta property=\"og:type\" content=\"article\" \/>\n<meta property=\"og:title\" content=\"Glosario - Gu\u00eda de \u00edndice gluc\u00e9mico\" \/>\n<meta property=\"og:description\" content=\"A B C Carbohidratos Carga glicemica D Diabetes E F G H I \u00cdndice Gluc\u00e9mico Alto \u00cdndice gluc\u00e9mico bajo Insulina J K L M N Nivel de az\u00facar en sangre \u00d1 O P Q R S T U V W X Y Z\" \/>\n<meta property=\"og:url\" content=\"https:\/\/glycemic-index.net\/es\/glosario\/\" \/>\n<meta property=\"og:site_name\" content=\"Gu\u00eda de \u00edndice gluc\u00e9mico\" \/>\n<meta property=\"article:modified_time\" content=\"2023-02-22T16:44:52+00:00\" \/>\n<meta name=\"twitter:card\" content=\"summary_large_image\" \/>\n<meta name=\"twitter:label1\" content=\"Est. reading time\" \/>\n\t<meta name=\"twitter:data1\" content=\"1 minute\" \/>\n<script type=\"application\/ld+json\" class=\"yoast-schema-graph\">{\"@context\":\"https:\/\/schema.org\",\"@graph\":[{\"@type\":\"WebPage\",\"@id\":\"https:\/\/glycemic-index.net\/es\/glosario\/\",\"url\":\"https:\/\/glycemic-index.net\/es\/glosario\/\",\"name\":\"Glosario - Gu\u00eda de \u00edndice gluc\u00e9mico\",\"isPartOf\":{\"@id\":\"https:\/\/glycemic-index.net\/es\/#website\"},\"datePublished\":\"2021-01-31T14:58:41+00:00\",\"dateModified\":\"2023-02-22T16:44:52+00:00\",\"breadcrumb\":{\"@id\":\"https:\/\/glycemic-index.net\/es\/glosario\/#breadcrumb\"},\"inLanguage\":\"en-US\",\"potentialAction\":[{\"@type\":\"ReadAction\",\"target\":[\"https:\/\/glycemic-index.net\/es\/glosario\/\"]}]},{\"@type\":\"BreadcrumbList\",\"@id\":\"https:\/\/glycemic-index.net\/es\/glosario\/#breadcrumb\",\"itemListElement\":[{\"@type\":\"ListItem\",\"position\":1,\"name\":\"Home\",\"item\":\"https:\/\/glycemic-index.net\/es\/\"},{\"@type\":\"ListItem\",\"position\":2,\"name\":\"Glosario\"}]},{\"@type\":\"WebSite\",\"@id\":\"https:\/\/glycemic-index.net\/es\/#website\",\"url\":\"https:\/\/glycemic-index.net\/es\/\",\"name\":\"Gu\u00eda de \u00edndice gluc\u00e9mico\",\"description\":\"Aqu\u00ed encontrar\u00e1s todo lo que necesitas sobre el \u00edndice gluc\u00e9mico y la carga gluc\u00e9mica\",\"publisher\":{\"@id\":\"https:\/\/glycemic-index.net\/es\/#organization\"},\"potentialAction\":[{\"@type\":\"SearchAction\",\"target\":{\"@type\":\"EntryPoint\",\"urlTemplate\":\"https:\/\/glycemic-index.net\/es\/?s={search_term_string}\"},\"query-input\":\"required name=search_term_string\"}],\"inLanguage\":\"en-US\"},{\"@type\":\"Organization\",\"@id\":\"https:\/\/glycemic-index.net\/es\/#organization\",\"name\":\"Gu\u00eda de \u00edndice gluc\u00e9mico\",\"url\":\"https:\/\/glycemic-index.net\/es\/\",\"logo\":{\"@type\":\"ImageObject\",\"inLanguage\":\"en-US\",\"@id\":\"https:\/\/glycemic-index.net\/es\/#\/schema\/logo\/image\/\",\"url\":\"https:\/\/glycemic-index.net\/es\/wp-content\/uploads\/2023\/06\/logo_512-1.png\",\"contentUrl\":\"https:\/\/glycemic-index.net\/es\/wp-content\/uploads\/2023\/06\/logo_512-1.png\",\"width\":512,\"height\":512,\"caption\":\"Gu\u00eda de \u00edndice gluc\u00e9mico\"},\"image\":{\"@id\":\"https:\/\/glycemic-index.net\/es\/#\/schema\/logo\/image\/\"}}]}<\/script>\n<!-- \/ Yoast SEO plugin. -->","yoast_head_json":{"title":"Glosario - Gu\u00eda de \u00edndice gluc\u00e9mico","robots":{"index":"index","follow":"follow","max-snippet":"max-snippet:-1","max-image-preview":"max-image-preview:large","max-video-preview":"max-video-preview:-1"},"canonical":"https:\/\/glycemic-index.net\/es\/glosario\/","og_locale":"en_US","og_type":"article","og_title":"Glosario - Gu\u00eda de \u00edndice gluc\u00e9mico","og_description":"A B C Carbohidratos Carga glicemica D Diabetes E F G H I \u00cdndice Gluc\u00e9mico Alto \u00cdndice gluc\u00e9mico bajo Insulina J K L M N Nivel de az\u00facar en sangre \u00d1 O P Q R S T U V W X Y Z","og_url":"https:\/\/glycemic-index.net\/es\/glosario\/","og_site_name":"Gu\u00eda de \u00edndice gluc\u00e9mico","article_modified_time":"2023-02-22T16:44:52+00:00","twitter_card":"summary_large_image","twitter_misc":{"Est. reading time":"1 minute"},"schema":{"@context":"https:\/\/schema.org","@graph":[{"@type":"WebPage","@id":"https:\/\/glycemic-index.net\/es\/glosario\/","url":"https:\/\/glycemic-index.net\/es\/glosario\/","name":"Glosario - Gu\u00eda de \u00edndice gluc\u00e9mico","isPartOf":{"@id":"https:\/\/glycemic-index.net\/es\/#website"},"datePublished":"2021-01-31T14:58:41+00:00","dateModified":"2023-02-22T16:44:52+00:00","breadcrumb":{"@id":"https:\/\/glycemic-index.net\/es\/glosario\/#breadcrumb"},"inLanguage":"en-US","potentialAction":[{"@type":"ReadAction","target":["https:\/\/glycemic-index.net\/es\/glosario\/"]}]},{"@type":"BreadcrumbList","@id":"https:\/\/glycemic-index.net\/es\/glosario\/#breadcrumb","itemListElement":[{"@type":"ListItem","position":1,"name":"Home","item":"https:\/\/glycemic-index.net\/es\/"},{"@type":"ListItem","position":2,"name":"Glosario"}]},{"@type":"WebSite","@id":"https:\/\/glycemic-index.net\/es\/#website","url":"https:\/\/glycemic-index.net\/es\/","name":"Gu\u00eda de \u00edndice gluc\u00e9mico","description":"Aqu\u00ed encontrar\u00e1s todo lo que necesitas sobre el \u00edndice gluc\u00e9mico y la carga gluc\u00e9mica","publisher":{"@id":"https:\/\/glycemic-index.net\/es\/#organization"},"potentialAction":[{"@type":"SearchAction","target":{"@type":"EntryPoint","urlTemplate":"https:\/\/glycemic-index.net\/es\/?s={search_term_string}"},"query-input":"required name=search_term_string"}],"inLanguage":"en-US"},{"@type":"Organization","@id":"https:\/\/glycemic-index.net\/es\/#organization","name":"Gu\u00eda de \u00edndice gluc\u00e9mico","url":"https:\/\/glycemic-index.net\/es\/","logo":{"@type":"ImageObject","inLanguage":"en-US","@id":"https:\/\/glycemic-index.net\/es\/#\/schema\/logo\/image\/","url":"https:\/\/glycemic-index.net\/es\/wp-content\/uploads\/2023\/06\/logo_512-1.png","contentUrl":"https:\/\/glycemic-index.net\/es\/wp-content\/uploads\/2023\/06\/logo_512-1.png","width":512,"height":512,"caption":"Gu\u00eda de \u00edndice gluc\u00e9mico"},"image":{"@id":"https:\/\/glycemic-index.net\/es\/#\/schema\/logo\/image\/"}}]}},"_links":{"self":[{"href":"https:\/\/glycemic-index.net\/es\/wp-json\/wp\/v2\/pages\/92","targetHints":{"allow":["GET"]}}],"collection":[{"href":"https:\/\/glycemic-index.net\/es\/wp-json\/wp\/v2\/pages"}],"about":[{"href":"https:\/\/glycemic-index.net\/es\/wp-json\/wp\/v2\/types\/page"}],"author":[{"embeddable":true,"href":"https:\/\/glycemic-index.net\/es\/wp-json\/wp\/v2\/users\/1"}],"replies":[{"embeddable":true,"href":"https:\/\/glycemic-index.net\/es\/wp-json\/wp\/v2\/comments?post=92"}],"version-history":[{"count":5,"href":"https:\/\/glycemic-index.net\/es\/wp-json\/wp\/v2\/pages\/92\/revisions"}],"predecessor-version":[{"id":3014,"href":"https:\/\/glycemic-index.net\/es\/wp-json\/wp\/v2\/pages\/92\/revisions\/3014"}],"wp:attachment":[{"href":"https:\/\/glycemic-index.net\/es\/wp-json\/wp\/v2\/media?parent=92"}],"curies":[{"name":"wp","href":"https:\/\/api.w.org\/{rel}","templated":true}]}}