{"id":1985,"date":"2021-08-11T11:36:23","date_gmt":"2021-08-11T11:36:23","guid":{"rendered":"https:\/\/glycemic-index.net\/?page_id=1985"},"modified":"2023-04-07T16:04:49","modified_gmt":"2023-04-07T16:04:49","slug":"index-glycemique-des-champignons","status":"publish","type":"page","link":"https:\/\/glycemic-index.net\/fr\/index-glycemique-des-champignons\/","title":{"rendered":"Index glyc\u00e9mique des champignons"},"content":{"rendered":"\n<div style=\"height:30px\" aria-hidden=\"true\" class=\"wp-block-spacer\"><\/div>\n\n\n<form  class=\"is-search-form is-form-style is-form-style-3 is-form-id-3756 \" action=\"https:\/\/glycemic-index.net\/fr\/\" method=\"get\" role=\"search\" ><label for=\"is-search-input-3756\"><span class=\"is-screen-reader-text\">Search for:<\/span><input  type=\"search\" id=\"is-search-input-3756\" name=\"s\" value=\"\" class=\"is-search-input\" placeholder=\"Cherche ici...\" autocomplete=off \/><\/label><button type=\"submit\" class=\"is-search-submit\"><span class=\"is-screen-reader-text\">Search Button<\/span><span class=\"is-search-icon\"><svg focusable=\"false\" aria-label=\"Search\" xmlns=\"http:\/\/www.w3.org\/2000\/svg\" viewBox=\"0 0 24 24\" width=\"24px\"><path d=\"M15.5 14h-.79l-.28-.27C15.41 12.59 16 11.11 16 9.5 16 5.91 13.09 3 9.5 3S3 5.91 3 9.5 5.91 16 9.5 16c1.61 0 3.09-.59 4.23-1.57l.27.28v.79l5 4.99L20.49 19l-4.99-5zm-6 0C7.01 14 5 11.99 5 9.5S7.01 5 9.5 5 14 7.01 14 9.5 11.99 14 9.5 14z\"><\/path><\/svg><\/span><\/button><input type=\"hidden\" name=\"id\" value=\"3756\" \/><input type=\"hidden\" name=\"post_type\" value=\"post\" \/><\/form>\n\n\n\n<div style=\"height:30px\" aria-hidden=\"true\" class=\"wp-block-spacer\"><\/div>\n\n\n\n<p>Les champignons sont un ingr\u00e9dient polyvalent et d\u00e9licieux dans de nombreux plats. Ils fournissent des nutriments essentiels et sont utilis\u00e9s en m\u00e9decine depuis des si\u00e8cles. Mais qu&rsquo;en est-il de leur index glyc\u00e9mique?<\/p>\n\n\n\n<p>L&rsquo;indice glyc\u00e9mique (IG) est une mesure de la vitesse \u00e0 laquelle les glucides sont d\u00e9compos\u00e9s en glucose, la principale source d&rsquo;\u00e9nergie de notre corps. Les aliments \u00e0 IG plus \u00e9lev\u00e9 font augmenter la glyc\u00e9mie plus rapidement que les aliments \u00e0 IG plus bas.<\/p>\n\n\n\n<p>Les champignons ont un indice glyc\u00e9mique extr\u00eamement bas &#8211; seulement 15 \u00e0 30 sur l&rsquo;\u00e9chelle, selon le type de champignon utilis\u00e9 et s&rsquo;il a \u00e9t\u00e9 cuit ou non. Cela les rend id\u00e9aux pour les diab\u00e9tiques, car ils aident \u00e0 maintenir la glyc\u00e9mie stable au fil du temps sans les faire grimper trop haut \u00e0 un moment donn\u00e9.<\/p>\n\n\n\n<p>Pour ceux qui ne souffrent pas de diab\u00e8te, les champignons peuvent toujours \u00eatre b\u00e9n\u00e9fiques dans le cadre d&rsquo;une alimentation \u00e9quilibr\u00e9e qui aide \u00e0 maintenir une glyc\u00e9mie saine dans l&rsquo;ensemble en raison de leur faible indice glyc\u00e9mique par rapport \u00e0 d&rsquo;autres sources de glucides telles que le pain ou les pommes de terre qui ont tendance \u00e0 \u00eatre beaucoup plus haut sur l&rsquo;\u00e9chelle.<\/p>\n\n\n\n<p>En plus d&rsquo;avoir un indice glyc\u00e9mique incroyablement bas, les champignons offrent \u00e9galement de nombreux avantages pour la sant\u00e9, notamment en \u00e9tant riches en antioxydants, en vitamines B6 et C, en potassium et en s\u00e9l\u00e9nium &#8211; tous des composants importants pour obtenir de meilleurs r\u00e9sultats pour la sant\u00e9!<\/p>\n\n\n\n<p>De plus, ils sont remplis de fibres alimentaires qui aident \u00e0 augmenter la sensation de sati\u00e9t\u00e9 apr\u00e8s avoir mang\u00e9 afin que vous n&rsquo;ayez pas besoin d&rsquo;autant de nourriture tout au long de la journ\u00e9e &#8211; ce qui facilite le maintien du poids tout en triant votre apport quotidien en nutriments en m\u00eame temps!<\/p>\n\n\n\n<p>Dans l&rsquo;ensemble, si vous cherchez quelque chose de savoureux mais que vous voulez quelque chose de relativement bas sur l&rsquo;index glyc\u00e9mique, alors les champignons pourraient bien valoir la peine d&rsquo;\u00eatre essay\u00e9s&nbsp;! Non seulement ils rendront les repas plus agr\u00e9ables, mais ils donneront \u00e9galement au corps un coup de pouce suppl\u00e9mentaire sur le plan nutritionnel &#8211; parfait si, comme la plupart des gens de nos jours, ils s&rsquo;efforcent d&rsquo;adopter des modes de vie plus sains gr\u00e2ce \u00e0 des choix alimentaires plus intelligents!<\/p>\n\n\n\n<p>Vous trouverez ci-dessous une liste compl\u00e8te des champignons avec son index glyc\u00e9mique et ses rangs de charge glyc\u00e9mique.<\/p>\n\n\n\n<p>Remarque: IG = indice glyc\u00e9mique, CG = charge glyc\u00e9mique<\/p>\n\n\n\n<table class=\"tftable\" border=\"1\">\n<tr><th>Photo<\/th><th width=\"55%\">Nom<\/th><th>IG<\/th><th>CG<\/th><\/tr>\n<tr><td><a href=\"https:\/\/glycemic-index.net\/fr\/champignons\/\"><img decoding=\"async\" src=\"https:\/\/glycemic-index.net\/images\/5Xnq0YR4LL_small.webp\" alt=\"Champignons\" width=\"40\" height=\"40\">\n<\/a><\/td><td><a href=\"https:\/\/glycemic-index.net\/fr\/champignons\/\">Champignons<\/a><\/td><td><a href=\"https:\/\/glycemic-index.net\/fr\/champignons\/\">15<\/a><\/td><td><a href=\"https:\/\/glycemic-index.net\/fr\/champignons\/\">0.8<\/a><\/td><\/tr>\n<tr><td><a href=\"https:\/\/glycemic-index.net\/fr\/champignons-cuits\/\"><img decoding=\"async\" src=\"https:\/\/glycemic-index.net\/images\/dU7glVH0OI_small.webp\" alt=\"Champignons (cuits)\" width=\"40\" height=\"40\">\n<\/a><\/td><td><a href=\"https:\/\/glycemic-index.net\/fr\/champignons-cuits\/\">Champignons (cuits)<\/a><\/td><td><a href=\"https:\/\/glycemic-index.net\/fr\/champignons-cuits\/\">36<\/a><\/td><td><a href=\"https:\/\/glycemic-index.net\/fr\/champignons-cuits\/\">1.9<\/a><\/td><\/tr>\n<\/table>\n","protected":false},"excerpt":{"rendered":"<p>Les champignons sont un ingr\u00e9dient polyvalent et d\u00e9licieux dans de nombreux plats. Ils fournissent des nutriments essentiels et sont utilis\u00e9s en m\u00e9decine depuis des si\u00e8cles. Mais qu&rsquo;en est-il de leur index glyc\u00e9mique? L&rsquo;indice glyc\u00e9mique (IG) est une mesure de la vitesse \u00e0 laquelle les glucides sont d\u00e9compos\u00e9s en glucose, la principale source d&rsquo;\u00e9nergie de notre &hellip;<\/p>\n<p class=\"read-more\"> <a class=\"\" href=\"https:\/\/glycemic-index.net\/fr\/index-glycemique-des-champignons\/\"> <span class=\"screen-reader-text\">Index glyc\u00e9mique des champignons<\/span> Lire la suite\u00a0\u00bb<\/a><\/p>\n","protected":false},"author":1,"featured_media":0,"parent":0,"menu_order":0,"comment_status":"closed","ping_status":"closed","template":"","meta":{"site-sidebar-layout":"default","site-content-layout":"default","ast-global-header-display":"","ast-main-header-display":"","ast-hfb-above-header-display":"","ast-hfb-below-header-display":"","ast-hfb-mobile-header-display":"","site-post-title":"","ast-breadcrumbs-content":"","ast-featured-img":"","footer-sml-layout":"","theme-transparent-header-meta":"default","adv-header-id-meta":"","stick-header-meta":"","header-above-stick-meta":"","header-main-stick-meta":"","header-below-stick-meta":"","footnotes":""},"class_list":["post-1985","page","type-page","status-publish","hentry"],"yoast_head":"<!-- This site is optimized with the Yoast SEO plugin v21.7 - https:\/\/yoast.com\/wordpress\/plugins\/seo\/ -->\n<title>Index glyc\u00e9mique des champignons - Manuel GI #1<\/title>\n<meta name=\"description\" content=\"Les champignons sont un ingr\u00e9dient polyvalent et d\u00e9licieux dans de nombreux plats. Ils fournissent des nutriments essentiels et ont \u00e9t\u00e9 utilis\u00e9s ...\" \/>\n<meta name=\"robots\" content=\"index, follow, max-snippet:-1, max-image-preview:large, max-video-preview:-1\" \/>\n<link rel=\"canonical\" href=\"https:\/\/glycemic-index.net\/fr\/index-glycemique-des-champignons\/\" \/>\n<meta property=\"og:locale\" content=\"fr_FR\" \/>\n<meta property=\"og:type\" content=\"article\" \/>\n<meta property=\"og:title\" content=\"Index glyc\u00e9mique des champignons - Manuel GI #1\" \/>\n<meta property=\"og:description\" content=\"Les champignons sont un ingr\u00e9dient polyvalent et d\u00e9licieux dans de nombreux plats. Ils fournissent des nutriments essentiels et ont \u00e9t\u00e9 utilis\u00e9s ...\" \/>\n<meta property=\"og:url\" content=\"https:\/\/glycemic-index.net\/fr\/index-glycemique-des-champignons\/\" \/>\n<meta property=\"og:site_name\" content=\"Manuel GI #1\" \/>\n<meta property=\"article:modified_time\" content=\"2023-04-07T16:04:49+00:00\" \/>\n<meta property=\"og:image\" content=\"https:\/\/glycemic-index.net\/images\/5Xnq0YR4LL_small.webp\" \/>\n<meta name=\"twitter:card\" content=\"summary_large_image\" \/>\n<meta name=\"twitter:label1\" content=\"Dur\u00e9e de lecture estim\u00e9e\" \/>\n\t<meta name=\"twitter:data1\" content=\"3 minutes\" \/>\n<script type=\"application\/ld+json\" class=\"yoast-schema-graph\">{\"@context\":\"https:\/\/schema.org\",\"@graph\":[{\"@type\":\"WebPage\",\"@id\":\"https:\/\/glycemic-index.net\/fr\/index-glycemique-des-champignons\/\",\"url\":\"https:\/\/glycemic-index.net\/fr\/index-glycemique-des-champignons\/\",\"name\":\"Index glyc\u00e9mique des champignons - Manuel GI #1\",\"isPartOf\":{\"@id\":\"https:\/\/glycemic-index.net\/fr\/#website\"},\"datePublished\":\"2021-08-11T11:36:23+00:00\",\"dateModified\":\"2023-04-07T16:04:49+00:00\",\"description\":\"Les champignons sont un ingr\u00e9dient polyvalent et d\u00e9licieux dans de nombreux plats. Ils fournissent des nutriments essentiels et ont \u00e9t\u00e9 utilis\u00e9s ...\",\"breadcrumb\":{\"@id\":\"https:\/\/glycemic-index.net\/fr\/index-glycemique-des-champignons\/#breadcrumb\"},\"inLanguage\":\"fr-FR\",\"potentialAction\":[{\"@type\":\"ReadAction\",\"target\":[\"https:\/\/glycemic-index.net\/fr\/index-glycemique-des-champignons\/\"]}]},{\"@type\":\"BreadcrumbList\",\"@id\":\"https:\/\/glycemic-index.net\/fr\/index-glycemique-des-champignons\/#breadcrumb\",\"itemListElement\":[{\"@type\":\"ListItem\",\"position\":1,\"name\":\"Home\",\"item\":\"https:\/\/glycemic-index.net\/fr\/\"},{\"@type\":\"ListItem\",\"position\":2,\"name\":\"Index glyc\u00e9mique des champignons\"}]},{\"@type\":\"WebSite\",\"@id\":\"https:\/\/glycemic-index.net\/fr\/#website\",\"url\":\"https:\/\/glycemic-index.net\/fr\/\",\"name\":\"Manuel GI #1\",\"description\":\"Vous trouverez ici tout ce dont vous avez besoin sur l&#039;index glyc\u00e9mique et la charge glyc\u00e9mique.\",\"publisher\":{\"@id\":\"https:\/\/glycemic-index.net\/fr\/#organization\"},\"potentialAction\":[{\"@type\":\"SearchAction\",\"target\":{\"@type\":\"EntryPoint\",\"urlTemplate\":\"https:\/\/glycemic-index.net\/fr\/?s={search_term_string}\"},\"query-input\":\"required name=search_term_string\"}],\"inLanguage\":\"fr-FR\"},{\"@type\":\"Organization\",\"@id\":\"https:\/\/glycemic-index.net\/fr\/#organization\",\"name\":\"Manuel GI #1\",\"url\":\"https:\/\/glycemic-index.net\/fr\/\",\"logo\":{\"@type\":\"ImageObject\",\"inLanguage\":\"fr-FR\",\"@id\":\"https:\/\/glycemic-index.net\/fr\/#\/schema\/logo\/image\/\",\"url\":\"https:\/\/glycemic-index.net\/fr\/wp-content\/uploads\/2023\/01\/logo_512-1.png\",\"contentUrl\":\"https:\/\/glycemic-index.net\/fr\/wp-content\/uploads\/2023\/01\/logo_512-1.png\",\"width\":512,\"height\":512,\"caption\":\"Manuel GI #1\"},\"image\":{\"@id\":\"https:\/\/glycemic-index.net\/fr\/#\/schema\/logo\/image\/\"}}]}<\/script>\n<!-- \/ Yoast SEO plugin. -->","yoast_head_json":{"title":"Index glyc\u00e9mique des champignons - Manuel GI #1","description":"Les champignons sont un ingr\u00e9dient polyvalent et d\u00e9licieux dans de nombreux plats. Ils fournissent des nutriments essentiels et ont \u00e9t\u00e9 utilis\u00e9s ...","robots":{"index":"index","follow":"follow","max-snippet":"max-snippet:-1","max-image-preview":"max-image-preview:large","max-video-preview":"max-video-preview:-1"},"canonical":"https:\/\/glycemic-index.net\/fr\/index-glycemique-des-champignons\/","og_locale":"fr_FR","og_type":"article","og_title":"Index glyc\u00e9mique des champignons - Manuel GI #1","og_description":"Les champignons sont un ingr\u00e9dient polyvalent et d\u00e9licieux dans de nombreux plats. Ils fournissent des nutriments essentiels et ont \u00e9t\u00e9 utilis\u00e9s ...","og_url":"https:\/\/glycemic-index.net\/fr\/index-glycemique-des-champignons\/","og_site_name":"Manuel GI #1","article_modified_time":"2023-04-07T16:04:49+00:00","og_image":[{"url":"https:\/\/glycemic-index.net\/images\/5Xnq0YR4LL_small.webp"}],"twitter_card":"summary_large_image","twitter_misc":{"Dur\u00e9e de lecture estim\u00e9e":"3 minutes"},"schema":{"@context":"https:\/\/schema.org","@graph":[{"@type":"WebPage","@id":"https:\/\/glycemic-index.net\/fr\/index-glycemique-des-champignons\/","url":"https:\/\/glycemic-index.net\/fr\/index-glycemique-des-champignons\/","name":"Index glyc\u00e9mique des champignons - Manuel GI #1","isPartOf":{"@id":"https:\/\/glycemic-index.net\/fr\/#website"},"datePublished":"2021-08-11T11:36:23+00:00","dateModified":"2023-04-07T16:04:49+00:00","description":"Les champignons sont un ingr\u00e9dient polyvalent et d\u00e9licieux dans de nombreux plats. Ils fournissent des nutriments essentiels et ont \u00e9t\u00e9 utilis\u00e9s ...","breadcrumb":{"@id":"https:\/\/glycemic-index.net\/fr\/index-glycemique-des-champignons\/#breadcrumb"},"inLanguage":"fr-FR","potentialAction":[{"@type":"ReadAction","target":["https:\/\/glycemic-index.net\/fr\/index-glycemique-des-champignons\/"]}]},{"@type":"BreadcrumbList","@id":"https:\/\/glycemic-index.net\/fr\/index-glycemique-des-champignons\/#breadcrumb","itemListElement":[{"@type":"ListItem","position":1,"name":"Home","item":"https:\/\/glycemic-index.net\/fr\/"},{"@type":"ListItem","position":2,"name":"Index glyc\u00e9mique des champignons"}]},{"@type":"WebSite","@id":"https:\/\/glycemic-index.net\/fr\/#website","url":"https:\/\/glycemic-index.net\/fr\/","name":"Manuel GI #1","description":"Vous trouverez ici tout ce dont vous avez besoin sur l&#039;index glyc\u00e9mique et la charge glyc\u00e9mique.","publisher":{"@id":"https:\/\/glycemic-index.net\/fr\/#organization"},"potentialAction":[{"@type":"SearchAction","target":{"@type":"EntryPoint","urlTemplate":"https:\/\/glycemic-index.net\/fr\/?s={search_term_string}"},"query-input":"required name=search_term_string"}],"inLanguage":"fr-FR"},{"@type":"Organization","@id":"https:\/\/glycemic-index.net\/fr\/#organization","name":"Manuel GI #1","url":"https:\/\/glycemic-index.net\/fr\/","logo":{"@type":"ImageObject","inLanguage":"fr-FR","@id":"https:\/\/glycemic-index.net\/fr\/#\/schema\/logo\/image\/","url":"https:\/\/glycemic-index.net\/fr\/wp-content\/uploads\/2023\/01\/logo_512-1.png","contentUrl":"https:\/\/glycemic-index.net\/fr\/wp-content\/uploads\/2023\/01\/logo_512-1.png","width":512,"height":512,"caption":"Manuel GI #1"},"image":{"@id":"https:\/\/glycemic-index.net\/fr\/#\/schema\/logo\/image\/"}}]}},"_links":{"self":[{"href":"https:\/\/glycemic-index.net\/fr\/wp-json\/wp\/v2\/pages\/1985","targetHints":{"allow":["GET"]}}],"collection":[{"href":"https:\/\/glycemic-index.net\/fr\/wp-json\/wp\/v2\/pages"}],"about":[{"href":"https:\/\/glycemic-index.net\/fr\/wp-json\/wp\/v2\/types\/page"}],"author":[{"embeddable":true,"href":"https:\/\/glycemic-index.net\/fr\/wp-json\/wp\/v2\/users\/1"}],"replies":[{"embeddable":true,"href":"https:\/\/glycemic-index.net\/fr\/wp-json\/wp\/v2\/comments?post=1985"}],"version-history":[{"count":3,"href":"https:\/\/glycemic-index.net\/fr\/wp-json\/wp\/v2\/pages\/1985\/revisions"}],"predecessor-version":[{"id":5562,"href":"https:\/\/glycemic-index.net\/fr\/wp-json\/wp\/v2\/pages\/1985\/revisions\/5562"}],"wp:attachment":[{"href":"https:\/\/glycemic-index.net\/fr\/wp-json\/wp\/v2\/media?parent=1985"}],"curies":[{"name":"wp","href":"https:\/\/api.w.org\/{rel}","templated":true}]}}