{"id":1991,"date":"2021-08-11T11:38:36","date_gmt":"2021-08-11T11:38:36","guid":{"rendered":"https:\/\/glycemic-index.net\/?page_id=1991"},"modified":"2023-04-07T16:07:26","modified_gmt":"2023-04-07T16:07:26","slug":"indice-glycemique-des-fruits-de-mer","status":"publish","type":"page","link":"https:\/\/glycemic-index.net\/fr\/indice-glycemique-des-fruits-de-mer\/","title":{"rendered":"Indice glyc\u00e9mique des fruits de mer"},"content":{"rendered":"<form  class=\"is-search-form is-form-style is-form-style-3 is-form-id-3756 \" action=\"https:\/\/glycemic-index.net\/fr\/\" method=\"get\" role=\"search\" ><label for=\"is-search-input-3756\"><span class=\"is-screen-reader-text\">Search for:<\/span><input  type=\"search\" id=\"is-search-input-3756\" name=\"s\" value=\"\" class=\"is-search-input\" placeholder=\"Cherche ici...\" autocomplete=off \/><\/label><button type=\"submit\" class=\"is-search-submit\"><span class=\"is-screen-reader-text\">Search Button<\/span><span class=\"is-search-icon\"><svg focusable=\"false\" aria-label=\"Search\" xmlns=\"http:\/\/www.w3.org\/2000\/svg\" viewBox=\"0 0 24 24\" width=\"24px\"><path d=\"M15.5 14h-.79l-.28-.27C15.41 12.59 16 11.11 16 9.5 16 5.91 13.09 3 9.5 3S3 5.91 3 9.5 5.91 16 9.5 16c1.61 0 3.09-.59 4.23-1.57l.27.28v.79l5 4.99L20.49 19l-4.99-5zm-6 0C7.01 14 5 11.99 5 9.5S7.01 5 9.5 5 14 7.01 14 9.5 11.99 14 9.5 14z\"><\/path><\/svg><\/span><\/button><input type=\"hidden\" name=\"id\" value=\"3756\" \/><input type=\"hidden\" name=\"post_type\" value=\"post\" \/><\/form>\n\n\n\n<p><\/p>\n\n\n\n<p>Les fruits de mer sont connus depuis longtemps pour leurs bienfaits pour la sant\u00e9, mais saviez-vous qu&rsquo;ils jouent \u00e9galement un r\u00f4le dans la gestion de la glyc\u00e9mie&nbsp;?<\/p>\n\n\n\n<p>L&rsquo;indice glyc\u00e9mique (IG) est une mesure de la rapidit\u00e9 avec laquelle les glucides provenant des aliments augmentent votre glyc\u00e9mie. Les fruits de mer, en particulier les poissons gras comme le saumon et le thon, ont de faibles valeurs IG et peuvent aider \u00e0 stabiliser votre taux de sucre dans le sang apr\u00e8s avoir mang\u00e9.<\/p>\n\n\n\n<p>L&rsquo;indice glyc\u00e9mique mesure la vitesse \u00e0 laquelle diff\u00e9rents aliments sont d\u00e9compos\u00e9s en sucres simples pendant la digestion &#8211; cela affecte la rapidit\u00e9 avec laquelle ils p\u00e9n\u00e8trent dans la circulation sanguine. Les aliments \u00e0 IG \u00e9lev\u00e9 provoqueront des pics rapides de votre glyc\u00e9mie, tandis que ceux \u00e0 IG inf\u00e9rieur donneront des augmentations plus progressives au fil du temps.<\/p>\n\n\n\n<p>De mani\u00e8re g\u00e9n\u00e9rale, les fruits de mer ont tendance \u00e0 avoir des valeurs IG relativement faibles par rapport \u00e0 d&rsquo;autres sources de prot\u00e9ines comme la viande rouge ou les haricots. Certains types de fruits de mer s&rsquo;en sortent mieux que d&rsquo;autres en ce qui concerne leur valeur IG&nbsp;: les crevettes et la morue ont toutes deux un IG tr\u00e8s bas, tandis que le crabe en a un l\u00e9g\u00e8rement plus \u00e9lev\u00e9. Le saumon est peut-\u00eatre le meilleur choix en raison de sa teneur incroyablement nutritive compos\u00e9e principalement d&rsquo;acides gras om\u00e9ga 3 et de l&rsquo;une des prot\u00e9ines \u00e0 IG les plus faibles disponibles&nbsp;!<\/p>\n\n\n\n<p>De plus, la recherche sugg\u00e8re que le remplacement du b\u0153uf ou du porc par du poisson peut entra\u00eener un meilleur contr\u00f4le m\u00e9tabolique malgr\u00e9 des apports \u00e9nerg\u00e9tiques similaires dans tous les r\u00e9gimes test\u00e9s &#8211; donc si vous cherchez des moyens d&rsquo;am\u00e9liorer la sensibilit\u00e9 \u00e0 l&rsquo;insuline sans sacrifier la saveur, ajouter plus de fruits de mer \u00e0 votre alimentation pourrait \u00eatre une marche \u00e0 suivre id\u00e9ale !<\/p>\n\n\n\n<p>Lorsque vous pr\u00e9parez des repas \u00e0 base de poisson, assurez-vous toujours de ne pas utiliser trop d&rsquo;huile\/de graisse, car cela peut augmenter consid\u00e9rablement leurs index glyc\u00e9miques d\u00e9j\u00e0 mod\u00e9r\u00e9s, ce qui en fait des options moins appropri\u00e9es pour les diab\u00e9tiques qui doivent surveiller attentivement leur apport quotidien en glucides et faire particuli\u00e8rement attention lors de la planification des menus en cons\u00e9quence.<\/p>\n\n\n\n<p>Dans l&rsquo;ensemble, inclure de nombreuses portions de plats de fruits de mer maigres et sains dans nos plans de repas hebdomadaires peut nous apporter des avantages nutritionnels importants au-del\u00e0 du simple bon go\u00fbt&nbsp;! Leur composition en macronutriments et leurs index glyc\u00e9miques nettement plus bas en font d&rsquo;excellents choix pour aider \u00e0 maintenir une glyc\u00e9mie plus stable m\u00eame apr\u00e8s la consommation &#8211; quelque chose qu&rsquo;il faut garder \u00e0 l&rsquo;esprit, que nous souffrions de diab\u00e8te de type 1\/2 ou non&nbsp;!<\/p>\n\n\n\n<p>Vous trouverez ci-dessous une liste compl\u00e8te des fruits de mer avec son index glyc\u00e9mique et ses rangs de charge glyc\u00e9mique.<\/p>\n\n\n\n<p>Remarque: IG = indice glyc\u00e9mique, CG = charge glyc\u00e9mique<\/p>\n\n\n\n<table class=\"tftable\" border=\"1\">\n<tr><th>Photo<\/th><th width=\"55%\">Nom<\/th><th>IG<\/th><th>CG<\/th><\/tr>\n<tr><td><a href=\"https:\/\/glycemic-index.net\/fr\/caviar-rouge\/\"><img decoding=\"async\" src=\"https:\/\/glycemic-index.net\/images\/8RSFA6HOhB_small.webp\" alt=\"Caviar rouge\" width=\"40\" height=\"40\">\n<\/a><\/td><td><a href=\"https:\/\/glycemic-index.net\/fr\/caviar-rouge\/\">Caviar rouge<\/a><\/td><td><a href=\"https:\/\/glycemic-index.net\/fr\/caviar-rouge\/\">0<\/a><\/td><td><a href=\"https:\/\/glycemic-index.net\/fr\/caviar-rouge\/\">0.0<\/a><\/td><\/tr>\n<tr><td><a href=\"https:\/\/glycemic-index.net\/fr\/crustaces-homard-crabe-langouste\/\"><img decoding=\"async\" src=\"https:\/\/glycemic-index.net\/images\/4cXd3FsCC5_small.webp\" alt=\"Crustac\u00e9s (homard, crabe, langouste)\" width=\"40\" height=\"40\">\n<\/a><\/td><td><a href=\"https:\/\/glycemic-index.net\/fr\/crustaces-homard-crabe-langouste\/\">Crustac\u00e9s (homard, crabe, langouste)<\/a><\/td><td><a href=\"https:\/\/glycemic-index.net\/fr\/crustaces-homard-crabe-langouste\/\">5<\/a><\/td><td><a href=\"https:\/\/glycemic-index.net\/fr\/crustaces-homard-crabe-langouste\/\">0.1<\/a><\/td><\/tr>\n<tr><td><a href=\"https:\/\/glycemic-index.net\/fr\/fruits-de-mer-huitres-crevettes-moules-etc\/\"><img decoding=\"async\" src=\"https:\/\/glycemic-index.net\/images\/fNKz0UGo0R_small.webp\" alt=\"Fruits de mer (hu\u00eetres, crevettes, moules, etc,)\" width=\"40\" height=\"40\">\n<\/a><\/td><td><a href=\"https:\/\/glycemic-index.net\/fr\/fruits-de-mer-huitres-crevettes-moules-etc\/\">Fruits de mer (hu\u00eetres, crevettes, moules, etc,)<\/a><\/td><td><a href=\"https:\/\/glycemic-index.net\/fr\/fruits-de-mer-huitres-crevettes-moules-etc\/\">0<\/a><\/td><td><a href=\"https:\/\/glycemic-index.net\/fr\/fruits-de-mer-huitres-crevettes-moules-etc\/\">0.0<\/a><\/td><\/tr>\n<tr><td><a href=\"https:\/\/glycemic-index.net\/fr\/poissons-saumon-thon-etc\/\"><img loading=\"lazy\" decoding=\"async\" src=\"https:\/\/glycemic-index.net\/images\/5Ee9CIXd7j_small.webp\" alt=\"Poissons (saumon, thon, etc,)\" width=\"40\" height=\"40\">\n<\/a><\/td><td><a href=\"https:\/\/glycemic-index.net\/fr\/poissons-saumon-thon-etc\/\">Poissons (saumon, thon, etc,)<\/a><\/td><td><a href=\"https:\/\/glycemic-index.net\/fr\/poissons-saumon-thon-etc\/\">0<\/a><\/td><td><a href=\"https:\/\/glycemic-index.net\/fr\/poissons-saumon-thon-etc\/\">0.0<\/a><\/td><\/tr>\n<tr><td><a href=\"https:\/\/glycemic-index.net\/fr\/surimi-poisson-hache-en-batonnets-de-crabe\/\"><img loading=\"lazy\" decoding=\"async\" src=\"https:\/\/glycemic-index.net\/images\/soFV3TavEz_small.webp\" alt=\"Surimi (poisson hach\u00e9 en b\u00e2tonnets de crabe)\" width=\"40\" height=\"40\">\n<\/a><\/td><td><a href=\"https:\/\/glycemic-index.net\/fr\/surimi-poisson-hache-en-batonnets-de-crabe\/\">Surimi (poisson hach\u00e9 en b\u00e2tonnets de crabe)<\/a><\/td><td><a href=\"https:\/\/glycemic-index.net\/fr\/surimi-poisson-hache-en-batonnets-de-crabe\/\">50<\/a><\/td><td><a href=\"https:\/\/glycemic-index.net\/fr\/surimi-poisson-hache-en-batonnets-de-crabe\/\">3.4<\/a><\/td><\/tr>\n<\/table>\n","protected":false},"excerpt":{"rendered":"<p>Les fruits de mer sont connus depuis longtemps pour leurs bienfaits pour la sant\u00e9, mais saviez-vous qu&rsquo;ils jouent \u00e9galement un r\u00f4le dans la gestion de la glyc\u00e9mie&nbsp;? L&rsquo;indice glyc\u00e9mique (IG) est une mesure de la rapidit\u00e9 avec laquelle les glucides provenant des aliments augmentent votre glyc\u00e9mie. Les fruits de mer, en particulier les poissons gras &hellip;<\/p>\n<p class=\"read-more\"> <a class=\"\" href=\"https:\/\/glycemic-index.net\/fr\/indice-glycemique-des-fruits-de-mer\/\"> <span class=\"screen-reader-text\">Indice glyc\u00e9mique des fruits de mer<\/span> Lire la suite\u00a0\u00bb<\/a><\/p>\n","protected":false},"author":1,"featured_media":0,"parent":0,"menu_order":0,"comment_status":"closed","ping_status":"closed","template":"","meta":{"site-sidebar-layout":"default","site-content-layout":"default","ast-global-header-display":"","ast-main-header-display":"","ast-hfb-above-header-display":"","ast-hfb-below-header-display":"","ast-hfb-mobile-header-display":"","site-post-title":"","ast-breadcrumbs-content":"","ast-featured-img":"","footer-sml-layout":"","theme-transparent-header-meta":"default","adv-header-id-meta":"","stick-header-meta":"","header-above-stick-meta":"","header-main-stick-meta":"","header-below-stick-meta":"","footnotes":""},"class_list":["post-1991","page","type-page","status-publish","hentry"],"yoast_head":"<!-- This site is optimized with the Yoast SEO plugin v21.7 - https:\/\/yoast.com\/wordpress\/plugins\/seo\/ -->\n<title>Indice glyc\u00e9mique des fruits de mer - Manuel GI #1<\/title>\n<meta name=\"description\" content=\"L&#039;indice glyc\u00e9mique (IG) est une mesure de la rapidit\u00e9 avec laquelle les glucides provenant des aliments augmentent votre glyc\u00e9mie. Fruits de mer, en particulier les poissons gras tels ...\" \/>\n<meta name=\"robots\" content=\"index, follow, max-snippet:-1, max-image-preview:large, max-video-preview:-1\" \/>\n<link rel=\"canonical\" href=\"https:\/\/glycemic-index.net\/fr\/indice-glycemique-des-fruits-de-mer\/\" \/>\n<meta property=\"og:locale\" content=\"fr_FR\" \/>\n<meta property=\"og:type\" content=\"article\" \/>\n<meta property=\"og:title\" content=\"Indice glyc\u00e9mique des fruits de mer - Manuel GI #1\" \/>\n<meta property=\"og:description\" content=\"L&#039;indice glyc\u00e9mique (IG) est une mesure de la rapidit\u00e9 avec laquelle les glucides provenant des aliments augmentent votre glyc\u00e9mie. Fruits de mer, en particulier les poissons gras tels ...\" \/>\n<meta property=\"og:url\" content=\"https:\/\/glycemic-index.net\/fr\/indice-glycemique-des-fruits-de-mer\/\" \/>\n<meta property=\"og:site_name\" content=\"Manuel GI #1\" \/>\n<meta property=\"article:modified_time\" content=\"2023-04-07T16:07:26+00:00\" \/>\n<meta property=\"og:image\" content=\"https:\/\/glycemic-index.net\/images\/8RSFA6HOhB_small.webp\" \/>\n<meta name=\"twitter:card\" content=\"summary_large_image\" \/>\n<meta name=\"twitter:label1\" content=\"Dur\u00e9e de lecture estim\u00e9e\" \/>\n\t<meta name=\"twitter:data1\" content=\"4 minutes\" \/>\n<script type=\"application\/ld+json\" class=\"yoast-schema-graph\">{\"@context\":\"https:\/\/schema.org\",\"@graph\":[{\"@type\":\"WebPage\",\"@id\":\"https:\/\/glycemic-index.net\/fr\/indice-glycemique-des-fruits-de-mer\/\",\"url\":\"https:\/\/glycemic-index.net\/fr\/indice-glycemique-des-fruits-de-mer\/\",\"name\":\"Indice glyc\u00e9mique des fruits de mer - Manuel GI #1\",\"isPartOf\":{\"@id\":\"https:\/\/glycemic-index.net\/fr\/#website\"},\"datePublished\":\"2021-08-11T11:38:36+00:00\",\"dateModified\":\"2023-04-07T16:07:26+00:00\",\"description\":\"L'indice glyc\u00e9mique (IG) est une mesure de la rapidit\u00e9 avec laquelle les glucides provenant des aliments augmentent votre glyc\u00e9mie. Fruits de mer, en particulier les poissons gras tels ...\",\"breadcrumb\":{\"@id\":\"https:\/\/glycemic-index.net\/fr\/indice-glycemique-des-fruits-de-mer\/#breadcrumb\"},\"inLanguage\":\"fr-FR\",\"potentialAction\":[{\"@type\":\"ReadAction\",\"target\":[\"https:\/\/glycemic-index.net\/fr\/indice-glycemique-des-fruits-de-mer\/\"]}]},{\"@type\":\"BreadcrumbList\",\"@id\":\"https:\/\/glycemic-index.net\/fr\/indice-glycemique-des-fruits-de-mer\/#breadcrumb\",\"itemListElement\":[{\"@type\":\"ListItem\",\"position\":1,\"name\":\"Home\",\"item\":\"https:\/\/glycemic-index.net\/fr\/\"},{\"@type\":\"ListItem\",\"position\":2,\"name\":\"Indice glyc\u00e9mique des fruits de mer\"}]},{\"@type\":\"WebSite\",\"@id\":\"https:\/\/glycemic-index.net\/fr\/#website\",\"url\":\"https:\/\/glycemic-index.net\/fr\/\",\"name\":\"Manuel GI #1\",\"description\":\"Vous trouverez ici tout ce dont vous avez besoin sur l&#039;index glyc\u00e9mique et la charge glyc\u00e9mique.\",\"publisher\":{\"@id\":\"https:\/\/glycemic-index.net\/fr\/#organization\"},\"potentialAction\":[{\"@type\":\"SearchAction\",\"target\":{\"@type\":\"EntryPoint\",\"urlTemplate\":\"https:\/\/glycemic-index.net\/fr\/?s={search_term_string}\"},\"query-input\":\"required name=search_term_string\"}],\"inLanguage\":\"fr-FR\"},{\"@type\":\"Organization\",\"@id\":\"https:\/\/glycemic-index.net\/fr\/#organization\",\"name\":\"Manuel GI #1\",\"url\":\"https:\/\/glycemic-index.net\/fr\/\",\"logo\":{\"@type\":\"ImageObject\",\"inLanguage\":\"fr-FR\",\"@id\":\"https:\/\/glycemic-index.net\/fr\/#\/schema\/logo\/image\/\",\"url\":\"https:\/\/glycemic-index.net\/fr\/wp-content\/uploads\/2023\/01\/logo_512-1.png\",\"contentUrl\":\"https:\/\/glycemic-index.net\/fr\/wp-content\/uploads\/2023\/01\/logo_512-1.png\",\"width\":512,\"height\":512,\"caption\":\"Manuel GI #1\"},\"image\":{\"@id\":\"https:\/\/glycemic-index.net\/fr\/#\/schema\/logo\/image\/\"}}]}<\/script>\n<!-- \/ Yoast SEO plugin. -->","yoast_head_json":{"title":"Indice glyc\u00e9mique des fruits de mer - Manuel GI #1","description":"L'indice glyc\u00e9mique (IG) est une mesure de la rapidit\u00e9 avec laquelle les glucides provenant des aliments augmentent votre glyc\u00e9mie. Fruits de mer, en particulier les poissons gras tels ...","robots":{"index":"index","follow":"follow","max-snippet":"max-snippet:-1","max-image-preview":"max-image-preview:large","max-video-preview":"max-video-preview:-1"},"canonical":"https:\/\/glycemic-index.net\/fr\/indice-glycemique-des-fruits-de-mer\/","og_locale":"fr_FR","og_type":"article","og_title":"Indice glyc\u00e9mique des fruits de mer - Manuel GI #1","og_description":"L'indice glyc\u00e9mique (IG) est une mesure de la rapidit\u00e9 avec laquelle les glucides provenant des aliments augmentent votre glyc\u00e9mie. Fruits de mer, en particulier les poissons gras tels ...","og_url":"https:\/\/glycemic-index.net\/fr\/indice-glycemique-des-fruits-de-mer\/","og_site_name":"Manuel GI #1","article_modified_time":"2023-04-07T16:07:26+00:00","og_image":[{"url":"https:\/\/glycemic-index.net\/images\/8RSFA6HOhB_small.webp"}],"twitter_card":"summary_large_image","twitter_misc":{"Dur\u00e9e de lecture estim\u00e9e":"4 minutes"},"schema":{"@context":"https:\/\/schema.org","@graph":[{"@type":"WebPage","@id":"https:\/\/glycemic-index.net\/fr\/indice-glycemique-des-fruits-de-mer\/","url":"https:\/\/glycemic-index.net\/fr\/indice-glycemique-des-fruits-de-mer\/","name":"Indice glyc\u00e9mique des fruits de mer - Manuel GI #1","isPartOf":{"@id":"https:\/\/glycemic-index.net\/fr\/#website"},"datePublished":"2021-08-11T11:38:36+00:00","dateModified":"2023-04-07T16:07:26+00:00","description":"L'indice glyc\u00e9mique (IG) est une mesure de la rapidit\u00e9 avec laquelle les glucides provenant des aliments augmentent votre glyc\u00e9mie. Fruits de mer, en particulier les poissons gras tels ...","breadcrumb":{"@id":"https:\/\/glycemic-index.net\/fr\/indice-glycemique-des-fruits-de-mer\/#breadcrumb"},"inLanguage":"fr-FR","potentialAction":[{"@type":"ReadAction","target":["https:\/\/glycemic-index.net\/fr\/indice-glycemique-des-fruits-de-mer\/"]}]},{"@type":"BreadcrumbList","@id":"https:\/\/glycemic-index.net\/fr\/indice-glycemique-des-fruits-de-mer\/#breadcrumb","itemListElement":[{"@type":"ListItem","position":1,"name":"Home","item":"https:\/\/glycemic-index.net\/fr\/"},{"@type":"ListItem","position":2,"name":"Indice glyc\u00e9mique des fruits de mer"}]},{"@type":"WebSite","@id":"https:\/\/glycemic-index.net\/fr\/#website","url":"https:\/\/glycemic-index.net\/fr\/","name":"Manuel GI #1","description":"Vous trouverez ici tout ce dont vous avez besoin sur l&#039;index glyc\u00e9mique et la charge glyc\u00e9mique.","publisher":{"@id":"https:\/\/glycemic-index.net\/fr\/#organization"},"potentialAction":[{"@type":"SearchAction","target":{"@type":"EntryPoint","urlTemplate":"https:\/\/glycemic-index.net\/fr\/?s={search_term_string}"},"query-input":"required name=search_term_string"}],"inLanguage":"fr-FR"},{"@type":"Organization","@id":"https:\/\/glycemic-index.net\/fr\/#organization","name":"Manuel GI #1","url":"https:\/\/glycemic-index.net\/fr\/","logo":{"@type":"ImageObject","inLanguage":"fr-FR","@id":"https:\/\/glycemic-index.net\/fr\/#\/schema\/logo\/image\/","url":"https:\/\/glycemic-index.net\/fr\/wp-content\/uploads\/2023\/01\/logo_512-1.png","contentUrl":"https:\/\/glycemic-index.net\/fr\/wp-content\/uploads\/2023\/01\/logo_512-1.png","width":512,"height":512,"caption":"Manuel GI #1"},"image":{"@id":"https:\/\/glycemic-index.net\/fr\/#\/schema\/logo\/image\/"}}]}},"_links":{"self":[{"href":"https:\/\/glycemic-index.net\/fr\/wp-json\/wp\/v2\/pages\/1991","targetHints":{"allow":["GET"]}}],"collection":[{"href":"https:\/\/glycemic-index.net\/fr\/wp-json\/wp\/v2\/pages"}],"about":[{"href":"https:\/\/glycemic-index.net\/fr\/wp-json\/wp\/v2\/types\/page"}],"author":[{"embeddable":true,"href":"https:\/\/glycemic-index.net\/fr\/wp-json\/wp\/v2\/users\/1"}],"replies":[{"embeddable":true,"href":"https:\/\/glycemic-index.net\/fr\/wp-json\/wp\/v2\/comments?post=1991"}],"version-history":[{"count":4,"href":"https:\/\/glycemic-index.net\/fr\/wp-json\/wp\/v2\/pages\/1991\/revisions"}],"predecessor-version":[{"id":5565,"href":"https:\/\/glycemic-index.net\/fr\/wp-json\/wp\/v2\/pages\/1991\/revisions\/5565"}],"wp:attachment":[{"href":"https:\/\/glycemic-index.net\/fr\/wp-json\/wp\/v2\/media?parent=1991"}],"curies":[{"name":"wp","href":"https:\/\/api.w.org\/{rel}","templated":true}]}}