{"id":2127,"date":"2023-01-04T09:28:18","date_gmt":"2023-01-04T09:28:18","guid":{"rendered":"https:\/\/glycemic-index.net\/?page_id=2127"},"modified":"2023-01-29T13:59:30","modified_gmt":"2023-01-29T13:59:30","slug":"quel-est-l-index-glycemique","status":"publish","type":"page","link":"https:\/\/glycemic-index.net\/fr\/quel-est-l-index-glycemique\/","title":{"rendered":"Qu&rsquo;est-ce que l&rsquo;Index Glyc\u00e9mique?"},"content":{"rendered":"\n<p>L&rsquo;indice glyc\u00e9mique (IG) est un syst\u00e8me de classement qui mesure l&rsquo;impact des glucides sur notre glyc\u00e9mie. Il attribue une valeur num\u00e9rique aux aliments en fonction de la rapidit\u00e9 avec laquelle les glucides contenus dans ces aliments sont dig\u00e9r\u00e9s et absorb\u00e9s.<\/p>\n\n\n\n<p>Dans cet article, nous discuterons des avantages de suivre un r\u00e9gime bas\u00e9 sur l&rsquo;indice glyc\u00e9mique et fournirons des conseils pour incorporer des aliments \u00e0 faible IG dans votre routine quotidienne.<\/p>\n\n\n\n<div style=\"height:25px\" aria-hidden=\"true\" class=\"wp-block-spacer\"><\/div>\n\n\n\n<h2 class=\"wp-block-heading\">D\u00e9finition de l&rsquo;Index Glyc\u00e9mique<\/h2>\n\n\n\n<p>L&rsquo;indice glyc\u00e9mique ou indice glyc\u00e9mique (IG) est un outil important utilis\u00e9 pour mesurer l&rsquo;effet de diff\u00e9rents aliments sur les niveaux de sucre dans le sang (glucose).<\/p>\n\n\n\n<p>L&rsquo;IG classe les glucides sur une \u00e9chelle de 0 \u00e0 100 selon leur effet sur la glyc\u00e9mie.<\/p>\n\n\n\n<p>Les aliments \u00e0 IG \u00e9lev\u00e9 (70 ou plus) se d\u00e9composent rapidement, ce qui entra\u00eene une augmentation rapide des taux de sucre dans le sang et d&rsquo;insuline. Les aliments \u00e0 faible IG (55 ou moins) se d\u00e9composent plus lentement, ce qui entra\u00eene une augmentation progressive de la glyc\u00e9mie et des taux d&rsquo;insuline.<\/p>\n\n\n\n<div style=\"height:25px\" aria-hidden=\"true\" class=\"wp-block-spacer\"><\/div>\n\n\n\n<h2 class=\"wp-block-heading\">Comment fonctionne l&rsquo;index glyc\u00e9mique?<\/h2>\n\n\n\n<p>Lorsque les glucides sont consomm\u00e9s, ils sont d\u00e9compos\u00e9s en glucose dans l&rsquo;intestin gr\u00eale, qui est ensuite absorb\u00e9 dans la circulation sanguine. L&rsquo;augmentation de la glyc\u00e9mie qui en r\u00e9sulte d\u00e9clenche la lib\u00e9ration d&rsquo;insuline par le pancr\u00e9as.<\/p>\n\n\n\n<p>L&rsquo;insuline aide \u00e0 stocker le glucose dans les cellules pour l&rsquo;\u00e9nergie ou \u00e0 le convertir en graisse pour le stockage. La vitesse \u00e0 laquelle ce processus se produit varie consid\u00e9rablement selon le type de glucides consomm\u00e9s.<\/p>\n\n\n\n<p style=\"font-size:16px\">Les aliments \u00e0 IG \u00e9lev\u00e9 provoquent une augmentation et une diminution rapides des taux de sucre dans le sang et d&rsquo;insuline, tandis que les aliments \u00e0 IG bas entra\u00eenent une augmentation et une diminution plus lentes et plus r\u00e9guli\u00e8res.<\/p>\n\n\n\n<h2 class=\"wp-block-heading\">Comment l&rsquo;index glyc\u00e9mique est-il mesur\u00e9?<\/h2>\n\n\n\n<p>L&rsquo;indice glyc\u00e9mique est mesur\u00e9 en comparant les effets d&rsquo;un aliment glucidique donn\u00e9 \u00e0 ceux du glucose pur, auquel on a attribu\u00e9 une valeur IG de 100.<\/p>\n\n\n\n<p>Les aliments sont test\u00e9s sur un groupe de 10 \u00e0 15 personnes qui consomment 50 grammes de glucides disponibles \u00e0 partir des aliments test\u00e9s apr\u00e8s une nuit de je\u00fbne. Des \u00e9chantillons de sang sont pr\u00e9lev\u00e9s toutes les 15 minutes sur une p\u00e9riode de deux heures pour mesurer les variations de la glyc\u00e9mie.<\/p>\n\n\n\n<figure class=\"wp-block-image aligncenter size-full\"><img decoding=\"async\" src=\"https:\/\/glycemic-index.net\/wp-content\/uploads\/2023\/01\/gi-graph.webp\" alt=\"Niveau de glyc\u00e9mie Graphique\" class=\"wp-image-2149\"\/><figcaption class=\"wp-element-caption\"><br>Niveau de glyc\u00e9mie Graphique<\/figcaption><\/figure>\n\n\n\n<p>L&rsquo;aire sous la courbe (AUC) est ensuite calcul\u00e9e en multipliant la r\u00e9ponse glyc\u00e9mique moyenne par la dur\u00e9e pendant laquelle elle se produit. Ce nombre AUC est ensuite compar\u00e9 \u00e0 celui du glucose pur, et une valeur GI est attribu\u00e9e sur la base de cette comparaison.<\/p>\n\n\n\n<p>Ici, nous avons expliqu\u00e9 plus en d\u00e9tail comment l&rsquo;index glyc\u00e9mique est calcul\u00e9.<\/p>\n\n\n\n<div style=\"height:25px\" aria-hidden=\"true\" class=\"wp-block-spacer\"><\/div>\n\n\n\n<h2 class=\"wp-block-heading\">Quels sont les niveaux d&rsquo;index glyc\u00e9mique?<\/h2>\n\n\n\n<p>Bas : 55 ou moins<\/p>\n\n\n\n<p>Moyen : 56-69<\/p>\n\n\n\n<p>\u00c9lev\u00e9&nbsp;: 70 et plus<\/p>\n\n\n\n<div style=\"height:25px\" aria-hidden=\"true\" class=\"wp-block-spacer\"><\/div>\n\n\n\n<h2 class=\"wp-block-heading\">Exemples d&rsquo;aliments \u00e0 IG \u00e9lev\u00e9:<\/h2>\n\n\n\n<ul class=\"wp-block-list\">\n<li>Pain blanc &#8211; 73<\/li>\n\n\n\n<li>Pur\u00e9e de pommes de terre instantan\u00e9e &#8211; 82<\/li>\n\n\n\n<li>Riz blanc &#8211; 87<\/li>\n\n\n\n<li>Past\u00e8que &#8211; 72<\/li>\n\n\n\n<li>Bretzels &#8211; 83<\/li>\n<\/ul>\n\n\n\n<div style=\"height:25px\" aria-hidden=\"true\" class=\"wp-block-spacer\"><\/div>\n\n\n\n<h2 class=\"wp-block-heading\">Examples of Foods With Low GI:&nbsp;<\/h2>\n\n\n\n<ul class=\"wp-block-list\">\n<li>Gruau &#8211; 55<\/li>\n\n\n\n<li>Pommes &#8211; 41<\/li>\n\n\n\n<li>Haricots rouges &#8211; 28<\/li>\n\n\n\n<li>Orge &#8211; 25<\/li>\n\n\n\n<li>Spaghetti (bl\u00e9 entier) &#8211; 42<\/li>\n<\/ul>\n\n\n\n<div style=\"height:25px\" aria-hidden=\"true\" class=\"wp-block-spacer\"><\/div>\n\n\n\n<h2 class=\"wp-block-heading\">Avantages de l&rsquo;index glyc\u00e9mique<\/h2>\n\n\n\n<p>L&rsquo;index glyc\u00e9mique peut \u00eatre utile pour la perte de poids et les personnes atteintes de diab\u00e8te ainsi que celles qui essaient de maintenir une glyc\u00e9mie saine.<\/p>\n\n\n\n<p>Il a \u00e9t\u00e9 d\u00e9montr\u00e9 que les r\u00e9gimes \u00e0 faible IG aident les gens \u00e0 perdre du poids et \u00e0 am\u00e9liorer leur \u00e9tat de sant\u00e9 g\u00e9n\u00e9ral en r\u00e9duisant la faim et les envies de collations sucr\u00e9es entre les repas.<\/p>\n\n\n\n<p>Pour les personnes atteintes de diab\u00e8te, la consommation d&rsquo;aliments \u00e0 faible IG aide \u00e0 r\u00e9duire les pics de glyc\u00e9mie qui peuvent entra\u00eener des complications telles que les maladies cardiaques et les accidents vasculaires c\u00e9r\u00e9braux. D&rsquo;autre part, les aliments \u00e0 IG \u00e9lev\u00e9 peuvent \u00eatre b\u00e9n\u00e9fiques lorsque les besoins \u00e9nerg\u00e9tiques sont \u00e9lev\u00e9s ou lorsque l&rsquo;exercice est effectu\u00e9 peu de temps apr\u00e8s les avoir consomm\u00e9s en raison de leur absorption rapide dans la circulation sanguine.<\/p>\n\n\n\n<div style=\"height:25px\" aria-hidden=\"true\" class=\"wp-block-spacer\"><\/div>\n\n\n\n<h2 class=\"wp-block-heading\">Limites potentielles de l&rsquo;index glyc\u00e9mique:<\/h2>\n\n\n\n<p>Bien que l&rsquo;indice glyc\u00e9mique puisse \u00eatre utile pour aider les gens \u00e0 faire des choix alimentaires plus sains, il existe certaines limites potentielles qui doivent \u00eatre prises en consid\u00e9ration lors de son utilisation comme guide pour les habitudes alimentaires.<\/p>\n\n\n\n<p>Par exemple, les r\u00e9ponses individuelles \u00e0 diff\u00e9rents aliments glucidiques peuvent varier consid\u00e9rablement d&rsquo;une personne \u00e0 l&rsquo;autre en raison des diff\u00e9rences de vitesse de digestion et d&rsquo;autres facteurs tels que la quantit\u00e9 de graisses ou de fibres consomm\u00e9es avec eux.<\/p>\n\n\n\n<p>Un autre fait \u00e0 consid\u00e9rer est que l&rsquo;indice glyc\u00e9mique d&rsquo;un m\u00eame aliment peut varier consid\u00e9rablement en fonction de la maturit\u00e9, de la m\u00e9thode de cuisson et du type de sucre qu&rsquo;il contient. Ainsi, il n&rsquo;est pas facile de conna\u00eetre exactement l&rsquo;IG des aliments que vous vous appr\u00eatez \u00e0 manger.<\/p>\n\n\n\n<p>De plus, la charge glyc\u00e9mique (CG), qui tient compte \u00e0 la fois de la valeur IG et de la quantit\u00e9 de glucides r\u00e9ellement consomm\u00e9e par portion, peut \u00eatre plus pr\u00e9cise que l&rsquo;IG seul pour pr\u00e9dire comment certains aliments affectent la glyc\u00e9mie au fil du temps. Par cons\u00e9quent, il est important de prendre en compte \u00e0 la fois les valeurs IG et les valeurs CG lors de la prise de d\u00e9cisions alimentaires bas\u00e9es uniquement sur l&rsquo;indice glyc\u00e9mique.<\/p>\n","protected":false},"excerpt":{"rendered":"<p>L&rsquo;indice glyc\u00e9mique (IG) est un syst\u00e8me de classement qui mesure l&rsquo;impact des glucides sur notre glyc\u00e9mie. Il attribue une valeur num\u00e9rique aux aliments en fonction de la rapidit\u00e9 avec laquelle les glucides contenus dans ces aliments sont dig\u00e9r\u00e9s et absorb\u00e9s. Dans cet article, nous discuterons des avantages de suivre un r\u00e9gime bas\u00e9 sur l&rsquo;indice glyc\u00e9mique &hellip;<\/p>\n<p class=\"read-more\"> <a class=\"\" href=\"https:\/\/glycemic-index.net\/fr\/quel-est-l-index-glycemique\/\"> <span class=\"screen-reader-text\">Qu&rsquo;est-ce que l&rsquo;Index Glyc\u00e9mique?<\/span> Lire la suite\u00a0\u00bb<\/a><\/p>\n","protected":false},"author":1,"featured_media":0,"parent":0,"menu_order":0,"comment_status":"closed","ping_status":"closed","template":"","meta":{"site-sidebar-layout":"default","site-content-layout":"default","ast-global-header-display":"","ast-main-header-display":"","ast-hfb-above-header-display":"","ast-hfb-below-header-display":"","ast-hfb-mobile-header-display":"","site-post-title":"","ast-breadcrumbs-content":"","ast-featured-img":"","footer-sml-layout":"","theme-transparent-header-meta":"","adv-header-id-meta":"","stick-header-meta":"","header-above-stick-meta":"","header-main-stick-meta":"","header-below-stick-meta":"","footnotes":""},"class_list":["post-2127","page","type-page","status-publish","hentry"],"yoast_head":"<!-- This site is optimized with the Yoast SEO plugin v21.7 - https:\/\/yoast.com\/wordpress\/plugins\/seo\/ -->\n<title>Qu&#039;est-ce que l&#039;Index Glyc\u00e9mique - Manuel GI #1<\/title>\n<meta name=\"description\" content=\"D\u00e9couvrez ce qu&#039;est l&#039;index glyc\u00e9mique et comment il peut vous aider \u00e0 mieux g\u00e9rer votre glyc\u00e9mie. D\u00e9couvrez pourquoi cette mesure de...\" \/>\n<meta name=\"robots\" content=\"index, follow, max-snippet:-1, max-image-preview:large, max-video-preview:-1\" \/>\n<link rel=\"canonical\" href=\"https:\/\/glycemic-index.net\/fr\/quel-est-l-index-glycemique\/\" \/>\n<meta property=\"og:locale\" content=\"fr_FR\" \/>\n<meta property=\"og:type\" content=\"article\" \/>\n<meta property=\"og:title\" content=\"Qu&#039;est-ce que l&#039;Index Glyc\u00e9mique - Manuel GI #1\" \/>\n<meta property=\"og:description\" content=\"D\u00e9couvrez ce qu&#039;est l&#039;index glyc\u00e9mique et comment il peut vous aider \u00e0 mieux g\u00e9rer votre glyc\u00e9mie. D\u00e9couvrez pourquoi cette mesure de...\" \/>\n<meta property=\"og:url\" content=\"https:\/\/glycemic-index.net\/fr\/quel-est-l-index-glycemique\/\" \/>\n<meta property=\"og:site_name\" content=\"Manuel GI #1\" \/>\n<meta property=\"article:modified_time\" content=\"2023-01-29T13:59:30+00:00\" \/>\n<meta property=\"og:image\" content=\"https:\/\/glycemic-index.net\/wp-content\/uploads\/2023\/01\/gi-graph.webp\" \/>\n<meta name=\"twitter:card\" content=\"summary_large_image\" \/>\n<meta name=\"twitter:label1\" content=\"Dur\u00e9e de lecture estim\u00e9e\" \/>\n\t<meta name=\"twitter:data1\" content=\"4 minutes\" \/>\n<script type=\"application\/ld+json\" class=\"yoast-schema-graph\">{\"@context\":\"https:\/\/schema.org\",\"@graph\":[{\"@type\":\"WebPage\",\"@id\":\"https:\/\/glycemic-index.net\/fr\/quel-est-l-index-glycemique\/\",\"url\":\"https:\/\/glycemic-index.net\/fr\/quel-est-l-index-glycemique\/\",\"name\":\"Qu'est-ce que l'Index Glyc\u00e9mique - Manuel GI #1\",\"isPartOf\":{\"@id\":\"https:\/\/glycemic-index.net\/fr\/#website\"},\"datePublished\":\"2023-01-04T09:28:18+00:00\",\"dateModified\":\"2023-01-29T13:59:30+00:00\",\"description\":\"D\u00e9couvrez ce qu'est l'index glyc\u00e9mique et comment il peut vous aider \u00e0 mieux g\u00e9rer votre glyc\u00e9mie. D\u00e9couvrez pourquoi cette mesure de...\",\"breadcrumb\":{\"@id\":\"https:\/\/glycemic-index.net\/fr\/quel-est-l-index-glycemique\/#breadcrumb\"},\"inLanguage\":\"fr-FR\",\"potentialAction\":[{\"@type\":\"ReadAction\",\"target\":[\"https:\/\/glycemic-index.net\/fr\/quel-est-l-index-glycemique\/\"]}]},{\"@type\":\"BreadcrumbList\",\"@id\":\"https:\/\/glycemic-index.net\/fr\/quel-est-l-index-glycemique\/#breadcrumb\",\"itemListElement\":[{\"@type\":\"ListItem\",\"position\":1,\"name\":\"Home\",\"item\":\"https:\/\/glycemic-index.net\/fr\/\"},{\"@type\":\"ListItem\",\"position\":2,\"name\":\"Qu&#8217;est-ce que l&#8217;Index Glyc\u00e9mique?\"}]},{\"@type\":\"WebSite\",\"@id\":\"https:\/\/glycemic-index.net\/fr\/#website\",\"url\":\"https:\/\/glycemic-index.net\/fr\/\",\"name\":\"Manuel GI #1\",\"description\":\"Vous trouverez ici tout ce dont vous avez besoin sur l&#039;index glyc\u00e9mique et la charge glyc\u00e9mique.\",\"publisher\":{\"@id\":\"https:\/\/glycemic-index.net\/fr\/#organization\"},\"potentialAction\":[{\"@type\":\"SearchAction\",\"target\":{\"@type\":\"EntryPoint\",\"urlTemplate\":\"https:\/\/glycemic-index.net\/fr\/?s={search_term_string}\"},\"query-input\":\"required name=search_term_string\"}],\"inLanguage\":\"fr-FR\"},{\"@type\":\"Organization\",\"@id\":\"https:\/\/glycemic-index.net\/fr\/#organization\",\"name\":\"Manuel GI #1\",\"url\":\"https:\/\/glycemic-index.net\/fr\/\",\"logo\":{\"@type\":\"ImageObject\",\"inLanguage\":\"fr-FR\",\"@id\":\"https:\/\/glycemic-index.net\/fr\/#\/schema\/logo\/image\/\",\"url\":\"https:\/\/glycemic-index.net\/fr\/wp-content\/uploads\/2023\/01\/logo_512-1.png\",\"contentUrl\":\"https:\/\/glycemic-index.net\/fr\/wp-content\/uploads\/2023\/01\/logo_512-1.png\",\"width\":512,\"height\":512,\"caption\":\"Manuel GI #1\"},\"image\":{\"@id\":\"https:\/\/glycemic-index.net\/fr\/#\/schema\/logo\/image\/\"}}]}<\/script>\n<!-- \/ Yoast SEO plugin. -->","yoast_head_json":{"title":"Qu'est-ce que l'Index Glyc\u00e9mique - Manuel GI #1","description":"D\u00e9couvrez ce qu'est l'index glyc\u00e9mique et comment il peut vous aider \u00e0 mieux g\u00e9rer votre glyc\u00e9mie. D\u00e9couvrez pourquoi cette mesure de...","robots":{"index":"index","follow":"follow","max-snippet":"max-snippet:-1","max-image-preview":"max-image-preview:large","max-video-preview":"max-video-preview:-1"},"canonical":"https:\/\/glycemic-index.net\/fr\/quel-est-l-index-glycemique\/","og_locale":"fr_FR","og_type":"article","og_title":"Qu'est-ce que l'Index Glyc\u00e9mique - Manuel GI #1","og_description":"D\u00e9couvrez ce qu'est l'index glyc\u00e9mique et comment il peut vous aider \u00e0 mieux g\u00e9rer votre glyc\u00e9mie. D\u00e9couvrez pourquoi cette mesure de...","og_url":"https:\/\/glycemic-index.net\/fr\/quel-est-l-index-glycemique\/","og_site_name":"Manuel GI #1","article_modified_time":"2023-01-29T13:59:30+00:00","og_image":[{"url":"https:\/\/glycemic-index.net\/wp-content\/uploads\/2023\/01\/gi-graph.webp"}],"twitter_card":"summary_large_image","twitter_misc":{"Dur\u00e9e de lecture estim\u00e9e":"4 minutes"},"schema":{"@context":"https:\/\/schema.org","@graph":[{"@type":"WebPage","@id":"https:\/\/glycemic-index.net\/fr\/quel-est-l-index-glycemique\/","url":"https:\/\/glycemic-index.net\/fr\/quel-est-l-index-glycemique\/","name":"Qu'est-ce que l'Index Glyc\u00e9mique - Manuel GI #1","isPartOf":{"@id":"https:\/\/glycemic-index.net\/fr\/#website"},"datePublished":"2023-01-04T09:28:18+00:00","dateModified":"2023-01-29T13:59:30+00:00","description":"D\u00e9couvrez ce qu'est l'index glyc\u00e9mique et comment il peut vous aider \u00e0 mieux g\u00e9rer votre glyc\u00e9mie. D\u00e9couvrez pourquoi cette mesure de...","breadcrumb":{"@id":"https:\/\/glycemic-index.net\/fr\/quel-est-l-index-glycemique\/#breadcrumb"},"inLanguage":"fr-FR","potentialAction":[{"@type":"ReadAction","target":["https:\/\/glycemic-index.net\/fr\/quel-est-l-index-glycemique\/"]}]},{"@type":"BreadcrumbList","@id":"https:\/\/glycemic-index.net\/fr\/quel-est-l-index-glycemique\/#breadcrumb","itemListElement":[{"@type":"ListItem","position":1,"name":"Home","item":"https:\/\/glycemic-index.net\/fr\/"},{"@type":"ListItem","position":2,"name":"Qu&#8217;est-ce que l&#8217;Index Glyc\u00e9mique?"}]},{"@type":"WebSite","@id":"https:\/\/glycemic-index.net\/fr\/#website","url":"https:\/\/glycemic-index.net\/fr\/","name":"Manuel GI #1","description":"Vous trouverez ici tout ce dont vous avez besoin sur l&#039;index glyc\u00e9mique et la charge glyc\u00e9mique.","publisher":{"@id":"https:\/\/glycemic-index.net\/fr\/#organization"},"potentialAction":[{"@type":"SearchAction","target":{"@type":"EntryPoint","urlTemplate":"https:\/\/glycemic-index.net\/fr\/?s={search_term_string}"},"query-input":"required name=search_term_string"}],"inLanguage":"fr-FR"},{"@type":"Organization","@id":"https:\/\/glycemic-index.net\/fr\/#organization","name":"Manuel GI #1","url":"https:\/\/glycemic-index.net\/fr\/","logo":{"@type":"ImageObject","inLanguage":"fr-FR","@id":"https:\/\/glycemic-index.net\/fr\/#\/schema\/logo\/image\/","url":"https:\/\/glycemic-index.net\/fr\/wp-content\/uploads\/2023\/01\/logo_512-1.png","contentUrl":"https:\/\/glycemic-index.net\/fr\/wp-content\/uploads\/2023\/01\/logo_512-1.png","width":512,"height":512,"caption":"Manuel GI #1"},"image":{"@id":"https:\/\/glycemic-index.net\/fr\/#\/schema\/logo\/image\/"}}]}},"_links":{"self":[{"href":"https:\/\/glycemic-index.net\/fr\/wp-json\/wp\/v2\/pages\/2127","targetHints":{"allow":["GET"]}}],"collection":[{"href":"https:\/\/glycemic-index.net\/fr\/wp-json\/wp\/v2\/pages"}],"about":[{"href":"https:\/\/glycemic-index.net\/fr\/wp-json\/wp\/v2\/types\/page"}],"author":[{"embeddable":true,"href":"https:\/\/glycemic-index.net\/fr\/wp-json\/wp\/v2\/users\/1"}],"replies":[{"embeddable":true,"href":"https:\/\/glycemic-index.net\/fr\/wp-json\/wp\/v2\/comments?post=2127"}],"version-history":[{"count":3,"href":"https:\/\/glycemic-index.net\/fr\/wp-json\/wp\/v2\/pages\/2127\/revisions"}],"predecessor-version":[{"id":3117,"href":"https:\/\/glycemic-index.net\/fr\/wp-json\/wp\/v2\/pages\/2127\/revisions\/3117"}],"wp:attachment":[{"href":"https:\/\/glycemic-index.net\/fr\/wp-json\/wp\/v2\/media?parent=2127"}],"curies":[{"name":"wp","href":"https:\/\/api.w.org\/{rel}","templated":true}]}}