{"id":2170,"date":"2023-01-04T14:58:13","date_gmt":"2023-01-04T14:58:13","guid":{"rendered":"https:\/\/glycemic-index.net\/?page_id=2170"},"modified":"2023-01-29T12:58:06","modified_gmt":"2023-01-29T12:58:06","slug":"niveau-de-sucre-dans-le-sang","status":"publish","type":"page","link":"https:\/\/glycemic-index.net\/fr\/glossaire\/niveau-de-sucre-dans-le-sang\/","title":{"rendered":"Niveau de sucre dans le sang"},"content":{"rendered":"\n<p>La glyc\u00e9mie est la quantit\u00e9 de glucose (sucre) dans le sang. Il est important pour l&rsquo;\u00e9nergie et le m\u00e9tabolisme, et est g\u00e9n\u00e9ralement mesur\u00e9 par un test sanguin.<\/p>\n","protected":false},"excerpt":{"rendered":"<p>La glyc\u00e9mie est la quantit\u00e9 de glucose (sucre) dans le sang. Il est important pour l&rsquo;\u00e9nergie et le m\u00e9tabolisme, et est g\u00e9n\u00e9ralement mesur\u00e9 par un test sanguin.<\/p>\n","protected":false},"author":1,"featured_media":0,"parent":92,"menu_order":0,"comment_status":"closed","ping_status":"closed","template":"","meta":{"site-sidebar-layout":"default","site-content-layout":"default","ast-global-header-display":"","ast-main-header-display":"","ast-hfb-above-header-display":"","ast-hfb-below-header-display":"","ast-hfb-mobile-header-display":"","site-post-title":"","ast-breadcrumbs-content":"","ast-featured-img":"","footer-sml-layout":"","theme-transparent-header-meta":"","adv-header-id-meta":"","stick-header-meta":"","header-above-stick-meta":"","header-main-stick-meta":"","header-below-stick-meta":"","footnotes":""},"class_list":["post-2170","page","type-page","status-publish","hentry"],"yoast_head":"<!-- This site is optimized with the Yoast SEO plugin v21.7 - https:\/\/yoast.com\/wordpress\/plugins\/seo\/ -->\n<title>Niveau de sucre dans le sang - Manuel GI #1<\/title>\n<meta name=\"description\" content=\"La glyc\u00e9mie est la quantit\u00e9 de glucose (sucre) dans le sang. Il est important pour l&#039;\u00e9nergie et le m\u00e9tabolisme, et est...\" \/>\n<meta name=\"robots\" content=\"index, follow, max-snippet:-1, max-image-preview:large, max-video-preview:-1\" \/>\n<link rel=\"canonical\" href=\"https:\/\/glycemic-index.net\/fr\/glossaire\/niveau-de-sucre-dans-le-sang\/\" \/>\n<meta property=\"og:locale\" content=\"fr_FR\" \/>\n<meta property=\"og:type\" content=\"article\" \/>\n<meta property=\"og:title\" content=\"Niveau de sucre dans le sang - Manuel GI #1\" \/>\n<meta property=\"og:description\" content=\"La glyc\u00e9mie est la quantit\u00e9 de glucose (sucre) dans le sang. Il est important pour l&#039;\u00e9nergie et le m\u00e9tabolisme, et est...\" \/>\n<meta property=\"og:url\" content=\"https:\/\/glycemic-index.net\/fr\/glossaire\/niveau-de-sucre-dans-le-sang\/\" \/>\n<meta property=\"og:site_name\" content=\"Manuel GI #1\" \/>\n<meta property=\"article:modified_time\" content=\"2023-01-29T12:58:06+00:00\" \/>\n<meta name=\"twitter:card\" content=\"summary_large_image\" \/>\n<meta name=\"twitter:label1\" content=\"Dur\u00e9e de lecture estim\u00e9e\" \/>\n\t<meta name=\"twitter:data1\" content=\"1 minute\" \/>\n<script type=\"application\/ld+json\" class=\"yoast-schema-graph\">{\"@context\":\"https:\/\/schema.org\",\"@graph\":[{\"@type\":\"WebPage\",\"@id\":\"https:\/\/glycemic-index.net\/fr\/glossaire\/niveau-de-sucre-dans-le-sang\/\",\"url\":\"https:\/\/glycemic-index.net\/fr\/glossaire\/niveau-de-sucre-dans-le-sang\/\",\"name\":\"Niveau de sucre dans le sang - Manuel GI #1\",\"isPartOf\":{\"@id\":\"https:\/\/glycemic-index.net\/fr\/#website\"},\"datePublished\":\"2023-01-04T14:58:13+00:00\",\"dateModified\":\"2023-01-29T12:58:06+00:00\",\"description\":\"La glyc\u00e9mie est la quantit\u00e9 de glucose (sucre) dans le sang. Il est important pour l'\u00e9nergie et le m\u00e9tabolisme, et est...\",\"breadcrumb\":{\"@id\":\"https:\/\/glycemic-index.net\/fr\/glossaire\/niveau-de-sucre-dans-le-sang\/#breadcrumb\"},\"inLanguage\":\"fr-FR\",\"potentialAction\":[{\"@type\":\"ReadAction\",\"target\":[\"https:\/\/glycemic-index.net\/fr\/glossaire\/niveau-de-sucre-dans-le-sang\/\"]}]},{\"@type\":\"BreadcrumbList\",\"@id\":\"https:\/\/glycemic-index.net\/fr\/glossaire\/niveau-de-sucre-dans-le-sang\/#breadcrumb\",\"itemListElement\":[{\"@type\":\"ListItem\",\"position\":1,\"name\":\"Home\",\"item\":\"https:\/\/glycemic-index.net\/fr\/\"},{\"@type\":\"ListItem\",\"position\":2,\"name\":\"Glossaire\",\"item\":\"https:\/\/glycemic-index.net\/fr\/glossaire\/\"},{\"@type\":\"ListItem\",\"position\":3,\"name\":\"Niveau de sucre dans le sang\"}]},{\"@type\":\"WebSite\",\"@id\":\"https:\/\/glycemic-index.net\/fr\/#website\",\"url\":\"https:\/\/glycemic-index.net\/fr\/\",\"name\":\"Manuel GI #1\",\"description\":\"Vous trouverez ici tout ce dont vous avez besoin sur l&#039;index glyc\u00e9mique et la charge glyc\u00e9mique.\",\"publisher\":{\"@id\":\"https:\/\/glycemic-index.net\/fr\/#organization\"},\"potentialAction\":[{\"@type\":\"SearchAction\",\"target\":{\"@type\":\"EntryPoint\",\"urlTemplate\":\"https:\/\/glycemic-index.net\/fr\/?s={search_term_string}\"},\"query-input\":\"required name=search_term_string\"}],\"inLanguage\":\"fr-FR\"},{\"@type\":\"Organization\",\"@id\":\"https:\/\/glycemic-index.net\/fr\/#organization\",\"name\":\"Manuel GI #1\",\"url\":\"https:\/\/glycemic-index.net\/fr\/\",\"logo\":{\"@type\":\"ImageObject\",\"inLanguage\":\"fr-FR\",\"@id\":\"https:\/\/glycemic-index.net\/fr\/#\/schema\/logo\/image\/\",\"url\":\"https:\/\/glycemic-index.net\/fr\/wp-content\/uploads\/2023\/01\/logo_512-1.png\",\"contentUrl\":\"https:\/\/glycemic-index.net\/fr\/wp-content\/uploads\/2023\/01\/logo_512-1.png\",\"width\":512,\"height\":512,\"caption\":\"Manuel GI #1\"},\"image\":{\"@id\":\"https:\/\/glycemic-index.net\/fr\/#\/schema\/logo\/image\/\"}}]}<\/script>\n<!-- \/ Yoast SEO plugin. -->","yoast_head_json":{"title":"Niveau de sucre dans le sang - Manuel GI #1","description":"La glyc\u00e9mie est la quantit\u00e9 de glucose (sucre) dans le sang. Il est important pour l'\u00e9nergie et le m\u00e9tabolisme, et est...","robots":{"index":"index","follow":"follow","max-snippet":"max-snippet:-1","max-image-preview":"max-image-preview:large","max-video-preview":"max-video-preview:-1"},"canonical":"https:\/\/glycemic-index.net\/fr\/glossaire\/niveau-de-sucre-dans-le-sang\/","og_locale":"fr_FR","og_type":"article","og_title":"Niveau de sucre dans le sang - Manuel GI #1","og_description":"La glyc\u00e9mie est la quantit\u00e9 de glucose (sucre) dans le sang. Il est important pour l'\u00e9nergie et le m\u00e9tabolisme, et est...","og_url":"https:\/\/glycemic-index.net\/fr\/glossaire\/niveau-de-sucre-dans-le-sang\/","og_site_name":"Manuel GI #1","article_modified_time":"2023-01-29T12:58:06+00:00","twitter_card":"summary_large_image","twitter_misc":{"Dur\u00e9e de lecture estim\u00e9e":"1 minute"},"schema":{"@context":"https:\/\/schema.org","@graph":[{"@type":"WebPage","@id":"https:\/\/glycemic-index.net\/fr\/glossaire\/niveau-de-sucre-dans-le-sang\/","url":"https:\/\/glycemic-index.net\/fr\/glossaire\/niveau-de-sucre-dans-le-sang\/","name":"Niveau de sucre dans le sang - Manuel GI #1","isPartOf":{"@id":"https:\/\/glycemic-index.net\/fr\/#website"},"datePublished":"2023-01-04T14:58:13+00:00","dateModified":"2023-01-29T12:58:06+00:00","description":"La glyc\u00e9mie est la quantit\u00e9 de glucose (sucre) dans le sang. Il est important pour l'\u00e9nergie et le m\u00e9tabolisme, et est...","breadcrumb":{"@id":"https:\/\/glycemic-index.net\/fr\/glossaire\/niveau-de-sucre-dans-le-sang\/#breadcrumb"},"inLanguage":"fr-FR","potentialAction":[{"@type":"ReadAction","target":["https:\/\/glycemic-index.net\/fr\/glossaire\/niveau-de-sucre-dans-le-sang\/"]}]},{"@type":"BreadcrumbList","@id":"https:\/\/glycemic-index.net\/fr\/glossaire\/niveau-de-sucre-dans-le-sang\/#breadcrumb","itemListElement":[{"@type":"ListItem","position":1,"name":"Home","item":"https:\/\/glycemic-index.net\/fr\/"},{"@type":"ListItem","position":2,"name":"Glossaire","item":"https:\/\/glycemic-index.net\/fr\/glossaire\/"},{"@type":"ListItem","position":3,"name":"Niveau de sucre dans le sang"}]},{"@type":"WebSite","@id":"https:\/\/glycemic-index.net\/fr\/#website","url":"https:\/\/glycemic-index.net\/fr\/","name":"Manuel GI #1","description":"Vous trouverez ici tout ce dont vous avez besoin sur l&#039;index glyc\u00e9mique et la charge glyc\u00e9mique.","publisher":{"@id":"https:\/\/glycemic-index.net\/fr\/#organization"},"potentialAction":[{"@type":"SearchAction","target":{"@type":"EntryPoint","urlTemplate":"https:\/\/glycemic-index.net\/fr\/?s={search_term_string}"},"query-input":"required name=search_term_string"}],"inLanguage":"fr-FR"},{"@type":"Organization","@id":"https:\/\/glycemic-index.net\/fr\/#organization","name":"Manuel GI #1","url":"https:\/\/glycemic-index.net\/fr\/","logo":{"@type":"ImageObject","inLanguage":"fr-FR","@id":"https:\/\/glycemic-index.net\/fr\/#\/schema\/logo\/image\/","url":"https:\/\/glycemic-index.net\/fr\/wp-content\/uploads\/2023\/01\/logo_512-1.png","contentUrl":"https:\/\/glycemic-index.net\/fr\/wp-content\/uploads\/2023\/01\/logo_512-1.png","width":512,"height":512,"caption":"Manuel GI #1"},"image":{"@id":"https:\/\/glycemic-index.net\/fr\/#\/schema\/logo\/image\/"}}]}},"_links":{"self":[{"href":"https:\/\/glycemic-index.net\/fr\/wp-json\/wp\/v2\/pages\/2170","targetHints":{"allow":["GET"]}}],"collection":[{"href":"https:\/\/glycemic-index.net\/fr\/wp-json\/wp\/v2\/pages"}],"about":[{"href":"https:\/\/glycemic-index.net\/fr\/wp-json\/wp\/v2\/types\/page"}],"author":[{"embeddable":true,"href":"https:\/\/glycemic-index.net\/fr\/wp-json\/wp\/v2\/users\/1"}],"replies":[{"embeddable":true,"href":"https:\/\/glycemic-index.net\/fr\/wp-json\/wp\/v2\/comments?post=2170"}],"version-history":[{"count":1,"href":"https:\/\/glycemic-index.net\/fr\/wp-json\/wp\/v2\/pages\/2170\/revisions"}],"predecessor-version":[{"id":3084,"href":"https:\/\/glycemic-index.net\/fr\/wp-json\/wp\/v2\/pages\/2170\/revisions\/3084"}],"up":[{"embeddable":true,"href":"https:\/\/glycemic-index.net\/fr\/wp-json\/wp\/v2\/pages\/92"}],"wp:attachment":[{"href":"https:\/\/glycemic-index.net\/fr\/wp-json\/wp\/v2\/media?parent=2170"}],"curies":[{"name":"wp","href":"https:\/\/api.w.org\/{rel}","templated":true}]}}