{"id":2180,"date":"2023-01-04T15:47:23","date_gmt":"2023-01-04T15:47:23","guid":{"rendered":"https:\/\/glycemic-index.net\/?page_id=2180"},"modified":"2023-01-29T13:10:50","modified_gmt":"2023-01-29T13:10:50","slug":"insuline","status":"publish","type":"page","link":"https:\/\/glycemic-index.net\/fr\/glossaire\/insuline\/","title":{"rendered":"Insuline"},"content":{"rendered":"\n<p>L&rsquo;insuline est une hormone qui aide le corps \u00e0 utiliser le glucose comme source d&rsquo;\u00e9nergie. Il est produit par le pancr\u00e9as et joue un r\u00f4le important dans la r\u00e9gulation de la glyc\u00e9mie.<\/p>\n","protected":false},"excerpt":{"rendered":"<p>L&rsquo;insuline est une hormone qui aide le corps \u00e0 utiliser le glucose comme source d&rsquo;\u00e9nergie. Il est produit par le pancr\u00e9as et joue un r\u00f4le important dans la r\u00e9gulation de la glyc\u00e9mie.<\/p>\n","protected":false},"author":1,"featured_media":0,"parent":92,"menu_order":0,"comment_status":"closed","ping_status":"closed","template":"","meta":{"site-sidebar-layout":"default","site-content-layout":"default","ast-global-header-display":"","ast-main-header-display":"","ast-hfb-above-header-display":"","ast-hfb-below-header-display":"","ast-hfb-mobile-header-display":"","site-post-title":"","ast-breadcrumbs-content":"","ast-featured-img":"","footer-sml-layout":"","theme-transparent-header-meta":"","adv-header-id-meta":"","stick-header-meta":"","header-above-stick-meta":"","header-main-stick-meta":"","header-below-stick-meta":"","footnotes":""},"class_list":["post-2180","page","type-page","status-publish","hentry"],"yoast_head":"<!-- This site is optimized with the Yoast SEO plugin v21.7 - https:\/\/yoast.com\/wordpress\/plugins\/seo\/ -->\n<title>Insuline - Manuel GI #1<\/title>\n<meta name=\"description\" content=\"L&#039;insuline est une hormone qui aide le corps \u00e0 utiliser le glucose comme source d&#039;\u00e9nergie. Il est produit par le pancr\u00e9as et joue un r\u00f4le important dans...\" \/>\n<meta name=\"robots\" content=\"index, follow, max-snippet:-1, max-image-preview:large, max-video-preview:-1\" \/>\n<link rel=\"canonical\" href=\"https:\/\/glycemic-index.net\/fr\/glossaire\/insuline\/\" \/>\n<meta property=\"og:locale\" content=\"fr_FR\" \/>\n<meta property=\"og:type\" content=\"article\" \/>\n<meta property=\"og:title\" content=\"Insuline - Manuel GI #1\" \/>\n<meta property=\"og:description\" content=\"L&#039;insuline est une hormone qui aide le corps \u00e0 utiliser le glucose comme source d&#039;\u00e9nergie. Il est produit par le pancr\u00e9as et joue un r\u00f4le important dans...\" \/>\n<meta property=\"og:url\" content=\"https:\/\/glycemic-index.net\/fr\/glossaire\/insuline\/\" \/>\n<meta property=\"og:site_name\" content=\"Manuel GI #1\" \/>\n<meta property=\"article:modified_time\" content=\"2023-01-29T13:10:50+00:00\" \/>\n<meta name=\"twitter:card\" content=\"summary_large_image\" \/>\n<meta name=\"twitter:label1\" content=\"Dur\u00e9e de lecture estim\u00e9e\" \/>\n\t<meta name=\"twitter:data1\" content=\"1 minute\" \/>\n<script type=\"application\/ld+json\" class=\"yoast-schema-graph\">{\"@context\":\"https:\/\/schema.org\",\"@graph\":[{\"@type\":\"WebPage\",\"@id\":\"https:\/\/glycemic-index.net\/fr\/glossaire\/insuline\/\",\"url\":\"https:\/\/glycemic-index.net\/fr\/glossaire\/insuline\/\",\"name\":\"Insuline - Manuel GI #1\",\"isPartOf\":{\"@id\":\"https:\/\/glycemic-index.net\/fr\/#website\"},\"datePublished\":\"2023-01-04T15:47:23+00:00\",\"dateModified\":\"2023-01-29T13:10:50+00:00\",\"description\":\"L'insuline est une hormone qui aide le corps \u00e0 utiliser le glucose comme source d'\u00e9nergie. Il est produit par le pancr\u00e9as et joue un r\u00f4le important dans...\",\"breadcrumb\":{\"@id\":\"https:\/\/glycemic-index.net\/fr\/glossaire\/insuline\/#breadcrumb\"},\"inLanguage\":\"fr-FR\",\"potentialAction\":[{\"@type\":\"ReadAction\",\"target\":[\"https:\/\/glycemic-index.net\/fr\/glossaire\/insuline\/\"]}]},{\"@type\":\"BreadcrumbList\",\"@id\":\"https:\/\/glycemic-index.net\/fr\/glossaire\/insuline\/#breadcrumb\",\"itemListElement\":[{\"@type\":\"ListItem\",\"position\":1,\"name\":\"Home\",\"item\":\"https:\/\/glycemic-index.net\/fr\/\"},{\"@type\":\"ListItem\",\"position\":2,\"name\":\"Glossaire\",\"item\":\"https:\/\/glycemic-index.net\/fr\/glossaire\/\"},{\"@type\":\"ListItem\",\"position\":3,\"name\":\"Insuline\"}]},{\"@type\":\"WebSite\",\"@id\":\"https:\/\/glycemic-index.net\/fr\/#website\",\"url\":\"https:\/\/glycemic-index.net\/fr\/\",\"name\":\"Manuel GI #1\",\"description\":\"Vous trouverez ici tout ce dont vous avez besoin sur l&#039;index glyc\u00e9mique et la charge glyc\u00e9mique.\",\"publisher\":{\"@id\":\"https:\/\/glycemic-index.net\/fr\/#organization\"},\"potentialAction\":[{\"@type\":\"SearchAction\",\"target\":{\"@type\":\"EntryPoint\",\"urlTemplate\":\"https:\/\/glycemic-index.net\/fr\/?s={search_term_string}\"},\"query-input\":\"required name=search_term_string\"}],\"inLanguage\":\"fr-FR\"},{\"@type\":\"Organization\",\"@id\":\"https:\/\/glycemic-index.net\/fr\/#organization\",\"name\":\"Manuel GI #1\",\"url\":\"https:\/\/glycemic-index.net\/fr\/\",\"logo\":{\"@type\":\"ImageObject\",\"inLanguage\":\"fr-FR\",\"@id\":\"https:\/\/glycemic-index.net\/fr\/#\/schema\/logo\/image\/\",\"url\":\"https:\/\/glycemic-index.net\/fr\/wp-content\/uploads\/2023\/01\/logo_512-1.png\",\"contentUrl\":\"https:\/\/glycemic-index.net\/fr\/wp-content\/uploads\/2023\/01\/logo_512-1.png\",\"width\":512,\"height\":512,\"caption\":\"Manuel GI #1\"},\"image\":{\"@id\":\"https:\/\/glycemic-index.net\/fr\/#\/schema\/logo\/image\/\"}}]}<\/script>\n<!-- \/ Yoast SEO plugin. -->","yoast_head_json":{"title":"Insuline - Manuel GI #1","description":"L'insuline est une hormone qui aide le corps \u00e0 utiliser le glucose comme source d'\u00e9nergie. Il est produit par le pancr\u00e9as et joue un r\u00f4le important dans...","robots":{"index":"index","follow":"follow","max-snippet":"max-snippet:-1","max-image-preview":"max-image-preview:large","max-video-preview":"max-video-preview:-1"},"canonical":"https:\/\/glycemic-index.net\/fr\/glossaire\/insuline\/","og_locale":"fr_FR","og_type":"article","og_title":"Insuline - Manuel GI #1","og_description":"L'insuline est une hormone qui aide le corps \u00e0 utiliser le glucose comme source d'\u00e9nergie. Il est produit par le pancr\u00e9as et joue un r\u00f4le important dans...","og_url":"https:\/\/glycemic-index.net\/fr\/glossaire\/insuline\/","og_site_name":"Manuel GI #1","article_modified_time":"2023-01-29T13:10:50+00:00","twitter_card":"summary_large_image","twitter_misc":{"Dur\u00e9e de lecture estim\u00e9e":"1 minute"},"schema":{"@context":"https:\/\/schema.org","@graph":[{"@type":"WebPage","@id":"https:\/\/glycemic-index.net\/fr\/glossaire\/insuline\/","url":"https:\/\/glycemic-index.net\/fr\/glossaire\/insuline\/","name":"Insuline - Manuel GI #1","isPartOf":{"@id":"https:\/\/glycemic-index.net\/fr\/#website"},"datePublished":"2023-01-04T15:47:23+00:00","dateModified":"2023-01-29T13:10:50+00:00","description":"L'insuline est une hormone qui aide le corps \u00e0 utiliser le glucose comme source d'\u00e9nergie. Il est produit par le pancr\u00e9as et joue un r\u00f4le important dans...","breadcrumb":{"@id":"https:\/\/glycemic-index.net\/fr\/glossaire\/insuline\/#breadcrumb"},"inLanguage":"fr-FR","potentialAction":[{"@type":"ReadAction","target":["https:\/\/glycemic-index.net\/fr\/glossaire\/insuline\/"]}]},{"@type":"BreadcrumbList","@id":"https:\/\/glycemic-index.net\/fr\/glossaire\/insuline\/#breadcrumb","itemListElement":[{"@type":"ListItem","position":1,"name":"Home","item":"https:\/\/glycemic-index.net\/fr\/"},{"@type":"ListItem","position":2,"name":"Glossaire","item":"https:\/\/glycemic-index.net\/fr\/glossaire\/"},{"@type":"ListItem","position":3,"name":"Insuline"}]},{"@type":"WebSite","@id":"https:\/\/glycemic-index.net\/fr\/#website","url":"https:\/\/glycemic-index.net\/fr\/","name":"Manuel GI #1","description":"Vous trouverez ici tout ce dont vous avez besoin sur l&#039;index glyc\u00e9mique et la charge glyc\u00e9mique.","publisher":{"@id":"https:\/\/glycemic-index.net\/fr\/#organization"},"potentialAction":[{"@type":"SearchAction","target":{"@type":"EntryPoint","urlTemplate":"https:\/\/glycemic-index.net\/fr\/?s={search_term_string}"},"query-input":"required name=search_term_string"}],"inLanguage":"fr-FR"},{"@type":"Organization","@id":"https:\/\/glycemic-index.net\/fr\/#organization","name":"Manuel GI #1","url":"https:\/\/glycemic-index.net\/fr\/","logo":{"@type":"ImageObject","inLanguage":"fr-FR","@id":"https:\/\/glycemic-index.net\/fr\/#\/schema\/logo\/image\/","url":"https:\/\/glycemic-index.net\/fr\/wp-content\/uploads\/2023\/01\/logo_512-1.png","contentUrl":"https:\/\/glycemic-index.net\/fr\/wp-content\/uploads\/2023\/01\/logo_512-1.png","width":512,"height":512,"caption":"Manuel GI #1"},"image":{"@id":"https:\/\/glycemic-index.net\/fr\/#\/schema\/logo\/image\/"}}]}},"_links":{"self":[{"href":"https:\/\/glycemic-index.net\/fr\/wp-json\/wp\/v2\/pages\/2180","targetHints":{"allow":["GET"]}}],"collection":[{"href":"https:\/\/glycemic-index.net\/fr\/wp-json\/wp\/v2\/pages"}],"about":[{"href":"https:\/\/glycemic-index.net\/fr\/wp-json\/wp\/v2\/types\/page"}],"author":[{"embeddable":true,"href":"https:\/\/glycemic-index.net\/fr\/wp-json\/wp\/v2\/users\/1"}],"replies":[{"embeddable":true,"href":"https:\/\/glycemic-index.net\/fr\/wp-json\/wp\/v2\/comments?post=2180"}],"version-history":[{"count":1,"href":"https:\/\/glycemic-index.net\/fr\/wp-json\/wp\/v2\/pages\/2180\/revisions"}],"predecessor-version":[{"id":3096,"href":"https:\/\/glycemic-index.net\/fr\/wp-json\/wp\/v2\/pages\/2180\/revisions\/3096"}],"up":[{"embeddable":true,"href":"https:\/\/glycemic-index.net\/fr\/wp-json\/wp\/v2\/pages\/92"}],"wp:attachment":[{"href":"https:\/\/glycemic-index.net\/fr\/wp-json\/wp\/v2\/media?parent=2180"}],"curies":[{"name":"wp","href":"https:\/\/api.w.org\/{rel}","templated":true}]}}