{"id":2185,"date":"2023-01-04T15:52:10","date_gmt":"2023-01-04T15:52:10","guid":{"rendered":"https:\/\/glycemic-index.net\/?page_id=2185"},"modified":"2023-01-29T13:03:00","modified_gmt":"2023-01-29T13:03:00","slug":"diabete","status":"publish","type":"page","link":"https:\/\/glycemic-index.net\/fr\/glossaire\/diabete\/","title":{"rendered":"Diab\u00e8te"},"content":{"rendered":"\n<p>Le diab\u00e8te est une maladie chronique qui survient lorsque le corps ne produit pas suffisamment d&rsquo;insuline ou ne peut pas utiliser correctement l&rsquo;insuline qu&rsquo;il produit, ce qui entra\u00eene des taux \u00e9lev\u00e9s de glucose dans le sang.<\/p>\n","protected":false},"excerpt":{"rendered":"<p>Le diab\u00e8te est une maladie chronique qui survient lorsque le corps ne produit pas suffisamment d&rsquo;insuline ou ne peut pas utiliser correctement l&rsquo;insuline qu&rsquo;il produit, ce qui entra\u00eene des taux \u00e9lev\u00e9s de glucose dans le sang.<\/p>\n","protected":false},"author":1,"featured_media":0,"parent":92,"menu_order":0,"comment_status":"closed","ping_status":"closed","template":"","meta":{"site-sidebar-layout":"default","site-content-layout":"default","ast-global-header-display":"","ast-main-header-display":"","ast-hfb-above-header-display":"","ast-hfb-below-header-display":"","ast-hfb-mobile-header-display":"","site-post-title":"","ast-breadcrumbs-content":"","ast-featured-img":"","footer-sml-layout":"","theme-transparent-header-meta":"","adv-header-id-meta":"","stick-header-meta":"","header-above-stick-meta":"","header-main-stick-meta":"","header-below-stick-meta":"","footnotes":""},"class_list":["post-2185","page","type-page","status-publish","hentry"],"yoast_head":"<!-- This site is optimized with the Yoast SEO plugin v21.7 - https:\/\/yoast.com\/wordpress\/plugins\/seo\/ -->\n<title>Diab\u00e8te - Manuel GI #1<\/title>\n<meta name=\"description\" content=\"Le diab\u00e8te est une maladie chronique qui survient lorsque le corps ne produit pas suffisamment d&#039;insuline ou ne peut pas utiliser correctement l&#039;insuline qu&#039;il...\" \/>\n<meta name=\"robots\" content=\"index, follow, max-snippet:-1, max-image-preview:large, max-video-preview:-1\" \/>\n<link rel=\"canonical\" href=\"https:\/\/glycemic-index.net\/fr\/glossaire\/diabete\/\" \/>\n<meta property=\"og:locale\" content=\"fr_FR\" \/>\n<meta property=\"og:type\" content=\"article\" \/>\n<meta property=\"og:title\" content=\"Diab\u00e8te - Manuel GI #1\" \/>\n<meta property=\"og:description\" content=\"Le diab\u00e8te est une maladie chronique qui survient lorsque le corps ne produit pas suffisamment d&#039;insuline ou ne peut pas utiliser correctement l&#039;insuline qu&#039;il...\" \/>\n<meta property=\"og:url\" content=\"https:\/\/glycemic-index.net\/fr\/glossaire\/diabete\/\" \/>\n<meta property=\"og:site_name\" content=\"Manuel GI #1\" \/>\n<meta property=\"article:modified_time\" content=\"2023-01-29T13:03:00+00:00\" \/>\n<meta name=\"twitter:card\" content=\"summary_large_image\" \/>\n<meta name=\"twitter:label1\" content=\"Dur\u00e9e de lecture estim\u00e9e\" \/>\n\t<meta name=\"twitter:data1\" content=\"1 minute\" \/>\n<script type=\"application\/ld+json\" class=\"yoast-schema-graph\">{\"@context\":\"https:\/\/schema.org\",\"@graph\":[{\"@type\":\"WebPage\",\"@id\":\"https:\/\/glycemic-index.net\/fr\/glossaire\/diabete\/\",\"url\":\"https:\/\/glycemic-index.net\/fr\/glossaire\/diabete\/\",\"name\":\"Diab\u00e8te - Manuel GI #1\",\"isPartOf\":{\"@id\":\"https:\/\/glycemic-index.net\/fr\/#website\"},\"datePublished\":\"2023-01-04T15:52:10+00:00\",\"dateModified\":\"2023-01-29T13:03:00+00:00\",\"description\":\"Le diab\u00e8te est une maladie chronique qui survient lorsque le corps ne produit pas suffisamment d'insuline ou ne peut pas utiliser correctement l'insuline qu'il...\",\"breadcrumb\":{\"@id\":\"https:\/\/glycemic-index.net\/fr\/glossaire\/diabete\/#breadcrumb\"},\"inLanguage\":\"fr-FR\",\"potentialAction\":[{\"@type\":\"ReadAction\",\"target\":[\"https:\/\/glycemic-index.net\/fr\/glossaire\/diabete\/\"]}]},{\"@type\":\"BreadcrumbList\",\"@id\":\"https:\/\/glycemic-index.net\/fr\/glossaire\/diabete\/#breadcrumb\",\"itemListElement\":[{\"@type\":\"ListItem\",\"position\":1,\"name\":\"Home\",\"item\":\"https:\/\/glycemic-index.net\/fr\/\"},{\"@type\":\"ListItem\",\"position\":2,\"name\":\"Glossaire\",\"item\":\"https:\/\/glycemic-index.net\/fr\/glossaire\/\"},{\"@type\":\"ListItem\",\"position\":3,\"name\":\"Diab\u00e8te\"}]},{\"@type\":\"WebSite\",\"@id\":\"https:\/\/glycemic-index.net\/fr\/#website\",\"url\":\"https:\/\/glycemic-index.net\/fr\/\",\"name\":\"Manuel GI #1\",\"description\":\"Vous trouverez ici tout ce dont vous avez besoin sur l&#039;index glyc\u00e9mique et la charge glyc\u00e9mique.\",\"publisher\":{\"@id\":\"https:\/\/glycemic-index.net\/fr\/#organization\"},\"potentialAction\":[{\"@type\":\"SearchAction\",\"target\":{\"@type\":\"EntryPoint\",\"urlTemplate\":\"https:\/\/glycemic-index.net\/fr\/?s={search_term_string}\"},\"query-input\":\"required name=search_term_string\"}],\"inLanguage\":\"fr-FR\"},{\"@type\":\"Organization\",\"@id\":\"https:\/\/glycemic-index.net\/fr\/#organization\",\"name\":\"Manuel GI #1\",\"url\":\"https:\/\/glycemic-index.net\/fr\/\",\"logo\":{\"@type\":\"ImageObject\",\"inLanguage\":\"fr-FR\",\"@id\":\"https:\/\/glycemic-index.net\/fr\/#\/schema\/logo\/image\/\",\"url\":\"https:\/\/glycemic-index.net\/fr\/wp-content\/uploads\/2023\/01\/logo_512-1.png\",\"contentUrl\":\"https:\/\/glycemic-index.net\/fr\/wp-content\/uploads\/2023\/01\/logo_512-1.png\",\"width\":512,\"height\":512,\"caption\":\"Manuel GI #1\"},\"image\":{\"@id\":\"https:\/\/glycemic-index.net\/fr\/#\/schema\/logo\/image\/\"}}]}<\/script>\n<!-- \/ Yoast SEO plugin. -->","yoast_head_json":{"title":"Diab\u00e8te - Manuel GI #1","description":"Le diab\u00e8te est une maladie chronique qui survient lorsque le corps ne produit pas suffisamment d'insuline ou ne peut pas utiliser correctement l'insuline qu'il...","robots":{"index":"index","follow":"follow","max-snippet":"max-snippet:-1","max-image-preview":"max-image-preview:large","max-video-preview":"max-video-preview:-1"},"canonical":"https:\/\/glycemic-index.net\/fr\/glossaire\/diabete\/","og_locale":"fr_FR","og_type":"article","og_title":"Diab\u00e8te - Manuel GI #1","og_description":"Le diab\u00e8te est une maladie chronique qui survient lorsque le corps ne produit pas suffisamment d'insuline ou ne peut pas utiliser correctement l'insuline qu'il...","og_url":"https:\/\/glycemic-index.net\/fr\/glossaire\/diabete\/","og_site_name":"Manuel GI #1","article_modified_time":"2023-01-29T13:03:00+00:00","twitter_card":"summary_large_image","twitter_misc":{"Dur\u00e9e de lecture estim\u00e9e":"1 minute"},"schema":{"@context":"https:\/\/schema.org","@graph":[{"@type":"WebPage","@id":"https:\/\/glycemic-index.net\/fr\/glossaire\/diabete\/","url":"https:\/\/glycemic-index.net\/fr\/glossaire\/diabete\/","name":"Diab\u00e8te - Manuel GI #1","isPartOf":{"@id":"https:\/\/glycemic-index.net\/fr\/#website"},"datePublished":"2023-01-04T15:52:10+00:00","dateModified":"2023-01-29T13:03:00+00:00","description":"Le diab\u00e8te est une maladie chronique qui survient lorsque le corps ne produit pas suffisamment d'insuline ou ne peut pas utiliser correctement l'insuline qu'il...","breadcrumb":{"@id":"https:\/\/glycemic-index.net\/fr\/glossaire\/diabete\/#breadcrumb"},"inLanguage":"fr-FR","potentialAction":[{"@type":"ReadAction","target":["https:\/\/glycemic-index.net\/fr\/glossaire\/diabete\/"]}]},{"@type":"BreadcrumbList","@id":"https:\/\/glycemic-index.net\/fr\/glossaire\/diabete\/#breadcrumb","itemListElement":[{"@type":"ListItem","position":1,"name":"Home","item":"https:\/\/glycemic-index.net\/fr\/"},{"@type":"ListItem","position":2,"name":"Glossaire","item":"https:\/\/glycemic-index.net\/fr\/glossaire\/"},{"@type":"ListItem","position":3,"name":"Diab\u00e8te"}]},{"@type":"WebSite","@id":"https:\/\/glycemic-index.net\/fr\/#website","url":"https:\/\/glycemic-index.net\/fr\/","name":"Manuel GI #1","description":"Vous trouverez ici tout ce dont vous avez besoin sur l&#039;index glyc\u00e9mique et la charge glyc\u00e9mique.","publisher":{"@id":"https:\/\/glycemic-index.net\/fr\/#organization"},"potentialAction":[{"@type":"SearchAction","target":{"@type":"EntryPoint","urlTemplate":"https:\/\/glycemic-index.net\/fr\/?s={search_term_string}"},"query-input":"required name=search_term_string"}],"inLanguage":"fr-FR"},{"@type":"Organization","@id":"https:\/\/glycemic-index.net\/fr\/#organization","name":"Manuel GI #1","url":"https:\/\/glycemic-index.net\/fr\/","logo":{"@type":"ImageObject","inLanguage":"fr-FR","@id":"https:\/\/glycemic-index.net\/fr\/#\/schema\/logo\/image\/","url":"https:\/\/glycemic-index.net\/fr\/wp-content\/uploads\/2023\/01\/logo_512-1.png","contentUrl":"https:\/\/glycemic-index.net\/fr\/wp-content\/uploads\/2023\/01\/logo_512-1.png","width":512,"height":512,"caption":"Manuel GI #1"},"image":{"@id":"https:\/\/glycemic-index.net\/fr\/#\/schema\/logo\/image\/"}}]}},"_links":{"self":[{"href":"https:\/\/glycemic-index.net\/fr\/wp-json\/wp\/v2\/pages\/2185","targetHints":{"allow":["GET"]}}],"collection":[{"href":"https:\/\/glycemic-index.net\/fr\/wp-json\/wp\/v2\/pages"}],"about":[{"href":"https:\/\/glycemic-index.net\/fr\/wp-json\/wp\/v2\/types\/page"}],"author":[{"embeddable":true,"href":"https:\/\/glycemic-index.net\/fr\/wp-json\/wp\/v2\/users\/1"}],"replies":[{"embeddable":true,"href":"https:\/\/glycemic-index.net\/fr\/wp-json\/wp\/v2\/comments?post=2185"}],"version-history":[{"count":1,"href":"https:\/\/glycemic-index.net\/fr\/wp-json\/wp\/v2\/pages\/2185\/revisions"}],"predecessor-version":[{"id":3087,"href":"https:\/\/glycemic-index.net\/fr\/wp-json\/wp\/v2\/pages\/2185\/revisions\/3087"}],"up":[{"embeddable":true,"href":"https:\/\/glycemic-index.net\/fr\/wp-json\/wp\/v2\/pages\/92"}],"wp:attachment":[{"href":"https:\/\/glycemic-index.net\/fr\/wp-json\/wp\/v2\/media?parent=2185"}],"curies":[{"name":"wp","href":"https:\/\/api.w.org\/{rel}","templated":true}]}}