{"id":2263,"date":"2023-01-05T09:45:45","date_gmt":"2023-01-05T09:45:45","guid":{"rendered":"https:\/\/glycemic-index.net\/?page_id=2263"},"modified":"2023-01-29T13:50:03","modified_gmt":"2023-01-29T13:50:03","slug":"comment-est-calcule-l-index-glycemique","status":"publish","type":"page","link":"https:\/\/glycemic-index.net\/fr\/comment-est-calcule-l-index-glycemique\/","title":{"rendered":"Comment l&rsquo;index glyc\u00e9mique est-il calcul\u00e9 ?"},"content":{"rendered":"\n<p>L&rsquo;indice glyc\u00e9mique (IG) est une mesure de la rapidit\u00e9 avec laquelle un aliment particulier peut augmenter votre taux de sucre dans le sang.<\/p>\n\n\n\n<figure class=\"wp-block-image aligncenter size-full is-resized\"><img fetchpriority=\"high\" decoding=\"async\" src=\"https:\/\/glycemic-index.net\/wp-content\/uploads\/2023\/01\/glycemic_index_auc_chart.webp\" alt=\"Graphique de l'ASC de l'indice glyc\u00e9mique\" class=\"wp-image-2288\" width=\"600\" height=\"450\"\/><\/figure>\n\n\n\n<p>L&rsquo;indice glyc\u00e9mique d&rsquo;un aliment est d\u00e9termin\u00e9 en mesurant l&rsquo;aire incr\u00e9mentielle sous la courbe de la glyc\u00e9mie (ASC) sur deux heures apr\u00e8s une p\u00e9riode de je\u00fbne de 12 heures et l&rsquo;ingestion de l&rsquo;aliment qui contient une certaine quantit\u00e9 de glucides disponibles ( le plus souvent 50 g).<\/p>\n\n\n\n<p>L&rsquo;AUC de l&rsquo;aliment test\u00e9 est divis\u00e9e par l&rsquo;AUC de la norme (soit glucose, soit pain blanc, avec deux d\u00e9finitions distinctes) et multipli\u00e9e par 100. La valeur IG moyenne est d\u00e9termin\u00e9e \u00e0 partir des donn\u00e9es acquises aupr\u00e8s de 10 participants humains.<\/p>\n\n\n\n<p>L&rsquo;aliment standard et l&rsquo;aliment test\u00e9 doivent contenir la m\u00eame quantit\u00e9 de glucides assimilables. Cela donne un classement de chaque aliment test\u00e9 les uns par rapport aux autres.<\/p>\n\n\n\n<p>Les valeurs IG des aliments vont de 0 \u00e0 100. Les aliments avec un IG de 0-55 sont consid\u00e9r\u00e9s comme ayant un IG bas, ceux avec un IG de 56-69 sont consid\u00e9r\u00e9s comme ayant un IG moyen, et ceux avec un IG de 70 ou plus sont consid\u00e9r\u00e9s comme des aliments \u00e0 IG \u00e9lev\u00e9. Les aliments \u00e0 IG bas entra\u00eenent une augmentation plus faible de la glyc\u00e9mie, tandis que les aliments \u00e0 IG \u00e9lev\u00e9 entra\u00eenent une augmentation plus \u00e9lev\u00e9e de la glyc\u00e9mie.<\/p>\n\n\n\n<p>La pr\u00e9cision des valeurs IG peut \u00eatre affect\u00e9e par un certain nombre de facteurs, notamment la maturit\u00e9 des aliments, la transformation des aliments et la m\u00e9thode de cuisson utilis\u00e9e. De plus, les valeurs IG peuvent varier entre les marques d&rsquo;un m\u00eame aliment.<\/p>\n\n\n\n<p>Pour calculer l&rsquo;IG d&rsquo;un repas, vous devez conna\u00eetre les valeurs IG des composants individuels du repas. Par exemple, si vous deviez pr\u00e9parer un repas compos\u00e9 d&rsquo;une tasse de riz brun cuit (IG = 50) et d&rsquo;une portion de saumon grill\u00e9 (IG = 25), vous additionneriez les valeurs IG pour obtenir un IG total de 75.<\/p>\n\n\n\n<p>En conclusion, l&rsquo;indice glyc\u00e9mique est une mesure importante de la rapidit\u00e9 avec laquelle certains aliments peuvent affecter la glyc\u00e9mie. Conna\u00eetre et comprendre les valeurs IG de diff\u00e9rents aliments peut vous aider \u00e0 faire des choix alimentaires \u00e9clair\u00e9s pour aider \u00e0 maintenir une glyc\u00e9mie saine.<\/p>\n","protected":false},"excerpt":{"rendered":"<p>L&rsquo;indice glyc\u00e9mique (IG) est une mesure de la rapidit\u00e9 avec laquelle un aliment particulier peut augmenter votre taux de sucre dans le sang. L&rsquo;indice glyc\u00e9mique d&rsquo;un aliment est d\u00e9termin\u00e9 en mesurant l&rsquo;aire incr\u00e9mentielle sous la courbe de la glyc\u00e9mie (ASC) sur deux heures apr\u00e8s une p\u00e9riode de je\u00fbne de 12 heures et l&rsquo;ingestion de l&rsquo;aliment &hellip;<\/p>\n<p class=\"read-more\"> <a class=\"\" href=\"https:\/\/glycemic-index.net\/fr\/comment-est-calcule-l-index-glycemique\/\"> <span class=\"screen-reader-text\">Comment l&rsquo;index glyc\u00e9mique est-il calcul\u00e9 ?<\/span> Lire la suite\u00a0\u00bb<\/a><\/p>\n","protected":false},"author":1,"featured_media":0,"parent":0,"menu_order":0,"comment_status":"closed","ping_status":"closed","template":"","meta":{"site-sidebar-layout":"default","site-content-layout":"default","ast-global-header-display":"","ast-main-header-display":"","ast-hfb-above-header-display":"","ast-hfb-below-header-display":"","ast-hfb-mobile-header-display":"","site-post-title":"","ast-breadcrumbs-content":"","ast-featured-img":"","footer-sml-layout":"","theme-transparent-header-meta":"","adv-header-id-meta":"","stick-header-meta":"","header-above-stick-meta":"","header-main-stick-meta":"","header-below-stick-meta":"","footnotes":""},"class_list":["post-2263","page","type-page","status-publish","hentry"],"yoast_head":"<!-- This site is optimized with the Yoast SEO plugin v21.7 - https:\/\/yoast.com\/wordpress\/plugins\/seo\/ -->\n<title>Comment l&#039;index glyc\u00e9mique est-il calcul\u00e9 ? - Manuel GI #1<\/title>\n<meta name=\"description\" content=\"L&#039;indice glyc\u00e9mique d&#039;un aliment est d\u00e9termin\u00e9 en mesurant l&#039;aire incr\u00e9mentielle sous la courbe de la glyc\u00e9mie sur deux heures...\" \/>\n<meta name=\"robots\" content=\"index, follow, max-snippet:-1, max-image-preview:large, max-video-preview:-1\" \/>\n<link rel=\"canonical\" href=\"https:\/\/glycemic-index.net\/fr\/comment-est-calcule-l-index-glycemique\/\" \/>\n<meta property=\"og:locale\" content=\"fr_FR\" \/>\n<meta property=\"og:type\" content=\"article\" \/>\n<meta property=\"og:title\" content=\"Comment l&#039;index glyc\u00e9mique est-il calcul\u00e9 ? - Manuel GI #1\" \/>\n<meta property=\"og:description\" content=\"L&#039;indice glyc\u00e9mique d&#039;un aliment est d\u00e9termin\u00e9 en mesurant l&#039;aire incr\u00e9mentielle sous la courbe de la glyc\u00e9mie sur deux heures...\" \/>\n<meta property=\"og:url\" content=\"https:\/\/glycemic-index.net\/fr\/comment-est-calcule-l-index-glycemique\/\" \/>\n<meta property=\"og:site_name\" content=\"Manuel GI #1\" \/>\n<meta property=\"article:modified_time\" content=\"2023-01-29T13:50:03+00:00\" \/>\n<meta property=\"og:image\" content=\"https:\/\/glycemic-index.net\/wp-content\/uploads\/2023\/01\/glycemic_index_auc_chart.webp\" \/>\n<meta name=\"twitter:card\" content=\"summary_large_image\" \/>\n<meta name=\"twitter:label1\" content=\"Dur\u00e9e de lecture estim\u00e9e\" \/>\n\t<meta name=\"twitter:data1\" content=\"2 minutes\" \/>\n<script type=\"application\/ld+json\" class=\"yoast-schema-graph\">{\"@context\":\"https:\/\/schema.org\",\"@graph\":[{\"@type\":\"WebPage\",\"@id\":\"https:\/\/glycemic-index.net\/fr\/comment-est-calcule-l-index-glycemique\/\",\"url\":\"https:\/\/glycemic-index.net\/fr\/comment-est-calcule-l-index-glycemique\/\",\"name\":\"Comment l'index glyc\u00e9mique est-il calcul\u00e9 ? - Manuel GI #1\",\"isPartOf\":{\"@id\":\"https:\/\/glycemic-index.net\/fr\/#website\"},\"datePublished\":\"2023-01-05T09:45:45+00:00\",\"dateModified\":\"2023-01-29T13:50:03+00:00\",\"description\":\"L'indice glyc\u00e9mique d'un aliment est d\u00e9termin\u00e9 en mesurant l'aire incr\u00e9mentielle sous la courbe de la glyc\u00e9mie sur deux heures...\",\"breadcrumb\":{\"@id\":\"https:\/\/glycemic-index.net\/fr\/comment-est-calcule-l-index-glycemique\/#breadcrumb\"},\"inLanguage\":\"fr-FR\",\"potentialAction\":[{\"@type\":\"ReadAction\",\"target\":[\"https:\/\/glycemic-index.net\/fr\/comment-est-calcule-l-index-glycemique\/\"]}]},{\"@type\":\"BreadcrumbList\",\"@id\":\"https:\/\/glycemic-index.net\/fr\/comment-est-calcule-l-index-glycemique\/#breadcrumb\",\"itemListElement\":[{\"@type\":\"ListItem\",\"position\":1,\"name\":\"Home\",\"item\":\"https:\/\/glycemic-index.net\/fr\/\"},{\"@type\":\"ListItem\",\"position\":2,\"name\":\"Comment l&#8217;index glyc\u00e9mique est-il calcul\u00e9 ?\"}]},{\"@type\":\"WebSite\",\"@id\":\"https:\/\/glycemic-index.net\/fr\/#website\",\"url\":\"https:\/\/glycemic-index.net\/fr\/\",\"name\":\"Manuel GI #1\",\"description\":\"Vous trouverez ici tout ce dont vous avez besoin sur l&#039;index glyc\u00e9mique et la charge glyc\u00e9mique.\",\"publisher\":{\"@id\":\"https:\/\/glycemic-index.net\/fr\/#organization\"},\"potentialAction\":[{\"@type\":\"SearchAction\",\"target\":{\"@type\":\"EntryPoint\",\"urlTemplate\":\"https:\/\/glycemic-index.net\/fr\/?s={search_term_string}\"},\"query-input\":\"required name=search_term_string\"}],\"inLanguage\":\"fr-FR\"},{\"@type\":\"Organization\",\"@id\":\"https:\/\/glycemic-index.net\/fr\/#organization\",\"name\":\"Manuel GI #1\",\"url\":\"https:\/\/glycemic-index.net\/fr\/\",\"logo\":{\"@type\":\"ImageObject\",\"inLanguage\":\"fr-FR\",\"@id\":\"https:\/\/glycemic-index.net\/fr\/#\/schema\/logo\/image\/\",\"url\":\"https:\/\/glycemic-index.net\/fr\/wp-content\/uploads\/2023\/01\/logo_512-1.png\",\"contentUrl\":\"https:\/\/glycemic-index.net\/fr\/wp-content\/uploads\/2023\/01\/logo_512-1.png\",\"width\":512,\"height\":512,\"caption\":\"Manuel GI #1\"},\"image\":{\"@id\":\"https:\/\/glycemic-index.net\/fr\/#\/schema\/logo\/image\/\"}}]}<\/script>\n<!-- \/ Yoast SEO plugin. -->","yoast_head_json":{"title":"Comment l'index glyc\u00e9mique est-il calcul\u00e9 ? - Manuel GI #1","description":"L'indice glyc\u00e9mique d'un aliment est d\u00e9termin\u00e9 en mesurant l'aire incr\u00e9mentielle sous la courbe de la glyc\u00e9mie sur deux heures...","robots":{"index":"index","follow":"follow","max-snippet":"max-snippet:-1","max-image-preview":"max-image-preview:large","max-video-preview":"max-video-preview:-1"},"canonical":"https:\/\/glycemic-index.net\/fr\/comment-est-calcule-l-index-glycemique\/","og_locale":"fr_FR","og_type":"article","og_title":"Comment l'index glyc\u00e9mique est-il calcul\u00e9 ? - Manuel GI #1","og_description":"L'indice glyc\u00e9mique d'un aliment est d\u00e9termin\u00e9 en mesurant l'aire incr\u00e9mentielle sous la courbe de la glyc\u00e9mie sur deux heures...","og_url":"https:\/\/glycemic-index.net\/fr\/comment-est-calcule-l-index-glycemique\/","og_site_name":"Manuel GI #1","article_modified_time":"2023-01-29T13:50:03+00:00","og_image":[{"url":"https:\/\/glycemic-index.net\/wp-content\/uploads\/2023\/01\/glycemic_index_auc_chart.webp"}],"twitter_card":"summary_large_image","twitter_misc":{"Dur\u00e9e de lecture estim\u00e9e":"2 minutes"},"schema":{"@context":"https:\/\/schema.org","@graph":[{"@type":"WebPage","@id":"https:\/\/glycemic-index.net\/fr\/comment-est-calcule-l-index-glycemique\/","url":"https:\/\/glycemic-index.net\/fr\/comment-est-calcule-l-index-glycemique\/","name":"Comment l'index glyc\u00e9mique est-il calcul\u00e9 ? - Manuel GI #1","isPartOf":{"@id":"https:\/\/glycemic-index.net\/fr\/#website"},"datePublished":"2023-01-05T09:45:45+00:00","dateModified":"2023-01-29T13:50:03+00:00","description":"L'indice glyc\u00e9mique d'un aliment est d\u00e9termin\u00e9 en mesurant l'aire incr\u00e9mentielle sous la courbe de la glyc\u00e9mie sur deux heures...","breadcrumb":{"@id":"https:\/\/glycemic-index.net\/fr\/comment-est-calcule-l-index-glycemique\/#breadcrumb"},"inLanguage":"fr-FR","potentialAction":[{"@type":"ReadAction","target":["https:\/\/glycemic-index.net\/fr\/comment-est-calcule-l-index-glycemique\/"]}]},{"@type":"BreadcrumbList","@id":"https:\/\/glycemic-index.net\/fr\/comment-est-calcule-l-index-glycemique\/#breadcrumb","itemListElement":[{"@type":"ListItem","position":1,"name":"Home","item":"https:\/\/glycemic-index.net\/fr\/"},{"@type":"ListItem","position":2,"name":"Comment l&#8217;index glyc\u00e9mique est-il calcul\u00e9 ?"}]},{"@type":"WebSite","@id":"https:\/\/glycemic-index.net\/fr\/#website","url":"https:\/\/glycemic-index.net\/fr\/","name":"Manuel GI #1","description":"Vous trouverez ici tout ce dont vous avez besoin sur l&#039;index glyc\u00e9mique et la charge glyc\u00e9mique.","publisher":{"@id":"https:\/\/glycemic-index.net\/fr\/#organization"},"potentialAction":[{"@type":"SearchAction","target":{"@type":"EntryPoint","urlTemplate":"https:\/\/glycemic-index.net\/fr\/?s={search_term_string}"},"query-input":"required name=search_term_string"}],"inLanguage":"fr-FR"},{"@type":"Organization","@id":"https:\/\/glycemic-index.net\/fr\/#organization","name":"Manuel GI #1","url":"https:\/\/glycemic-index.net\/fr\/","logo":{"@type":"ImageObject","inLanguage":"fr-FR","@id":"https:\/\/glycemic-index.net\/fr\/#\/schema\/logo\/image\/","url":"https:\/\/glycemic-index.net\/fr\/wp-content\/uploads\/2023\/01\/logo_512-1.png","contentUrl":"https:\/\/glycemic-index.net\/fr\/wp-content\/uploads\/2023\/01\/logo_512-1.png","width":512,"height":512,"caption":"Manuel GI #1"},"image":{"@id":"https:\/\/glycemic-index.net\/fr\/#\/schema\/logo\/image\/"}}]}},"_links":{"self":[{"href":"https:\/\/glycemic-index.net\/fr\/wp-json\/wp\/v2\/pages\/2263","targetHints":{"allow":["GET"]}}],"collection":[{"href":"https:\/\/glycemic-index.net\/fr\/wp-json\/wp\/v2\/pages"}],"about":[{"href":"https:\/\/glycemic-index.net\/fr\/wp-json\/wp\/v2\/types\/page"}],"author":[{"embeddable":true,"href":"https:\/\/glycemic-index.net\/fr\/wp-json\/wp\/v2\/users\/1"}],"replies":[{"embeddable":true,"href":"https:\/\/glycemic-index.net\/fr\/wp-json\/wp\/v2\/comments?post=2263"}],"version-history":[{"count":1,"href":"https:\/\/glycemic-index.net\/fr\/wp-json\/wp\/v2\/pages\/2263\/revisions"}],"predecessor-version":[{"id":3112,"href":"https:\/\/glycemic-index.net\/fr\/wp-json\/wp\/v2\/pages\/2263\/revisions\/3112"}],"wp:attachment":[{"href":"https:\/\/glycemic-index.net\/fr\/wp-json\/wp\/v2\/media?parent=2263"}],"curies":[{"name":"wp","href":"https:\/\/api.w.org\/{rel}","templated":true}]}}