{"id":2265,"date":"2023-01-05T09:46:08","date_gmt":"2023-01-05T09:46:08","guid":{"rendered":"https:\/\/glycemic-index.net\/?page_id=2265"},"modified":"2023-01-29T13:57:29","modified_gmt":"2023-01-29T13:57:29","slug":"charge-glycemique","status":"publish","type":"page","link":"https:\/\/glycemic-index.net\/fr\/charge-glycemique\/","title":{"rendered":"Explication de la Charge Glyc\u00e9mique\u00a0: d\u00e9finition, formule, avantages et exemples"},"content":{"rendered":"\n<p>La charge glyc\u00e9mique (CG) est un concept qui a pris de l&rsquo;ampleur ces derni\u00e8res ann\u00e9es. Il s&rsquo;agit d&rsquo;une mesure de l&rsquo;impact des glucides sur la glyc\u00e9mie &#8211; un facteur crucial dans le d\u00e9veloppement et la gestion du diab\u00e8te de type 2.<\/p>\n\n\n\n<p>En comprenant le CG et comment le calculer, les personnes \u00e0 la di\u00e8te, les diab\u00e9tiques et les personnes soucieuses de leur sant\u00e9 peuvent prendre des d\u00e9cisions plus \u00e9clair\u00e9es concernant les aliments qu&rsquo;ils consomment et leur r\u00e9gime alimentaire global.<\/p>\n\n\n\n<h2 class=\"wp-block-heading\"><strong>Qu&rsquo;est-ce que la charge glyc\u00e9mique?<\/strong><\/h2>\n\n\n\n<figure class=\"wp-block-image aligncenter size-full is-resized\"><img fetchpriority=\"high\" decoding=\"async\" src=\"https:\/\/glycemic-index.net\/wp-content\/uploads\/2023\/01\/glycemic-load.webp\" alt=\"Glycemic Load\" class=\"wp-image-2297\" width=\"500\" height=\"334\"\/><\/figure>\n\n\n\n<p>La charge glyc\u00e9mique est une mesure de l&rsquo;impact d&rsquo;un aliment donn\u00e9 sur la glyc\u00e9mie, et elle est \u00e9troitement li\u00e9e \u00e0 un autre concept, l&rsquo;indice glyc\u00e9mique (IG). L&rsquo;IG est une mesure de la rapidit\u00e9 avec laquelle un aliment donn\u00e9 est converti en glucose et est exprim\u00e9 sur une \u00e9chelle de 1 \u00e0 100 (100 \u00e9tant la conversion la plus rapide). CG va encore plus loin en prenant en compte non seulement la vitesse de conversion du glucose, mais \u00e9galement la quantit\u00e9 de glucides contenue dans un aliment donn\u00e9.<\/p>\n\n\n\n<p>Pour calculer les CG, la formule suivante est utilis\u00e9e : CG = (IG x quantit\u00e9 de glucides disponibles par portion) divis\u00e9 par 100.<\/p>\n\n\n\n<p>Le r\u00e9sultat de ce calcul est ensuite exprim\u00e9 en grammes de glucides par portion.<\/p>\n\n\n\n<p>Un exemple de ceci en action serait une tranche de pain blanc, qui a un IG de 70 et contient 15 grammes de glucides par tranche. En utilisant la formule, CG = (70 x 15) \/ 100 = 10,5 grammes.<\/p>\n\n\n\n<h2 class=\"wp-block-heading\"><strong>Niveaux CG<\/strong><\/h2>\n\n\n\n<p>Les valeurs CG vont de 0 \u00e0 100 et peuvent \u00eatre class\u00e9es comme suit\u00a0:<\/p>\n\n\n\n<p>CG bas\u00a0: 0\u00a0&#8211;\u00a010<\/p>\n\n\n\n<p>CG mod\u00e9r\u00e9\u00a0: 11-19<\/p>\n\n\n\n<p>CG \u00e9lev\u00e9\u00a0: 20+<\/p>\n\n\n\n<p>De mani\u00e8re g\u00e9n\u00e9rale, les aliments \u00e0 faible IG sont plus b\u00e9n\u00e9fiques pour ceux qui cherchent \u00e0 contr\u00f4ler leur glyc\u00e9mie.<\/p>\n\n\n\n<h2 class=\"wp-block-heading\"><strong>Exemples d&rsquo;aliments avec des valeurs CG<\/strong><\/h2>\n\n\n\n<p>Voici cinq exemples d&rsquo;aliments avec leurs valeurs GL correspondantes&nbsp;:<\/p>\n\n\n\n<p>Riz blanc (cuit) : 50 CG<\/p>\n\n\n\n<p>Flocons d&rsquo;avoine (cuits) : 10 CG<\/p>\n\n\n\n<p>Pomme de terre au four : 25 CG<\/p>\n\n\n\n<p>Pomme : 10 CG<\/p>\n\n\n\n<p>Pain blanc : 10,5 CG<\/p>\n\n\n\n<h2 class=\"wp-block-heading\"><strong>R\u00e9gime \u00e0 faible CG<\/strong><\/h2>\n\n\n\n<p>Un r\u00e9gime \u00e0 faible IG est un r\u00e9gime qui cherche \u00e0 minimiser les pics de glyc\u00e9mie en consommant des aliments \u00e0 faible IG. Ce type de r\u00e9gime fonctionne en limitant la quantit\u00e9 de glucides \u00e0 digestion rapide consomm\u00e9e, tout en mettant l&rsquo;accent sur la consommation de glucides \u00e0 digestion lente. Les glucides \u00e0 digestion lente prennent plus de temps \u00e0 \u00eatre trait\u00e9s et ont donc moins d&rsquo;impact sur la glyc\u00e9mie.<\/p>\n\n\n\n<h2 class=\"wp-block-heading\"><strong>Avantages de la charge glyc\u00e9mique<\/strong><\/h2>\n\n\n\n<p>Les avantages d&rsquo;un r\u00e9gime \u00e0 faible IG sont doubles. Premi\u00e8rement, cela peut aider \u00e0 perdre du poids, car les aliments \u00e0 CG \u00e9lev\u00e9 sont plus susceptibles d&rsquo;\u00eatre riches en calories. Deuxi\u00e8mement, il peut aider \u00e0 r\u00e9duire le risque de d\u00e9velopper un diab\u00e8te de type 2, car il est capable de r\u00e9duire la quantit\u00e9 d&rsquo;insuline n\u00e9cessaire pour \u00e9quilibrer la glyc\u00e9mie. Pour ceux qui souffrent d\u00e9j\u00e0 de diab\u00e8te de type 2, un r\u00e9gime \u00e0 faible CG peut aider \u00e0 r\u00e9duire la quantit\u00e9 de m\u00e9dicaments n\u00e9cessaires, ainsi que le risque de d\u00e9velopper d&rsquo;autres complications.<\/p>\n","protected":false},"excerpt":{"rendered":"<p>La charge glyc\u00e9mique (CG) est un concept qui a pris de l&rsquo;ampleur ces derni\u00e8res ann\u00e9es. Il s&rsquo;agit d&rsquo;une mesure de l&rsquo;impact des glucides sur la glyc\u00e9mie &#8211; un facteur crucial dans le d\u00e9veloppement et la gestion du diab\u00e8te de type 2. En comprenant le CG et comment le calculer, les personnes \u00e0 la di\u00e8te, les &hellip;<\/p>\n<p class=\"read-more\"> <a class=\"\" href=\"https:\/\/glycemic-index.net\/fr\/charge-glycemique\/\"> <span class=\"screen-reader-text\">Explication de la Charge Glyc\u00e9mique\u00a0: d\u00e9finition, formule, avantages et exemples<\/span> Lire la suite\u00a0\u00bb<\/a><\/p>\n","protected":false},"author":1,"featured_media":0,"parent":0,"menu_order":0,"comment_status":"closed","ping_status":"closed","template":"","meta":{"site-sidebar-layout":"default","site-content-layout":"default","ast-global-header-display":"","ast-main-header-display":"","ast-hfb-above-header-display":"","ast-hfb-below-header-display":"","ast-hfb-mobile-header-display":"","site-post-title":"","ast-breadcrumbs-content":"","ast-featured-img":"","footer-sml-layout":"","theme-transparent-header-meta":"","adv-header-id-meta":"","stick-header-meta":"","header-above-stick-meta":"","header-main-stick-meta":"","header-below-stick-meta":"","footnotes":""},"class_list":["post-2265","page","type-page","status-publish","hentry"],"yoast_head":"<!-- This site is optimized with the Yoast SEO plugin v21.7 - https:\/\/yoast.com\/wordpress\/plugins\/seo\/ -->\n<title>Explication de la Charge Glyc\u00e9mique\u00a0: d\u00e9finition, formule, avantages et exemples<\/title>\n<meta name=\"description\" content=\"La charge glyc\u00e9mique (CG) est une mesure de l&#039;impact des glucides sur la glyc\u00e9mie - un facteur crucial dans...\" \/>\n<meta name=\"robots\" content=\"index, follow, max-snippet:-1, max-image-preview:large, max-video-preview:-1\" \/>\n<link rel=\"canonical\" href=\"https:\/\/glycemic-index.net\/fr\/charge-glycemique\/\" \/>\n<meta property=\"og:locale\" content=\"fr_FR\" \/>\n<meta property=\"og:type\" content=\"article\" \/>\n<meta property=\"og:title\" content=\"Explication de la Charge Glyc\u00e9mique\u00a0: d\u00e9finition, formule, avantages et exemples\" \/>\n<meta property=\"og:description\" content=\"La charge glyc\u00e9mique (CG) est une mesure de l&#039;impact des glucides sur la glyc\u00e9mie - un facteur crucial dans...\" \/>\n<meta property=\"og:url\" content=\"https:\/\/glycemic-index.net\/fr\/charge-glycemique\/\" \/>\n<meta property=\"og:site_name\" content=\"Manuel GI #1\" \/>\n<meta property=\"article:modified_time\" content=\"2023-01-29T13:57:29+00:00\" \/>\n<meta property=\"og:image\" content=\"https:\/\/glycemic-index.net\/wp-content\/uploads\/2023\/01\/glycemic-load.webp\" \/>\n<meta name=\"twitter:card\" content=\"summary_large_image\" \/>\n<meta name=\"twitter:label1\" content=\"Dur\u00e9e de lecture estim\u00e9e\" \/>\n\t<meta name=\"twitter:data1\" content=\"3 minutes\" \/>\n<script type=\"application\/ld+json\" class=\"yoast-schema-graph\">{\"@context\":\"https:\/\/schema.org\",\"@graph\":[{\"@type\":\"WebPage\",\"@id\":\"https:\/\/glycemic-index.net\/fr\/charge-glycemique\/\",\"url\":\"https:\/\/glycemic-index.net\/fr\/charge-glycemique\/\",\"name\":\"Explication de la Charge Glyc\u00e9mique\u00a0: d\u00e9finition, formule, avantages et exemples\",\"isPartOf\":{\"@id\":\"https:\/\/glycemic-index.net\/fr\/#website\"},\"datePublished\":\"2023-01-05T09:46:08+00:00\",\"dateModified\":\"2023-01-29T13:57:29+00:00\",\"description\":\"La charge glyc\u00e9mique (CG) est une mesure de l'impact des glucides sur la glyc\u00e9mie - un facteur crucial dans...\",\"breadcrumb\":{\"@id\":\"https:\/\/glycemic-index.net\/fr\/charge-glycemique\/#breadcrumb\"},\"inLanguage\":\"fr-FR\",\"potentialAction\":[{\"@type\":\"ReadAction\",\"target\":[\"https:\/\/glycemic-index.net\/fr\/charge-glycemique\/\"]}]},{\"@type\":\"BreadcrumbList\",\"@id\":\"https:\/\/glycemic-index.net\/fr\/charge-glycemique\/#breadcrumb\",\"itemListElement\":[{\"@type\":\"ListItem\",\"position\":1,\"name\":\"Home\",\"item\":\"https:\/\/glycemic-index.net\/fr\/\"},{\"@type\":\"ListItem\",\"position\":2,\"name\":\"Explication de la Charge Glyc\u00e9mique\u00a0: d\u00e9finition, formule, avantages et exemples\"}]},{\"@type\":\"WebSite\",\"@id\":\"https:\/\/glycemic-index.net\/fr\/#website\",\"url\":\"https:\/\/glycemic-index.net\/fr\/\",\"name\":\"Manuel GI #1\",\"description\":\"Vous trouverez ici tout ce dont vous avez besoin sur l&#039;index glyc\u00e9mique et la charge glyc\u00e9mique.\",\"publisher\":{\"@id\":\"https:\/\/glycemic-index.net\/fr\/#organization\"},\"potentialAction\":[{\"@type\":\"SearchAction\",\"target\":{\"@type\":\"EntryPoint\",\"urlTemplate\":\"https:\/\/glycemic-index.net\/fr\/?s={search_term_string}\"},\"query-input\":\"required name=search_term_string\"}],\"inLanguage\":\"fr-FR\"},{\"@type\":\"Organization\",\"@id\":\"https:\/\/glycemic-index.net\/fr\/#organization\",\"name\":\"Manuel GI #1\",\"url\":\"https:\/\/glycemic-index.net\/fr\/\",\"logo\":{\"@type\":\"ImageObject\",\"inLanguage\":\"fr-FR\",\"@id\":\"https:\/\/glycemic-index.net\/fr\/#\/schema\/logo\/image\/\",\"url\":\"https:\/\/glycemic-index.net\/fr\/wp-content\/uploads\/2023\/01\/logo_512-1.png\",\"contentUrl\":\"https:\/\/glycemic-index.net\/fr\/wp-content\/uploads\/2023\/01\/logo_512-1.png\",\"width\":512,\"height\":512,\"caption\":\"Manuel GI #1\"},\"image\":{\"@id\":\"https:\/\/glycemic-index.net\/fr\/#\/schema\/logo\/image\/\"}}]}<\/script>\n<!-- \/ Yoast SEO plugin. -->","yoast_head_json":{"title":"Explication de la Charge Glyc\u00e9mique\u00a0: d\u00e9finition, formule, avantages et exemples","description":"La charge glyc\u00e9mique (CG) est une mesure de l'impact des glucides sur la glyc\u00e9mie - un facteur crucial dans...","robots":{"index":"index","follow":"follow","max-snippet":"max-snippet:-1","max-image-preview":"max-image-preview:large","max-video-preview":"max-video-preview:-1"},"canonical":"https:\/\/glycemic-index.net\/fr\/charge-glycemique\/","og_locale":"fr_FR","og_type":"article","og_title":"Explication de la Charge Glyc\u00e9mique\u00a0: d\u00e9finition, formule, avantages et exemples","og_description":"La charge glyc\u00e9mique (CG) est une mesure de l'impact des glucides sur la glyc\u00e9mie - un facteur crucial dans...","og_url":"https:\/\/glycemic-index.net\/fr\/charge-glycemique\/","og_site_name":"Manuel GI #1","article_modified_time":"2023-01-29T13:57:29+00:00","og_image":[{"url":"https:\/\/glycemic-index.net\/wp-content\/uploads\/2023\/01\/glycemic-load.webp"}],"twitter_card":"summary_large_image","twitter_misc":{"Dur\u00e9e de lecture estim\u00e9e":"3 minutes"},"schema":{"@context":"https:\/\/schema.org","@graph":[{"@type":"WebPage","@id":"https:\/\/glycemic-index.net\/fr\/charge-glycemique\/","url":"https:\/\/glycemic-index.net\/fr\/charge-glycemique\/","name":"Explication de la Charge Glyc\u00e9mique\u00a0: d\u00e9finition, formule, avantages et exemples","isPartOf":{"@id":"https:\/\/glycemic-index.net\/fr\/#website"},"datePublished":"2023-01-05T09:46:08+00:00","dateModified":"2023-01-29T13:57:29+00:00","description":"La charge glyc\u00e9mique (CG) est une mesure de l'impact des glucides sur la glyc\u00e9mie - un facteur crucial dans...","breadcrumb":{"@id":"https:\/\/glycemic-index.net\/fr\/charge-glycemique\/#breadcrumb"},"inLanguage":"fr-FR","potentialAction":[{"@type":"ReadAction","target":["https:\/\/glycemic-index.net\/fr\/charge-glycemique\/"]}]},{"@type":"BreadcrumbList","@id":"https:\/\/glycemic-index.net\/fr\/charge-glycemique\/#breadcrumb","itemListElement":[{"@type":"ListItem","position":1,"name":"Home","item":"https:\/\/glycemic-index.net\/fr\/"},{"@type":"ListItem","position":2,"name":"Explication de la Charge Glyc\u00e9mique\u00a0: d\u00e9finition, formule, avantages et exemples"}]},{"@type":"WebSite","@id":"https:\/\/glycemic-index.net\/fr\/#website","url":"https:\/\/glycemic-index.net\/fr\/","name":"Manuel GI #1","description":"Vous trouverez ici tout ce dont vous avez besoin sur l&#039;index glyc\u00e9mique et la charge glyc\u00e9mique.","publisher":{"@id":"https:\/\/glycemic-index.net\/fr\/#organization"},"potentialAction":[{"@type":"SearchAction","target":{"@type":"EntryPoint","urlTemplate":"https:\/\/glycemic-index.net\/fr\/?s={search_term_string}"},"query-input":"required name=search_term_string"}],"inLanguage":"fr-FR"},{"@type":"Organization","@id":"https:\/\/glycemic-index.net\/fr\/#organization","name":"Manuel GI #1","url":"https:\/\/glycemic-index.net\/fr\/","logo":{"@type":"ImageObject","inLanguage":"fr-FR","@id":"https:\/\/glycemic-index.net\/fr\/#\/schema\/logo\/image\/","url":"https:\/\/glycemic-index.net\/fr\/wp-content\/uploads\/2023\/01\/logo_512-1.png","contentUrl":"https:\/\/glycemic-index.net\/fr\/wp-content\/uploads\/2023\/01\/logo_512-1.png","width":512,"height":512,"caption":"Manuel GI #1"},"image":{"@id":"https:\/\/glycemic-index.net\/fr\/#\/schema\/logo\/image\/"}}]}},"_links":{"self":[{"href":"https:\/\/glycemic-index.net\/fr\/wp-json\/wp\/v2\/pages\/2265","targetHints":{"allow":["GET"]}}],"collection":[{"href":"https:\/\/glycemic-index.net\/fr\/wp-json\/wp\/v2\/pages"}],"about":[{"href":"https:\/\/glycemic-index.net\/fr\/wp-json\/wp\/v2\/types\/page"}],"author":[{"embeddable":true,"href":"https:\/\/glycemic-index.net\/fr\/wp-json\/wp\/v2\/users\/1"}],"replies":[{"embeddable":true,"href":"https:\/\/glycemic-index.net\/fr\/wp-json\/wp\/v2\/comments?post=2265"}],"version-history":[{"count":2,"href":"https:\/\/glycemic-index.net\/fr\/wp-json\/wp\/v2\/pages\/2265\/revisions"}],"predecessor-version":[{"id":3116,"href":"https:\/\/glycemic-index.net\/fr\/wp-json\/wp\/v2\/pages\/2265\/revisions\/3116"}],"wp:attachment":[{"href":"https:\/\/glycemic-index.net\/fr\/wp-json\/wp\/v2\/media?parent=2265"}],"curies":[{"name":"wp","href":"https:\/\/api.w.org\/{rel}","templated":true}]}}