{"id":92,"date":"2021-01-31T14:58:41","date_gmt":"2021-01-31T14:58:41","guid":{"rendered":"https:\/\/glycemic-index.net\/?page_id=92"},"modified":"2023-02-22T16:50:33","modified_gmt":"2023-02-22T16:50:33","slug":"glossaire","status":"publish","type":"page","link":"https:\/\/glycemic-index.net\/fr\/glossaire\/","title":{"rendered":"Glossaire"},"content":{"rendered":"\n<h2 class=\"wp-block-heading\"><strong>A<\/strong><\/h2>\n\n\n\n<h2 class=\"wp-block-heading\"><strong>B<\/strong><\/h2>\n\n\n\n<h2 class=\"wp-block-heading\"><strong>C<\/strong><\/h2>\n\n\n\n<p><a href=\"https:\/\/glycemic-index.net\/fr\/glossaire\/charge-glycemique\/\">Charge glyc\u00e9mique<\/a><\/p>\n\n\n\n<h2 class=\"wp-block-heading\"><strong>D<\/strong><\/h2>\n\n\n\n<p><a href=\"https:\/\/glycemic-index.net\/fr\/glossaire\/diabete\/\">Diab\u00e8te<\/a><\/p>\n\n\n\n<h2 class=\"wp-block-heading\"><strong>E<\/strong><\/h2>\n\n\n\n<h2 class=\"wp-block-heading\"><strong>F<\/strong><\/h2>\n\n\n\n<h2 class=\"wp-block-heading\"><strong>G<\/strong><\/h2>\n\n\n\n<p><a href=\"https:\/\/glycemic-index.net\/fr\/glossaire\/glucides\/\">Glucides<\/a><\/p>\n\n\n\n<h2 class=\"wp-block-heading\"><strong>H<\/strong><\/h2>\n\n\n\n<h2 class=\"wp-block-heading\"><strong>I<\/strong><\/h2>\n\n\n\n<p><a href=\"https:\/\/glycemic-index.net\/fr\/glossaire\/gi\/\">IG<\/a><\/p>\n\n\n\n<p><a href=\"https:\/\/glycemic-index.net\/fr\/glossaire\/insuline\/\">Insuline<\/a><\/p>\n\n\n\n<p><a href=\"https:\/\/glycemic-index.net\/fr\/glossaire\/indice-glycemique-bas\/\">Indice glyc\u00e9mique bas<\/a><\/p>\n\n\n\n<p><a href=\"https:\/\/glycemic-index.net\/fr\/glossaire\/index-glycemique-eleve\/\">Index glyc\u00e9mique \u00e9lev\u00e9<\/a><\/p>\n\n\n\n<h2 class=\"wp-block-heading\"><strong>J<\/strong><\/h2>\n\n\n\n<h2 class=\"wp-block-heading\"><strong>K<\/strong><\/h2>\n\n\n\n<h2 class=\"wp-block-heading\"><strong>L<\/strong><\/h2>\n\n\n\n<h2 class=\"wp-block-heading\"><strong>M<\/strong><\/h2>\n\n\n\n<h2 class=\"wp-block-heading\"><strong>N<\/strong><\/h2>\n\n\n\n<p><a href=\"https:\/\/glycemic-index.net\/fr\/glossaire\/niveau-de-sucre-dans-le-sang\/\">Niveau de sucre dans le sang<\/a><\/p>\n\n\n\n<h2 class=\"wp-block-heading\"><strong>O<\/strong><\/h2>\n\n\n\n<h2 class=\"wp-block-heading\"><strong>P<\/strong><\/h2>\n\n\n\n<h2 class=\"wp-block-heading\"><strong>Q<\/strong><\/h2>\n\n\n\n<h2 class=\"wp-block-heading\"><strong>R<\/strong><\/h2>\n\n\n\n<h2 class=\"wp-block-heading\"><strong>S<\/strong><\/h2>\n\n\n\n<h2 class=\"wp-block-heading\"><strong>T<\/strong><\/h2>\n\n\n\n<h2 class=\"wp-block-heading\"><strong>U<\/strong><\/h2>\n\n\n\n<h2 class=\"wp-block-heading\"><strong>V<\/strong><\/h2>\n\n\n\n<h2 class=\"wp-block-heading\"><strong>W<\/strong><\/h2>\n\n\n\n<h2 class=\"wp-block-heading\"><strong>X<\/strong><\/h2>\n\n\n\n<h2 class=\"wp-block-heading\"><strong>Y<\/strong><\/h2>\n\n\n\n<h2 class=\"wp-block-heading\"><strong>Z<\/strong><\/h2>\n\n\n\n<p><\/p>\n","protected":false},"excerpt":{"rendered":"<p>A B C Charge glyc\u00e9mique D Diab\u00e8te E F G Glucides H I IG Insuline Indice glyc\u00e9mique bas Index glyc\u00e9mique \u00e9lev\u00e9 J K L M N Niveau de sucre dans le sang O P Q R S T U V W X Y Z<\/p>\n","protected":false},"author":1,"featured_media":0,"parent":0,"menu_order":0,"comment_status":"closed","ping_status":"closed","template":"","meta":{"site-sidebar-layout":"default","site-content-layout":"default","ast-global-header-display":"","ast-main-header-display":"","ast-hfb-above-header-display":"","ast-hfb-below-header-display":"","ast-hfb-mobile-header-display":"","site-post-title":"","ast-breadcrumbs-content":"","ast-featured-img":"","footer-sml-layout":"","theme-transparent-header-meta":"default","adv-header-id-meta":"","stick-header-meta":"","header-above-stick-meta":"","header-main-stick-meta":"","header-below-stick-meta":"","footnotes":""},"class_list":["post-92","page","type-page","status-publish","hentry"],"yoast_head":"<!-- This site is optimized with the Yoast SEO plugin v21.7 - https:\/\/yoast.com\/wordpress\/plugins\/seo\/ -->\n<title>Glossaire - Manuel GI #1<\/title>\n<meta name=\"robots\" content=\"index, follow, max-snippet:-1, max-image-preview:large, max-video-preview:-1\" \/>\n<link rel=\"canonical\" href=\"https:\/\/glycemic-index.net\/fr\/glossaire\/\" \/>\n<meta property=\"og:locale\" content=\"fr_FR\" \/>\n<meta property=\"og:type\" content=\"article\" \/>\n<meta property=\"og:title\" content=\"Glossaire - Manuel GI #1\" \/>\n<meta property=\"og:description\" content=\"A B C Charge glyc\u00e9mique D Diab\u00e8te E F G Glucides H I IG Insuline Indice glyc\u00e9mique bas Index glyc\u00e9mique \u00e9lev\u00e9 J K L M N Niveau de sucre dans le sang O P Q R S T U V W X Y Z\" \/>\n<meta property=\"og:url\" content=\"https:\/\/glycemic-index.net\/fr\/glossaire\/\" \/>\n<meta property=\"og:site_name\" content=\"Manuel GI #1\" \/>\n<meta property=\"article:modified_time\" content=\"2023-02-22T16:50:33+00:00\" \/>\n<meta name=\"twitter:card\" content=\"summary_large_image\" \/>\n<meta name=\"twitter:label1\" content=\"Dur\u00e9e de lecture estim\u00e9e\" \/>\n\t<meta name=\"twitter:data1\" content=\"1 minute\" \/>\n<script type=\"application\/ld+json\" class=\"yoast-schema-graph\">{\"@context\":\"https:\/\/schema.org\",\"@graph\":[{\"@type\":\"WebPage\",\"@id\":\"https:\/\/glycemic-index.net\/fr\/glossaire\/\",\"url\":\"https:\/\/glycemic-index.net\/fr\/glossaire\/\",\"name\":\"Glossaire - Manuel GI #1\",\"isPartOf\":{\"@id\":\"https:\/\/glycemic-index.net\/fr\/#website\"},\"datePublished\":\"2021-01-31T14:58:41+00:00\",\"dateModified\":\"2023-02-22T16:50:33+00:00\",\"breadcrumb\":{\"@id\":\"https:\/\/glycemic-index.net\/fr\/glossaire\/#breadcrumb\"},\"inLanguage\":\"fr-FR\",\"potentialAction\":[{\"@type\":\"ReadAction\",\"target\":[\"https:\/\/glycemic-index.net\/fr\/glossaire\/\"]}]},{\"@type\":\"BreadcrumbList\",\"@id\":\"https:\/\/glycemic-index.net\/fr\/glossaire\/#breadcrumb\",\"itemListElement\":[{\"@type\":\"ListItem\",\"position\":1,\"name\":\"Home\",\"item\":\"https:\/\/glycemic-index.net\/fr\/\"},{\"@type\":\"ListItem\",\"position\":2,\"name\":\"Glossaire\"}]},{\"@type\":\"WebSite\",\"@id\":\"https:\/\/glycemic-index.net\/fr\/#website\",\"url\":\"https:\/\/glycemic-index.net\/fr\/\",\"name\":\"Manuel GI #1\",\"description\":\"Vous trouverez ici tout ce dont vous avez besoin sur l&#039;index glyc\u00e9mique et la charge glyc\u00e9mique.\",\"publisher\":{\"@id\":\"https:\/\/glycemic-index.net\/fr\/#organization\"},\"potentialAction\":[{\"@type\":\"SearchAction\",\"target\":{\"@type\":\"EntryPoint\",\"urlTemplate\":\"https:\/\/glycemic-index.net\/fr\/?s={search_term_string}\"},\"query-input\":\"required name=search_term_string\"}],\"inLanguage\":\"fr-FR\"},{\"@type\":\"Organization\",\"@id\":\"https:\/\/glycemic-index.net\/fr\/#organization\",\"name\":\"Manuel GI #1\",\"url\":\"https:\/\/glycemic-index.net\/fr\/\",\"logo\":{\"@type\":\"ImageObject\",\"inLanguage\":\"fr-FR\",\"@id\":\"https:\/\/glycemic-index.net\/fr\/#\/schema\/logo\/image\/\",\"url\":\"https:\/\/glycemic-index.net\/fr\/wp-content\/uploads\/2023\/01\/logo_512-1.png\",\"contentUrl\":\"https:\/\/glycemic-index.net\/fr\/wp-content\/uploads\/2023\/01\/logo_512-1.png\",\"width\":512,\"height\":512,\"caption\":\"Manuel GI #1\"},\"image\":{\"@id\":\"https:\/\/glycemic-index.net\/fr\/#\/schema\/logo\/image\/\"}}]}<\/script>\n<!-- \/ Yoast SEO plugin. -->","yoast_head_json":{"title":"Glossaire - Manuel GI #1","robots":{"index":"index","follow":"follow","max-snippet":"max-snippet:-1","max-image-preview":"max-image-preview:large","max-video-preview":"max-video-preview:-1"},"canonical":"https:\/\/glycemic-index.net\/fr\/glossaire\/","og_locale":"fr_FR","og_type":"article","og_title":"Glossaire - Manuel GI #1","og_description":"A B C Charge glyc\u00e9mique D Diab\u00e8te E F G Glucides H I IG Insuline Indice glyc\u00e9mique bas Index glyc\u00e9mique \u00e9lev\u00e9 J K L M N Niveau de sucre dans le sang O P Q R S T U V W X Y Z","og_url":"https:\/\/glycemic-index.net\/fr\/glossaire\/","og_site_name":"Manuel GI #1","article_modified_time":"2023-02-22T16:50:33+00:00","twitter_card":"summary_large_image","twitter_misc":{"Dur\u00e9e de lecture estim\u00e9e":"1 minute"},"schema":{"@context":"https:\/\/schema.org","@graph":[{"@type":"WebPage","@id":"https:\/\/glycemic-index.net\/fr\/glossaire\/","url":"https:\/\/glycemic-index.net\/fr\/glossaire\/","name":"Glossaire - Manuel GI #1","isPartOf":{"@id":"https:\/\/glycemic-index.net\/fr\/#website"},"datePublished":"2021-01-31T14:58:41+00:00","dateModified":"2023-02-22T16:50:33+00:00","breadcrumb":{"@id":"https:\/\/glycemic-index.net\/fr\/glossaire\/#breadcrumb"},"inLanguage":"fr-FR","potentialAction":[{"@type":"ReadAction","target":["https:\/\/glycemic-index.net\/fr\/glossaire\/"]}]},{"@type":"BreadcrumbList","@id":"https:\/\/glycemic-index.net\/fr\/glossaire\/#breadcrumb","itemListElement":[{"@type":"ListItem","position":1,"name":"Home","item":"https:\/\/glycemic-index.net\/fr\/"},{"@type":"ListItem","position":2,"name":"Glossaire"}]},{"@type":"WebSite","@id":"https:\/\/glycemic-index.net\/fr\/#website","url":"https:\/\/glycemic-index.net\/fr\/","name":"Manuel GI #1","description":"Vous trouverez ici tout ce dont vous avez besoin sur l&#039;index glyc\u00e9mique et la charge glyc\u00e9mique.","publisher":{"@id":"https:\/\/glycemic-index.net\/fr\/#organization"},"potentialAction":[{"@type":"SearchAction","target":{"@type":"EntryPoint","urlTemplate":"https:\/\/glycemic-index.net\/fr\/?s={search_term_string}"},"query-input":"required name=search_term_string"}],"inLanguage":"fr-FR"},{"@type":"Organization","@id":"https:\/\/glycemic-index.net\/fr\/#organization","name":"Manuel GI #1","url":"https:\/\/glycemic-index.net\/fr\/","logo":{"@type":"ImageObject","inLanguage":"fr-FR","@id":"https:\/\/glycemic-index.net\/fr\/#\/schema\/logo\/image\/","url":"https:\/\/glycemic-index.net\/fr\/wp-content\/uploads\/2023\/01\/logo_512-1.png","contentUrl":"https:\/\/glycemic-index.net\/fr\/wp-content\/uploads\/2023\/01\/logo_512-1.png","width":512,"height":512,"caption":"Manuel GI #1"},"image":{"@id":"https:\/\/glycemic-index.net\/fr\/#\/schema\/logo\/image\/"}}]}},"_links":{"self":[{"href":"https:\/\/glycemic-index.net\/fr\/wp-json\/wp\/v2\/pages\/92","targetHints":{"allow":["GET"]}}],"collection":[{"href":"https:\/\/glycemic-index.net\/fr\/wp-json\/wp\/v2\/pages"}],"about":[{"href":"https:\/\/glycemic-index.net\/fr\/wp-json\/wp\/v2\/types\/page"}],"author":[{"embeddable":true,"href":"https:\/\/glycemic-index.net\/fr\/wp-json\/wp\/v2\/users\/1"}],"replies":[{"embeddable":true,"href":"https:\/\/glycemic-index.net\/fr\/wp-json\/wp\/v2\/comments?post=92"}],"version-history":[{"count":10,"href":"https:\/\/glycemic-index.net\/fr\/wp-json\/wp\/v2\/pages\/92\/revisions"}],"predecessor-version":[{"id":4960,"href":"https:\/\/glycemic-index.net\/fr\/wp-json\/wp\/v2\/pages\/92\/revisions\/4960"}],"wp:attachment":[{"href":"https:\/\/glycemic-index.net\/fr\/wp-json\/wp\/v2\/media?parent=92"}],"curies":[{"name":"wp","href":"https:\/\/api.w.org\/{rel}","templated":true}]}}